{"id":9092,"date":"2023-06-17T11:26:19","date_gmt":"2023-06-17T08:26:19","guid":{"rendered":"https:\/\/www.gerec.fi\/tutkimus\/terveys-toimintakykyisyys-pitkaikaisyys-ja-biologinen-vanheneminen\/elamankulkunakokulma-fyysiseen-ja-kognitiiviseen-toimintakykyyn-psykososiaalisten-ja-biologisten-tekijoiden-roolia-selvittamassa\/"},"modified":"2024-06-19T08:42:26","modified_gmt":"2024-06-19T05:42:26","slug":"life-course-perspective-for-physical-and-cognitive-functioning-unravelling-the-roles-of-psychosocial-and-biological-factors","status":"publish","type":"page","link":"https:\/\/www.gerec.fi\/en\/research\/health\/life-course-perspective-for-physical-and-cognitive-functioning-unravelling-the-roles-of-psychosocial-and-biological-factors\/","title":{"rendered":"Life course perspective for physical and cognitive functioning: Unravelling the roles of psychosocial and biological factors","raw":"Life course perspective for physical and cognitive functioning: Unravelling the roles of psychosocial and biological factors"},"content":{"rendered":"[vc_row][vc_column][vc_column_text]\n<p>&nbsp;<\/p>\n<p>This project studies physical and cognitive functioning from life course perspective and aims to find out what are the roles of psychosocial and biological factors in terms of physical and cognitive decline.<\/p>\n<p>The project uses data sets from Finland (Cardiovascular Risk Factors in Aging and Dementia, CAIDE) and Sweden (Swedish Adoption\/Twin Study on Aging, SATSA) with up to 40 years of follow-up, spanning from middle-age to the oldest old age group and including information also from childhood.<\/p>\n<p>The research will be performed at the University of Jyv\u00e4skyl\u00e4, Faculty of Sport and Health Sciences and Gerontology Research Center in collaboration with the University of Eastern Finland and Karolinska Institutet, Sweden.<\/p>\n<p>The findings of the study help in generating focused interventions for promoting good cognitive and physical abilities, and to further plan individualized health care.<\/p>\n<p><strong>Funders<\/strong><br \/>\nAcademy of Finland 2020\u20132023<br \/>\nJuho Vainio Foundation 2019<\/p>\n<p><strong>Research group<\/strong><br \/>\n<em>Principal investigator<\/em><br \/>\nInna Lisko, PhD, Gerontology Research Center and Faculty of Sport and Health Sciences, University of Jyv\u00e4skyl\u00e4, Finland<\/p>\n<p><strong>Collaborators<\/strong><br \/>\nAlina Solomon, Associate Professor, Institute of Clinical Medicine, Department of Neurology, University of Eastern Finland, Kuopio, Finland<\/p>\n<p>Anette Hall, University Researcher, Institute of Clinical Medicine, Department of Neurology, University of Eastern Finland, Kuopio, Finland<\/p>\n<p>Jenni Kulmala, Professor (tenure track), Faculty of Social Sciences (Health Sciences) and Gerontology Research Center (GEREC), Tampere University, Finland<\/p>\n<p>Tiia Ngandu, Research Director, Population Health Unit, Finnish Institute for Health and Welfare, Helsinki, Finland<\/p>\n<p>Miia Kivipelto, Professor, Division of Clinical Geriatrics, Center for Alzheimer Research, Department of Neurobiology, Care Sciences and Society, Karolinska Institutet, Stockholm, Sweden<\/p>\n<p>Juulia Jylh\u00e4v\u00e4, University Researcher, Department of Medical Epidemiology and Biostatistics, Karolinska Institutet, Stockholm, Sweden<\/p>\n<p>Timo T\u00f6rm\u00e4kangas, University Researcher, Gerontology Research Center and Faculty of Sport and Health Sciences, University of Jyv\u00e4skyl\u00e4, Finland<\/p>\n<p>Katja Kokko, Research Director, Gerontology Research Center and Faculty of Sport and Health Sciences, University of Jyv\u00e4skyl\u00e4, Finland[\/vc_column_text][\/vc_column][\/vc_row]\n","protected":false,"raw":"[vc_row][vc_column][vc_column_text]\r\n\r\n&nbsp;\r\n\r\nThis project studies physical and cognitive functioning from life course perspective and aims to find out what are the roles of psychosocial and biological factors in terms of physical and cognitive decline.\r\n\r\nThe project uses data sets from Finland (Cardiovascular Risk Factors in Aging and Dementia, CAIDE) and Sweden (Swedish Adoption\/Twin Study on Aging, SATSA) with up to 40 years of follow-up, spanning from middle-age to the oldest old age group and including information also from childhood.\r\n\r\nThe research will be performed at the University of Jyv\u00e4skyl\u00e4, Faculty of Sport and Health Sciences and Gerontology Research Center in collaboration with the University of Eastern Finland and Karolinska Institutet, Sweden.\r\n\r\nThe findings of the study help in generating focused interventions for promoting good cognitive and physical abilities, and to further plan individualized health care.\r\n\r\n<strong>Funders<\/strong>\r\nAcademy of Finland 2020\u20132023\r\nJuho Vainio Foundation 2019\r\n\r\n<strong>Research group<\/strong>\r\n<em>Principal investigator<\/em>\r\nInna Lisko, PhD, Gerontology Research Center and Faculty of Sport and Health Sciences, University of Jyv\u00e4skyl\u00e4, Finland\r\n\r\n<strong>Collaborators<\/strong>\r\nAlina Solomon, Associate Professor, Institute of Clinical Medicine, Department of Neurology, University of Eastern Finland, Kuopio, Finland\r\n\r\nAnette Hall, University Researcher, Institute of Clinical Medicine, Department of Neurology, University of Eastern Finland, Kuopio, Finland\r\n\r\nJenni Kulmala, Professor (tenure track), Faculty of Social Sciences (Health Sciences) and Gerontology Research Center (GEREC), Tampere University, Finland\r\n\r\nTiia Ngandu, Research Director, Population Health Unit, Finnish Institute for Health and Welfare, Helsinki, Finland\r\n\r\nMiia Kivipelto, Professor, Division of Clinical Geriatrics, Center for Alzheimer Research, Department of Neurobiology, Care Sciences and Society, Karolinska Institutet, Stockholm, Sweden\r\n\r\nJuulia Jylh\u00e4v\u00e4, University Researcher, Department of Medical Epidemiology and Biostatistics, Karolinska Institutet, Stockholm, Sweden\r\n\r\nTimo T\u00f6rm\u00e4kangas, University Researcher, Gerontology Research Center and Faculty of Sport and Health Sciences, University of Jyv\u00e4skyl\u00e4, Finland\r\n\r\nKatja Kokko, Research Director, Gerontology Research Center and Faculty of Sport and Health Sciences, University of Jyv\u00e4skyl\u00e4, Finland[\/vc_column_text][\/vc_column][\/vc_row]"},"excerpt":{"rendered":"[vc_row][vc_column][vc_column_text] &nbsp; Tutkimus tarkastelee fyysist\u00e4 ja kognitiivista toimintakyky\u00e4 el\u00e4m\u00e4nkulkun\u00e4k\u00f6kulmasta. Tarkoituksena on selvitt\u00e4\u00e4, millainen rooli psykososiaalisilla ja biologisilla tekij\u00f6ill\u00e4 on toimintakyvyn laskun ja muistisairauksien kehittymisen kannalta. Tutkimuksessa k\u00e4ytet\u00e4\u00e4n kahta aineistoa Suomesta (Cardiovascular Risk Factors in Aging and Dementia, CAIDE) ja Ruotsista&hellip;","protected":false,"raw":""},"author":10,"featured_media":0,"parent":5661,"menu_order":2,"comment_status":"closed","ping_status":"closed","template":"","meta":{"_mi_skip_tracking":false,"_fi_post_content":"[vc_row][vc_column][vc_column_text]\r\n\r\n&nbsp;\r\n\r\nTutkimus tarkastelee fyysist\u00e4 ja kognitiivista toimintakyky\u00e4 el\u00e4m\u00e4nkulkun\u00e4k\u00f6kulmasta. Tarkoituksena on selvitt\u00e4\u00e4, millainen rooli psykososiaalisilla ja biologisilla tekij\u00f6ill\u00e4 on toimintakyvyn laskun ja muistisairauksien kehittymisen kannalta.\r\n\r\nTutkimuksessa k\u00e4ytet\u00e4\u00e4n kahta aineistoa Suomesta (Cardiovascular Risk Factors in Aging and Dementia, CAIDE) ja Ruotsista (Swedish Adoption\/Twin Study of Aging, SATSA), joissa samoja ihmisi\u00e4 on seurattu 40 vuotta, ja mukana on tietoja my\u00f6s lapsuudesta.\r\n\r\nTutkimus tehd\u00e4\u00e4n Jyv\u00e4skyl\u00e4n yliopistossa, Liikuntatieteellisess\u00e4 tiedekunnassa ja Gerontologian tutkimuskeskuksessa yhteisty\u00f6ss\u00e4 It\u00e4-Suomen yliopiston ja Karoliinisen Instituutin, Ruotsi, kanssa.\r\n\r\nTutkimuksen l\u00f6yd\u00f6kset auttavat kehitt\u00e4m\u00e4\u00e4n keskitettyj\u00e4 interventioita, jotka edist\u00e4v\u00e4t hyv\u00e4\u00e4 fyysist\u00e4 ja kognitiivista toimintakyky\u00e4 ja auttavat edelleen suunnittelemaan yksil\u00f6llist\u00e4 terveydenhuoltoa.\r\n\r\n<strong>Rahoittaja<\/strong>\r\nSuomen Akatemia 2020\u20132023\r\nJuho Vainion S\u00e4\u00e4ti\u00f6 2019\r\n\r\n<strong>Tutkimusryhm\u00e4<\/strong>\r\n<em>Vastuullinen tutkija<\/em>\r\nInna Lisko, FT, Gerontologian tutkimuskeskus, Liikuntatieteellinen tiedekunta, Jyv\u00e4skyl\u00e4n yliopisto\r\n\r\n<strong>Yhteisty\u00f6kumppanit<\/strong>\r\nAlina Solomon, Associate Professor, Institute of Clinical Medicine, Department of Neurology, University of Eastern Finland, Kuopio, Finland\r\n\r\nAnette Hall, University Researcher, Institute of Clinical Medicine, Department of Neurology, University of Eastern Finland, Kuopio, Finland\r\n\r\nJenni Kulmala, Professor (tenure track), Faculty of Social Sciences (Health Sciences) and Gerontology Research Center (GEREC), Tampere University, Finland\r\n\r\nTiia Ngandu, Research Director, Population Health Unit, Finnish Institute for Health and Welfare, Helsinki, Finland\r\n\r\nMiia Kivipelto, Professor, Division of Clinical Geriatrics, Center for Alzheimer Research, Department of Neurobiology, Care Sciences and Society, Karolinska Institutet, Stockholm, Sweden\r\n\r\nJuulia Jylh\u00e4v\u00e4, University Researcher, Department of Medical Epidemiology and Biostatistics, Karolinska Institutet, Stockholm, Sweden\r\n\r\nTimo T\u00f6rm\u00e4kangas, University Researcher, Gerontology Research Center and Faculty of Sport and Health Sciences, University of Jyv\u00e4skyl\u00e4, Finland\r\n\r\nKatja Kokko, Research Director, Gerontology Research Center and Faculty of Sport and Health Sciences, University of Jyv\u00e4skyl\u00e4, Finland[\/vc_column_text][\/vc_column][\/vc_row]","_fi_post_name":"elamankulkunakokulma-fyysiseen-ja-kognitiiviseen-toimintakykyyn-psykososiaalisten-ja-biologisten-tekijoiden-roolia-selvittamassa","_fi_post_excerpt":"","_fi_post_title":"El\u00e4m\u00e4nkulkun\u00e4k\u00f6kulma fyysiseen ja kognitiiviseen toimintakykyyn: Psykososiaalisten ja biologisten tekij\u00f6iden roolia selvitt\u00e4m\u00e4ss\u00e4","_en_post_content":"[vc_row][vc_column][vc_column_text]\r\n\r\n&nbsp;\r\n\r\nThis project studies physical and cognitive functioning from life course perspective and aims to find out what are the roles of psychosocial and biological factors in terms of physical and cognitive decline.\r\n\r\nThe project uses data sets from Finland (Cardiovascular Risk Factors in Aging and Dementia, CAIDE) and Sweden (Swedish Adoption\/Twin Study on Aging, SATSA) with up to 40 years of follow-up, spanning from middle-age to the oldest old age group and including information also from childhood.\r\n\r\nThe research will be performed at the University of Jyv\u00e4skyl\u00e4, Faculty of Sport and Health Sciences and Gerontology Research Center in collaboration with the University of Eastern Finland and Karolinska Institutet, Sweden.\r\n\r\nThe findings of the study help in generating focused interventions for promoting good cognitive and physical abilities, and to further plan individualized health care.\r\n\r\n<strong>Funders<\/strong>\r\nAcademy of Finland 2020\u20132023\r\nJuho Vainio Foundation 2019\r\n\r\n<strong>Research group<\/strong>\r\n<em>Principal investigator<\/em>\r\nInna Lisko, PhD, Gerontology Research Center and Faculty of Sport and Health Sciences, University of Jyv\u00e4skyl\u00e4, Finland\r\n\r\n<strong>Collaborators<\/strong>\r\nAlina Solomon, Associate Professor, Institute of Clinical Medicine, Department of Neurology, University of Eastern Finland, Kuopio, Finland\r\n\r\nAnette Hall, University Researcher, Institute of Clinical Medicine, Department of Neurology, University of Eastern Finland, Kuopio, Finland\r\n\r\nJenni Kulmala, Professor (tenure track), Faculty of Social Sciences (Health Sciences) and Gerontology Research Center (GEREC), Tampere University, Finland\r\n\r\nTiia Ngandu, Research Director, Population Health Unit, Finnish Institute for Health and Welfare, Helsinki, Finland\r\n\r\nMiia Kivipelto, Professor, Division of Clinical Geriatrics, Center for Alzheimer Research, Department of Neurobiology, Care Sciences and Society, Karolinska Institutet, Stockholm, Sweden\r\n\r\nJuulia Jylh\u00e4v\u00e4, University Researcher, Department of Medical Epidemiology and Biostatistics, Karolinska Institutet, Stockholm, Sweden\r\n\r\nTimo T\u00f6rm\u00e4kangas, University Researcher, Gerontology Research Center and Faculty of Sport and Health Sciences, University of Jyv\u00e4skyl\u00e4, Finland\r\n\r\nKatja Kokko, Research Director, Gerontology Research Center and Faculty of Sport and Health Sciences, University of Jyv\u00e4skyl\u00e4, Finland[\/vc_column_text][\/vc_column][\/vc_row]","_en_post_name":"life-course-perspective-for-physical-and-cognitive-functioning-unravelling-the-roles-of-psychosocial-and-biological-factors","_en_post_excerpt":"","_en_post_title":"Life course perspective for physical and cognitive functioning: Unravelling the roles of psychosocial and biological factors","edit_language":"en","footnotes":""},"class_list":["post-9092","page","type-page","status-publish","hentry","entry","no-media"],"_links":{"self":[{"href":"https:\/\/www.gerec.fi\/en\/wp-json\/wp\/v2\/pages\/9092","targetHints":{"allow":["GET"]}}],"collection":[{"href":"https:\/\/www.gerec.fi\/en\/wp-json\/wp\/v2\/pages"}],"about":[{"href":"https:\/\/www.gerec.fi\/en\/wp-json\/wp\/v2\/types\/page"}],"author":[{"embeddable":true,"href":"https:\/\/www.gerec.fi\/en\/wp-json\/wp\/v2\/users\/10"}],"replies":[{"embeddable":true,"href":"https:\/\/www.gerec.fi\/en\/wp-json\/wp\/v2\/comments?post=9092"}],"version-history":[{"count":7,"href":"https:\/\/www.gerec.fi\/en\/wp-json\/wp\/v2\/pages\/9092\/revisions"}],"predecessor-version":[{"id":9098,"href":"https:\/\/www.gerec.fi\/en\/wp-json\/wp\/v2\/pages\/9092\/revisions\/9098"}],"up":[{"embeddable":true,"href":"https:\/\/www.gerec.fi\/en\/wp-json\/wp\/v2\/pages\/5661"}],"wp:attachment":[{"href":"https:\/\/www.gerec.fi\/en\/wp-json\/wp\/v2\/media?parent=9092"}],"curies":[{"name":"wp","href":"https:\/\/api.w.org\/{rel}","templated":true}]}}