{"id":8990,"date":"2023-05-08T19:10:20","date_gmt":"2023-05-08T16:10:20","guid":{"rendered":"https:\/\/www.gerec.fi\/tutkimus\/maantieteelliset-piirteet-ja-iakkaiden-henkiloiden-liikkuminen-ulkona-geoage\/"},"modified":"2024-06-19T08:42:27","modified_gmt":"2024-06-19T05:42:27","slug":"geographic-characteristics-outdoor-mobility-and-physical-activity-in-old-age-geoage","status":"publish","type":"page","link":"https:\/\/www.gerec.fi\/en\/research\/archived\/geographic-characteristics-outdoor-mobility-and-physical-activity-in-old-age-geoage\/","title":{"rendered":"Geographic characteristics, outdoor mobility and physical activity in old age (GEOage)","raw":"Geographic characteristics, outdoor mobility and physical activity in old age (GEOage)"},"content":{"rendered":"[vc_row][vc_column][vc_column_text]Physical activity, especially walking, plays an important role in maintaining function in old age. Unimpeded mobility in older people\u2019s living environment is a prerequisite for staying autonomous, for meaningful participation in the society, and maintaining quality of life. The GEOage project will study the impact of environmental features on outdoor mobility and physical activity of older people. In this project we have a unique opportunity to study how experiences of the environment and behavior of older people are related to the physical environment in which they live.<\/p>\n<p>In this project, freely available geographic information characterizing the environment is linked to participant data of the \u201cLife-space mobility in old age\u201d (LISPE) cohort. This cohort comprises 75-90 years old inhabitants of Jyv\u00e4skyl\u00e4 and Muurame, in Central Finland. From the participants, data was collected on environmental barriers and facilitators, outdoor mobility and physical activity as well as on health and well-being. Home addresses of participants were mapped and environmental features of the close neighborhood were studied using a Geographical Information System (GIS). For example, pre-existing information on land use, road networks and amenities will be utilized in this project.<\/p>\n<p>From a public health perspective, it is essential to recognize features in the environment hindering older people\u2019s outdoor mobility and those motivating them to leave home and be physically active. GEOage research findings may be utilized for scientific research as well as for infrastructural planning.<\/p>\n<p><b>Funding<\/b><br \/>\nFinnish Ministry of Education and Culture<\/p>\n<p><b>Research group<\/b><i><br \/>\nPrincipal Investigator<\/i><br \/>\nDr. Erja Portegijs, erja.portegijs@jyu.fi, Gerontology Research Center, Faculty of Sport and Health Sciences, University of Jyv\u00e4skyl\u00e4<\/p>\n<p><i>Research team<\/i><br \/>\nDr. Merja Rantakokko, Dr. B\u00e9la Pavelka, Prof. Taina Rantanen, Gerontology Research Center, Faculty of Sport and Health Sciences, University of Jyv\u00e4skyl\u00e4<\/p>\n<p>Prof. Kimmo Suomi, MSc. Kirsi Vehkakoski, Faculty of Sport and Health Sciences, University of Jyv\u00e4skyl\u00e4<\/p>\n<p><i>Doctoral student<\/i><br \/>\nMSc. Kirsi Keskinen, kirsi.e.keskinen@jyu.fi, University of Jyv\u00e4skyl\u00e4. Topic: How far is too far? Objectively measured and perceived environmental barriers and facilitators and outdoor mobility of community-dwelling older people<\/p>\n<p><b>Most important publications<\/b><\/p>\n<ol>\n<li>Keskinen K, Rantakokko M, Suomi K, Rantanen T, Portegijs E. Environmental features associated with older adults\u2019 physical activity in different types of urban neighborhood. Journal of Aging and Physical Activity 2019 <em>(in press)<\/em>.<\/li>\n<li>Keskinen KE, Rantakokko M, Suomi K, Rantanen T, Portegijs E. Hilliness and the development of walking difficulties among community-dwelling older people. Journal of Aging and Health 2018 (ahead of print). <a href=\"https:\/\/doi.org\/10.1177\/0898264318820448\" target=\"_blank\" rel=\"noopener noreferrer\">https:\/\/doi.org\/10.1177\/0898264318820448<\/a>.<\/li>\n<li>Rantakokko M, Keskinen KE, Kokko K, Portegijs E. Nature diversity and well-being in old age. Aging Clinical and Experimental Research 2018 May;30(5):527-532. <a href=\"https:\/\/doi.org\/10.1007\/s40520-017-0797-5\" target=\"_blank\" rel=\"noopener noreferrer\">https:\/\/doi.org\/10.1007\/s40520-017-0797-5<\/a>.<\/li>\n<li>Keskinen KE, Rantakokko M, Suomi K, Rantanen T, Portegijs E. Nature as a facilitator for physical activity: Defining relationships between the objective and perceived environment and physical activity among community-dwelling older people. Health and Place. 2018; 49: 111-119. <a href=\"https:\/\/doi.org\/10.1016\/j.healthplace.2017.12.003\" target=\"_blank\" rel=\"noopener noreferrer\">https:\/\/doi.org\/10.1016\/j.healthplace.2017.12.003<\/a> (Open access)<\/li>\n<li>Portegijs E, Keskinen KE, Tsai L-T, Rantanen T, Rantakokko M. Physical limitations, walkability, perceived environmental facilitators and physical activity of older adults in Finland. International Journal of Environmental Research and Public Health 2017;14:333. <a href=\"https:\/\/doi.org\/10.3390\/ijerph14030333\" target=\"_blank\" rel=\"noopener noreferrer\">https:\/\/doi.org\/10.3390\/ijerph14030333<\/a> (Open access)<\/li>\n<\/ol>\n[\/vc_column_text][\/vc_column][\/vc_row]\n","protected":false,"raw":"[vc_row][vc_column][vc_column_text]Physical activity, especially walking, plays an important role in maintaining function in old age. Unimpeded mobility in older people\u2019s living environment is a prerequisite for staying autonomous, for meaningful participation in the society, and maintaining quality of life. The GEOage project will study the impact of environmental features on outdoor mobility and physical activity of older people. In this project we have a unique opportunity to study how experiences of the environment and behavior of older people are related to the physical environment in which they live.\r\n\r\nIn this project, freely available geographic information characterizing the environment is linked to participant data of the \u201cLife-space mobility in old age\u201d (LISPE) cohort. This cohort comprises 75-90 years old inhabitants of Jyv\u00e4skyl\u00e4 and Muurame, in Central Finland. From the participants, data was collected on environmental barriers and facilitators, outdoor mobility and physical activity as well as on health and well-being. Home addresses of participants were mapped and environmental features of the close neighborhood were studied using a Geographical Information System (GIS). For example, pre-existing information on land use, road networks and amenities will be utilized in this project.\r\n\r\nFrom a public health perspective, it is essential to recognize features in the environment hindering older people\u2019s outdoor mobility and those motivating them to leave home and be physically active. GEOage research findings may be utilized for scientific research as well as for infrastructural planning.\r\n\r\n<b>Funding<\/b>\r\nFinnish Ministry of Education and Culture\r\n\r\n<b>Research group<\/b><i>\r\nPrincipal Investigator<\/i>\r\nDr. Erja Portegijs, erja.portegijs@jyu.fi, Gerontology Research Center, Faculty of Sport and Health Sciences, University of Jyv\u00e4skyl\u00e4\r\n\r\n<i>Research team<\/i>\r\nDr. Merja Rantakokko, Dr. B\u00e9la Pavelka, Prof. Taina Rantanen, Gerontology Research Center, Faculty of Sport and Health Sciences, University of Jyv\u00e4skyl\u00e4\r\n\r\nProf. Kimmo Suomi, MSc. Kirsi Vehkakoski, Faculty of Sport and Health Sciences, University of Jyv\u00e4skyl\u00e4\r\n\r\n<i>Doctoral student<\/i>\r\nMSc. Kirsi Keskinen, kirsi.e.keskinen@jyu.fi, University of Jyv\u00e4skyl\u00e4. Topic: How far is too far? Objectively measured and perceived environmental barriers and facilitators and outdoor mobility of community-dwelling older people\r\n\r\n<b>Most important publications<\/b>\r\n<ol>\r\n \t<li>Keskinen K, Rantakokko M, Suomi K, Rantanen T, Portegijs E. Environmental features associated with older adults\u2019 physical activity in different types of urban neighborhood. Journal of Aging and Physical Activity 2019 <em>(in press)<\/em>.<\/li>\r\n \t<li>Keskinen KE, Rantakokko M, Suomi K, Rantanen T, Portegijs E. Hilliness and the development of walking difficulties among community-dwelling older people. Journal of Aging and Health 2018 (ahead of print). <a href=\"https:\/\/doi.org\/10.1177\/0898264318820448\" target=\"_blank\" rel=\"noopener noreferrer\">https:\/\/doi.org\/10.1177\/0898264318820448<\/a>.<\/li>\r\n \t<li>Rantakokko M, Keskinen KE, Kokko K, Portegijs E. Nature diversity and well-being in old age. Aging Clinical and Experimental Research 2018 May;30(5):527-532. <a href=\"https:\/\/doi.org\/10.1007\/s40520-017-0797-5\" target=\"_blank\" rel=\"noopener noreferrer\">https:\/\/doi.org\/10.1007\/s40520-017-0797-5<\/a>.<\/li>\r\n \t<li>Keskinen KE, Rantakokko M, Suomi K, Rantanen T, Portegijs E. Nature as a facilitator for physical activity: Defining relationships between the objective and perceived environment and physical activity among community-dwelling older people. Health and Place. 2018; 49: 111-119. <a href=\"https:\/\/doi.org\/10.1016\/j.healthplace.2017.12.003\" target=\"_blank\" rel=\"noopener noreferrer\">https:\/\/doi.org\/10.1016\/j.healthplace.2017.12.003<\/a> (Open access)<\/li>\r\n \t<li>Portegijs E, Keskinen KE, Tsai L-T, Rantanen T, Rantakokko M. Physical limitations, walkability, perceived environmental facilitators and physical activity of older adults in Finland. International Journal of Environmental Research and Public Health 2017;14:333. <a href=\"https:\/\/doi.org\/10.3390\/ijerph14030333\" target=\"_blank\" rel=\"noopener noreferrer\">https:\/\/doi.org\/10.3390\/ijerph14030333<\/a> (Open access)<\/li>\r\n<\/ol>\r\n[\/vc_column_text][\/vc_column][\/vc_row]"},"excerpt":{"rendered":"[vc_row][vc_column][vc_column_text] Ik\u00e4\u00e4ntyess\u00e4 fyysisell\u00e4 aktiivisuudella, erityisesti k\u00e4velyll\u00e4, on suuri merkitys terveyden yll\u00e4pit\u00e4misess\u00e4. Rajoittamaton liikkuminen kotiymp\u00e4rist\u00f6ss\u00e4 on edellytys ik\u00e4\u00e4ntyneiden henkil\u00f6iden autonomialle, osallistumiselle sek\u00e4 el\u00e4m\u00e4nlaadulle.\u00a0Tutkimuksen tarkoituksena on selvitt\u00e4\u00e4 ymp\u00e4rist\u00f6n piirteiden merkityst\u00e4 ik\u00e4\u00e4ntyneiden henkil\u00f6iden liikkumiselle ja fyysiselle aktiivisuudelle. Meill\u00e4 on ainutlaatuinen mahdollisuus tutkia miten&hellip;","protected":false,"raw":""},"author":10,"featured_media":0,"parent":5279,"menu_order":5,"comment_status":"closed","ping_status":"closed","template":"","meta":{"_mi_skip_tracking":false,"_fi_post_content":"[vc_row][vc_column][vc_column_text]\r\n<div id=\"content-core\">\r\n<div id=\"parent-fieldname-text-bb3f11c5f4174db5894d79428f844123\">\r\n\r\nIk\u00e4\u00e4ntyess\u00e4 fyysisell\u00e4 aktiivisuudella, erityisesti k\u00e4velyll\u00e4, on suuri merkitys terveyden yll\u00e4pit\u00e4misess\u00e4. Rajoittamaton liikkuminen kotiymp\u00e4rist\u00f6ss\u00e4 on edellytys ik\u00e4\u00e4ntyneiden henkil\u00f6iden autonomialle, osallistumiselle sek\u00e4 el\u00e4m\u00e4nlaadulle.\u00a0Tutkimuksen tarkoituksena on selvitt\u00e4\u00e4 ymp\u00e4rist\u00f6n piirteiden merkityst\u00e4 ik\u00e4\u00e4ntyneiden henkil\u00f6iden liikkumiselle ja fyysiselle aktiivisuudelle. Meill\u00e4 on ainutlaatuinen mahdollisuus tutkia miten i\u00e4kk\u00e4iden henkil\u00f6iden kokemukset ja toiminnot ovat yhteydess\u00e4 heit\u00e4 ymp\u00e4r\u00f6iv\u00e4\u00e4n maailmaan.\r\n\r\nTutkimuksessa avoimia kartta-aineistoja, jotka kuvaavat objektiivista ymp\u00e4rist\u00f6\u00e4, liitet\u00e4\u00e4n \u2019Life-space mobility in old age\u2019 (LISPE) \u2013kohorttitutkimuksessa tutkittavilta ker\u00e4ttyihin tietoihin. LISPE \u2013tutkimukseen osallistui 75-90-vuotiaita henkil\u00f6it\u00e4 Jyv\u00e4skyl\u00e4n ja Muuramen alueelta. Tutkimuksessa ker\u00e4ttiin tietoja mm. koetusta ymp\u00e4rist\u00f6st\u00e4, liikkumisen vaikeuksista ja fyysisest\u00e4 aktiivisuudesta sek\u00e4 my\u00f6s terveydest\u00e4 ja hyvinvoinnista. Tutkittavien osoitteet paikannettiin kartalle ja heid\u00e4n l\u00e4hiymp\u00e4rist\u00f6\u00e4\u00e4n tutkittiin paikkatietomenetelmi\u00e4 k\u00e4ytt\u00e4en. Tutkimuksessa hy\u00f6dynnet\u00e4\u00e4n olemassa olevia tietoja esimerkiksi maank\u00e4yt\u00f6st\u00e4 ja palvelujen tarjonnasta.\r\n\r\nKansanterveyden n\u00e4k\u00f6kulmasta on t\u00e4rke\u00e4 tiet\u00e4\u00e4 mitk\u00e4 ymp\u00e4rist\u00f6tekij\u00e4t hankaloittavat ik\u00e4\u00e4ntyneiden henkil\u00f6iden liikkumista ja toisaalta motivoivat heit\u00e4 liikkumaan. GEOage hankkeen tutkimustulokset voidaan hy\u00f6dynt\u00e4\u00e4 tutkimuksen lis\u00e4ksi my\u00f6s mm. ymp\u00e4rist\u00f6nsuunnittelussa, jotta voidaan kehitt\u00e4\u00e4 kaiken ik\u00e4isille sopivia liikuntaymp\u00e4rist\u00f6j\u00e4.\r\n\r\n<b>Rahoittajat\r\n<\/b>Opetus- ja kulttuuriministeri\u00f6\r\n\r\n<b>Tutkijaryhm\u00e4\r\n<\/b><i>Vastuullinen tutkija<\/i>\r\nFT <a href=\"https:\/\/www.jyu.fi\/sport\/fi\/tiedekunta\/henkilosto\/opetus-tutkimus\/portegijs-erja\">Erja Portegijs<\/a> Gerontologian tutkimuskeskus, Liikuntatieteellinen tiedekunta, Jyv\u00e4skyl\u00e4n yliopisto\r\n\r\n<i>Muu tutkimusryhm\u00e4<\/i>\r\nTtT Merja Rantakokko, LitT B\u00e9la Pavelka, Prof. Taina Rantanen, Gerontologian tutkimuskeskus, Liikuntatieteellinen tiedekunta, Jyv\u00e4skyl\u00e4n yliopisto\r\n\r\nProf. Kimmo Suomi, FM Kirsi Vehkakoski, Liikuntatieteellinen tiedekunta, Jyv\u00e4skyl\u00e4n yliopisto\r\n\r\n<i>Tohtoriopiskelija<\/i>\r\nDI Kirsi Keskinen, kirsi.e.keskinen@jyu.fi, Jyv\u00e4skyl\u00e4n yliopisto. V\u00e4it\u00f6sty\u00f6n aihe: How far is too far? Objectively measured and perceived environmental barriers and facilitators and outdoor mobility of community-dwelling older people\r\n\r\n<b>Keskeisimm\u00e4t julkaisut <\/b>\r\n<ol>\r\n \t<li>Keskinen K, Rantakokko M, Suomi K, Rantanen T, Portegijs E. Environmental features associated with older adults\u2019 physical activity in different types of urban neighborhood. Journal of Aging and Physical Activity 2019 <em>(in press)<\/em>.<\/li>\r\n \t<li>Keskinen KE, Rantakokko M, Suomi K, Rantanen T, Portegijs E. Hilliness and the development of walking difficulties among community-dwelling older people. Journal of Aging and Health 2018 (ahead of print). <a href=\"https:\/\/doi.org\/10.1177\/0898264318820448\" target=\"_blank\" rel=\"noopener noreferrer\">https:\/\/doi.org\/10.1177\/0898264318820448<\/a>.<\/li>\r\n \t<li>Rantakokko M, Keskinen KE, Kokko K, Portegijs E. Nature diversity and well-being in old age. Aging Clinical and Experimental Research 2018 May;30(5):527-532. <a href=\"https:\/\/doi.org\/10.1007\/s40520-017-0797-5\" target=\"_blank\" rel=\"noopener noreferrer\">https:\/\/doi.org\/10.1007\/s40520-017-0797-5<\/a>.<\/li>\r\n \t<li>Keskinen KE, Rantakokko M, Suomi K, Rantanen T, Portegijs E. Nature as a facilitator for physical activity: Defining relationships between the objective and perceived environment and physical activity among community-dwelling older people. Health and Place. 2018; 49: 111-119. <a href=\"https:\/\/doi.org\/10.1016\/j.healthplace.2017.12.003\" target=\"_blank\" rel=\"noopener noreferrer\">https:\/\/doi.org\/10.1016\/j.healthplace.2017.12.003<\/a> (Open access)<\/li>\r\n \t<li>Portegijs E, Keskinen KE, Tsai L-T, Rantanen T, Rantakokko M. Physical limitations, walkability, perceived environmental facilitators and physical activity of older adults in Finland. International Journal of Environmental Research and Public Health 2017;14:333. <a href=\"https:\/\/doi.org\/10.3390\/ijerph14030333\" target=\"_blank\" rel=\"noopener noreferrer\">https:\/\/doi.org\/10.3390\/ijerph14030333<\/a> (Open access)<\/li>\r\n<\/ol>\r\n<\/div>\r\n<\/div>\r\n<div id=\"viewlet-below-content-body\">\r\n<div class=\"visualClear\"><\/div>\r\n<\/div>\r\n[\/vc_column_text][\/vc_column][\/vc_row]","_fi_post_name":"maantieteelliset-piirteet-ja-iakkaiden-henkiloiden-liikkuminen-ulkona-geoage","_fi_post_excerpt":"","_fi_post_title":"Maantieteelliset piirteet ja i\u00e4kk\u00e4iden henkil\u00f6iden liikkuminen ulkona (GEOage)","_en_post_content":"[vc_row][vc_column][vc_column_text]Physical activity, especially walking, plays an important role in maintaining function in old age. Unimpeded mobility in older people\u2019s living environment is a prerequisite for staying autonomous, for meaningful participation in the society, and maintaining quality of life. The GEOage project will study the impact of environmental features on outdoor mobility and physical activity of older people. In this project we have a unique opportunity to study how experiences of the environment and behavior of older people are related to the physical environment in which they live.\r\n\r\nIn this project, freely available geographic information characterizing the environment is linked to participant data of the \u201cLife-space mobility in old age\u201d (LISPE) cohort. This cohort comprises 75-90 years old inhabitants of Jyv\u00e4skyl\u00e4 and Muurame, in Central Finland. From the participants, data was collected on environmental barriers and facilitators, outdoor mobility and physical activity as well as on health and well-being. Home addresses of participants were mapped and environmental features of the close neighborhood were studied using a Geographical Information System (GIS). For example, pre-existing information on land use, road networks and amenities will be utilized in this project.\r\n\r\nFrom a public health perspective, it is essential to recognize features in the environment hindering older people\u2019s outdoor mobility and those motivating them to leave home and be physically active. GEOage research findings may be utilized for scientific research as well as for infrastructural planning.\r\n\r\n<b>Funding<\/b>\r\nFinnish Ministry of Education and Culture\r\n\r\n<b>Research group<\/b><i>\r\nPrincipal Investigator<\/i>\r\nDr. Erja Portegijs, erja.portegijs@jyu.fi, Gerontology Research Center, Faculty of Sport and Health Sciences, University of Jyv\u00e4skyl\u00e4\r\n\r\n<i>Research team<\/i>\r\nDr. Merja Rantakokko, Dr. B\u00e9la Pavelka, Prof. Taina Rantanen, Gerontology Research Center, Faculty of Sport and Health Sciences, University of Jyv\u00e4skyl\u00e4\r\n\r\nProf. Kimmo Suomi, MSc. Kirsi Vehkakoski, Faculty of Sport and Health Sciences, University of Jyv\u00e4skyl\u00e4\r\n\r\n<i>Doctoral student<\/i>\r\nMSc. Kirsi Keskinen, kirsi.e.keskinen@jyu.fi, University of Jyv\u00e4skyl\u00e4. Topic: How far is too far? Objectively measured and perceived environmental barriers and facilitators and outdoor mobility of community-dwelling older people\r\n\r\n<b>Most important publications<\/b>\r\n<ol>\r\n \t<li>Keskinen K, Rantakokko M, Suomi K, Rantanen T, Portegijs E. Environmental features associated with older adults\u2019 physical activity in different types of urban neighborhood. Journal of Aging and Physical Activity 2019 <em>(in press)<\/em>.<\/li>\r\n \t<li>Keskinen KE, Rantakokko M, Suomi K, Rantanen T, Portegijs E. Hilliness and the development of walking difficulties among community-dwelling older people. Journal of Aging and Health 2018 (ahead of print). <a href=\"https:\/\/doi.org\/10.1177\/0898264318820448\" target=\"_blank\" rel=\"noopener noreferrer\">https:\/\/doi.org\/10.1177\/0898264318820448<\/a>.<\/li>\r\n \t<li>Rantakokko M, Keskinen KE, Kokko K, Portegijs E. Nature diversity and well-being in old age. Aging Clinical and Experimental Research 2018 May;30(5):527-532. <a href=\"https:\/\/doi.org\/10.1007\/s40520-017-0797-5\" target=\"_blank\" rel=\"noopener noreferrer\">https:\/\/doi.org\/10.1007\/s40520-017-0797-5<\/a>.<\/li>\r\n \t<li>Keskinen KE, Rantakokko M, Suomi K, Rantanen T, Portegijs E. Nature as a facilitator for physical activity: Defining relationships between the objective and perceived environment and physical activity among community-dwelling older people. Health and Place. 2018; 49: 111-119. <a href=\"https:\/\/doi.org\/10.1016\/j.healthplace.2017.12.003\" target=\"_blank\" rel=\"noopener noreferrer\">https:\/\/doi.org\/10.1016\/j.healthplace.2017.12.003<\/a> (Open access)<\/li>\r\n \t<li>Portegijs E, Keskinen KE, Tsai L-T, Rantanen T, Rantakokko M. Physical limitations, walkability, perceived environmental facilitators and physical activity of older adults in Finland. International Journal of Environmental Research and Public Health 2017;14:333. <a href=\"https:\/\/doi.org\/10.3390\/ijerph14030333\" target=\"_blank\" rel=\"noopener noreferrer\">https:\/\/doi.org\/10.3390\/ijerph14030333<\/a> (Open access)<\/li>\r\n<\/ol>\r\n[\/vc_column_text][\/vc_column][\/vc_row]","_en_post_name":"geographic-characteristics-outdoor-mobility-and-physical-activity-in-old-age-geoage","_en_post_excerpt":"","_en_post_title":"Geographic characteristics, outdoor mobility and physical activity in old age (GEOage)","edit_language":"en","footnotes":""},"class_list":["post-8990","page","type-page","status-publish","hentry","entry","no-media"],"_links":{"self":[{"href":"https:\/\/www.gerec.fi\/en\/wp-json\/wp\/v2\/pages\/8990","targetHints":{"allow":["GET"]}}],"collection":[{"href":"https:\/\/www.gerec.fi\/en\/wp-json\/wp\/v2\/pages"}],"about":[{"href":"https:\/\/www.gerec.fi\/en\/wp-json\/wp\/v2\/types\/page"}],"author":[{"embeddable":true,"href":"https:\/\/www.gerec.fi\/en\/wp-json\/wp\/v2\/users\/10"}],"replies":[{"embeddable":true,"href":"https:\/\/www.gerec.fi\/en\/wp-json\/wp\/v2\/comments?post=8990"}],"version-history":[{"count":4,"href":"https:\/\/www.gerec.fi\/en\/wp-json\/wp\/v2\/pages\/8990\/revisions"}],"predecessor-version":[{"id":8996,"href":"https:\/\/www.gerec.fi\/en\/wp-json\/wp\/v2\/pages\/8990\/revisions\/8996"}],"up":[{"embeddable":true,"href":"https:\/\/www.gerec.fi\/en\/wp-json\/wp\/v2\/pages\/5279"}],"wp:attachment":[{"href":"https:\/\/www.gerec.fi\/en\/wp-json\/wp\/v2\/media?parent=8990"}],"curies":[{"name":"wp","href":"https:\/\/api.w.org\/{rel}","templated":true}]}}