{"id":8947,"date":"2023-05-08T17:13:42","date_gmt":"2023-05-08T14:13:42","guid":{"rendered":"https:\/\/www.gerec.fi\/tutkimus\/kohti-terveempaa-vanhenemista-elektronisen-frailtyindeksin-analysointi-ja-kehittaminen-haavoittuvien-henkiloiden-tunnistamiseksi-suomen-terveydenhuollossa-varhaisessa-vaiheessa-finefi\/"},"modified":"2024-06-19T08:42:26","modified_gmt":"2024-06-19T05:42:26","slug":"paving-the-way-for-healthy-aging-analysis-and-development-of-an-electronic-frailty-index-for-finnish-healthcare-to-identify-vulnerable-individuals-at-early-stages-finefi","status":"publish","type":"page","link":"https:\/\/www.gerec.fi\/en\/research\/health\/paving-the-way-for-healthy-aging-analysis-and-development-of-an-electronic-frailty-index-for-finnish-healthcare-to-identify-vulnerable-individuals-at-early-stages-finefi\/","title":{"rendered":"Paving the way for healthy aging: analysis and development of an electronic frailty index for Finnish healthcare to identify vulnerable individuals at early stages (FINeFI)","raw":"Paving the way for healthy aging: analysis and development of an electronic frailty index for Finnish healthcare to identify vulnerable individuals at early stages (FINeFI)"},"content":{"rendered":"[vc_row][vc_column][vc_column_text]\n<p>&nbsp;<\/p>\n<p><span style=\"font-weight: 400;\">Frailty is a state of increased vulnerability that manifests as decreased physiological reserves and functioning across multiple organ systems, showing signs already at midlife. Frailty is associated with multiple negative health outcomes such as high healthcare utilization, disability, and mortality. Additionally, frailty can be considered as a determinant of healthy aging as well as emerging public health priority. However, frailty is reversible, especially if detected at an early stage. To date, however, there are no effective population-level strategies to identify the middle-aged and older individuals who are at increased risk of frailty. <\/span><\/p>\n<p><span style=\"font-weight: 400;\">The aim of the study is to analyse, and develop an electronic frailty index (eFI), a bespoke tool for Finnish electronic health record system to enable early identification of vulnerable individuals. The study is conducted in collaboration between University of Jyv\u00e4skyl\u00e4, Gerontology research centre, and Tampere university, Gerontology research centre.<\/span><\/p>\n<p><strong>Funding<\/strong><br \/>\nAcademy of Finland 2022-2026<\/p>\n<p><strong>Tutkimusryhm\u00e4<\/strong><br \/>\n<em>Principal investigators<\/em><br \/>\nJuulia Jylh\u00e4v\u00e4, Senior Research Fellow, FT, docent,<br \/>\nGerontology Research Center, Faculty of Social Sciences, University of Tampere<br \/>\njuulia.jylhava@tuni.fi<\/p>\n<p>Mikaela von Bonsdorff, Associate Professor, TtT,<br \/>\nGerontology Research Center, Faculty of Sport and Health Sciences, University of Jyv\u00e4skyl\u00e4<br \/>\nmikaela.vonbonsdorff@jyu.fi<\/p>\n<p><em>Researchers<\/em><br \/>\nMarkus Haapanen, LT, Folkh\u00e4lsan Research Center, Univeristy of Helsinki<br \/>\nLaura Kananen, FT,Gerontology Research Center, University of Tampere<br \/>\nAntti Kariluoto, FK, University of Jyv\u00e4skyl\u00e4<br \/>\nJake Lin, FT, Gerontology Research Center, University of Tampere<br \/>\nMaija Satamo, TtM, SH, Gerontology Research Center, University of Tampere<br \/>\nAnna Tirkkonen, TtT Gerontology Research Center, University of Jyv\u00e4skyl\u00e4,<\/p>\n<p><em>Collaborators<\/em><br \/>\nVeracell Oy[\/vc_column_text][\/vc_column][\/vc_row]\n","protected":false,"raw":"[vc_row][vc_column][vc_column_text]\r\n\r\n&nbsp;\r\n\r\n<span style=\"font-weight: 400;\">Frailty is a state of increased vulnerability that manifests as decreased physiological reserves and functioning across multiple organ systems, showing signs already at midlife. Frailty is associated with multiple negative health outcomes such as high healthcare utilization, disability, and mortality. Additionally, frailty can be considered as a determinant of healthy aging as well as emerging public health priority. However, frailty is reversible, especially if detected at an early stage. To date, however, there are no effective population-level strategies to identify the middle-aged and older individuals who are at increased risk of frailty. <\/span>\r\n\r\n<span style=\"font-weight: 400;\">The aim of the study is to analyse, and develop an electronic frailty index (eFI), a bespoke tool for Finnish electronic health record system to enable early identification of vulnerable individuals. The study is conducted in collaboration between University of Jyv\u00e4skyl\u00e4, Gerontology research centre, and Tampere university, Gerontology research centre.<\/span>\r\n\r\n<strong>Funding<\/strong>\r\nAcademy of Finland 2022-2026\r\n\r\n<strong>Tutkimusryhm\u00e4<\/strong>\r\n<em>Principal investigators<\/em>\r\nJuulia Jylh\u00e4v\u00e4, Senior Research Fellow, FT, docent,\r\nGerontology Research Center, Faculty of Social Sciences, University of Tampere\r\njuulia.jylhava@tuni.fi\r\n\r\nMikaela von Bonsdorff, Associate Professor, TtT,\r\nGerontology Research Center, Faculty of Sport and Health Sciences, University of Jyv\u00e4skyl\u00e4\r\nmikaela.vonbonsdorff@jyu.fi\r\n\r\n<em>Researchers<\/em>\r\nMarkus Haapanen, LT, Folkh\u00e4lsan Research Center, Univeristy of Helsinki\r\nLaura Kananen, FT,Gerontology Research Center, University of Tampere\r\nAntti Kariluoto, FK, University of Jyv\u00e4skyl\u00e4\r\nJake Lin, FT, Gerontology Research Center, University of Tampere\r\nMaija Satamo, TtM, SH, Gerontology Research Center, University of Tampere\r\nAnna Tirkkonen, TtT Gerontology Research Center, University of Jyv\u00e4skyl\u00e4,\r\n\r\n<em>Collaborators<\/em>\r\nVeracell Oy[\/vc_column_text][\/vc_column][\/vc_row]"},"excerpt":{"rendered":"[vc_row][vc_column][vc_column_text][\/vc_column_text][\/vc_column][\/vc_row][vc_row][vc_column][vc_column_text]Gerastenia on elinj\u00e4rjestelmien heikentymisest\u00e4 aiheutuva heikentynyt terveydentila, josta voidaan n\u00e4hd\u00e4 merkkej\u00e4 jo keski-i\u00e4ss\u00e4. Gerasteniaan liittyy korkea toiminnanvajeiden riski ja se lis\u00e4\u00e4 my\u00f6s sairaalahoidon ja kuoleman vaaraa. V\u00e4est\u00f6n ik\u00e4\u00e4ntyess\u00e4 gerasteniaa voidaan pit\u00e4\u00e4 terveen ik\u00e4\u00e4ntymisen determinanttina ja kansanterveyden kannalta t\u00e4rke\u00e4n\u00e4 tekij\u00e4n\u00e4. Jos&hellip;","protected":false,"raw":""},"author":10,"featured_media":0,"parent":5661,"menu_order":5,"comment_status":"closed","ping_status":"closed","template":"","meta":{"_mi_skip_tracking":false,"_fi_post_content":"[vc_row][vc_column][vc_column_text][\/vc_column_text][\/vc_column][\/vc_row][vc_row][vc_column][vc_column_text]Gerastenia on elinj\u00e4rjestelmien heikentymisest\u00e4 aiheutuva heikentynyt terveydentila, josta voidaan n\u00e4hd\u00e4 merkkej\u00e4 jo keski-i\u00e4ss\u00e4. Gerasteniaan liittyy korkea toiminnanvajeiden riski ja se lis\u00e4\u00e4 my\u00f6s sairaalahoidon ja kuoleman vaaraa. V\u00e4est\u00f6n ik\u00e4\u00e4ntyess\u00e4 gerasteniaa voidaan pit\u00e4\u00e4 terveen ik\u00e4\u00e4ntymisen determinanttina ja kansanterveyden kannalta t\u00e4rke\u00e4n\u00e4 tekij\u00e4n\u00e4. Jos gerastenian merkit havaitaan tarpeeksi ajoissa, sen etenemiseen voidaan vaikuttaa. T\u00e4ll\u00e4 hetkell\u00e4 Suomessa ei ole kuitenkaan k\u00e4yt\u00f6ss\u00e4 ty\u00f6kalua, jolla voitaisiin tunnistaa yksil\u00f6t, joilla on suurentunut riski sairastua gerasteniaan.\r\n\r\nTutkimuksen tavoitteena on kehitt\u00e4\u00e4 elektorinen frailtyindeksi, jonka avulla voidaan tunnistaa korkean riskin yksil\u00f6t mahdollismman aikaisin, jotta heid\u00e4t voidaan ohjata oikeanlaisen hoidon ja kuntoutuksen piiriin. Tutkimus toteutetaan yhteisty\u00f6ss\u00e4 Jyv\u00e4skyl\u00e4n yliopiston, gerontologian tutkimuskeskuksen ja Tampereen yliopiston, gerontologian tutkimuskeskuksen v\u00e4lill\u00e4.\r\n\r\n<strong>Rahoittaja<\/strong>\r\nSuomen Akatemia 2022-2026\r\n\r\n<strong>Tutkimusryhm\u00e4<\/strong>\r\n\r\n<em>Vastuulliset tutkijat<\/em>\r\nJuulia Jylh\u00e4v\u00e4, yliopistotutkija, FT, dosentti\r\nGerontologian tutkimuskeskus, Yhteiskuntatieteiden tiedekunta, Tampereen yliopisto\r\njuulia.jylhava@tuni.fi\r\n\r\nMikaela von Bonsdorff, apulaisprofessori, TtT\r\nGerontologian tutkimuskeskus, Liikuntatieteellinen tiedekunta, Jyv\u00e4skyl\u00e4n yliopisto\r\nmikaela.vonbonsdorff@jyu.fi\r\n\r\n<em>Tutkijat<\/em>\r\nMarkus Haapanen, LT, Folkh\u00e4lsanin tutkimuskeskus, Helsingin yliopisto\r\nLaura Kananen, FT, Gerontologian tutkimuskeskus, Tampereen yliopisto\r\nAntti Kariluoto, FK, Jyv\u00e4skyl\u00e4n yliopisto\r\nJake Lin, FT, Gerontologian tutkimuskeskus, Tampereen yliopisto\r\nMaija Satamo, TtM, SH, Gerontologian tutkimuskeskus, Tampereen yliopisto\r\nAnna Tirkkonen, TtT Gerontologian tutkimuskeskus, Jyv\u00e4skyl\u00e4n yliopisto\r\n\r\n<em>Yhteisty\u00f6tahot<\/em>\r\nVeracell Oy[\/vc_column_text][\/vc_column][\/vc_row]","_fi_post_name":"kohti-terveempaa-vanhenemista-elektronisen-frailtyindeksin-analysointi-ja-kehittaminen-haavoittuvien-henkiloiden-tunnistamiseksi-suomen-terveydenhuollossa-varhaisessa-vaiheessa-finefi","_fi_post_excerpt":"","_fi_post_title":"Kohti terveemp\u00e4\u00e4 vanhenemista: elektronisen frailtyindeksin analysointi ja kehitt\u00e4minen haavoittuvien henkil\u00f6iden tunnistamiseksi Suomen terveydenhuollossa varhaisessa vaiheessa (FINeFI)","_en_post_content":"[vc_row][vc_column][vc_column_text]\r\n\r\n&nbsp;\r\n\r\n<span style=\"font-weight: 400;\">Frailty is a state of increased vulnerability that manifests as decreased physiological reserves and functioning across multiple organ systems, showing signs already at midlife. Frailty is associated with multiple negative health outcomes such as high healthcare utilization, disability, and mortality. Additionally, frailty can be considered as a determinant of healthy aging as well as emerging public health priority. However, frailty is reversible, especially if detected at an early stage. To date, however, there are no effective population-level strategies to identify the middle-aged and older individuals who are at increased risk of frailty. <\/span>\r\n\r\n<span style=\"font-weight: 400;\">The aim of the study is to analyse, and develop an electronic frailty index (eFI), a bespoke tool for Finnish electronic health record system to enable early identification of vulnerable individuals. The study is conducted in collaboration between University of Jyv\u00e4skyl\u00e4, Gerontology research centre, and Tampere university, Gerontology research centre.<\/span>\r\n\r\n<strong>Funding<\/strong>\r\nAcademy of Finland 2022-2026\r\n\r\n<strong>Tutkimusryhm\u00e4<\/strong>\r\n<em>Principal investigators<\/em>\r\nJuulia Jylh\u00e4v\u00e4, Senior Research Fellow, FT, docent,\r\nGerontology Research Center, Faculty of Social Sciences, University of Tampere\r\njuulia.jylhava@tuni.fi\r\n\r\nMikaela von Bonsdorff, Associate Professor, TtT,\r\nGerontology Research Center, Faculty of Sport and Health Sciences, University of Jyv\u00e4skyl\u00e4\r\nmikaela.vonbonsdorff@jyu.fi\r\n\r\n<em>Researchers<\/em>\r\nMarkus Haapanen, LT, Folkh\u00e4lsan Research Center, Univeristy of Helsinki\r\nLaura Kananen, FT,Gerontology Research Center, University of Tampere\r\nAntti Kariluoto, FK, University of Jyv\u00e4skyl\u00e4\r\nJake Lin, FT, Gerontology Research Center, University of Tampere\r\nMaija Satamo, TtM, SH, Gerontology Research Center, University of Tampere\r\nAnna Tirkkonen, TtT Gerontology Research Center, University of Jyv\u00e4skyl\u00e4,\r\n\r\n<em>Collaborators<\/em>\r\nVeracell Oy[\/vc_column_text][\/vc_column][\/vc_row]","_en_post_name":"paving-the-way-for-healthy-aging-analysis-and-development-of-an-electronic-frailty-index-for-finnish-healthcare-to-identify-vulnerable-individuals-at-early-stages-finefi","_en_post_excerpt":"","_en_post_title":"Paving the way for healthy aging: analysis and development of an electronic frailty index for Finnish healthcare to identify vulnerable individuals at early stages (FINeFI)","edit_language":"en","footnotes":""},"class_list":["post-8947","page","type-page","status-publish","hentry","entry","no-media"],"_links":{"self":[{"href":"https:\/\/www.gerec.fi\/en\/wp-json\/wp\/v2\/pages\/8947","targetHints":{"allow":["GET"]}}],"collection":[{"href":"https:\/\/www.gerec.fi\/en\/wp-json\/wp\/v2\/pages"}],"about":[{"href":"https:\/\/www.gerec.fi\/en\/wp-json\/wp\/v2\/types\/page"}],"author":[{"embeddable":true,"href":"https:\/\/www.gerec.fi\/en\/wp-json\/wp\/v2\/users\/10"}],"replies":[{"embeddable":true,"href":"https:\/\/www.gerec.fi\/en\/wp-json\/wp\/v2\/comments?post=8947"}],"version-history":[{"count":8,"href":"https:\/\/www.gerec.fi\/en\/wp-json\/wp\/v2\/pages\/8947\/revisions"}],"predecessor-version":[{"id":9202,"href":"https:\/\/www.gerec.fi\/en\/wp-json\/wp\/v2\/pages\/8947\/revisions\/9202"}],"up":[{"embeddable":true,"href":"https:\/\/www.gerec.fi\/en\/wp-json\/wp\/v2\/pages\/5661"}],"wp:attachment":[{"href":"https:\/\/www.gerec.fi\/en\/wp-json\/wp\/v2\/media?parent=8947"}],"curies":[{"name":"wp","href":"https:\/\/api.w.org\/{rel}","templated":true}]}}