{"id":6841,"date":"2019-05-04T16:12:09","date_gmt":"2019-05-04T13:12:09","guid":{"rendered":"https:\/\/www.gerec.fi\/?page_id=6841"},"modified":"2021-02-03T15:13:13","modified_gmt":"2021-02-03T13:13:13","slug":"collaborators","status":"publish","type":"page","link":"https:\/\/www.gerec.fi\/en\/contact\/collaborators\/","title":{"rendered":"Collaborators","raw":"Collaborators"},"content":{"rendered":"[vc_row][vc_column][vc_column_text]<strong>Collaborators in Finland<\/strong><\/p>\n<ul>\n<li><a href=\"https:\/\/www.jyu.fi\/hytk\/fi\/laitokset\/yfi\/en\/research\/projects\/agecare\/agecare\">CoE AgeCare: Centre of Excellence in Research on Ageing and Care<\/a><\/li>\n<li><a href=\"http:\/\/gerocenter.fi\/\">GeroCenter Foundation for Aging Research and Development<\/a><\/li>\n<li><a href=\"https:\/\/thl.fi\/en\/web\/thlfi-en\">National Institute for Health and Welfare<\/a><\/li>\n<li><a href=\"https:\/\/www.ttl.fi\/en\/\">Finnish Institute of Occupational Health<\/a><\/li>\n<li><a href=\"https:\/\/www.tampere.fi\/en\/city-of-tampere\/organisation\/welfareservices\/tamperesenior.html\">TampereSenior<\/a><\/li>\n<li><a href=\"https:\/\/www.ikainstituutti.fi\/in-english\/\">Age Institute<\/a><\/li>\n<li><a href=\"https:\/\/www.bioethics.fi\/\">The Finnish Institute of Bioethics<\/a><\/li>\n<li><a href=\"https:\/\/www.fsd.uta.fi\/en\/\">Finnish Social Science Data Archive<\/a><\/li>\n<li><a href=\"https:\/\/www.gerontologia.fi\/finnish-society-growth-and-ageing-research\">The Finnish Society for Growth and Ageing Research<\/a><\/li>\n<li><a href=\"https:\/\/www.gernet.fi\/\">Societas Gerontologica Fennica<\/a>(in Finnish)<\/li>\n<li><a href=\"https:\/\/kesayo.jyu.fi\/fi\/ikaantyvienyliopisto\">Ik\u00e4\u00e4ntyvien yliopisto<\/a>(in Finnish)<\/li>\n<\/ul>\n<p><strong>Collaborators in Europe<\/strong><\/p>\n<ul>\n<li><a href=\"https:\/\/ki-su-arc.se\/\">Aging Research Center (ARC) Karolinska Institutet &amp; Stockholm University<\/a><\/li>\n<li><a href=\"https:\/\/portal.research.lu.se\/portal\/en\/organisations-researchgroups\/active-and-healthy-ageing-research-group(2de14c24-f84f-4c4c-b8de-5da3adf952ab).html\">Active and Healthy Ageing Research Group, Department of Health Sciences, and Centre for Ageing and Supportive Environments (CASE), Lund University, Sweden<\/a><\/li>\n<li><a href=\"http:\/\/www.stampar.hr\/en\/joint-programming-initiative-jpi-more-years-better-lives-potential-and-challenges-demographic-change\">Joint Programming Initiative (JPI) &#8220;More Years, Better Lives -\u202f The Potential and Challenges of Demographic Change&#8221;<\/a><\/li>\n<\/ul>\n<p><strong>Financing<\/strong><\/p>\n<ul>\n<li><a href=\"http:\/\/www.aka.fi\/en\/\">Academy of Finland<\/a><\/li>\n<li><a href=\"https:\/\/minedu.fi\/en\/frontpage\">Ministry of Education and Culture<\/a><\/li>\n<li><a href=\"https:\/\/www.businessfinland.fi\/en\/\">Business Finland<\/a><\/li>\n<li><a href=\"https:\/\/erc.europa.eu\/\">European Research Council, ERC<\/a><\/li>\n<li><a href=\"https:\/\/ec.europa.eu\/programmes\/horizon2020\/en\">Horizon 2020\u00a0<\/a><\/li>\n<\/ul>\n[\/vc_column_text][\/vc_column][\/vc_row]\n","protected":false,"raw":"[vc_row][vc_column][vc_column_text]<strong>Collaborators in Finland<\/strong>\r\n<ul>\r\n \t<li><a href=\"https:\/\/www.jyu.fi\/hytk\/fi\/laitokset\/yfi\/en\/research\/projects\/agecare\/agecare\">CoE AgeCare: Centre of Excellence in Research on Ageing and Care<\/a><\/li>\r\n \t<li><a href=\"http:\/\/gerocenter.fi\/\">GeroCenter Foundation for Aging Research and Development<\/a><\/li>\r\n \t<li><a href=\"https:\/\/thl.fi\/en\/web\/thlfi-en\">National Institute for Health and Welfare<\/a><\/li>\r\n \t<li><a href=\"https:\/\/www.ttl.fi\/en\/\">Finnish Institute of Occupational Health<\/a><\/li>\r\n \t<li><a href=\"https:\/\/www.tampere.fi\/en\/city-of-tampere\/organisation\/welfareservices\/tamperesenior.html\">TampereSenior<\/a><\/li>\r\n \t<li><a href=\"https:\/\/www.ikainstituutti.fi\/in-english\/\">Age Institute<\/a><\/li>\r\n \t<li><a href=\"https:\/\/www.bioethics.fi\/\">The Finnish Institute of Bioethics<\/a><\/li>\r\n \t<li><a href=\"https:\/\/www.fsd.uta.fi\/en\/\">Finnish Social Science Data Archive<\/a><\/li>\r\n \t<li><a href=\"https:\/\/www.gerontologia.fi\/finnish-society-growth-and-ageing-research\">The Finnish Society for Growth and Ageing Research<\/a><\/li>\r\n \t<li><a href=\"https:\/\/www.gernet.fi\/\">Societas Gerontologica Fennica<\/a>(in Finnish)<\/li>\r\n \t<li><a href=\"https:\/\/kesayo.jyu.fi\/fi\/ikaantyvienyliopisto\">Ik\u00e4\u00e4ntyvien yliopisto<\/a>(in Finnish)<\/li>\r\n<\/ul>\r\n<strong>Collaborators in Europe<\/strong>\r\n<ul>\r\n \t<li><a href=\"https:\/\/ki-su-arc.se\/\">Aging Research Center (ARC) Karolinska Institutet &amp; Stockholm University<\/a><\/li>\r\n \t<li><a href=\"https:\/\/portal.research.lu.se\/portal\/en\/organisations-researchgroups\/active-and-healthy-ageing-research-group(2de14c24-f84f-4c4c-b8de-5da3adf952ab).html\">Active and Healthy Ageing Research Group, Department of Health Sciences, and Centre for Ageing and Supportive Environments (CASE), Lund University, Sweden<\/a><\/li>\r\n \t<li><a href=\"http:\/\/www.stampar.hr\/en\/joint-programming-initiative-jpi-more-years-better-lives-potential-and-challenges-demographic-change\">Joint Programming Initiative (JPI) \"More Years, Better Lives -\u202f The Potential and Challenges of Demographic Change\"<\/a><\/li>\r\n<\/ul>\r\n<strong>Financing<\/strong>\r\n<ul>\r\n \t<li><a href=\"http:\/\/www.aka.fi\/en\/\">Academy of Finland<\/a><\/li>\r\n \t<li><a href=\"https:\/\/minedu.fi\/en\/frontpage\">Ministry of Education and Culture<\/a><\/li>\r\n \t<li><a href=\"https:\/\/www.businessfinland.fi\/en\/\">Business Finland<\/a><\/li>\r\n \t<li><a href=\"https:\/\/erc.europa.eu\/\">European Research Council, ERC<\/a><\/li>\r\n \t<li><a href=\"https:\/\/ec.europa.eu\/programmes\/horizon2020\/en\">Horizon 2020\u00a0<\/a><\/li>\r\n<\/ul>\r\n[\/vc_column_text][\/vc_column][\/vc_row]"},"excerpt":{"rendered":"[vc_row][vc_column][vc_column_text]Yhteisty\u00f6 Suomessa CoE AgeCare: Ik\u00e4\u00e4ntymisen ja hoivan huippuyksikk\u00f6 GeroCenter, Hyv\u00e4n vanhenemisen tutkimus- ja kehitt\u00e4miskeskus Terveyden ja hyvinvoinnin laitos Ty\u00f6terveyslaitos TampereSenior Ik\u00e4instituutti Bioetiikan instituutti Yhteiskuntatieteellinen tietoarkisto Kasvun ja vanhenemisen tutkijat ry Societas Gerontologica Fennica ry\u00a0 Ik\u00e4\u00e4ntyvien yliopisto\u00a0 &nbsp; Yhteisty\u00f6 Euroopassa Aging&hellip;","protected":false,"raw":""},"author":1,"featured_media":0,"parent":1346,"menu_order":0,"comment_status":"closed","ping_status":"closed","template":"","meta":{"_mi_skip_tracking":false,"_fi_post_content":"[vc_row][vc_column][vc_column_text]<strong>Yhteisty\u00f6 Suomessa<\/strong>\r\n<ul>\r\n \t<li><a href=\"https:\/\/www.jyu.fi\/hytk\/fi\/laitokset\/yfi\/en\/research\/projects\/agecare\/ikaantymisen-ja-hoivan-tutkimuksen-huippuyksikko-coe-agecare-2018-2025\">CoE AgeCare: Ik\u00e4\u00e4ntymisen ja hoivan huippuyksikk\u00f6 <\/a><\/li>\r\n \t<li><a href=\"http:\/\/www.gerocenter.fi\/\">GeroCenter, Hyv\u00e4n vanhenemisen tutkimus- ja kehitt\u00e4miskeskus<\/a><\/li>\r\n \t<li><a href=\"http:\/\/www.thl.fi\/fi_FI\/web\/fi\/\">Terveyden ja hyvinvoinnin laitos<\/a><\/li>\r\n \t<li><a href=\"http:\/\/www.ttl.fi\/fi\/sivut\/default.aspx\">Ty\u00f6terveyslaitos<\/a><\/li>\r\n \t<li><a href=\"https:\/\/www.tampere.fi\/tampereen-kaupunki\/organisaatio\/hyvinvoinnin-palvelualue\/avo-ja-asumispalvelut\/projektit\/tamperesenior.html\">TampereSenior<\/a><\/li>\r\n \t<li><a href=\"http:\/\/www.ikainstituutti.fi\/etusivu\/\">Ik\u00e4instituutti<\/a><\/li>\r\n \t<li><a href=\"http:\/\/www.bioetiikka.fi\/\">Bioetiikan instituutti<\/a><\/li>\r\n \t<li><a href=\"https:\/\/www.fsd.uta.fi\/fi\/\">Yhteiskuntatieteellinen tietoarkisto<\/a><\/li>\r\n \t<li><a href=\"https:\/\/www.gerontologia.fi\/etusivu\">Kasvun ja vanhenemisen tutkijat ry<\/a><\/li>\r\n \t<li><a href=\"https:\/\/www.gernet.fi\/\">Societas Gerontologica Fennica ry\u00a0<\/a><\/li>\r\n \t<li><a href=\"https:\/\/kesayo.jyu.fi\/fi\/ikaantyvienyliopisto\">Ik\u00e4\u00e4ntyvien yliopisto\u00a0<\/a><\/li>\r\n<\/ul>\r\n&nbsp;\r\n\r\n<strong>Yhteisty\u00f6 Euroopassa<\/strong>\r\n<ul>\r\n \t<li><a href=\"http:\/\/www.ki-su-arc.se\/\">Aging Research Center (ARC) Karolinska Institutet &amp; Stockholm University<\/a><\/li>\r\n \t<li><a href=\"https:\/\/portal.research.lu.se\/portal\/en\/organisations-researchgroups\/active-and-healthy-ageing-research-group(2de14c24-f84f-4c4c-b8de-5da3adf952ab).html\">Active and Healthy Ageing Research Group, Department of Health Sciences, and Centre for Ageing and Supportive Environments (CASE), Lund University, Sweden\u00a0<\/a><\/li>\r\n \t<li><a href=\"http:\/\/www.stampar.hr\/en\/joint-programming-initiative-jpi-more-years-better-lives-potential-and-challenges-demographic-change\">Joint Programming Initiative (JPI) \"More Years, Better Lives -\u202f The Potential and Challenges of Demographic Change\"<\/a><\/li>\r\n<\/ul>\r\n&nbsp;\r\n\r\n<strong>Tutkimuksen keskeisi\u00e4 rahoittajia<\/strong>\r\n<ul>\r\n \t<li><a href=\"http:\/\/www.aka.fi\/fi\/A\/\">Suomen Akatemia<\/a><\/li>\r\n \t<li><a href=\"http:\/\/www.minedu.fi\/OPM\/\">Opetus- ja kulttuuriministeri\u00f6<\/a><\/li>\r\n \t<li><a href=\"https:\/\/www.businessfinland.fi\/\">Business Finland<\/a><\/li>\r\n \t<li><a href=\"https:\/\/erc.europa.eu\/\">Euroopan tutkimusneuvosto ERC\u00a0<\/a><\/li>\r\n \t<li><a href=\"https:\/\/ec.europa.eu\/programmes\/horizon2020\/en\">Horisontti 2020\u00a0<\/a><\/li>\r\n<\/ul>\r\n[\/vc_column_text][\/vc_column][\/vc_row]","_fi_post_name":"yhteistyotahot","_fi_post_excerpt":"","_fi_post_title":"Yhteisty\u00f6tahot","_en_post_content":"[vc_row][vc_column][vc_column_text]<strong>Collaborators in Finland<\/strong>\r\n<ul>\r\n \t<li><a href=\"https:\/\/www.jyu.fi\/hytk\/fi\/laitokset\/yfi\/en\/research\/projects\/agecare\/agecare\">CoE AgeCare: Centre of Excellence in Research on Ageing and Care<\/a><\/li>\r\n \t<li><a href=\"http:\/\/gerocenter.fi\/\">GeroCenter Foundation for Aging Research and Development<\/a><\/li>\r\n \t<li><a href=\"https:\/\/thl.fi\/en\/web\/thlfi-en\">National Institute for Health and Welfare<\/a><\/li>\r\n \t<li><a href=\"https:\/\/www.ttl.fi\/en\/\">Finnish Institute of Occupational Health<\/a><\/li>\r\n \t<li><a href=\"https:\/\/www.tampere.fi\/en\/city-of-tampere\/organisation\/welfareservices\/tamperesenior.html\">TampereSenior<\/a><\/li>\r\n \t<li><a href=\"https:\/\/www.ikainstituutti.fi\/in-english\/\">Age Institute<\/a><\/li>\r\n \t<li><a href=\"https:\/\/www.bioethics.fi\/\">The Finnish Institute of Bioethics<\/a><\/li>\r\n \t<li><a href=\"https:\/\/www.fsd.uta.fi\/en\/\">Finnish Social Science Data Archive<\/a><\/li>\r\n \t<li><a href=\"https:\/\/www.gerontologia.fi\/finnish-society-growth-and-ageing-research\">The Finnish Society for Growth and Ageing Research<\/a><\/li>\r\n \t<li><a href=\"https:\/\/www.gernet.fi\/\">Societas Gerontologica Fennica<\/a>(in Finnish)<\/li>\r\n \t<li><a href=\"https:\/\/kesayo.jyu.fi\/fi\/ikaantyvienyliopisto\">Ik\u00e4\u00e4ntyvien yliopisto<\/a>(in Finnish)<\/li>\r\n<\/ul>\r\n<strong>Collaborators in Europe<\/strong>\r\n<ul>\r\n \t<li><a href=\"https:\/\/ki-su-arc.se\/\">Aging Research Center (ARC) Karolinska Institutet &amp; Stockholm University<\/a><\/li>\r\n \t<li><a href=\"https:\/\/portal.research.lu.se\/portal\/en\/organisations-researchgroups\/active-and-healthy-ageing-research-group(2de14c24-f84f-4c4c-b8de-5da3adf952ab).html\">Active and Healthy Ageing Research Group, Department of Health Sciences, and Centre for Ageing and Supportive Environments (CASE), Lund University, Sweden<\/a><\/li>\r\n \t<li><a href=\"http:\/\/www.stampar.hr\/en\/joint-programming-initiative-jpi-more-years-better-lives-potential-and-challenges-demographic-change\">Joint Programming Initiative (JPI) \"More Years, Better Lives -\u202f The Potential and Challenges of Demographic Change\"<\/a><\/li>\r\n<\/ul>\r\n<strong>Financing<\/strong>\r\n<ul>\r\n \t<li><a href=\"http:\/\/www.aka.fi\/en\/\">Academy of Finland<\/a><\/li>\r\n \t<li><a href=\"https:\/\/minedu.fi\/en\/frontpage\">Ministry of Education and Culture<\/a><\/li>\r\n \t<li><a href=\"https:\/\/www.businessfinland.fi\/en\/\">Business Finland<\/a><\/li>\r\n \t<li><a href=\"https:\/\/erc.europa.eu\/\">European Research Council, ERC<\/a><\/li>\r\n \t<li><a href=\"https:\/\/ec.europa.eu\/programmes\/horizon2020\/en\">Horizon 2020\u00a0<\/a><\/li>\r\n<\/ul>\r\n[\/vc_column_text][\/vc_column][\/vc_row]","_en_post_name":"collaborators","_en_post_excerpt":"","_en_post_title":"Collaborators","edit_language":"en","footnotes":""},"class_list":["post-6841","page","type-page","status-publish","hentry","entry","no-media"],"_links":{"self":[{"href":"https:\/\/www.gerec.fi\/en\/wp-json\/wp\/v2\/pages\/6841","targetHints":{"allow":["GET"]}}],"collection":[{"href":"https:\/\/www.gerec.fi\/en\/wp-json\/wp\/v2\/pages"}],"about":[{"href":"https:\/\/www.gerec.fi\/en\/wp-json\/wp\/v2\/types\/page"}],"author":[{"embeddable":true,"href":"https:\/\/www.gerec.fi\/en\/wp-json\/wp\/v2\/users\/1"}],"replies":[{"embeddable":true,"href":"https:\/\/www.gerec.fi\/en\/wp-json\/wp\/v2\/comments?post=6841"}],"version-history":[{"count":3,"href":"https:\/\/www.gerec.fi\/en\/wp-json\/wp\/v2\/pages\/6841\/revisions"}],"predecessor-version":[{"id":7901,"href":"https:\/\/www.gerec.fi\/en\/wp-json\/wp\/v2\/pages\/6841\/revisions\/7901"}],"up":[{"embeddable":true,"href":"https:\/\/www.gerec.fi\/en\/wp-json\/wp\/v2\/pages\/1346"}],"wp:attachment":[{"href":"https:\/\/www.gerec.fi\/en\/wp-json\/wp\/v2\/media?parent=6841"}],"curies":[{"name":"wp","href":"https:\/\/api.w.org\/{rel}","templated":true}]}}