{"id":6185,"date":"2019-02-12T22:56:42","date_gmt":"2019-02-12T20:56:42","guid":{"rendered":"http:\/\/www.gerec.fi\/?page_id=6185"},"modified":"2019-02-12T23:01:38","modified_gmt":"2019-02-12T21:01:38","slug":"","status":"publish","type":"page","link":"https:\/\/www.gerec.fi\/en\/login\/","title":{"rendered":"","raw":""},"content":{"rendered":"","protected":false,"raw":""},"excerpt":{"rendered":"[vc_row][vc_column] K\u00e4ytt\u00e4j\u00e4tunnus Salasana Muista minut Unohdin salasanani[\/vc_column][\/vc_row]","protected":false,"raw":""},"author":1,"featured_media":0,"parent":0,"menu_order":5,"comment_status":"closed","ping_status":"closed","template":"","meta":{"_mi_skip_tracking":false,"_fi_post_content":"[vc_row][vc_column][vcex_login_form register=\"false\" label_username=\"K\u00e4ytt\u00e4j\u00e4tunnus\" label_password=\"Salasana\" label_remember=\"Muista minut\" lost_password_label=\"Unohdin salasanani\" label_log_in=\"Kirjaudu\" redirect=\"http:\/\/www.gerec.fi\/wp-admin\/index.php\"]Olet kirjautuneena. <a href=\"https:\/\/www.gerec.fi\/wp-login.php?action=logout&amp;redirect_to=http%3A%2F%2Fwww.gerec.fi&amp;_wpnonce=99e30fcfb2\">Kirjaudu ulos?<\/a>[\/vcex_login_form][\/vc_column][\/vc_row]","_fi_post_name":"login","_fi_post_excerpt":"","_fi_post_title":"Kirjaudu sis\u00e4\u00e4n","_en_post_content":"","_en_post_name":"","_en_post_excerpt":"","_en_post_title":"","edit_language":"en","footnotes":""},"class_list":["post-6185","page","type-page","status-publish","hentry","entry","no-media"],"_links":{"self":[{"href":"https:\/\/www.gerec.fi\/en\/wp-json\/wp\/v2\/pages\/6185","targetHints":{"allow":["GET"]}}],"collection":[{"href":"https:\/\/www.gerec.fi\/en\/wp-json\/wp\/v2\/pages"}],"about":[{"href":"https:\/\/www.gerec.fi\/en\/wp-json\/wp\/v2\/types\/page"}],"author":[{"embeddable":true,"href":"https:\/\/www.gerec.fi\/en\/wp-json\/wp\/v2\/users\/1"}],"replies":[{"embeddable":true,"href":"https:\/\/www.gerec.fi\/en\/wp-json\/wp\/v2\/comments?post=6185"}],"version-history":[{"count":3,"href":"https:\/\/www.gerec.fi\/en\/wp-json\/wp\/v2\/pages\/6185\/revisions"}],"predecessor-version":[{"id":6190,"href":"https:\/\/www.gerec.fi\/en\/wp-json\/wp\/v2\/pages\/6185\/revisions\/6190"}],"wp:attachment":[{"href":"https:\/\/www.gerec.fi\/en\/wp-json\/wp\/v2\/media?parent=6185"}],"curies":[{"name":"wp","href":"https:\/\/api.w.org\/{rel}","templated":true}]}}