{"id":5921,"date":"2014-01-20T20:19:28","date_gmt":"2019-01-03T08:47:30","guid":{"rendered":"https:\/\/gerec.fi\/?page_id=5921"},"modified":"2021-02-05T15:26:43","modified_gmt":"2021-02-05T13:26:43","slug":"","status":"publish","type":"page","link":"https:\/\/www.gerec.fi\/en\/kuvapankki\/","title":{"rendered":"","raw":""},"content":{"rendered":"","protected":true,"raw":""},"excerpt":{"rendered":"[vc_row][vc_column][vc_tta_tabs style=\"modern\" shape=\"square\" active_section=\"1\"][vc_tta_section title=\"Logot\" tab_id=\"1550755237325-13371370-d4dc\"][vc_row_inner][vc_column_inner width=\"1\/3\"][vc_column_text] Verkkoon ja dokumentteihin (rgb) .png (pieni) \/ .png (iso) .jpg (pieni) \/ .jpg (iso) Painoon (cmyk) .pdf \/ .eps Muokattava versio .ai[\/vc_column_text][\/vc_column_inner][vc_column_inner width=\"1\/3\"][vc_column_text] Verkkoon ja dokumentteihin (rgb) .png (pieni) \/ .png (iso) .jpg&hellip;","protected":true,"raw":""},"author":1,"featured_media":0,"parent":0,"menu_order":0,"comment_status":"closed","ping_status":"closed","template":"","meta":{"_mi_skip_tracking":false,"_fi_post_content":"[vc_row][vc_column][vc_tta_tabs style=\"modern\" shape=\"square\" active_section=\"1\"][vc_tta_section title=\"Logot\" tab_id=\"1550755237325-13371370-d4dc\"][vcex_image overlay_style=\"\"][vc_row_inner][vc_column_inner width=\"1\/3\"][vc_column_text]<img class=\"logopankki alignnone wp-image-6371 size-full\" src=\"https:\/\/www.gerec.fi\/wp-content\/uploads\/2019\/02\/Gerec_fi_rgb_pieni.png\" alt=\"\" width=\"754\" height=\"330\" \/>\r\n<h3>Verkkoon ja dokumentteihin (rgb)<\/h3>\r\n<a href=\"https:\/\/www.gerec.fi\/logot\/Gerec_fi_rgb_pieni.png\">.png (pieni)<\/a> \/ <a href=\"https:\/\/www.gerec.fi\/logot\/Gerec_fi_rgb_iso.png\">.png (iso)<\/a>\r\n<a href=\"https:\/\/www.gerec.fi\/logot\/Gerec_fi_rgb_pieni.jpg\">.jpg (pieni)<\/a> \/ <a href=\"https:\/\/www.gerec.fi\/logot\/Gerec_fi_rgb_iso.jpg\">.jpg (iso)<\/a>\r\n<h3>Painoon (cmyk)<\/h3>\r\n<a href=\"https:\/\/www.gerec.fi\/logot\/Gerec_fi_cmyk.pdf\">.pdf<\/a> \/ <a href=\"https:\/\/www.gerec.fi\/logot\/Gerec_fi_cmyk.eps\">.eps<\/a>\r\n<h3>Muokattava versio<\/h3>\r\n<a href=\"https:\/\/www.gerec.fi\/logot\/Gerec_fi_cmyk.ai\">.ai<\/a>[\/vc_column_text][\/vc_column_inner][vc_column_inner width=\"1\/3\"][vc_column_text]<img class=\"logopankki alignnone wp-image-6370 size-full\" src=\"https:\/\/www.gerec.fi\/wp-content\/uploads\/2019\/02\/Gerec_en_rgb_pieni.png\" alt=\"\" width=\"754\" height=\"330\" \/>\r\n<h3>Verkkoon ja dokumentteihin (rgb)<\/h3>\r\n<a href=\"https:\/\/www.gerec.fi\/logot\/Gerec_en_rgb_pieni.png\">.png (pieni)<\/a> \/ <a href=\"https:\/\/www.gerec.fi\/logot\/Gerec_en_rgb_iso.png\">.png (iso)<\/a>\r\n<a href=\"https:\/\/www.gerec.fi\/logot\/Gerec_en_rgb_pieni.jpg\">.jpg (pieni)<\/a> \/ <a href=\"https:\/\/www.gerec.fi\/logot\/Gerec_en_rgb_iso.jpg\">.jpg (iso)<\/a>\r\n<h3>Painoon (cmyk)<\/h3>\r\n<a href=\"https:\/\/www.gerec.fi\/logot\/Gerec_en_cmyk.pdf\">.pdf<\/a> \/ <a href=\"https:\/\/www.gerec.fi\/logot\/Gerec_en_cmyk.eps\">.eps<\/a>\r\n<h3>Muokattava versio<\/h3>\r\n<a href=\"https:\/\/www.gerec.fi\/logot\/Gerec_en_cmyk.ai\">.ai<\/a>[\/vc_column_text][\/vc_column_inner][vc_column_inner width=\"1\/3\"][vc_column_text]<img class=\"logopankki alignnone wp-image-6377 size-full\" src=\"https:\/\/www.gerec.fi\/wp-content\/uploads\/2019\/02\/Gerec_logo.png\" alt=\"\" width=\"6250\" height=\"6250\" \/>\r\n<h3>Logo<\/h3>\r\n<a href=\"https:\/\/www.gerec.fi\/logot\/Gerec_logo.png\">.png<\/a> \/ <a href=\"https:\/\/www.gerec.fi\/logot\/Gerec_logo.jpg\">.jpg<\/a> \/ <a href=\"https:\/\/www.gerec.fi\/logot\/Gerec_logo.pdf\">.pdf<\/a>[\/vc_column_text][\/vc_column_inner][\/vc_row_inner][\/vc_tta_section][vc_tta_section title=\"Aiemmat kuvat\" tab_id=\"1550755237338-6e51e608-5908\"][vcex_image_grid grid_style=\"masonry\" thumbnail_link=\"full_image\" img_size=\"full\" image_ids=\"5922,5923,5924,5925,5926,5927,5928,5929,5930,5931,5932,5933,5934,5935,5936,5937,5938,5939,5940,5941,5948,5947,5946,5945,5944,5943,5942,5949,5950,5951,5952,5953,5954,5955,5956,5957\"][\/vc_tta_section][vc_tta_section title=\"2019\" tab_id=\"1581952852982-89b1523f-a66b\"][vc_media_grid grid_id=\"vc_gid:1612531072754-d5bd3338257eb9bd27b3887376dc4565-8\"][vcex_image_grid grid_style=\"masonry\" thumbnail_link=\"full_image\" img_size=\"full\" image_ids=\"7292,7291,7290,7289,7288,7287,7286,7285,7284,7283,7282,7281,7280,7279,7278,7277,7276,7275,7274,7273,7272,7271,7270,7269,7268,7267\"][\/vc_tta_section][vc_tta_section title=\"Kuvia ik\u00e4\u00e4ntyneist\u00e4\" tab_id=\"1610097248234-0bf08109-302e\"][vcex_image_grid img_size=\"full\" image_ids=\"7900,7841,7737,7738,7736,7735,7732,7733,7734,7290,7284,7288\"][\/vc_tta_section][\/vc_tta_tabs][\/vc_column][\/vc_row]","_fi_post_name":"kuvapankki","_fi_post_excerpt":"","_fi_post_title":"Kuvapankki","_en_post_content":"","_en_post_name":"","_en_post_excerpt":"","_en_post_title":"","edit_language":"en","footnotes":""},"class_list":["post-5921","page","type-page","status-publish","post-password-required","hentry","entry","no-media"],"_links":{"self":[{"href":"https:\/\/www.gerec.fi\/en\/wp-json\/wp\/v2\/pages\/5921","targetHints":{"allow":["GET"]}}],"collection":[{"href":"https:\/\/www.gerec.fi\/en\/wp-json\/wp\/v2\/pages"}],"about":[{"href":"https:\/\/www.gerec.fi\/en\/wp-json\/wp\/v2\/types\/page"}],"author":[{"embeddable":true,"href":"https:\/\/www.gerec.fi\/en\/wp-json\/wp\/v2\/users\/1"}],"replies":[{"embeddable":true,"href":"https:\/\/www.gerec.fi\/en\/wp-json\/wp\/v2\/comments?post=5921"}],"version-history":[{"count":20,"href":"https:\/\/www.gerec.fi\/en\/wp-json\/wp\/v2\/pages\/5921\/revisions"}],"predecessor-version":[{"id":7921,"href":"https:\/\/www.gerec.fi\/en\/wp-json\/wp\/v2\/pages\/5921\/revisions\/7921"}],"wp:attachment":[{"href":"https:\/\/www.gerec.fi\/en\/wp-json\/wp\/v2\/media?parent=5921"}],"curies":[{"name":"wp","href":"https:\/\/api.w.org\/{rel}","templated":true}]}}