{"id":5913,"date":"2014-01-20T20:19:28","date_gmt":"2018-12-18T21:23:07","guid":{"rendered":"https:\/\/gerec.fi\/tutkimus-2\/"},"modified":"2025-10-06T12:48:54","modified_gmt":"2025-10-06T09:48:54","slug":"what-is-gerec","status":"publish","type":"page","link":"https:\/\/www.gerec.fi\/en\/what-is-gerec\/","title":{"rendered":"What is GEREC?","raw":"What is GEREC?"},"content":{"rendered":"[vc_row column_spacing=&#8221;50&#8243; bg_style=&#8221;stretch&#8221; css=&#8221;.vc_custom_1544814296502{padding-top: 30px !important;padding-bottom: 5px !important;}&#8221;][vc_column][vc_column_text width=&#8221;750&#8243; font_size=&#8221;14px&#8221; align=&#8221;left&#8221;]GEREC is a collaborative effort in ageing research run jointly by the University of Jyv\u00e4skyl\u00e4 and Tampere University. GEREC aims to produce new scientific knowledge on the life, health and functioning of the ageing population. The main research areas are health and functioning and their promotion along with care and other services targeted to older people. Applying high-level scientific research, we seek to further knowledge on the different phases of life and help people and society to better realize the possibilities that are held out by living longer.<\/p>\n<p>GEREC is active on the international, national and local level and participates in the debate on the ageing society. In our active collaboration with policy makers we provide research-based knowledge that helps them to tackle the challenges presented by an ageing society. We also participate in university education and further expertise in the field of ageing research.<\/p>\n<p>GEREC is jointly run by the Faculty of Sport and Health Sciences at the University of Jyv\u00e4skyl\u00e4 and the Faculty of Social Sciences at Tampere University. Research groups from the Faculty of Humanities and Social Sciences at the University of Jyv\u00e4skyl\u00e4 and from the Faculty of Medicine and Health Technology at Tampere University also collaborate with GEREC.<\/p>\n<p>GEREC has a director vice director, 15 professors and other senior researchers, approximately 20 post-doctoral researchers and, currently, almost 30 doctoral students.<\/p>\n<p>The Gerontology Research Center is supported in its work by an international scientific advisory board.<\/p>\n<p>GEREC was founded in 2012. Its roots lie in the gerontological research performed over several decades in the two universities. The first gerontology professorship in the Nordic countries was founded in 1976 in Tampere University, while a multidisciplinary gerontology research unit has been functioning in the University of Jyv\u00e4skyl\u00e4 since 1986.<\/p>\n<p>Gerontology Research Center membership is open to all active researchers of either the University of Jyv\u00e4skyl\u00e4 or Tampere University whose research is about ageing and the ageing society, and who provide their contact information to be published on the GEREC website (www.gerec.fi), participate in GEREC events (e.g. summer school), report on their activities when requested, and mark GEREC as one affiliation in their activities and publications.<\/p>\n<p>&nbsp;<\/p>\n<h4><strong><span lang=\"en-US\"><img loading=\"lazy\" decoding=\"async\" class=\"alignnone size-full wp-image-9741\" src=\"https:\/\/www.gerec.fi\/wp-content\/uploads\/2025\/10\/GERECs-strategy-updated-8.9.jpg\" alt=\"\" width=\"940\" height=\"788\" srcset=\"https:\/\/www.gerec.fi\/wp-content\/uploads\/2025\/10\/GERECs-strategy-updated-8.9.jpg 940w, https:\/\/www.gerec.fi\/wp-content\/uploads\/2025\/10\/GERECs-strategy-updated-8.9-300x251.jpg 300w, https:\/\/www.gerec.fi\/wp-content\/uploads\/2025\/10\/GERECs-strategy-updated-8.9-768x644.jpg 768w\" sizes=\"auto, (max-width: 940px) 100vw, 940px\" \/><\/span><\/strong><\/h4>\n<h4><strong><span lang=\"en-US\">STRATEGY 2025<\/span><\/strong><\/h4>\n<p><b><span lang=\"en-US\">VISION<\/span><\/b><\/p>\n<p><span lang=\"en-US\">GEREC is an internationally recognized interdisciplinary forerunner in ageing research\u00a0promoting international development of the field and contributing to ageing-related decision-making.<\/span><\/p>\n<p><b><span lang=\"en-US\">MISSION<\/span><\/b><\/p>\n<p><span lang=\"en-US\">GEREC conducts high-quality, innovative, and societally significant research in order to promote ageing well and a dignified old age.<\/span><\/p>\n<h4><strong><span lang=\"en-US\">STRATEGY 2020-2025<\/span><\/strong><\/h4>\n<p><span lang=\"en-US\">To implement its goals, GEREC:<\/span><\/p>\n<ul type=\"disc\">\n<li><span lang=\"en-US\">Conducts high-quality, innovative, influential and societally significant research that helps to reduce the boundaries between disciplines and professions.<\/span><\/li>\n<li><span lang=\"en-US\">Increases understanding of\u00a0ageing-related biological, psychological and social processes, health, diseases and functioning, elderly care, caregiving and wellbeing, as well as the societal consequences of population ageing.<\/span><\/li>\n<li><span lang=\"en-US\">Offers a high-quality environment for doctoral education attracting talented doctoral researchers from both Finland and abroad.<\/span><\/li>\n<li><span lang=\"en-US\">Supports the professional growth and career progression of researchers affiliated with GEREC.<\/span><\/li>\n<li><span lang=\"en-US\">Seeks to impact ageing-related knowledge and actions of decision-makers and the populace through research knowledge.<\/span><\/li>\n<\/ul>\n[\/vc_column_text][\/vc_column][\/vc_row]\n","protected":false,"raw":"[vc_row column_spacing=\"50\" bg_style=\"stretch\" css=\".vc_custom_1544814296502{padding-top: 30px !important;padding-bottom: 5px !important;}\"][vc_column][vc_column_text width=\"750\" font_size=\"14px\" align=\"left\"]GEREC is a collaborative effort in ageing research run jointly by the University of Jyv\u00e4skyl\u00e4 and Tampere University. GEREC aims to produce new scientific knowledge on the life, health and functioning of the ageing population. The main research areas are health and functioning and their promotion along with care and other services targeted to older people. Applying high-level scientific research, we seek to further knowledge on the different phases of life and help people and society to better realize the possibilities that are held out by living longer.\r\n\r\nGEREC is active on the international, national and local level and participates in the debate on the ageing society. In our active collaboration with policy makers we provide research-based knowledge that helps them to tackle the challenges presented by an ageing society. We also participate in university education and further expertise in the field of ageing research.\r\n\r\nGEREC is jointly run by the Faculty of Sport and Health Sciences at the University of Jyv\u00e4skyl\u00e4 and the Faculty of Social Sciences at Tampere University. Research groups from the Faculty of Humanities and Social Sciences at the University of Jyv\u00e4skyl\u00e4 and from the Faculty of Medicine and Health Technology at Tampere University also collaborate with GEREC.\r\n\r\nGEREC has a director vice director, 15 professors and other senior researchers, approximately 20 post-doctoral researchers and, currently, almost 30 doctoral students.\r\n\r\nThe Gerontology Research Center is supported in its work by an international scientific advisory board.\r\n\r\nGEREC was founded in 2012. Its roots lie in the gerontological research performed over several decades in the two universities. The first gerontology professorship in the Nordic countries was founded in 1976 in Tampere University, while a multidisciplinary gerontology research unit has been functioning in the University of Jyv\u00e4skyl\u00e4 since 1986.\r\n\r\nGerontology Research Center membership is open to all active researchers of either the University of Jyv\u00e4skyl\u00e4 or Tampere University whose research is about ageing and the ageing society, and who provide their contact information to be published on the GEREC website (www.gerec.fi), participate in GEREC events (e.g. summer school), report on their activities when requested, and mark GEREC as one affiliation in their activities and publications.\r\n\r\n&nbsp;\r\n<h4><strong><span lang=\"en-US\"><img class=\"alignnone size-full wp-image-9741\" src=\"https:\/\/www.gerec.fi\/wp-content\/uploads\/2025\/10\/GERECs-strategy-updated-8.9.jpg\" alt=\"\" width=\"940\" height=\"788\" \/><\/span><\/strong><\/h4>\r\n<h4><strong><span lang=\"en-US\">STRATEGY 2025<\/span><\/strong><\/h4>\r\n<b><span lang=\"en-US\">VISION<\/span><\/b>\r\n\r\n<span lang=\"en-US\">GEREC is an internationally recognized interdisciplinary forerunner in ageing research\u00a0promoting international development of the field and contributing to ageing-related decision-making.<\/span>\r\n\r\n<b><span lang=\"en-US\">MISSION<\/span><\/b>\r\n\r\n<span lang=\"en-US\">GEREC conducts high-quality, innovative, and societally significant research in order to promote ageing well and a dignified old age.<\/span>\r\n<h4><strong><span lang=\"en-US\">STRATEGY 2020-2025<\/span><\/strong><\/h4>\r\n<span lang=\"en-US\">To implement its goals, GEREC:<\/span>\r\n<ul type=\"disc\">\r\n \t<li><span lang=\"en-US\">Conducts high-quality, innovative, influential and societally significant research that helps to reduce the boundaries between disciplines and professions.<\/span><\/li>\r\n \t<li><span lang=\"en-US\">Increases understanding of\u00a0ageing-related biological, psychological and social processes, health, diseases and functioning, elderly care, caregiving and wellbeing, as well as the societal consequences of population ageing.<\/span><\/li>\r\n \t<li><span lang=\"en-US\">Offers a high-quality environment for doctoral education attracting talented doctoral researchers from both Finland and abroad.<\/span><\/li>\r\n \t<li><span lang=\"en-US\">Supports the professional growth and career progression of researchers affiliated with GEREC.<\/span><\/li>\r\n \t<li><span lang=\"en-US\">Seeks to impact ageing-related knowledge and actions of decision-makers and the populace through research knowledge.<\/span><\/li>\r\n<\/ul>\r\n[\/vc_column_text][\/vc_column][\/vc_row]"},"excerpt":{"rendered":"[vc_row column_spacing=\"50\" bg_style=\"stretch\" css=\".vc_custom_1544814296502{padding-top: 30px !important;padding-bottom: 5px !important;}\"][vc_column][vc_column_text width=\"750\" font_size=\"14px\" align=\"left\"]GEREC on Jyv\u00e4skyl\u00e4n ja Tampereen yliopistojen vanhenemisen ja ik\u00e4\u00e4ntyv\u00e4n yhteiskunnan tutkimuksen yhteenliittym\u00e4. Tuotamme tieteellist\u00e4 tietoa ik\u00e4\u00e4ntyv\u00e4st\u00e4 yhteiskunnasta ja ik\u00e4\u00e4ntyvien ihmisten el\u00e4m\u00e4st\u00e4. Keskeisi\u00e4 tutkimuskohteitamme ovat terveys, toimintakyky ja niiden edist\u00e4minen sek\u00e4&hellip;","protected":false,"raw":""},"author":1,"featured_media":0,"parent":0,"menu_order":6,"comment_status":"closed","ping_status":"closed","template":"","meta":{"_mi_skip_tracking":false,"_fi_post_content":"[vc_row column_spacing=\"50\" bg_style=\"stretch\" css=\".vc_custom_1544814296502{padding-top: 30px !important;padding-bottom: 5px !important;}\"][vc_column][vc_column_text width=\"750\" font_size=\"14px\" align=\"left\"]GEREC on Jyv\u00e4skyl\u00e4n ja Tampereen yliopistojen vanhenemisen ja ik\u00e4\u00e4ntyv\u00e4n yhteiskunnan tutkimuksen yhteenliittym\u00e4. Tuotamme tieteellist\u00e4 tietoa ik\u00e4\u00e4ntyv\u00e4st\u00e4 yhteiskunnasta ja ik\u00e4\u00e4ntyvien ihmisten el\u00e4m\u00e4st\u00e4. Keskeisi\u00e4 tutkimuskohteitamme ovat terveys, toimintakyky ja niiden edist\u00e4minen sek\u00e4 hoiva ja yhteiskunnan ik\u00e4\u00e4ntyville tarjoamat palvelut. Tieteellisesti korkeatasoisella tutkimuksella lis\u00e4\u00e4mme ymm\u00e4rryst\u00e4 t\u00e4ysipainoisen el\u00e4m\u00e4n mahdollisuuksista kaikissa ik\u00e4vaiheissa. Autamme ihmisi\u00e4 ja yhteiskuntia toteuttamaan paremmin pitenev\u00e4n elini\u00e4n antamia mahdollisuuksia.\r\n\r\nGEREC on aktiivinen kansainv\u00e4lisesti, kansallisesti ja alueellisesti ja osallistuu ik\u00e4\u00e4ntyv\u00e4\u00e4 yhteiskuntaa koskevaan keskusteluun. Annamme p\u00e4\u00e4t\u00f6ksentekij\u00f6ille ja palveluiden tuottajille tutkimukseen perustuvia valmiuksia v\u00e4est\u00f6n ik\u00e4\u00e4ntymiseen liittyvien haasteiden kohtaamiseen. Osallistumme lis\u00e4ksi yliopistokoulutukseen ja vahvistamme alan asiantuntemusta.\r\n\r\nGERECi\u00e4 koordinoivat yhdess\u00e4 Jyv\u00e4skyl\u00e4n yliopiston liikuntatieteellinen tiedekunta ja Tampereen yliopiston yhteiskuntatieteiden tiedekunnan terveystieteiden yksikk\u00f6. Mukana on my\u00f6s tutkijaryhmi\u00e4 Jyv\u00e4skyl\u00e4n yliopiston yhteiskuntatieteiden ja filosofian laitokselta ja Tampereen yliopiston l\u00e4\u00e4ketieteen ja terveysteknologian tiedekunnasta.\r\n\r\nGERECill\u00e4 on johtaja ja varajohtaja, ja sen piiriss\u00e4 toimii 15 professoria ja muuta senioritutkijaa, noin 20 tohtoritutkijaa ja l\u00e4hes 30 tohtoriopiskelijaa.\r\n\r\nGerontologian tutkimuskeskuksen ty\u00f6t\u00e4 tukee tieteellinen ohjausryhm\u00e4.\r\n\r\nGEREC on perustettu vuonna 2012. Jyv\u00e4skyl\u00e4n ja Tampereen yliopistojen yhteisen tutkimuskeskuksen taustalla on n\u00e4iss\u00e4 yliopistoissa pitk\u00e4\u00e4n tehty gerontologian alan tutkimus. Tampereen yliopistoon perustettiin vuonna 1976 Pohjoismaiden ensimm\u00e4inen gerontologian professuuri. Jyv\u00e4skyl\u00e4n yliopistossa toimi puolestaan vuodesta 1986 alkaen gerontologian monitieteinen tutkimusyksikk\u00f6.\r\n\r\nGerontologian tutkimuskeskukseen voi liitty\u00e4 sellainen Jyv\u00e4skyl\u00e4n tai Tampereen yliopiston aktiivinen tutkija, jonka tutkimus koskee vanhenemista ja ik\u00e4\u00e4ntyv\u00e4\u00e4 yhteiskuntaa, ja joka antaa tietonsa GERECin nettisivuille (www.gerec.fi), osallistuu GERECin tapahtumiin (esim. kes\u00e4koulu), raportoi toimintatietonsa pyydett\u00e4ess\u00e4 ja merkitsee GERECin yhdeksi affiliaatiokseen toiminnassaan ja julkaisuissaan.\r\n\r\n&nbsp;\r\n\r\n<strong><img class=\"alignnone size-full wp-image-9742\" src=\"https:\/\/www.gerec.fi\/wp-content\/uploads\/2025\/10\/GERECin-strategia-paivitetty-1.png\" alt=\"\" width=\"940\" height=\"788\" \/><\/strong>\r\n\r\n<strong>STRATEGIA 2025-<\/strong>\r\n\r\n&nbsp;\r\n\r\n<strong>1. GEREC lis\u00e4\u00e4 ymm\u00e4rryst\u00e4 ik\u00e4\u00e4ntymisest\u00e4 ja vaikuttaa v\u00e4est\u00f6n vanhenemista koskevaan yhteiskuntapolitiikkaan<\/strong>\r\n\r\nT\u00e4m\u00e4n tavoitteen saavuttamiseksi GEREC (a) tekee tieteellisesti korkealaatuista tutkimusta, (b) tuo tutkimustuloksia tiedeyhteis\u00f6n, p\u00e4\u00e4tt\u00e4jien ja suuren yleis\u00f6n tietoon, ja (c) osallistuu yhteiskunnalliseen keskusteluun mm. mediassa sek\u00e4 yhteiskunnallisissa toimielimiss\u00e4 ja yhdistyksiss\u00e4\r\n\r\n&nbsp;\r\n\r\n<strong>2. GEREC edist\u00e4\u00e4 aktiivisesti sen piiriss\u00e4 toimivien tutkimusryhmien ja tieteenalojen v\u00e4list\u00e4 yhteisty\u00f6t\u00e4<\/strong>\r\n\r\nT\u00e4m\u00e4n tavoitteen saavuttamiseksi GEREC (a) tarjoaa tutkijoilleen keskustelunpaikkoja (mm. j\u00e4rjest\u00e4\u00e4 vuotuisen kes\u00e4koulun) ja (b) tukee eri tutkimusryhmi\u00e4 yhdist\u00e4v\u00e4\u00e4 toimintaa (tukee mm. tutkimusryhmien yhteisi\u00e4 julkaisuja, rahoitushakemuksia ja opinn\u00e4ytteiden yhteisohjauksia).\r\n\r\n&nbsp;\r\n\r\n<strong>3. GEREC tukee tutkijoidensa ammatillista kasvua ja uralla etenemist\u00e4<\/strong>\r\n\r\nT\u00e4m\u00e4n tavoitteen saavuttamiseksi GEREC (a) j\u00e4rjest\u00e4\u00e4 verkostotapaamisia ja kes\u00e4kouluja ja (b) j\u00e4rjest\u00e4\u00e4 mentorointitoimintaa\r\n\r\n&nbsp;\r\n\r\n&nbsp;\r\n\r\n<strong>STRATEGIA 2020-2025<\/strong>\r\n\r\nP\u00e4\u00e4m\u00e4\u00e4r\u00e4ns\u00e4 toteuttamiseksi GEREC:\r\n- Tekee tieteenala- ja ammattiryhm\u00e4rajat ylitt\u00e4v\u00e4\u00e4 korkeatasoista, innovatiivista, tutkimuksen\r\nsuuntaan vaikuttavaa ja yhteiskunnallisesti merkitt\u00e4v\u00e4\u00e4 tutkimusta\r\n- Lis\u00e4\u00e4 ymm\u00e4rryst\u00e4 vanhenemisen biologisista, psykologisista ja sosiaalisista prosesseista,\r\nterveydest\u00e4, sairauksista ja toimintakyvyst\u00e4, vanhojen ihmisten hoidosta, hoivasta ja\r\nhyvinvoinnista sek\u00e4 v\u00e4est\u00f6n vanhenemisen merkityksest\u00e4 yhteiskunnassa\r\n- Tarjoaa tutkijakoulutukselle korkeatasoisen ymp\u00e4rist\u00f6n, joka houkuttelee lahjakkaita\r\ntohtoriopiskelijoita sek\u00e4 Suomesta ett\u00e4 ulkomailta\r\n- Tukee tutkijoiden ammatillista kasvua ja uralla etenemist\u00e4\r\n- Vaikuttaa tutkimustiedon kautta p\u00e4\u00e4tt\u00e4jien ja suuren yleis\u00f6n vanhenemista koskevaan\r\ntietoon ja toimintaan.[\/vc_column_text][\/vc_column][\/vc_row]","_fi_post_name":"mika-gerec-on","_fi_post_excerpt":"","_fi_post_title":"Mik\u00e4 GEREC on?","_en_post_content":"[vc_row column_spacing=\"50\" bg_style=\"stretch\" css=\".vc_custom_1544814296502{padding-top: 30px !important;padding-bottom: 5px !important;}\"][vc_column][vc_column_text width=\"750\" font_size=\"14px\" align=\"left\"]GEREC is a collaborative effort in ageing research run jointly by the University of Jyv\u00e4skyl\u00e4 and Tampere University. GEREC aims to produce new scientific knowledge on the life, health and functioning of the ageing population. The main research areas are health and functioning and their promotion along with care and other services targeted to older people. Applying high-level scientific research, we seek to further knowledge on the different phases of life and help people and society to better realize the possibilities that are held out by living longer.\r\n\r\nGEREC is active on the international, national and local level and participates in the debate on the ageing society. In our active collaboration with policy makers we provide research-based knowledge that helps them to tackle the challenges presented by an ageing society. We also participate in university education and further expertise in the field of ageing research.\r\n\r\nGEREC is jointly run by the Faculty of Sport and Health Sciences at the University of Jyv\u00e4skyl\u00e4 and the Faculty of Social Sciences at Tampere University. Research groups from the Faculty of Humanities and Social Sciences at the University of Jyv\u00e4skyl\u00e4 and from the Faculty of Medicine and Health Technology at Tampere University also collaborate with GEREC.\r\n\r\nGEREC has a director vice director, 15 professors and other senior researchers, approximately 20 post-doctoral researchers and, currently, almost 30 doctoral students.\r\n\r\nThe Gerontology Research Center is supported in its work by an international scientific advisory board.\r\n\r\nGEREC was founded in 2012. Its roots lie in the gerontological research performed over several decades in the two universities. The first gerontology professorship in the Nordic countries was founded in 1976 in Tampere University, while a multidisciplinary gerontology research unit has been functioning in the University of Jyv\u00e4skyl\u00e4 since 1986.\r\n\r\nGerontology Research Center membership is open to all active researchers of either the University of Jyv\u00e4skyl\u00e4 or Tampere University whose research is about ageing and the ageing society, and who provide their contact information to be published on the GEREC website (www.gerec.fi), participate in GEREC events (e.g. summer school), report on their activities when requested, and mark GEREC as one affiliation in their activities and publications.\r\n\r\n&nbsp;\r\n<h4><strong><span lang=\"en-US\"><img class=\"alignnone size-full wp-image-9741\" src=\"https:\/\/www.gerec.fi\/wp-content\/uploads\/2025\/10\/GERECs-strategy-updated-8.9.jpg\" alt=\"\" width=\"940\" height=\"788\" \/><\/span><\/strong><\/h4>\r\n<h4><strong><span lang=\"en-US\">STRATEGY 2025<\/span><\/strong><\/h4>\r\n<b><span lang=\"en-US\">VISION<\/span><\/b>\r\n\r\n<span lang=\"en-US\">GEREC is an internationally recognized interdisciplinary forerunner in ageing research\u00a0promoting international development of the field and contributing to ageing-related decision-making.<\/span>\r\n\r\n<b><span lang=\"en-US\">MISSION<\/span><\/b>\r\n\r\n<span lang=\"en-US\">GEREC conducts high-quality, innovative, and societally significant research in order to promote ageing well and a dignified old age.<\/span>\r\n<h4><strong><span lang=\"en-US\">STRATEGY 2020-2025<\/span><\/strong><\/h4>\r\n<span lang=\"en-US\">To implement its goals, GEREC:<\/span>\r\n<ul type=\"disc\">\r\n \t<li><span lang=\"en-US\">Conducts high-quality, innovative, influential and societally significant research that helps to reduce the boundaries between disciplines and professions.<\/span><\/li>\r\n \t<li><span lang=\"en-US\">Increases understanding of\u00a0ageing-related biological, psychological and social processes, health, diseases and functioning, elderly care, caregiving and wellbeing, as well as the societal consequences of population ageing.<\/span><\/li>\r\n \t<li><span lang=\"en-US\">Offers a high-quality environment for doctoral education attracting talented doctoral researchers from both Finland and abroad.<\/span><\/li>\r\n \t<li><span lang=\"en-US\">Supports the professional growth and career progression of researchers affiliated with GEREC.<\/span><\/li>\r\n \t<li><span lang=\"en-US\">Seeks to impact ageing-related knowledge and actions of decision-makers and the populace through research knowledge.<\/span><\/li>\r\n<\/ul>\r\n[\/vc_column_text][\/vc_column][\/vc_row]","_en_post_name":"what-is-gerec","_en_post_excerpt":"","_en_post_title":"What is GEREC?","edit_language":"en","footnotes":""},"class_list":["post-5913","page","type-page","status-publish","hentry","entry","no-media"],"_links":{"self":[{"href":"https:\/\/www.gerec.fi\/en\/wp-json\/wp\/v2\/pages\/5913","targetHints":{"allow":["GET"]}}],"collection":[{"href":"https:\/\/www.gerec.fi\/en\/wp-json\/wp\/v2\/pages"}],"about":[{"href":"https:\/\/www.gerec.fi\/en\/wp-json\/wp\/v2\/types\/page"}],"author":[{"embeddable":true,"href":"https:\/\/www.gerec.fi\/en\/wp-json\/wp\/v2\/users\/1"}],"replies":[{"embeddable":true,"href":"https:\/\/www.gerec.fi\/en\/wp-json\/wp\/v2\/comments?post=5913"}],"version-history":[{"count":18,"href":"https:\/\/www.gerec.fi\/en\/wp-json\/wp\/v2\/pages\/5913\/revisions"}],"predecessor-version":[{"id":9749,"href":"https:\/\/www.gerec.fi\/en\/wp-json\/wp\/v2\/pages\/5913\/revisions\/9749"}],"wp:attachment":[{"href":"https:\/\/www.gerec.fi\/en\/wp-json\/wp\/v2\/media?parent=5913"}],"curies":[{"name":"wp","href":"https:\/\/api.w.org\/{rel}","templated":true}]}}