{"id":5850,"date":"2018-12-16T14:11:07","date_gmt":"2018-12-16T12:11:07","guid":{"rendered":"https:\/\/gerec.fi\/tutkimus\/elamankulku-elakoityminen-ja-toimijuus\/vanheneminen-ja-sosiaalinen-hyvinvointi-sowell-marja-jylha-ja-outi-jolanki-2\/"},"modified":"2024-06-19T08:42:26","modified_gmt":"2024-06-19T05:42:26","slug":"ageing-and-social-well-being-sowell","status":"publish","type":"page","link":"https:\/\/www.gerec.fi\/en\/research\/lifecourse\/ageing-and-social-well-being-sowell\/","title":{"rendered":"Ageing and Social Well-Being (SoWell)","raw":"Ageing and Social Well-Being (SoWell)"},"content":{"rendered":"[vc_row][vc_column][vc_column_text]<b>Ageing and Social Well-Being (SoWell)<\/b><\/p>\n<p><b>\u00a0<\/b><\/p>\n<p>SoWell project studies older peoples\u2019 own expectations, needs and activities regarding their well-being and a good life in old age. The project produces novel information by applying a participatory approach, creating new kind of cooperation with other projects, organizations, and authorities.<\/p>\n<p>Already a fifth, and after a decade, almost a quarter of the Finnish population is over 65 years old. Yet there has been very little discussion about the well-being of older people. As the well-being of Finland increasingly consists of the well-being of older people, discussion about social well-being and the quality of life of older people is needed.<\/p>\n<p>The aim of the project is, together with older people and their organizations, to create a more reliable and realistic picture of older people\u2019s social well-being and the ways to improve it. Municipalities, organizations, and other communities can utilize this information in their activities. In addition, we want to bring about discussion about different meanings of social well-being and highlight the diversity of old age and the various life situations of older people.<\/p>\n<p>Research data have been collected by group discussions, one-on-one interviews, and follow-up interviews with older individuals. The aim of these discussions and interviews were to find out the variety of perceptions the older people have about well-being. In addition, more generalizable information about different components of well-being, brought out in the discussions and interviews, were collected during winter 2020-2021 with large postal survey. Results are reported in scientific and popular publications in English and in Finnish.<\/p>\n<p>This study is conducted at Tampere University, The Faculty of Social Sciences, the Gerontology Research Center (GEREC) and Centre of Excellence in Research on Ageing and Care (CoE AgeCare).<\/p>\n<p><b>More information on the SoWell research project can be found on the project&#8217;s website<\/b><\/p>\n<p><a href=\"https:\/\/projects.tuni.fi\/sowell\/\"><b>https:\/\/projects.tuni.fi\/sowell\/<\/b><\/a><\/p>\n<p>&nbsp;<\/p>\n<p><b>Research funding<\/b><b><br \/>\n<\/b>P\u00e4ivikki and Sakari Sohlberg Foundation (2018-2023)<\/p>\n<p><b>\u00a0<\/b><\/p>\n<p><b>Research Group<\/b><b><br \/>\n<\/b>Project leader, Professor Marja Jylh\u00e4, <a href=\"mailto:marja.jylha@tuni.fi\">marja.jylha@tuni.fi<\/a><\/p>\n<p>Project leader, Adjunct Professor Outi Jolanki, <a href=\"mailto:outi.jolanki@tuni.fi\">outi.jolanki@tuni.fi<\/a><\/p>\n<p>Senior Research Fellow Kristina Tiainen, <a href=\"mailto:kristina.tiainen@tuni.fi\">kristina.tiainen@tuni.fi<\/a><\/p>\n<p>Doctoral Researcher Katariina Tuominen, <a href=\"mailto:katariina.tuominen@tuni.fi\">katariina.tuominen@tuni.fi<\/a><\/p>\n<p>Doctoral Researcher Outi Valkama, <a href=\"mailto:outi.valkama@tuni.fi\">outi.valkama@tuni.fi<\/a><\/p>\n<p>Researcher Jani Raitanen, <a href=\"mailto:jani.raitanen@tuni.fi\">jani.raitanen@tuni.fi<\/a><\/p>\n<p>Senior Advisor P\u00e4ivi Ahosola, <a href=\"mailto:paivi.ahosola@oikeus.fi\">paivi.ahosola@oikeus.fi<\/a>,The office of the Ombudsman for older people, Helsinki<\/p>\n<p>&nbsp;<\/p>\n<div class=\"field-value research-project__item research-project__item--project-goal\">\n<p>&nbsp;<\/p>\n<\/div>\n[\/vc_column_text][\/vc_column][\/vc_row][vc_row][vc_column][vc_column_text]\n[\/vc_column_text][\/vc_column][\/vc_row]\n","protected":false,"raw":"[vc_row][vc_column][vc_column_text]<b>Ageing and Social Well-Being (SoWell)<\/b>\r\n\r\n<b>\u00a0<\/b>\r\n\r\nSoWell project studies older peoples\u2019 own expectations, needs and activities regarding their well-being and a good life in old age. The project produces novel information by applying a participatory approach, creating new kind of cooperation with other projects, organizations, and authorities.\r\n\r\nAlready a fifth, and after a decade, almost a quarter of the Finnish population is over 65 years old. Yet there has been very little discussion about the well-being of older people. As the well-being of Finland increasingly consists of the well-being of older people, discussion about social well-being and the quality of life of older people is needed.\r\n\r\nThe aim of the project is, together with older people and their organizations, to create a more reliable and realistic picture of older people\u2019s social well-being and the ways to improve it. Municipalities, organizations, and other communities can utilize this information in their activities. In addition, we want to bring about discussion about different meanings of social well-being and highlight the diversity of old age and the various life situations of older people.\r\n\r\nResearch data have been collected by group discussions, one-on-one interviews, and follow-up interviews with older individuals. The aim of these discussions and interviews were to find out the variety of perceptions the older people have about well-being. In addition, more generalizable information about different components of well-being, brought out in the discussions and interviews, were collected during winter 2020-2021 with large postal survey. Results are reported in scientific and popular publications in English and in Finnish.\r\n\r\nThis study is conducted at Tampere University, The Faculty of Social Sciences, the Gerontology Research Center (GEREC) and Centre of Excellence in Research on Ageing and Care (CoE AgeCare).\r\n\r\n<b>More information on the SoWell research project can be found on the project's website<\/b>\r\n\r\n<a href=\"https:\/\/projects.tuni.fi\/sowell\/\"><b>https:\/\/projects.tuni.fi\/sowell\/<\/b><\/a>\r\n\r\n&nbsp;\r\n\r\n<b>Research funding<\/b><b>\r\n<\/b>P\u00e4ivikki and Sakari Sohlberg Foundation (2018-2023)\r\n\r\n<b>\u00a0<\/b>\r\n\r\n<b>Research Group<\/b><b>\r\n<\/b>Project leader, Professor Marja Jylh\u00e4, <a href=\"mailto:marja.jylha@tuni.fi\">marja.jylha@tuni.fi<\/a>\r\n\r\nProject leader, Adjunct Professor Outi Jolanki, <a href=\"mailto:outi.jolanki@tuni.fi\">outi.jolanki@tuni.fi<\/a>\r\n\r\nSenior Research Fellow Kristina Tiainen, <a href=\"mailto:kristina.tiainen@tuni.fi\">kristina.tiainen@tuni.fi<\/a>\r\n\r\nDoctoral Researcher Katariina Tuominen, <a href=\"mailto:katariina.tuominen@tuni.fi\">katariina.tuominen@tuni.fi<\/a>\r\n\r\nDoctoral Researcher Outi Valkama, <a href=\"mailto:outi.valkama@tuni.fi\">outi.valkama@tuni.fi<\/a>\r\n\r\nResearcher Jani Raitanen, <a href=\"mailto:jani.raitanen@tuni.fi\">jani.raitanen@tuni.fi<\/a>\r\n\r\nSenior Advisor P\u00e4ivi Ahosola, <a href=\"mailto:paivi.ahosola@oikeus.fi\">paivi.ahosola@oikeus.fi<\/a>,The office of the Ombudsman for older people, Helsinki\r\n\r\n&nbsp;\r\n<div class=\"field-value research-project__item research-project__item--project-goal\">\r\n\r\n&nbsp;\r\n\r\n<\/div>\r\n[\/vc_column_text][\/vc_column][\/vc_row][vc_row][vc_column][vc_column_text]\r\n\r\n[\/vc_column_text][\/vc_column][\/vc_row]"},"excerpt":{"rendered":"[vc_row column_spacing=\"50\" bg_style=\"stretch\" css=\".vc_custom_1544814296502{padding-top: 30px !important;padding-bottom: 5px !important;}\"][vc_column][vc_column_text font_size=\"14px\"] Vanheneminen ja sosiaalinen hyvinvointi (SoWell) Suomen hyvinvointi koostuu tulevaisuudessa yh\u00e4 enemm\u00e4n ik\u00e4\u00e4ntyneiden hyvinvoinnista. Silti nykyinen keskustelu ik\u00e4\u00e4ntyneiden hyvinvoinnista ja el\u00e4m\u00e4nlaadusta on v\u00e4h\u00e4ist\u00e4. Vanheneminen ja sosiaalinen hyvinvointi (SoWell) on ik\u00e4\u00e4ntyv\u00e4n v\u00e4est\u00f6n hyvinvointiin&hellip;","protected":false,"raw":""},"author":1,"featured_media":0,"parent":5662,"menu_order":10,"comment_status":"closed","ping_status":"closed","template":"","meta":{"_mi_skip_tracking":false,"_fi_post_content":"[vc_row column_spacing=\"50\" bg_style=\"stretch\" css=\".vc_custom_1544814296502{padding-top: 30px !important;padding-bottom: 5px !important;}\"][vc_column][vc_column_text font_size=\"14px\"]\r\n<div id=\"content-core\">\r\n<div id=\"parent-fieldname-text-471151cc5fae4096b0fa7a8a7ca87f04\">\r\n\r\n<strong>Vanheneminen ja sosiaalinen hyvinvointi (SoWell)<\/strong>\r\n\r\n<img class=\"alignnone wp-image-9069 size-large\" src=\"https:\/\/www.gerec.fi\/wp-content\/uploads\/2023\/06\/ff610c60-risteily6-1024x768.jpg\" alt=\"\" width=\"980\" height=\"735\" \/>\r\n\r\nSuomen hyvinvointi koostuu tulevaisuudessa yh\u00e4 enemm\u00e4n ik\u00e4\u00e4ntyneiden hyvinvoinnista. Silti nykyinen keskustelu ik\u00e4\u00e4ntyneiden hyvinvoinnista ja el\u00e4m\u00e4nlaadusta on v\u00e4h\u00e4ist\u00e4. Vanheneminen ja sosiaalinen hyvinvointi (SoWell) on ik\u00e4\u00e4ntyv\u00e4n v\u00e4est\u00f6n hyvinvointiin keskittyv\u00e4 tutkimushanke. Sen l\u00e4ht\u00f6kohtana ovat ik\u00e4\u00e4ntyvien omat k\u00e4sitykset hyvinvoinnista sek\u00e4 tiivis yhteisty\u00f6 j\u00e4rjest\u00f6toimijoiden ja viranomaisten kanssa. Hankkeen tavoitteena on tuottaa sosiaalisesta hyvinvoinnista uutta tietoa, jota kunnat, j\u00e4rjest\u00f6t ja muut toimijat voivat k\u00e4ytt\u00e4\u00e4 ik\u00e4ihmisten hyvinvoinnin parantamiseksi. Lis\u00e4ksi hankkeen tavoitteena on her\u00e4tt\u00e4\u00e4 keskustelua sosiaalisen hyvinvoinnin eri merkityksist\u00e4 ja tuoda esiin vanhuuden moninaisuutta ja ik\u00e4ihmisten erilaisia el\u00e4m\u00e4ntilanteita.\r\n\r\nHankkeen aineisto k\u00e4sitt\u00e4\u00e4 ryhm\u00e4keskusteluja, yksil\u00f6haastatteluja sek\u00e4 laajan koko Suomen kattavan postikysely aineiston.\r\n\r\nHanke toteutetaan Tampereen yliopiston yhteiskuntatieteiden tiedekunnassa, Gerontologian tutkimuskeskuksessa (GEREC) ja Ik\u00e4\u00e4ntymisen ja hoivan tutkimuksen huippuyksik\u00f6ss\u00e4 (CoEAgeCare).\r\n\r\n<b>\u00a0<\/b>\r\n\r\n<b>Lis\u00e4tietoa SoWell-tutkimushankkeesta l\u00f6ytyy tutkimuksen kotisivuilta<\/b><a href=\"https:\/\/projects.tuni.fi\/sowell\/\"> <b>https:\/\/projects.tuni.fi\/sowell\/<\/b><\/a>\r\n\r\n&nbsp;\r\n\r\n<b>Tutkimuksen rahoittaja<\/b><b>\r\n<\/b>P\u00e4ivikki ja Sakari Sohlbergin s\u00e4\u00e4ti\u00f6 (2018\u20132023)\r\n\r\n<b>\u00a0<\/b>\r\n\r\n<b>Tutkimusryhm\u00e4<\/b><b>\r\n<\/b>Vastuullinen johtaja Marja Jylh\u00e4, <a href=\"mailto:marja.jylha@tuni.fi\">marja.jylha@tuni.fi<\/a>\r\n\r\nVastuullinen johtaja Outi Jolanki, <a href=\"mailto:outi.jolanki@tuni.fi\">outi.jolanki@tuni.fi<\/a>\r\n\r\nYliopistotutkija Kristina Tiainen, <a href=\"mailto:kristina.tiainen@tuni.fi\">kristina.tiainen@tuni.fi<\/a>\r\n\r\nV\u00e4it\u00f6skirjatutkija Katariina Tuominen, <a href=\"mailto:katariina.tuominen@tuni.fi\">katariina.tuominen@tuni.fi<\/a>\r\n\r\nV\u00e4it\u00f6skirjatutkija Outi Valkama, <a href=\"mailto:outi.valkama@tuni.fi\">outi.valkama@tuni.fi<\/a>\r\n\r\nTutkija Jani Raitanen, <a href=\"mailto:jani.raitanen@tuni.fi\">jani.raitanen@tuni.fi<\/a>\r\n\r\nErityisasiantuntija P\u00e4ivi Ahosola, <a href=\"mailto:paivi.ahosola@oikeus.fi\">paivi.ahosola@oikeus.fi<\/a>, Vanhusasiavaltuutetun toimisto, Helsinki\r\n\r\n<\/div>\r\n<\/div>\r\n[\/vc_column_text][\/vc_column][\/vc_row]","_fi_post_name":"vanheneminen-ja-sosiaalinen-hyvinvointi-sowell","_fi_post_excerpt":"","_fi_post_title":"Vanheneminen ja sosiaalinen hyvinvointi (SoWell)","_en_post_content":"[vc_row][vc_column][vc_column_text]<b>Ageing and Social Well-Being (SoWell)<\/b>\r\n\r\n<b>\u00a0<\/b>\r\n\r\nSoWell project studies older peoples\u2019 own expectations, needs and activities regarding their well-being and a good life in old age. The project produces novel information by applying a participatory approach, creating new kind of cooperation with other projects, organizations, and authorities.\r\n\r\nAlready a fifth, and after a decade, almost a quarter of the Finnish population is over 65 years old. Yet there has been very little discussion about the well-being of older people. As the well-being of Finland increasingly consists of the well-being of older people, discussion about social well-being and the quality of life of older people is needed.\r\n\r\nThe aim of the project is, together with older people and their organizations, to create a more reliable and realistic picture of older people\u2019s social well-being and the ways to improve it. Municipalities, organizations, and other communities can utilize this information in their activities. In addition, we want to bring about discussion about different meanings of social well-being and highlight the diversity of old age and the various life situations of older people.\r\n\r\nResearch data have been collected by group discussions, one-on-one interviews, and follow-up interviews with older individuals. The aim of these discussions and interviews were to find out the variety of perceptions the older people have about well-being. In addition, more generalizable information about different components of well-being, brought out in the discussions and interviews, were collected during winter 2020-2021 with large postal survey. Results are reported in scientific and popular publications in English and in Finnish.\r\n\r\nThis study is conducted at Tampere University, The Faculty of Social Sciences, the Gerontology Research Center (GEREC) and Centre of Excellence in Research on Ageing and Care (CoE AgeCare).\r\n\r\n<b>More information on the SoWell research project can be found on the project's website<\/b>\r\n\r\n<a href=\"https:\/\/projects.tuni.fi\/sowell\/\"><b>https:\/\/projects.tuni.fi\/sowell\/<\/b><\/a>\r\n\r\n&nbsp;\r\n\r\n<b>Research funding<\/b><b>\r\n<\/b>P\u00e4ivikki and Sakari Sohlberg Foundation (2018-2023)\r\n\r\n<b>\u00a0<\/b>\r\n\r\n<b>Research Group<\/b><b>\r\n<\/b>Project leader, Professor Marja Jylh\u00e4, <a href=\"mailto:marja.jylha@tuni.fi\">marja.jylha@tuni.fi<\/a>\r\n\r\nProject leader, Adjunct Professor Outi Jolanki, <a href=\"mailto:outi.jolanki@tuni.fi\">outi.jolanki@tuni.fi<\/a>\r\n\r\nSenior Research Fellow Kristina Tiainen, <a href=\"mailto:kristina.tiainen@tuni.fi\">kristina.tiainen@tuni.fi<\/a>\r\n\r\nDoctoral Researcher Katariina Tuominen, <a href=\"mailto:katariina.tuominen@tuni.fi\">katariina.tuominen@tuni.fi<\/a>\r\n\r\nDoctoral Researcher Outi Valkama, <a href=\"mailto:outi.valkama@tuni.fi\">outi.valkama@tuni.fi<\/a>\r\n\r\nResearcher Jani Raitanen, <a href=\"mailto:jani.raitanen@tuni.fi\">jani.raitanen@tuni.fi<\/a>\r\n\r\nSenior Advisor P\u00e4ivi Ahosola, <a href=\"mailto:paivi.ahosola@oikeus.fi\">paivi.ahosola@oikeus.fi<\/a>,The office of the Ombudsman for older people, Helsinki\r\n\r\n&nbsp;\r\n<div class=\"field-value research-project__item research-project__item--project-goal\">\r\n\r\n&nbsp;\r\n\r\n<\/div>\r\n[\/vc_column_text][\/vc_column][\/vc_row][vc_row][vc_column][vc_column_text]\r\n\r\n[\/vc_column_text][\/vc_column][\/vc_row]","_en_post_name":"ageing-and-social-well-being-sowell","_en_post_excerpt":"","_en_post_title":"Ageing and Social Well-Being (SoWell)","edit_language":"en","footnotes":""},"class_list":["post-5850","page","type-page","status-publish","hentry","entry","no-media"],"_links":{"self":[{"href":"https:\/\/www.gerec.fi\/en\/wp-json\/wp\/v2\/pages\/5850","targetHints":{"allow":["GET"]}}],"collection":[{"href":"https:\/\/www.gerec.fi\/en\/wp-json\/wp\/v2\/pages"}],"about":[{"href":"https:\/\/www.gerec.fi\/en\/wp-json\/wp\/v2\/types\/page"}],"author":[{"embeddable":true,"href":"https:\/\/www.gerec.fi\/en\/wp-json\/wp\/v2\/users\/1"}],"replies":[{"embeddable":true,"href":"https:\/\/www.gerec.fi\/en\/wp-json\/wp\/v2\/comments?post=5850"}],"version-history":[{"count":17,"href":"https:\/\/www.gerec.fi\/en\/wp-json\/wp\/v2\/pages\/5850\/revisions"}],"predecessor-version":[{"id":9070,"href":"https:\/\/www.gerec.fi\/en\/wp-json\/wp\/v2\/pages\/5850\/revisions\/9070"}],"up":[{"embeddable":true,"href":"https:\/\/www.gerec.fi\/en\/wp-json\/wp\/v2\/pages\/5662"}],"wp:attachment":[{"href":"https:\/\/www.gerec.fi\/en\/wp-json\/wp\/v2\/media?parent=5850"}],"curies":[{"name":"wp","href":"https:\/\/api.w.org\/{rel}","templated":true}]}}