{"id":5837,"date":"2018-12-16T13:59:14","date_gmt":"2018-12-16T11:59:14","guid":{"rendered":"https:\/\/gerec.fi\/tutkimus\/elamankulku-elakoityminen-ja-toimijuus\/immuunisysteemin-vanheneminen-solu-ja-molekyylitason-mekanismit-mikko-hurme-2-9-2\/"},"modified":"2024-06-19T08:42:26","modified_gmt":"2024-06-19T05:42:26","slug":"asuva","status":"publish","type":"page","link":"https:\/\/www.gerec.fi\/en\/research\/services\/asuva\/","title":{"rendered":"ASUVA - New housing options in old age \/ Outi Jolanki","raw":"ASUVA - New housing options in old age \/ Outi Jolanki"},"content":{"rendered":"[vc_row][vc_column][vc_column_text]<span style=\"font-family: 'Open Sans'; font-size: 16px;\">ASUVA &#8211; New housing options in old age<\/span><\/p>\n<p>Globally and nationally one of the central questions at the heart of modern politics and policies is to how best support wellbeing of older people and meet their housing and care needs in the future. \u00a0Housing, living environment and social relations has been shown to have central meaning for wellbeing and functional ability. On the other hand, it has been shown that to strengthen a sense of community and community participation is one important way to promote wellbeing of residents of all ages.<\/p>\n<p>The central goal of the ASUVA-project was to map international and national innovative housing models, which promote a sense of community and community participation including models which combine housing and care. We were particularly interested in how different models promote well-being of residents of all ages. Another important aim was to find out how different models meet housing and care needs of older people who have different resources such as people with low income or people with memory illness.<\/p>\n<p>New information was collected from the actors of public sector, private sector, third sector and residents themselves through questionnaires, group discussions and interviews. Within the project we created a final report with description of case studies and a literature review to be used in housing and care policies and in designing housing and living areas. \u00a0A summary of project results was made publicly available to enable distributing information on different housing and living options to organizations and ordinary citizens.<\/p>\n<p>Key concepts:\u00a0 housing, living area, living environment, a sense of community, well-being, community participation, age-friendly, ageing, housing services, residential care, dementia, community care, communal living<\/p>\n<p><span style=\"font-family: Open Sans; font-size: 16px;\">Funding<\/span><br \/>\nPrime Minister\u2019s Office (VN-TEAS) Duration of the project is 6\/2016 \u2013 2\/2017.<\/p>\n<p><span style=\"font-size: 16px; font-family: Open Sans;\">Research group<\/span><b><br \/>\n<\/b>Principal Investigator<br \/>\nAdjunct Professor Outi Jolanki, outi.jolanki@tuni.fi, Faculty of Social Sciences, Tampere University<\/p>\n<p><span style=\"font-family: Open Sans; font-size: 16px;\">Consortium partners <\/span><br \/>\nGeroCenter<br \/>\nAgeInstitute<br \/>\nDepartment of Social Sciences and Philosophy, University of Jyv\u00e4skyl\u00e4<\/p>\n<p><a class=\"external-link\" href=\"http:\/\/www.communityforallages.fi\/in-english\/\">Website<\/a>[\/vc_column_text][\/vc_column][\/vc_row]\n","protected":false,"raw":"[vc_row][vc_column][vc_column_text]<span style=\"font-family: 'Open Sans'; font-size: 16px;\">ASUVA - New housing options in old age<\/span>\r\n\r\nGlobally and nationally one of the central questions at the heart of modern politics and policies is to how best support wellbeing of older people and meet their housing and care needs in the future. \u00a0Housing, living environment and social relations has been shown to have central meaning for wellbeing and functional ability. On the other hand, it has been shown that to strengthen a sense of community and community participation is one important way to promote wellbeing of residents of all ages.\r\n\r\nThe central goal of the ASUVA-project was to map international and national innovative housing models, which promote a sense of community and community participation including models which combine housing and care. We were particularly interested in how different models promote well-being of residents of all ages. Another important aim was to find out how different models meet housing and care needs of older people who have different resources such as people with low income or people with memory illness.\r\n\r\nNew information was collected from the actors of public sector, private sector, third sector and residents themselves through questionnaires, group discussions and interviews. Within the project we created a final report with description of case studies and a literature review to be used in housing and care policies and in designing housing and living areas. \u00a0A summary of project results was made publicly available to enable distributing information on different housing and living options to organizations and ordinary citizens.\r\n\r\nKey concepts:\u00a0 housing, living area, living environment, a sense of community, well-being, community participation, age-friendly, ageing, housing services, residential care, dementia, community care, communal living\r\n\r\n<span style=\"font-family: Open Sans; font-size: 16px;\">Funding<\/span>\r\nPrime Minister\u2019s Office (VN-TEAS) Duration of the project is 6\/2016 \u2013 2\/2017.\r\n\r\n<span style=\"font-size: 16px; font-family: Open Sans;\">Research group<\/span><b>\r\n<\/b>Principal Investigator\r\nAdjunct Professor Outi Jolanki, outi.jolanki@tuni.fi, Faculty of Social Sciences, Tampere University\r\n\r\n<span style=\"font-family: Open Sans; font-size: 16px;\">Consortium partners <\/span>\r\nGeroCenter\r\nAgeInstitute\r\nDepartment of Social Sciences and Philosophy, University of Jyv\u00e4skyl\u00e4\r\n\r\n<a class=\"external-link\" href=\"http:\/\/www.communityforallages.fi\/in-english\/\">Website<\/a>[\/vc_column_text][\/vc_column][\/vc_row]"},"excerpt":{"rendered":"[vc_row column_spacing=\"50\" bg_style=\"stretch\" css=\".vc_custom_1544814296502{padding-top: 30px !important;padding-bottom: 5px !important;}\"][vc_column][vc_column_text font_size=\"14px\"] Asumisen uudet vaihtoehdot ja hyv\u00e4 vanhuus (ASUVA) Yhteiskuntapolitiikan keski\u00f6\u00f6n on kansallisesti ja globaalisti nostettu kysymys siit\u00e4 miten voidaan parhaiten tukea ik\u00e4\u00e4ntyneiden hyvinvointia sek\u00e4 vastata nyt ja tulevaisuudessa avun ja palveluiden tarpeeseen.&hellip;","protected":false,"raw":""},"author":1,"featured_media":0,"parent":5663,"menu_order":9,"comment_status":"closed","ping_status":"closed","template":"","meta":{"_mi_skip_tracking":false,"_fi_post_content":"[vc_row column_spacing=\"50\" bg_style=\"stretch\" css=\".vc_custom_1544814296502{padding-top: 30px !important;padding-bottom: 5px !important;}\"][vc_column][vc_column_text font_size=\"14px\"]\r\n<div id=\"content-core\">\r\n<div id=\"parent-fieldname-text-471151cc5fae4096b0fa7a8a7ca87f04\" class=\"\">\r\n\r\n<span style=\"font-family: 'Open Sans'; font-size: 16px;\">Asumisen uudet vaihtoehdot ja hyv\u00e4 vanhuus (ASUVA)<\/span>\r\n\r\n<span style=\"font-family: 'Open Sans'; font-size: 14px;\">Yhteiskuntapolitiikan keski\u00f6\u00f6n on kansallisesti ja globaalisti nostettu kysymys siit\u00e4 miten voidaan parhaiten tukea ik\u00e4\u00e4ntyneiden hyvinvointia sek\u00e4 vastata nyt ja tulevaisuudessa avun ja palveluiden tarpeeseen. Asuinoloilla, asuinymp\u00e4rist\u00f6ll\u00e4 ja sosiaalisilla suhteilla on havaittu olevan keskeinen merkitys hyvinvoinnille ja toimintakyvyn s\u00e4ilytt\u00e4miselle, ja viime vuosina onkin nopealla tahdilla kehitetty uusia asumisen vaihtoehtoja erityisesti ik\u00e4\u00e4ntyneille ihmisille. Toisaalta yhteis\u00f6llisyyden vahvistaminen asuinalueilla on t\u00e4rke\u00e4 keino, jolla voidaan edist\u00e4\u00e4 kaikenik\u00e4isten kansalaisten hyvinvointia ja osallisuutta yhteis\u00f6ss\u00e4. Asiaa koskevat tutkimustieto on kuitenkin niukkaa.<\/span>\r\n\r\n<span style=\"font-family: 'Open Sans'; font-size: 14px;\">Asumisen uudet vaihtoehdot ja hyv\u00e4 vanhuus -tutkimus- ja kehitt\u00e4mishanke ASUVA (6\/2016 \u2013 5\/2017) kartoitti kotimaisia ja kansainv\u00e4lisi\u00e4 asumisen ja asuinalueiden kehitt\u00e4misen ratkaisuja. Tarkastelimme erityisesti yhteis\u00f6llisyytt\u00e4 painottavia malleja ml. hoivan ja asumisen yhdist\u00e4v\u00e4t mallit.<\/span>\r\n\r\n<span style=\"font-family: 'Open Sans'; font-size: 14px;\">Tavoitteena oli:<\/span>\r\n<ul>\r\n \t<li><span style=\"font-family: 'Open Sans'; font-size: 14px;\">koota tietoa erityisesti siit\u00e4, millaisin keinoin yhteis\u00f6llisyytt\u00e4 pyrit\u00e4\u00e4n edist\u00e4m\u00e4\u00e4n, ketk\u00e4 ovat keskeisi\u00e4 toimijoita ja miten toimintaa organisoidaan.<\/span><\/li>\r\n \t<li><span style=\"font-family: 'Open Sans'; font-size: 14px;\">selvitt\u00e4\u00e4 miten erilaiset mallit ovat yhteydess\u00e4 asukkaiden kokemaan hyvinvointiin ja osallisuuteen yhteis\u00f6ss\u00e4 sek\u00e4 miten ne vastaavat avun ja palveluiden tarpeeseen.<\/span><\/li>\r\n \t<li><span style=\"font-family: 'Open Sans'; font-size: 14px;\">j\u00e4sent\u00e4\u00e4 olemassa olevaa tietoa ja luoda uutta tietoa kirjallisuuskatsausten ja tapaustutkimusten avulla.<\/span><\/li>\r\n<\/ul>\r\n<span style=\"font-family: 'Open Sans'; font-size: 14px;\">Tietoa ker\u00e4ttiin julkisen, yksityisen, kolmannen sektorin toimijoilta sek\u00e4 asukkailta itselt\u00e4\u00e4n kyselyjen, ryhm\u00e4keskustelujen ja haastattelujen avulla. Hankkeen tuloksia voivat hy\u00f6dynt\u00e4\u00e4 viranomaiset ja poliittiset p\u00e4\u00e4t\u00f6ksentekij\u00e4t, asumisen ja palveluiden suunnittelijat ja toteuttajat sek\u00e4 kansalaiset ja kansalaisj\u00e4rjest\u00f6t.<\/span>\r\n\r\n<span style=\"font-family: 'Open Sans'; font-size: 14px;\">Keskeiset k\u00e4sitteet: asuminen, asuinalue, asuinymp\u00e4rist\u00f6t, yhteis\u00f6llisyys, hyvinvointi, osallisuus, ik\u00e4yst\u00e4v\u00e4llinen, ik\u00e4\u00e4ntyneet, asumispalvelut, hoivapalvelut, muistisairaus, yhteis\u00f6asuminen.<\/span>\r\n\r\n<span style=\"font-family: 'Open Sans'; font-size: 16px;\"><b>Rahoittajat<\/b><\/span>\r\n<span style=\"font-family: 'Open Sans'; font-size: 14px;\">Valtioneuvoston kanslian VN-TEAS rahoitus<\/span>\r\n\r\n<span style=\"font-family: 'Open Sans'; font-size: 16px;\"><b>Tutkijaryhm\u00e4<\/b><\/span>\r\n<span style=\"font-family: 'Open Sans'; font-size: 14px;\">Vastuullinen tutkija<\/span>\r\n<span style=\"font-family: 'Open Sans'; font-size: 14px;\">FT, Dosentti <a href=\"http:\/\/www.uta.fi\/hes\/yhteystiedot\/henkilosto\/jolanki.html\">Outi Jolanki<\/a>, Tampereen yliopisto, Terveystieteiden yksikk\u00f6<\/span>\r\n\r\n<strong><span style=\"font-family: 'Open Sans'; font-size: 16px;\">Yhteisty\u00f6kumppanit<\/span><\/strong>\r\n<span style=\"font-family: 'Open Sans'; font-size: 14px;\">Tutkimus- ja kehitt\u00e4miskeskus GeroCenter<\/span>\r\n<span style=\"font-family: 'Open Sans'; font-size: 14px;\">Ik\u00e4instituutti<\/span>\r\n<span style=\"font-family: 'Open Sans'; font-size: 14px;\">Jyv\u00e4skyl\u00e4n yliopiston Yhteiskuntatieteiden ja filosofian laitos<\/span>\r\n\r\n<span style=\"font-family: 'Open Sans'; font-size: 14px;\"><a href=\"http:\/\/www.communityforallages.fi\/\">Tutkimus- ja selvityshankkeen sivut<\/a><\/span>\r\n\r\n&nbsp;\r\n\r\n<\/div>\r\n<\/div>\r\n[\/vc_column_text][\/vc_column][\/vc_row]","_fi_post_name":"asumisen-uudet-vaihtoehdot-ja-hyva-vanhuus-asuva-outi-jolanki","_fi_post_excerpt":"","_fi_post_title":"Asumisen uudet vaihtoehdot ja hyv\u00e4 vanhuus (ASUVA) \/ Outi Jolanki","_en_post_content":"[vc_row][vc_column][vc_column_text]<span style=\"font-family: 'Open Sans'; font-size: 16px;\">ASUVA - New housing options in old age<\/span>\r\n\r\nGlobally and nationally one of the central questions at the heart of modern politics and policies is to how best support wellbeing of older people and meet their housing and care needs in the future. \u00a0Housing, living environment and social relations has been shown to have central meaning for wellbeing and functional ability. On the other hand, it has been shown that to strengthen a sense of community and community participation is one important way to promote wellbeing of residents of all ages.\r\n\r\nThe central goal of the ASUVA-project was to map international and national innovative housing models, which promote a sense of community and community participation including models which combine housing and care. We were particularly interested in how different models promote well-being of residents of all ages. Another important aim was to find out how different models meet housing and care needs of older people who have different resources such as people with low income or people with memory illness.\r\n\r\nNew information was collected from the actors of public sector, private sector, third sector and residents themselves through questionnaires, group discussions and interviews. Within the project we created a final report with description of case studies and a literature review to be used in housing and care policies and in designing housing and living areas. \u00a0A summary of project results was made publicly available to enable distributing information on different housing and living options to organizations and ordinary citizens.\r\n\r\nKey concepts:\u00a0 housing, living area, living environment, a sense of community, well-being, community participation, age-friendly, ageing, housing services, residential care, dementia, community care, communal living\r\n\r\n<span style=\"font-family: Open Sans; font-size: 16px;\">Funding<\/span>\r\nPrime Minister\u2019s Office (VN-TEAS) Duration of the project is 6\/2016 \u2013 2\/2017.\r\n\r\n<span style=\"font-size: 16px; font-family: Open Sans;\">Research group<\/span><b>\r\n<\/b>Principal Investigator\r\nAdjunct Professor Outi Jolanki, outi.jolanki@tuni.fi, Faculty of Social Sciences, Tampere University\r\n\r\n<span style=\"font-family: Open Sans; font-size: 16px;\">Consortium partners <\/span>\r\nGeroCenter\r\nAgeInstitute\r\nDepartment of Social Sciences and Philosophy, University of Jyv\u00e4skyl\u00e4\r\n\r\n<a class=\"external-link\" href=\"http:\/\/www.communityforallages.fi\/in-english\/\">Website<\/a>[\/vc_column_text][\/vc_column][\/vc_row]","_en_post_name":"asuva","_en_post_excerpt":"","_en_post_title":"ASUVA - New housing options in old age \/ Outi Jolanki","edit_language":"en","footnotes":""},"class_list":["post-5837","page","type-page","status-publish","hentry","entry","no-media"],"_links":{"self":[{"href":"https:\/\/www.gerec.fi\/en\/wp-json\/wp\/v2\/pages\/5837","targetHints":{"allow":["GET"]}}],"collection":[{"href":"https:\/\/www.gerec.fi\/en\/wp-json\/wp\/v2\/pages"}],"about":[{"href":"https:\/\/www.gerec.fi\/en\/wp-json\/wp\/v2\/types\/page"}],"author":[{"embeddable":true,"href":"https:\/\/www.gerec.fi\/en\/wp-json\/wp\/v2\/users\/1"}],"replies":[{"embeddable":true,"href":"https:\/\/www.gerec.fi\/en\/wp-json\/wp\/v2\/comments?post=5837"}],"version-history":[{"count":6,"href":"https:\/\/www.gerec.fi\/en\/wp-json\/wp\/v2\/pages\/5837\/revisions"}],"predecessor-version":[{"id":6588,"href":"https:\/\/www.gerec.fi\/en\/wp-json\/wp\/v2\/pages\/5837\/revisions\/6588"}],"up":[{"embeddable":true,"href":"https:\/\/www.gerec.fi\/en\/wp-json\/wp\/v2\/pages\/5663"}],"wp:attachment":[{"href":"https:\/\/www.gerec.fi\/en\/wp-json\/wp\/v2\/media?parent=5837"}],"curies":[{"name":"wp","href":"https:\/\/api.w.org\/{rel}","templated":true}]}}