{"id":5815,"date":"2018-12-16T13:50:35","date_gmt":"2018-12-16T11:50:35","guid":{"rendered":"https:\/\/gerec.fi\/tutkimus\/elamankulku-elakoityminen-ja-toimijuus\/immuunisysteemin-vanheneminen-solu-ja-molekyylitason-mekanismit-mikko-hurme-2-8\/"},"modified":"2024-06-19T08:42:26","modified_gmt":"2024-06-19T05:42:26","slug":"manage","status":"publish","type":"page","link":"https:\/\/www.gerec.fi\/en\/research\/lifecourse\/manage\/","title":{"rendered":"MANage \u2013 a research project on men and ageing \/ Ilkka Pietil\u00e4 and Hanna Ojala","raw":"MANage \u2013 a research project on men and ageing \/ Ilkka Pietil\u00e4 and Hanna Ojala"},"content":{"rendered":"[vc_row][vc_column][vc_column_text]MANage is a project in the Faculty of Social Sciences. It investigates men\u2019s ageing from the perspectives of individual experiences of physical ageing, and changing social relations. The project aims to explore how cultural ideals of manhood create models and limits for men\u2019s experiences of their own ageing. Another topic is in which ways age and ageing organize relationships between men of different ages, particularly within various men\u2019s communities and generational relations between men.<\/p>\n<p>The project is divided into two components. The first one focuses on men\u2019s interpretations of physical ageing. Among the crucial questions of the components are how men interpret various ailments and symptoms in relation to age, and which kinds of effects the physical ageing has for men both in the labour-market and outside of it. The second component approaches ageing men as members of communities and groups, and scrutinizes the ways in which ageing is conceptualised in men\u2019s leisure time communities. How ageing and masculinity are negotiated as a part of community membership? Both components also study how ageing changes men\u2019s social relations and their positions in various communities.<\/p>\n<p>The project aims to create a large and rich data set on men\u2019s ageing. It consists of individual and focus group interviews with metal workers and technical managers, who are either approaching retirement, or have already retired, researchers\u2019 study diaries, ethnographic material (observations, interviews, photographs etc.) collected within men\u2019s leisure time communities, and a collection of articles from newspapers and journals. The research data will be analysed using qualitative methods, utilising discourse and content analytic methods for studying texts and picture.<\/p>\n<p><b>Funding<\/b><br \/>\nAcademy of Finland<\/p>\n<p><b>Research group<\/b><br \/>\nPhD Ilkka Pietil\u00e4 (Faculty of Social Sciences, University of Tampere), ilkka.pietila@helsinki.fi<br \/>\nPhD Hanna Ojala (Faculty of Social Sciences, Tampere University), hanna.ojala@tuni.fi[\/vc_column_text][\/vc_column][\/vc_row]\n","protected":false,"raw":"[vc_row][vc_column][vc_column_text]MANage is a project in the Faculty of Social Sciences. It investigates men\u2019s ageing from the perspectives of individual experiences of physical ageing, and changing social relations. The project aims to explore how cultural ideals of manhood create models and limits for men\u2019s experiences of their own ageing. Another topic is in which ways age and ageing organize relationships between men of different ages, particularly within various men\u2019s communities and generational relations between men.\r\n\r\nThe project is divided into two components. The first one focuses on men\u2019s interpretations of physical ageing. Among the crucial questions of the components are how men interpret various ailments and symptoms in relation to age, and which kinds of effects the physical ageing has for men both in the labour-market and outside of it. The second component approaches ageing men as members of communities and groups, and scrutinizes the ways in which ageing is conceptualised in men\u2019s leisure time communities. How ageing and masculinity are negotiated as a part of community membership? Both components also study how ageing changes men\u2019s social relations and their positions in various communities.\r\n\r\nThe project aims to create a large and rich data set on men\u2019s ageing. It consists of individual and focus group interviews with metal workers and technical managers, who are either approaching retirement, or have already retired, researchers\u2019 study diaries, ethnographic material (observations, interviews, photographs etc.) collected within men\u2019s leisure time communities, and a collection of articles from newspapers and journals. The research data will be analysed using qualitative methods, utilising discourse and content analytic methods for studying texts and picture.\r\n\r\n<b>Funding<\/b>\r\nAcademy of Finland\r\n\r\n<b>Research group<\/b>\r\nPhD Ilkka Pietil\u00e4 (Faculty of Social Sciences, University of Tampere), ilkka.pietila@helsinki.fi\r\nPhD Hanna Ojala (Faculty of Social Sciences, Tampere University), hanna.ojala@tuni.fi[\/vc_column_text][\/vc_column][\/vc_row]"},"excerpt":{"rendered":"[vc_row column_spacing=\"50\" bg_style=\"stretch\" css=\".vc_custom_1544814296502{padding-top: 30px !important;padding-bottom: 5px !important;}\"][vc_column][vc_column_text font_size=\"14px\"] Projektissa tarkastellaan vanhenemista, ty\u00f6el\u00e4m\u00e4n viimeisi\u00e4 vuosia ja el\u00e4kkeelle siirtymist\u00e4 miesten n\u00e4k\u00f6kulmasta. Kiinnostuksen kohteena on se, miten kulttuuriset miehisyyden ideaalit luovat mallit ja rajat sille, kuinka miehet kokevat oman vanhenemisensa ja yhteiskunnallisen&hellip;","protected":false,"raw":""},"author":1,"featured_media":0,"parent":5662,"menu_order":8,"comment_status":"closed","ping_status":"closed","template":"","meta":{"_mi_skip_tracking":false,"_fi_post_content":"[vc_row column_spacing=\"50\" bg_style=\"stretch\" css=\".vc_custom_1544814296502{padding-top: 30px !important;padding-bottom: 5px !important;}\"][vc_column][vc_column_text font_size=\"14px\"]\r\n<div id=\"content-core\">\r\n<div id=\"parent-fieldname-text-471151cc5fae4096b0fa7a8a7ca87f04\" class=\"\">\r\n\r\nProjektissa tarkastellaan vanhenemista, ty\u00f6el\u00e4m\u00e4n viimeisi\u00e4 vuosia ja el\u00e4kkeelle siirtymist\u00e4 miesten n\u00e4k\u00f6kulmasta. Kiinnostuksen kohteena on se, miten kulttuuriset miehisyyden ideaalit luovat mallit ja rajat sille, kuinka miehet kokevat oman vanhenemisensa ja yhteiskunnallisen asemansa muutoksen ty\u00f6ntekij\u00e4st\u00e4 el\u00e4kel\u00e4iseksi, miten he tulkitsevat erilaisia vaivoja ja oireita suhteessa ik\u00e4\u00e4n ja vanhenemiseen, sek\u00e4 millaisia seurauksia ruumiillisella vanhenemisella on miehille heid\u00e4n arjessaan. Tarkastelun kohteena on lis\u00e4ksi se, millaisin tavoin ik\u00e4 j\u00e4rjest\u00e4\u00e4 miesten v\u00e4lisi\u00e4 suhteita sek\u00e4 miten miehen paikka perheess\u00e4 ja ty\u00f6- ja vapaa-ajan yhteis\u00f6iss\u00e4 muuttuu ik\u00e4\u00e4ntymisen my\u00f6t\u00e4.\r\n\r\nTeoreettisena kiinnostuksen kohteena tutkimushankkeessa on ollut i\u00e4n, sukupuolen ja yhteiskuntaluokan yhteenkietoutumisen prosessit; muun muassa se, miten yhteiskuntaluokka eriytt\u00e4\u00e4 ik\u00e4\u00e4ntymisen kokemusta ja el\u00e4kkeelle siirtymisen prosesseja, miten ty\u00f6njakoon liittyv\u00e4t luokkakulttuurit n\u00e4kyv\u00e4t (mies)sukupolvien v\u00e4lisiss\u00e4 suhteissa sek\u00e4 miten ty\u00f6v\u00e4enluokkaiset ja keskiluokkaiset miehet suhtautuvat ik\u00e4\u00e4ntymisen vaikutusten hidastamiseen ja ulkon\u00e4k\u00f6\u00e4 korostavaan kulutuskulttuuriin (ns. anti-ageing).\r\n\r\nTutkimuksen aineisto koostuu 50-55 -vuotiaiden ty\u00f6ss\u00e4 olevien ja 65-70 -vuotiaiden el\u00e4kkeelle siirtyneiden diplomi-insin\u00f6\u00f6rien ja metallimiesten yksil\u00f6- ja ryhm\u00e4haastatteluista. Lis\u00e4ksi projektissa on ker\u00e4tty sanoma- ja aikakauslehtiaineistoa. Hankkeessa vuosina 2010 ja 2011 haastateltujen miesten seurantahaastattelut toteutetaan kev\u00e4\u00e4ll\u00e4 2017.\r\n\r\n<span style=\"font-family: Open Sans; font-size: 16px;\">Tutkijaryhm\u00e4<\/span>\r\n<i>Vastuulliset tutkijat<\/i>\r\nFT, dosentti Ilkka Pietil\u00e4\r\nKT, dosentti Hanna Ojala, hanna.ojala@tuni.fi, Yhteiskuntatieteiden tiedekunta, Tampereen yliopisto\r\n\r\n<span style=\"font-size: 16px; font-family: Open Sans;\">Keskeiset julkaisut<\/span>\r\n\r\nOjala, Hanna, Pietil\u00e4, Ilkka &amp; Nikander, Pirjo 2016. Immune to ageism? Men\u2019s perceptions of age-based discrimination in everyday contexts. Journal of Aging Studies, 39, 44-53.\r\n\r\nCalasanti, Toni, King, Neal, Pietil\u00e4, Ilkka &amp; Ojala, Hanna 2016 (published online). Rationales for anti-aging activities in middle age: aging, health, or appearance? The Gerontologist, doi: 10.1093\/geront\/gnw111.\r\n\r\nOjala, Hanna, Calasanti, Toni, King, Neal &amp; Pietil\u00e4, Ilkka 2016. Natural(ly) men: masculinity and gendered anti-ageing practices in Finland and the USA. Ageing &amp; Society, 36(2), 356-375.\r\n\r\nLumme-Sandt, Kirsi &amp; Pietil\u00e4, Ilkka 2014. Isoisyys. Teoksessa Petteri Eerola &amp; Johanna Mykk\u00e4nen (toim.) Is\u00e4n kokemus. Gaudeamus, Helsinki. 143-158.\r\n\r\nCalasanti, Toni, Pietil\u00e4, Ilkka, Ojala, Hanna &amp; King, Neal 2013. Men, Bodily Control, and Health Behaviors. The Importance of Age. Health Psychology 32 (1), 15-23.\r\n\r\nOjala, Hanna &amp; Pietil\u00e4, Ilkka (toim.) 2013. Miehist\u00e4 puhetta. Miehet, ik\u00e4\u00e4ntyminen ja vanhenemisen kulttuuriset mallit. Tampere University Press, Tampere.\r\n\r\nOjala, Hanna &amp; Pietil\u00e4, Ilkka 2013. Maskuliinisuuden hegemoniasta monenkirjaviin eroihin. Kriittisen miestutkimuksen avauksia vanhenemisen tutkimukseen. Teoksessa Hanna Ojala &amp; Ilkka Pietil\u00e4 (toim.) Miehist\u00e4 puhetta. Miehet, ik\u00e4\u00e4ntyminen ja vanhenemisen kulttuuriset mallit. Tampere University Press, Tampere. 17-37.\r\n\r\nPietil\u00e4, Ilkka 2013. Ty\u00f6miehen vanheneva ruumis ja miesten sosiaaliset j\u00e4rjestykset. Teoksessa Hanna Ojala &amp; Ilkka Pietil\u00e4 (toim.) Miehist\u00e4 puhetta. Miehet, ik\u00e4\u00e4ntyminen ja vanhenemisen kulttuuriset mallit. Tampere University Press, Tampere. 197-223.\r\n\r\nPietil\u00e4, Ilkka, Ojala, Hanna, King, Neal &amp; Calasanti, Toni 2013. Aging male bodies, health and the reproduction of age relations. Journal of Aging Studies 27 (3), 243-251.\r\n\r\nPietil\u00e4, Ilkka &amp; Ojala, Hanna 2011. Acting age in the context of health. Middle-aged working-class men talking about the bodies and aging. Journal of Aging Studies 25 (4), 380-389.\r\n\r\nOjala, Hanna &amp; Pietil\u00e4, Ilkka 2010. Sosiaaligerontologian n\u00e4k\u00f6kulmia sukupuolistuneeseen vanhenemiseen. Gerontologia 24 (4), 335-344.\r\n\r\nPietil\u00e4, Ilkka &amp; Ojala, Hanna 2010. Miesten vanheneminen 2000 -luvun Suomessa. N\u00e4k\u00f6kulmia muuttuviin arkiel\u00e4m\u00e4n k\u00e4yt\u00e4nt\u00f6ihin ja yhteiskuntapolitiikkaan. Futura 29 (3), 66-71.\r\n\r\n<\/div>\r\n<\/div>\r\n[\/vc_column_text][\/vc_column][\/vc_row]","_fi_post_name":"manage-tutkimusprojekti-miesten-vanhenemisesta-tyoelaman-viimeisista-vuosista-ja-elakkeelle-siirtymisesta-ilkka-pietila-ja-hanna-ojala","_fi_post_excerpt":"","_fi_post_title":"MANage: Tutkimusprojekti miesten vanhenemisesta, ty\u00f6el\u00e4m\u00e4n viimeisist\u00e4 vuosista ja el\u00e4kkeelle siirtymisest\u00e4 \/ Ilkka Pietil\u00e4 ja Hanna Ojala","_en_post_content":"[vc_row][vc_column][vc_column_text]MANage is a project in the Faculty of Social Sciences. It investigates men\u2019s ageing from the perspectives of individual experiences of physical ageing, and changing social relations. The project aims to explore how cultural ideals of manhood create models and limits for men\u2019s experiences of their own ageing. Another topic is in which ways age and ageing organize relationships between men of different ages, particularly within various men\u2019s communities and generational relations between men.\r\n\r\nThe project is divided into two components. The first one focuses on men\u2019s interpretations of physical ageing. Among the crucial questions of the components are how men interpret various ailments and symptoms in relation to age, and which kinds of effects the physical ageing has for men both in the labour-market and outside of it. The second component approaches ageing men as members of communities and groups, and scrutinizes the ways in which ageing is conceptualised in men\u2019s leisure time communities. How ageing and masculinity are negotiated as a part of community membership? Both components also study how ageing changes men\u2019s social relations and their positions in various communities.\r\n\r\nThe project aims to create a large and rich data set on men\u2019s ageing. It consists of individual and focus group interviews with metal workers and technical managers, who are either approaching retirement, or have already retired, researchers\u2019 study diaries, ethnographic material (observations, interviews, photographs etc.) collected within men\u2019s leisure time communities, and a collection of articles from newspapers and journals. The research data will be analysed using qualitative methods, utilising discourse and content analytic methods for studying texts and picture.\r\n\r\n<b>Funding<\/b>\r\nAcademy of Finland\r\n\r\n<b>Research group<\/b>\r\nPhD Ilkka Pietil\u00e4 (Faculty of Social Sciences, University of Tampere), ilkka.pietila@helsinki.fi\r\nPhD Hanna Ojala (Faculty of Social Sciences, Tampere University), hanna.ojala@tuni.fi[\/vc_column_text][\/vc_column][\/vc_row]","_en_post_name":"manage","_en_post_excerpt":"","_en_post_title":"MANage \u2013 a research project on men and ageing \/ Ilkka Pietil\u00e4 and Hanna Ojala","edit_language":"en","footnotes":""},"class_list":["post-5815","page","type-page","status-publish","hentry","entry","no-media"],"_links":{"self":[{"href":"https:\/\/www.gerec.fi\/en\/wp-json\/wp\/v2\/pages\/5815","targetHints":{"allow":["GET"]}}],"collection":[{"href":"https:\/\/www.gerec.fi\/en\/wp-json\/wp\/v2\/pages"}],"about":[{"href":"https:\/\/www.gerec.fi\/en\/wp-json\/wp\/v2\/types\/page"}],"author":[{"embeddable":true,"href":"https:\/\/www.gerec.fi\/en\/wp-json\/wp\/v2\/users\/1"}],"replies":[{"embeddable":true,"href":"https:\/\/www.gerec.fi\/en\/wp-json\/wp\/v2\/comments?post=5815"}],"version-history":[{"count":5,"href":"https:\/\/www.gerec.fi\/en\/wp-json\/wp\/v2\/pages\/5815\/revisions"}],"predecessor-version":[{"id":6900,"href":"https:\/\/www.gerec.fi\/en\/wp-json\/wp\/v2\/pages\/5815\/revisions\/6900"}],"up":[{"embeddable":true,"href":"https:\/\/www.gerec.fi\/en\/wp-json\/wp\/v2\/pages\/5662"}],"wp:attachment":[{"href":"https:\/\/www.gerec.fi\/en\/wp-json\/wp\/v2\/media?parent=5815"}],"curies":[{"name":"wp","href":"https:\/\/api.w.org\/{rel}","templated":true}]}}