{"id":5814,"date":"2018-12-16T13:50:35","date_gmt":"2018-12-16T11:50:35","guid":{"rendered":"https:\/\/gerec.fi\/tutkimus\/elamankulku-elakoityminen-ja-toimijuus\/immuunisysteemin-vanheneminen-solu-ja-molekyylitason-mekanismit-mikko-hurme-2-7\/"},"modified":"2024-06-19T08:42:26","modified_gmt":"2024-06-19T05:42:26","slug":"flame","status":"publish","type":"page","link":"https:\/\/www.gerec.fi\/en\/research\/lifecourse\/flame\/","title":{"rendered":"Work, health and work ability in midlife and in the old age (FLAME) \/ Clas-H\u00e5kan Nyg\u00e5rd","raw":"Work, health and work ability in midlife and in the old age (FLAME) \/ Clas-H\u00e5kan Nyg\u00e5rd"},"content":{"rendered":"[vc_row][vc_column][vc_column_text]The aim of this follow-up study is to study how work, work ability, transitioning into retirement and life style predict active aging, wellbeing in old age and need of care in old age. One large cohort (n=6300) of municipal workers has been followed since 1980 with four cross-sectional surveys (1980, 1984, 1991, 1997 and 2009) and register-based data which is related to them.<\/p>\n<p>The research will produce new knowledge about the long-term effect that the work career has on old age health and functioning. We will investigate e.g. how influences during earlier life, such as work and work ability, predict old age health, physical functioning, participation, care need and disability. The research will produce unique information on the effects of work on old age wellbeing, which has thus far been little studied. The study will contribute to research knowledge in the area of occupational gerontology.<\/p>\n<p>&nbsp;<\/p>\n<p><b>Research group<\/b><i><br \/>\nResearchers<\/i><br \/>\nClas-H\u00e5kan Nyg\u00e5rd, clas-hakan.nygard@tuni.fi, Faculty of Social Sciences, Tampere University<br \/>\nSubas Neupane, subas.neupane@tuni.fi, Tampere University<\/p>\n<p><i>Doctoral students<\/i><br \/>\nPrakash KC, Tampere University<br \/>\nJohanna Repo, Tampere University<\/p>\n<p>Co-operation partners<br \/>\nUniversity of Jyv\u00e4skyl\u00e4 (Taina Rantanen)<br \/>\nFinnish Institute of Occupational Health (Jorma Seitsamo and P\u00e4ivi Leino-Arjas)<\/p>\n<p><b>Selected publications<\/b><\/p>\n<p>von Bonsdorff MB, Seitsamo J, Ilmarinen J, Nyg\u00e5rd CH, von Bonsdorff ME, Rantanen T. Work ability in midlife as a predictor of mortality and disability in later life: a 28-year prospective follow-up study. Canadian Medical Association Journal 2011;183:E235-42.<\/p>\n<p>von Bonsdorff ME, Kokko K, Seitsamo J, von Bonsdorff MB, Nyg\u00e5rd CH, Ilmarinen J, Rantanen T. Work strain in midlife and 28-year work ability trajectories. Scandinavian Journal of Work, Environment &amp; Health 2011:37:455-63.<\/p>\n<p>von Bonsdorff MB, Seitsamo J, Ilmarinen J, Nyg\u00e5rd CH, von Bonsdorff ME, Rantanen T. Job strain among blue-collar and white-collar employees as a determinant of total mortality: A 28-year population-based follow-up. BMJ Open 2012;2:e000860.<\/p>\n<p>Kulmala J, von Bonsdorff MB, Stenholm S, T\u00f6rm\u00e4kangas T, von Bonsdorff ME, Nyg\u00e5rd CH, Klockars M, Seitsamo J, Ilmarinen J, Rantanen T. Perceived stress symptoms in midlife predict disability in old age. A 28-year prospective cohort study. Journal of Gerontology Series A: Biological Sciences and Medical Sciences 2013;68:984-91.<\/p>\n<p>Prakash K.C.*1, 5, Subas Neupane1, 5, P\u00e4ivi Leino-Arjas1, 2, Mikaela B.von Bonsdorff3 , Taina Rantanen3, Monika E.von Bonsdorff3, Jorma Seitsamo2, Juhani Ilmarinen4, Clas-H\u00e5kan Nyg\u00e5rd1, 5<\/p>\n<p>Midlife job profiles and disabilities in later life: A 28-year follow-up of municipal employees in Finland. Int Arch Occup Environ Health (2016)89(6) 997-1007<\/p>\n<p>J\u00e4\u00e4skel\u00e4inen A, Kausto J, Seitsamo J, Ojaj\u00e4rvi A, Nyg\u00e5rd C-H, Arjas E, Leino-Arjas P. Work ability index and perceived work ability as predictors of disability pension: a prospectory study among Finnish municipal employees (2016) doi:105221\/sweh.3598[\/vc_column_text][\/vc_column][\/vc_row]\n","protected":false,"raw":"[vc_row][vc_column][vc_column_text]The aim of this follow-up study is to study how work, work ability, transitioning into retirement and life style predict active aging, wellbeing in old age and need of care in old age. One large cohort (n=6300) of municipal workers has been followed since 1980 with four cross-sectional surveys (1980, 1984, 1991, 1997 and 2009) and register-based data which is related to them.\r\n\r\nThe research will produce new knowledge about the long-term effect that the work career has on old age health and functioning. We will investigate e.g. how influences during earlier life, such as work and work ability, predict old age health, physical functioning, participation, care need and disability. The research will produce unique information on the effects of work on old age wellbeing, which has thus far been little studied. The study will contribute to research knowledge in the area of occupational gerontology.\r\n\r\n&nbsp;\r\n\r\n<b>Research group<\/b><i>\r\nResearchers<\/i>\r\nClas-H\u00e5kan Nyg\u00e5rd, clas-hakan.nygard@tuni.fi, Faculty of Social Sciences, Tampere University\r\nSubas Neupane, subas.neupane@tuni.fi, Tampere University\r\n\r\n<i>Doctoral students<\/i>\r\nPrakash KC, Tampere University\r\nJohanna Repo, Tampere University\r\n\r\nCo-operation partners\r\nUniversity of Jyv\u00e4skyl\u00e4 (Taina Rantanen)\r\nFinnish Institute of Occupational Health (Jorma Seitsamo and P\u00e4ivi Leino-Arjas)\r\n\r\n<b>Selected publications<\/b>\r\n\r\nvon Bonsdorff MB, Seitsamo J, Ilmarinen J, Nyg\u00e5rd CH, von Bonsdorff ME, Rantanen T. Work ability in midlife as a predictor of mortality and disability in later life: a 28-year prospective follow-up study. Canadian Medical Association Journal 2011;183:E235-42.\r\n\r\nvon Bonsdorff ME, Kokko K, Seitsamo J, von Bonsdorff MB, Nyg\u00e5rd CH, Ilmarinen J, Rantanen T. Work strain in midlife and 28-year work ability trajectories. Scandinavian Journal of Work, Environment &amp; Health 2011:37:455-63.\r\n\r\nvon Bonsdorff MB, Seitsamo J, Ilmarinen J, Nyg\u00e5rd CH, von Bonsdorff ME, Rantanen T. Job strain among blue-collar and white-collar employees as a determinant of total mortality: A 28-year population-based follow-up. BMJ Open 2012;2:e000860.\r\n\r\nKulmala J, von Bonsdorff MB, Stenholm S, T\u00f6rm\u00e4kangas T, von Bonsdorff ME, Nyg\u00e5rd CH, Klockars M, Seitsamo J, Ilmarinen J, Rantanen T. Perceived stress symptoms in midlife predict disability in old age. A 28-year prospective cohort study. Journal of Gerontology Series A: Biological Sciences and Medical Sciences 2013;68:984-91.\r\n\r\nPrakash K.C.*1, 5, Subas Neupane1, 5, P\u00e4ivi Leino-Arjas1, 2, Mikaela B.von Bonsdorff3 , Taina Rantanen3, Monika E.von Bonsdorff3, Jorma Seitsamo2, Juhani Ilmarinen4, Clas-H\u00e5kan Nyg\u00e5rd1, 5\r\n\r\nMidlife job profiles and disabilities in later life: A 28-year follow-up of municipal employees in Finland. Int Arch Occup Environ Health (2016)89(6) 997-1007\r\n\r\nJ\u00e4\u00e4skel\u00e4inen A, Kausto J, Seitsamo J, Ojaj\u00e4rvi A, Nyg\u00e5rd C-H, Arjas E, Leino-Arjas P. Work ability index and perceived work ability as predictors of disability pension: a prospectory study among Finnish municipal employees (2016) doi:105221\/sweh.3598[\/vc_column_text][\/vc_column][\/vc_row]"},"excerpt":{"rendered":"[vc_row column_spacing=\"50\" bg_style=\"stretch\" css=\".vc_custom_1544814296502{padding-top: 30px !important;padding-bottom: 5px !important;}\"][vc_column][vc_column_text font_size=\"14px\"] Pitkitt\u00e4istutkimuksessa selvitell\u00e4\u00e4n ty\u00f6n vaikutuksia terveyteen, toiminta- ja ty\u00f6kykyyn ty\u00f6ss\u00e4olon aikana ja vanhuudessa. Yht\u00e4 suurta kohorttia (n=6300) kunnallisen alan ty\u00f6ntekij\u00f6it\u00e4 on seurattu 1980 alkaen nelj\u00e4ss\u00e4 poikkileikkauskyselyss\u00e4 (1980, 1984, 1991, 1997 ja 2009)&hellip;","protected":false,"raw":""},"author":1,"featured_media":0,"parent":5662,"menu_order":7,"comment_status":"closed","ping_status":"closed","template":"","meta":{"_mi_skip_tracking":false,"_fi_post_content":"<p>[vc_row column_spacing=\"50\" bg_style=\"stretch\" css=\".vc_custom_1544814296502{padding-top: 30px !important;padding-bottom: 5px !important;}\"][vc_column][vc_column_text font_size=\"14px\"]<\/p>\r\n<div id=\"content-core\">\r\n<div id=\"parent-fieldname-text-471151cc5fae4096b0fa7a8a7ca87f04\" class=\"\">\r\n<p>Pitkitt\u00e4istutkimuksessa selvitell\u00e4\u00e4n ty\u00f6n vaikutuksia terveyteen, toiminta- ja ty\u00f6kykyyn ty\u00f6ss\u00e4olon aikana ja vanhuudessa. Yht\u00e4 suurta kohorttia (n=6300) kunnallisen alan ty\u00f6ntekij\u00f6it\u00e4 on seurattu 1980 alkaen nelj\u00e4ss\u00e4 poikkileikkauskyselyss\u00e4 (1980, 1984, 1991, 1997 ja 2009) ja siihen liittyv\u00e4ll\u00e4 rekisteritiedolla.<\/p>\r\n<p>Tutkimus tuottaa uutta tietoa siit\u00e4, kuinka ty\u00f6n, sen kuormittavuus ja ty\u00f6kyky ennustavat el\u00e4kei\u00e4n toimintakyky\u00e4, aktiivisuutta ja terveytt\u00e4 ja niiss\u00e4 tapahtuvia muutoksia. Tutkimus tuottaa ainutlaatuista tietoa ty\u00f6uran vaikutuksesta vanhuuteen ja on uraa uurtavaa Suomessa ty\u00f6gerontologian tutkimuksen saralla.<\/p>\r\n<p><span style=\"font-size: 16px; font-family: Open Sans;\">Tutkimusryhm\u00e4<\/span><br \/>\r\nClas-H\u00e5kan Nyg\u00e5rd, clas-h\u00e5kan.nyg\u00e5rd@tuni.fi, Yhteiskuntatieteellinen tiedekunta, Tampereen yliopisto<br \/>\r\nSubas Neupane, subas.neupane@tuni.fi, Yhteiskuntatieteellinen tiedekunta, Tampereen yliopisto<\/p>\r\n<p>V\u00e4it\u00f6skirjatutkijat<br \/>\r\nPrakash KC, Tampereen yliopisto<br \/>\r\nJohanna Repo, Tampereen yliopisto<\/p>\r\n<p><span style=\"font-family: Open Sans; font-size: 16px;\">Yhteisty\u00f6tahot<\/span><br \/>\r\nJyv\u00e4skyl\u00e4n yliopisto (Taina Rantanen)<br \/>\r\nTy\u00f6terveyslaitos (Jorma Seitsamo ja P\u00e4ivi Leino-Arjas)<\/p>\r\n<p><span style=\"font-size: 16px; font-family: Open Sans;\">Keskeisimm\u00e4t julkaisut<\/span><\/p>\r\n<p>von Bonsdorff MB, Seitsamo J, Ilmarinen J, Nyg\u00e5rd CH, von Bonsdorff ME, Rantanen T. Work ability in midlife as a predictor of mortality and disability in later life: a 28-year prospective follow-up study. Canadian Medical Association Journal 2011;183:E235-42.<\/p>\r\n<p>von Bonsdorff ME, Kokko K, Seitsamo J, von Bonsdorff MB, Nyg\u00e5rd CH, Ilmarinen J, Rantanen T. Work strain in midlife and 28-year work ability trajectories. Scandinavian Journal of Work, Environment &amp; Health 2011:37:455-63.<\/p>\r\n<p>von Bonsdorff MB, Seitsamo J, Ilmarinen J, Nyg\u00e5rd CH, von Bonsdorff ME, Rantanen T. Job strain among blue-collar and white-collar employees as a determinant of total mortality: A 28-year population-based follow-up. BMJ Open 2012;2:e000860.<\/p>\r\n<p>Kulmala J, von Bonsdorff MB, Stenholm S, T\u00f6rm\u00e4kangas T, von Bonsdorff ME, Nyg\u00e5rd CH, Klockars M, Seitsamo J, Ilmarinen J, Rantanen T. Perceived stress symptoms in midlife predict disability in old age. A 28-year prospective cohort study. Journal of Gerontology Series A: Biological Sciences and Medical Sciences 2013;68:984-91.<\/p>\r\n<p>Prakash K.C.*1, 5, Subas Neupane1, 5, P\u00e4ivi Leino-Arjas1, 2, Mikaela B.von Bonsdorff3 , Taina Rantanen3, Monika E.von Bonsdorff3, Jorma Seitsamo2, Juhani Ilmarinen4, Clas-H\u00e5kan Nyg\u00e5rd1, 5<\/p>\r\n<p>Midlife job profiles and disabilities in later life: A 28-year follow-up of municipal employees in Finland. Int Arch Occup Environ Health (2016)89(6) 997-1007<\/p>\r\n<p>J\u00e4\u00e4skel\u00e4inen A, Kausto J, Seitsamo J, Ojaj\u00e4rvi A, Nyg\u00e5rd C-H, Arjas E, Leino-Arjas P. Work ability index and perceived work ability as predictors of disability pension: a prospectory study among Finnish municipal employees (2016) doi:105221\/sweh.3598<\/p>\r\n<\/div>\r\n<\/div>\r\n<p>[\/vc_column_text][\/vc_column][\/vc_row]<\/p>\r\n","_fi_post_name":"tyo-terveys-ja-tyokyky-keski-iassa-ja-vanhuudessa-flame-clas-hakan-nygard","_fi_post_excerpt":"","_fi_post_title":"Ty\u00f6, terveys ja ty\u00f6kyky keski-i\u00e4ss\u00e4 ja vanhuudessa (FLAME) \/ Clas-H\u00e5kan Nyg\u00e5rd","_en_post_content":"[vc_row][vc_column][vc_column_text]The aim of this follow-up study is to study how work, work ability, transitioning into retirement and life style predict active aging, wellbeing in old age and need of care in old age. One large cohort (n=6300) of municipal workers has been followed since 1980 with four cross-sectional surveys (1980, 1984, 1991, 1997 and 2009) and register-based data which is related to them.\r\n\r\nThe research will produce new knowledge about the long-term effect that the work career has on old age health and functioning. We will investigate e.g. how influences during earlier life, such as work and work ability, predict old age health, physical functioning, participation, care need and disability. The research will produce unique information on the effects of work on old age wellbeing, which has thus far been little studied. The study will contribute to research knowledge in the area of occupational gerontology.\r\n\r\n&nbsp;\r\n\r\n<b>Research group<\/b><i>\r\nResearchers<\/i>\r\nClas-H\u00e5kan Nyg\u00e5rd, clas-hakan.nygard@tuni.fi, Faculty of Social Sciences, Tampere University\r\nSubas Neupane, subas.neupane@tuni.fi, Tampere University\r\n\r\n<i>Doctoral students<\/i>\r\nPrakash KC, Tampere University\r\nJohanna Repo, Tampere University\r\n\r\nCo-operation partners\r\nUniversity of Jyv\u00e4skyl\u00e4 (Taina Rantanen)\r\nFinnish Institute of Occupational Health (Jorma Seitsamo and P\u00e4ivi Leino-Arjas)\r\n\r\n<b>Selected publications<\/b>\r\n\r\nvon Bonsdorff MB, Seitsamo J, Ilmarinen J, Nyg\u00e5rd CH, von Bonsdorff ME, Rantanen T. Work ability in midlife as a predictor of mortality and disability in later life: a 28-year prospective follow-up study. Canadian Medical Association Journal 2011;183:E235-42.\r\n\r\nvon Bonsdorff ME, Kokko K, Seitsamo J, von Bonsdorff MB, Nyg\u00e5rd CH, Ilmarinen J, Rantanen T. Work strain in midlife and 28-year work ability trajectories. Scandinavian Journal of Work, Environment &amp; Health 2011:37:455-63.\r\n\r\nvon Bonsdorff MB, Seitsamo J, Ilmarinen J, Nyg\u00e5rd CH, von Bonsdorff ME, Rantanen T. Job strain among blue-collar and white-collar employees as a determinant of total mortality: A 28-year population-based follow-up. BMJ Open 2012;2:e000860.\r\n\r\nKulmala J, von Bonsdorff MB, Stenholm S, T\u00f6rm\u00e4kangas T, von Bonsdorff ME, Nyg\u00e5rd CH, Klockars M, Seitsamo J, Ilmarinen J, Rantanen T. Perceived stress symptoms in midlife predict disability in old age. A 28-year prospective cohort study. Journal of Gerontology Series A: Biological Sciences and Medical Sciences 2013;68:984-91.\r\n\r\nPrakash K.C.*1, 5, Subas Neupane1, 5, P\u00e4ivi Leino-Arjas1, 2, Mikaela B.von Bonsdorff3 , Taina Rantanen3, Monika E.von Bonsdorff3, Jorma Seitsamo2, Juhani Ilmarinen4, Clas-H\u00e5kan Nyg\u00e5rd1, 5\r\n\r\nMidlife job profiles and disabilities in later life: A 28-year follow-up of municipal employees in Finland. Int Arch Occup Environ Health (2016)89(6) 997-1007\r\n\r\nJ\u00e4\u00e4skel\u00e4inen A, Kausto J, Seitsamo J, Ojaj\u00e4rvi A, Nyg\u00e5rd C-H, Arjas E, Leino-Arjas P. Work ability index and perceived work ability as predictors of disability pension: a prospectory study among Finnish municipal employees (2016) doi:105221\/sweh.3598[\/vc_column_text][\/vc_column][\/vc_row]","_en_post_name":"flame","_en_post_excerpt":"","_en_post_title":"Work, health and work ability in midlife and in the old age (FLAME) \/ Clas-H\u00e5kan Nyg\u00e5rd","edit_language":"en","footnotes":""},"class_list":["post-5814","page","type-page","status-publish","hentry","entry","no-media"],"_links":{"self":[{"href":"https:\/\/www.gerec.fi\/en\/wp-json\/wp\/v2\/pages\/5814","targetHints":{"allow":["GET"]}}],"collection":[{"href":"https:\/\/www.gerec.fi\/en\/wp-json\/wp\/v2\/pages"}],"about":[{"href":"https:\/\/www.gerec.fi\/en\/wp-json\/wp\/v2\/types\/page"}],"author":[{"embeddable":true,"href":"https:\/\/www.gerec.fi\/en\/wp-json\/wp\/v2\/users\/1"}],"replies":[{"embeddable":true,"href":"https:\/\/www.gerec.fi\/en\/wp-json\/wp\/v2\/comments?post=5814"}],"version-history":[{"count":2,"href":"https:\/\/www.gerec.fi\/en\/wp-json\/wp\/v2\/pages\/5814\/revisions"}],"predecessor-version":[{"id":6483,"href":"https:\/\/www.gerec.fi\/en\/wp-json\/wp\/v2\/pages\/5814\/revisions\/6483"}],"up":[{"embeddable":true,"href":"https:\/\/www.gerec.fi\/en\/wp-json\/wp\/v2\/pages\/5662"}],"wp:attachment":[{"href":"https:\/\/www.gerec.fi\/en\/wp-json\/wp\/v2\/media?parent=5814"}],"curies":[{"name":"wp","href":"https:\/\/api.w.org\/{rel}","templated":true}]}}