{"id":5813,"date":"2018-12-16T13:50:34","date_gmt":"2018-12-16T11:50:34","guid":{"rendered":"https:\/\/gerec.fi\/tutkimus\/elamankulku-elakoityminen-ja-toimijuus\/immuunisysteemin-vanheneminen-solu-ja-molekyylitason-mekanismit-mikko-hurme-2-6\/"},"modified":"2024-06-19T08:42:26","modified_gmt":"2024-06-19T05:42:26","slug":"proactive-support","status":"publish","type":"page","link":"https:\/\/www.gerec.fi\/en\/research\/lifecourse\/proactive-support\/","title":{"rendered":"Proactive support of work well-being during structural changes in the work \/ Clas-H\u00e5kan Nyg\u00e5rd","raw":"Proactive support of work well-being during structural changes in the work \/ Clas-H\u00e5kan Nyg\u00e5rd"},"content":{"rendered":"[vc_row][vc_column][vc_column_text]The three-year study (Mets\u00e4-project) begun in the beginning of 2016.\u00a0 Its aim is to promote work ability and work well-being among employees and entrepreneurs of forest machine and logging companies.<br \/>\nThe research evaluates the effectiveness of work wellbeing investments and health promotion activities on improving work ability and work wellbeing and their impact on companies\u2019 success.<\/p>\n<p><b>Research group<\/b><i><br \/>\nResponsible researcher<\/i><br \/>\nProfessor Clas-H\u00e5kan Nyg\u00e5rd, clas-hakan.nygard@tuni.fi, Faculty of Social Sciences, University of Tampere<\/p>\n<p><i>Researchers<\/i><br \/>\nAnna Siukola, anna.siukola@tuni.fi, University of Tampere<br \/>\nHeikki Karinen, heikki.karinen@tuni.fi, University of Tampere<br \/>\nHannu Pursio<\/p>\n<p>Co-operation partners<br \/>\nFaculty of Medicine and Life Sciences, University of Tampere (Jukka Uitti, Virpi Liukkonen)<br \/>\nTampere University of Applied Sciences (Kimmo V\u00e4nni)<\/p>\n<p>The study is financed by The Finnish Work Environment Fund and by Mets\u00e4miesten S\u00e4\u00e4ti\u00f6 Foundation. The Trade Association of Finnish Forestry and Earth Moving Contractors and the Woodworker\u2019s Union are partners in the project.[\/vc_column_text][\/vc_column][\/vc_row]\n","protected":false,"raw":"[vc_row][vc_column][vc_column_text]The three-year study (Mets\u00e4-project) begun in the beginning of 2016.\u00a0 Its aim is to promote work ability and work well-being among employees and entrepreneurs of forest machine and logging companies.\r\nThe research evaluates the effectiveness of work wellbeing investments and health promotion activities on improving work ability and work wellbeing and their impact on companies\u2019 success.\r\n\r\n<b>Research group<\/b><i>\r\nResponsible researcher<\/i>\r\nProfessor Clas-H\u00e5kan Nyg\u00e5rd, clas-hakan.nygard@tuni.fi, Faculty of Social Sciences, University of Tampere\r\n\r\n<i>Researchers<\/i>\r\nAnna Siukola, anna.siukola@tuni.fi, University of Tampere\r\nHeikki Karinen, heikki.karinen@tuni.fi, University of Tampere\r\nHannu Pursio\r\n\r\nCo-operation partners\r\nFaculty of Medicine and Life Sciences, University of Tampere (Jukka Uitti, Virpi Liukkonen)\r\nTampere University of Applied Sciences (Kimmo V\u00e4nni)\r\n\r\nThe study is financed by The Finnish Work Environment Fund and by Mets\u00e4miesten S\u00e4\u00e4ti\u00f6 Foundation. The Trade Association of Finnish Forestry and Earth Moving Contractors and the Woodworker\u2019s Union are partners in the project.[\/vc_column_text][\/vc_column][\/vc_row]"},"excerpt":{"rendered":"[vc_row column_spacing=\"50\" bg_style=\"stretch\" css=\".vc_custom_1544814296502{padding-top: 30px !important;padding-bottom: 5px !important;}\"][vc_column][vc_column_text font_size=\"14px\"] Kolmivuotinen tutkimus (Mets\u00e4-projekti) k\u00e4ynnistyi vuoden 2016 alussa ja sen tavoitteena on edist\u00e4\u00e4 eri-ik\u00e4isten puunkorjuuyritysten ty\u00f6ntekij\u00f6iden ja yritt\u00e4jien ty\u00f6kyky\u00e4 ja ty\u00f6hyvinvointia. Tutkimuksessa arvioidaan kyselyn ja haastatteluiden kautta ty\u00f6hyvinvoinnin edist\u00e4miseen suunnattujen investointien ja&hellip;","protected":false,"raw":""},"author":1,"featured_media":0,"parent":5662,"menu_order":6,"comment_status":"closed","ping_status":"closed","template":"","meta":{"_mi_skip_tracking":false,"_fi_post_content":"<p>[vc_row column_spacing=\"50\" bg_style=\"stretch\" css=\".vc_custom_1544814296502{padding-top: 30px !important;padding-bottom: 5px !important;}\"][vc_column][vc_column_text font_size=\"14px\"]<\/p>\r\n<div id=\"content-core\">\r\n<div id=\"parent-fieldname-text-471151cc5fae4096b0fa7a8a7ca87f04\" class=\"\">\r\n<div id=\"content-core\">\r\n<div id=\"parent-fieldname-text-a69392dc7f824ec0b138bf684e612391\" class=\"\">\r\n<p>Kolmivuotinen tutkimus (Mets\u00e4-projekti) k\u00e4ynnistyi vuoden 2016 alussa ja sen tavoitteena on edist\u00e4\u00e4 eri-ik\u00e4isten puunkorjuuyritysten ty\u00f6ntekij\u00f6iden ja yritt\u00e4jien ty\u00f6kyky\u00e4 ja ty\u00f6hyvinvointia.<\/p>\r\n<p>Tutkimuksessa arvioidaan kyselyn ja haastatteluiden kautta ty\u00f6hyvinvoinnin edist\u00e4miseen suunnattujen investointien ja ennakoivien toimien vaikuttavuutta ja merkityst\u00e4 yritysten menestystekij\u00e4n\u00e4.<\/p>\r\n<p><span style=\"font-family: Open Sans; font-size: 16px;\">Tutkimusryhm\u00e4<\/span><b><br \/>\r\n<\/b><i>Vastuullinen tutkija<\/i><br \/>\r\nClas-H\u00e5kan Nyg\u00e5rd, clas-h\u00e5kan.nyg\u00e5rd@tuni.fi,\u00a0 Yhteiskuntatieteellinen tiedekunta, Tampereen yliopisto<\/p>\r\n<p>Tutkijat<br \/>\r\nAnna Siukola<br \/>\r\nHeikki Karinen<br \/>\r\nHannu Pursio<\/p>\r\n<p><span style=\"font-size: 16px; font-family: Open Sans;\">Yhteisty\u00f6tahot<\/span><br \/>\r\nTampereen yliopisto, L\u00e4\u00e4ketieteen ja terveysteknologian tiedekunta (Jukka Uitti, Virpi Liukkonen)<br \/>\r\nTampereen ammattikorkeakoulu (Kimmo V\u00e4nni)<\/p>\r\n<p><span style=\"font-size: 16px; font-family: Open Sans;\">Tutkimuksen rahoittajat <\/span><br \/>\r\nTy\u00f6suojelurahasto ja Mets\u00e4miesten S\u00e4\u00e4ti\u00f6. Koneyritt\u00e4jien liitto ja Puuliitto ovat hankkeessa mukana yhteisty\u00f6kumppaneina.<\/p>\r\n<\/div>\r\n<\/div>\r\n<div id=\"viewlet-below-content-body\">\r\n<div class=\"visualClear\"><\/div>\r\n<div class=\"documentActions\"><\/div>\r\n<div id=\"socialtools\" class=\"addthis_toolbox addthis_default_style\"><\/div>\r\n<\/div>\r\n<\/div>\r\n<\/div>\r\n<p>[\/vc_column_text][\/vc_column][\/vc_row]<\/p>\r\n","_fi_post_name":"ennakoiva-tyohyvinvoinnin-tuki-rakennemuutoksessa-clas-hakan-nygard","_fi_post_excerpt":"","_fi_post_title":"Ennakoiva ty\u00f6hyvinvoinnin tuki rakennemuutoksessa \/ Clas-H\u00e5kan Nyg\u00e5rd","_en_post_content":"[vc_row][vc_column][vc_column_text]The three-year study (Mets\u00e4-project) begun in the beginning of 2016.\u00a0 Its aim is to promote work ability and work well-being among employees and entrepreneurs of forest machine and logging companies.\r\nThe research evaluates the effectiveness of work wellbeing investments and health promotion activities on improving work ability and work wellbeing and their impact on companies\u2019 success.\r\n\r\n<b>Research group<\/b><i>\r\nResponsible researcher<\/i>\r\nProfessor Clas-H\u00e5kan Nyg\u00e5rd, clas-hakan.nygard@tuni.fi, Faculty of Social Sciences, University of Tampere\r\n\r\n<i>Researchers<\/i>\r\nAnna Siukola, anna.siukola@tuni.fi, University of Tampere\r\nHeikki Karinen, heikki.karinen@tuni.fi, University of Tampere\r\nHannu Pursio\r\n\r\nCo-operation partners\r\nFaculty of Medicine and Life Sciences, University of Tampere (Jukka Uitti, Virpi Liukkonen)\r\nTampere University of Applied Sciences (Kimmo V\u00e4nni)\r\n\r\nThe study is financed by The Finnish Work Environment Fund and by Mets\u00e4miesten S\u00e4\u00e4ti\u00f6 Foundation. The Trade Association of Finnish Forestry and Earth Moving Contractors and the Woodworker\u2019s Union are partners in the project.[\/vc_column_text][\/vc_column][\/vc_row]","_en_post_name":"proactive-support","_en_post_excerpt":"","_en_post_title":"Proactive support of work well-being during structural changes in the work \/ Clas-H\u00e5kan Nyg\u00e5rd","edit_language":"en","footnotes":""},"class_list":["post-5813","page","type-page","status-publish","hentry","entry","no-media"],"_links":{"self":[{"href":"https:\/\/www.gerec.fi\/en\/wp-json\/wp\/v2\/pages\/5813","targetHints":{"allow":["GET"]}}],"collection":[{"href":"https:\/\/www.gerec.fi\/en\/wp-json\/wp\/v2\/pages"}],"about":[{"href":"https:\/\/www.gerec.fi\/en\/wp-json\/wp\/v2\/types\/page"}],"author":[{"embeddable":true,"href":"https:\/\/www.gerec.fi\/en\/wp-json\/wp\/v2\/users\/1"}],"replies":[{"embeddable":true,"href":"https:\/\/www.gerec.fi\/en\/wp-json\/wp\/v2\/comments?post=5813"}],"version-history":[{"count":2,"href":"https:\/\/www.gerec.fi\/en\/wp-json\/wp\/v2\/pages\/5813\/revisions"}],"predecessor-version":[{"id":6482,"href":"https:\/\/www.gerec.fi\/en\/wp-json\/wp\/v2\/pages\/5813\/revisions\/6482"}],"up":[{"embeddable":true,"href":"https:\/\/www.gerec.fi\/en\/wp-json\/wp\/v2\/pages\/5662"}],"wp:attachment":[{"href":"https:\/\/www.gerec.fi\/en\/wp-json\/wp\/v2\/media?parent=5813"}],"curies":[{"name":"wp","href":"https:\/\/api.w.org\/{rel}","templated":true}]}}