{"id":5810,"date":"2018-12-16T13:50:32","date_gmt":"2018-12-16T11:50:32","guid":{"rendered":"https:\/\/gerec.fi\/tutkimus\/elamankulku-elakoityminen-ja-toimijuus\/immuunisysteemin-vanheneminen-solu-ja-molekyylitason-mekanismit-mikko-hurme-2-3\/"},"modified":"2024-06-19T08:42:27","modified_gmt":"2024-06-19T05:42:27","slug":"entrepreneur","status":"publish","type":"page","link":"https:\/\/www.gerec.fi\/en\/research\/archived\/entrepreneur\/","title":{"rendered":"The retirement process of entrepreneurs: retirement plans, decision making, transition and adjustment to life in retirement (ENTREPRENEUR)","raw":"The retirement process of entrepreneurs: retirement plans, decision making, transition and adjustment to life in retirement (ENTREPRENEUR)"},"content":{"rendered":"[vc_row][vc_column][vc_column_text][\/vc_column_text][vc_column_text]\n<p>In this research project, we will study the retirement process entrepreneurs and the underlying personal, organizational and societal factors that are associated with the decision to transfer into retirement in micro and small-sized enterprises. The aim of this interdisciplinary study, combining contemporary theories of psychology and ageing, is to understand a societally important phenomenon, entrepreneurs\u2019 retirement process i.e. retirement plans, decision making, and transition and adjustment to life in retirement. Knowledge of entrepreneurs\u2019 retirement processes is needed, not only to help them transition and adjust to life in retirement, but also to secure successful transfer of business and preservation of future jobs. To support retiring entrepreneurs, information will be produced concerning 1) the timing of the retirement transition, 2) the drivers behind retirement decisions and 3) factors promoting adjustment to life in retirement. We will collect a quantitative follow-up study among 250 retiring entrepreneurs. In addition, we will collect qualitative data by asking ageing entrepreneurs to write narratives regarding the role of family and social network in their retirement process. The longitudinal Helsinki Birth Cohort Study (HBCS) will be used to explore adjustment to retirement among ageing entrepreneurs.<\/p>\n<p><b>Research group<\/b><i><br \/>\nPrincipal Investigator<\/i><br \/>\nAcademy Research Fellow Monika von Bonsdorff, Gerontology Research Center, Faculty of Sport and Health Sciences, University of Jyv\u00e4skyl\u00e4[\/vc_column_text][\/vc_column][\/vc_row][vc_row][vc_column][\/vc_column][\/vc_row]\n","protected":false,"raw":"[vc_row][vc_column][vc_column_text][\/vc_column_text][vc_column_text]\r\n\r\nIn this research project, we will study the retirement process entrepreneurs and the underlying personal, organizational and societal factors that are associated with the decision to transfer into retirement in micro and small-sized enterprises. The aim of this interdisciplinary study, combining contemporary theories of psychology and ageing, is to understand a societally important phenomenon, entrepreneurs\u2019 retirement process i.e. retirement plans, decision making, and transition and adjustment to life in retirement. Knowledge of entrepreneurs\u2019 retirement processes is needed, not only to help them transition and adjust to life in retirement, but also to secure successful transfer of business and preservation of future jobs. To support retiring entrepreneurs, information will be produced concerning 1) the timing of the retirement transition, 2) the drivers behind retirement decisions and 3) factors promoting adjustment to life in retirement. We will collect a quantitative follow-up study among 250 retiring entrepreneurs. In addition, we will collect qualitative data by asking ageing entrepreneurs to write narratives regarding the role of family and social network in their retirement process. The longitudinal Helsinki Birth Cohort Study (HBCS) will be used to explore adjustment to retirement among ageing entrepreneurs.\r\n\r\n<b>Research group<\/b><i>\r\nPrincipal Investigator<\/i>\r\nAcademy Research Fellow Monika von Bonsdorff, Gerontology Research Center, Faculty of Sport and Health Sciences, University of Jyv\u00e4skyl\u00e4[\/vc_column_text][\/vc_column][\/vc_row][vc_row][vc_column][\/vc_column][\/vc_row]"},"excerpt":{"rendered":"[vc_row column_spacing=\"50\" bg_style=\"stretch\" css=\".vc_custom_1544814296502{padding-top: 30px !important;padding-bottom: 5px !important;}\"][vc_column][vc_column_text font_size=\"14px\"] &nbsp; Tutkimushankkeen tavoitteena on selvitt\u00e4\u00e4, millainen yritt\u00e4jien el\u00e4kkeelle siirtymisprosessi on ja millaiset yksil\u00f6-, organisaatio-, ja yhteiskuntatason tekij\u00e4t ovat yhteydess\u00e4 heid\u00e4n el\u00e4kkeelle siirtymisp\u00e4\u00e4t\u00f6ksiins\u00e4. Kohteena ovat mikroyritykset ja muut pienikokoiset yritykset. Hankkeessa yhdistell\u00e4\u00e4n&hellip;","protected":false,"raw":""},"author":1,"featured_media":0,"parent":5279,"menu_order":2,"comment_status":"closed","ping_status":"closed","template":"","meta":{"_mi_skip_tracking":false,"_fi_post_content":"[vc_row column_spacing=\"50\" bg_style=\"stretch\" css=\".vc_custom_1544814296502{padding-top: 30px !important;padding-bottom: 5px !important;}\"][vc_column][vc_column_text font_size=\"14px\"]\r\n<div id=\"content-core\">\r\n<div id=\"parent-fieldname-text-471151cc5fae4096b0fa7a8a7ca87f04\">\r\n\r\n&nbsp;\r\n\r\nTutkimushankkeen tavoitteena on selvitt\u00e4\u00e4, millainen yritt\u00e4jien el\u00e4kkeelle siirtymisprosessi on ja millaiset yksil\u00f6-, organisaatio-, ja yhteiskuntatason tekij\u00e4t ovat yhteydess\u00e4 heid\u00e4n el\u00e4kkeelle siirtymisp\u00e4\u00e4t\u00f6ksiins\u00e4. Kohteena ovat mikroyritykset ja muut pienikokoiset yritykset. Hankkeessa yhdistell\u00e4\u00e4n psykologian, ik\u00e4\u00e4ntymisen ja taloustieteen teorioita, jotta voimme ymm\u00e4rt\u00e4\u00e4 yritt\u00e4jien el\u00e4keprosessia, joka koostuu el\u00e4kesuunnitelmista, p\u00e4\u00e4t\u00f6ksenteosta, el\u00e4kkeelle siirtymisest\u00e4 ja sopeutumisesta el\u00e4kkeell\u00e4 oloaikaan. Tietoa yritt\u00e4jien el\u00e4keprosessista tarvitaan edist\u00e4m\u00e4\u00e4n yritt\u00e4jien onnistunutta el\u00e4kkeelle siirtymist\u00e4 ja el\u00e4keaikaan sopeutumista sek\u00e4 turvaamaan yritystoiminnan jatkumista ja ty\u00f6paikkojen s\u00e4ilymist\u00e4. Jotta el\u00e4kkeelle siirtyvi\u00e4 yritt\u00e4ji\u00e4 voidaan tukea, tietoa tuotetaan erityisesti 1) el\u00e4kkeelle siirtymisprosessista, 2) el\u00e4kep\u00e4\u00e4t\u00f6ksiin vaikuttavista tekij\u00f6ist\u00e4 ja 3) tekij\u00f6ist\u00e4, jotka edist\u00e4v\u00e4t sopeutumista el\u00e4kkeell\u00e4 oloaikaan. Hankkeessa ker\u00e4t\u00e4\u00e4n m\u00e4\u00e4r\u00e4llinen seurantatutkimus, jossa l\u00e4ht\u00f6tilanteessa haastatellaan noin 250 el\u00e4kkeelle siirtyv\u00e4\u00e4 yritt\u00e4j\u00e4\u00e4. Lis\u00e4ksi hankkeessa ker\u00e4t\u00e4\u00e4n laadullinen tutkimusaineisto, jonka avulla tarkastellaan el\u00e4kkeelle siirtyvien yritt\u00e4jien kertomuksia perheen ja sosiaalisen piirin merkityksest\u00e4 el\u00e4kkeelle siirtymisprosessin kannalta. Hankkeessa k\u00e4ytet\u00e4\u00e4n my\u00f6s Helsinki Birth Cohort Study pitkitt\u00e4isaineistoa el\u00e4kkeelle sopeutumisen tutkimuksessa.\r\n\r\n<b>Tutkijaryhm\u00e4<\/b>\r\n<i>Vastuullinen tutkija<\/i><b>\r\n<\/b>Akatemiatutkija Monika von Bonsdorff, Gerontologian tutkimuskeskus, Liikuntatieteellinen tiedekunta, Jyv\u00e4skyl\u00e4n yliopisto\r\n\r\n<\/div>\r\n<\/div>\r\n[\/vc_column_text][\/vc_column][\/vc_row]","_fi_post_name":"yrittajien-elakeprosessi-suunnittelu-paatoksenteko-siirtyminen-ja-sopeutuminen-elakkeella-oloaikaan-entrepreneur-monika-von-bonsdorff","_fi_post_excerpt":"","_fi_post_title":"Yritt\u00e4jien el\u00e4keprosessi: suunnittelu, p\u00e4\u00e4t\u00f6ksenteko, siirtyminen ja sopeutuminen el\u00e4kkeell\u00e4 oloaikaan (ENTREPRENEUR)","_en_post_content":"[vc_row][vc_column][vc_column_text][\/vc_column_text][vc_column_text]\r\n\r\nIn this research project, we will study the retirement process entrepreneurs and the underlying personal, organizational and societal factors that are associated with the decision to transfer into retirement in micro and small-sized enterprises. The aim of this interdisciplinary study, combining contemporary theories of psychology and ageing, is to understand a societally important phenomenon, entrepreneurs\u2019 retirement process i.e. retirement plans, decision making, and transition and adjustment to life in retirement. Knowledge of entrepreneurs\u2019 retirement processes is needed, not only to help them transition and adjust to life in retirement, but also to secure successful transfer of business and preservation of future jobs. To support retiring entrepreneurs, information will be produced concerning 1) the timing of the retirement transition, 2) the drivers behind retirement decisions and 3) factors promoting adjustment to life in retirement. We will collect a quantitative follow-up study among 250 retiring entrepreneurs. In addition, we will collect qualitative data by asking ageing entrepreneurs to write narratives regarding the role of family and social network in their retirement process. The longitudinal Helsinki Birth Cohort Study (HBCS) will be used to explore adjustment to retirement among ageing entrepreneurs.\r\n\r\n<b>Research group<\/b><i>\r\nPrincipal Investigator<\/i>\r\nAcademy Research Fellow Monika von Bonsdorff, Gerontology Research Center, Faculty of Sport and Health Sciences, University of Jyv\u00e4skyl\u00e4[\/vc_column_text][\/vc_column][\/vc_row][vc_row][vc_column][\/vc_column][\/vc_row]","_en_post_name":"entrepreneur","_en_post_excerpt":"","_en_post_title":"The retirement process of entrepreneurs: retirement plans, decision making, transition and adjustment to life in retirement (ENTREPRENEUR)","edit_language":"en","footnotes":""},"class_list":["post-5810","page","type-page","status-publish","hentry","entry","no-media"],"_links":{"self":[{"href":"https:\/\/www.gerec.fi\/en\/wp-json\/wp\/v2\/pages\/5810","targetHints":{"allow":["GET"]}}],"collection":[{"href":"https:\/\/www.gerec.fi\/en\/wp-json\/wp\/v2\/pages"}],"about":[{"href":"https:\/\/www.gerec.fi\/en\/wp-json\/wp\/v2\/types\/page"}],"author":[{"embeddable":true,"href":"https:\/\/www.gerec.fi\/en\/wp-json\/wp\/v2\/users\/1"}],"replies":[{"embeddable":true,"href":"https:\/\/www.gerec.fi\/en\/wp-json\/wp\/v2\/comments?post=5810"}],"version-history":[{"count":12,"href":"https:\/\/www.gerec.fi\/en\/wp-json\/wp\/v2\/pages\/5810\/revisions"}],"predecessor-version":[{"id":9457,"href":"https:\/\/www.gerec.fi\/en\/wp-json\/wp\/v2\/pages\/5810\/revisions\/9457"}],"up":[{"embeddable":true,"href":"https:\/\/www.gerec.fi\/en\/wp-json\/wp\/v2\/pages\/5279"}],"wp:attachment":[{"href":"https:\/\/www.gerec.fi\/en\/wp-json\/wp\/v2\/media?parent=5810"}],"curies":[{"name":"wp","href":"https:\/\/api.w.org\/{rel}","templated":true}]}}