{"id":5809,"date":"2018-12-16T13:50:32","date_gmt":"2018-12-16T11:50:32","guid":{"rendered":"https:\/\/gerec.fi\/tutkimus\/elamankulku-elakoityminen-ja-toimijuus\/immuunisysteemin-vanheneminen-solu-ja-molekyylitason-mekanismit-mikko-hurme-2-2\/"},"modified":"2024-06-19T08:42:26","modified_gmt":"2024-06-19T05:42:26","slug":"helsinki-birth-cohort-study","status":"publish","type":"page","link":"https:\/\/www.gerec.fi\/en\/research\/lifecourse\/helsinki-birth-cohort-study\/","title":{"rendered":"Healthy and active ageing from a life course perspective - Helsinki Birth Cohort Study","raw":"Healthy and active ageing from a life course perspective - Helsinki Birth Cohort Study"},"content":{"rendered":"[vc_row][vc_column][vc_column_text]\n<p>&nbsp;<\/p>\n<p>The healthy ageing \u2013sub study of the Helsinki Birth Cohort Study focuses on early life factors such as growth and development as determinants of later life health and functioning. The cohort member were born between 1934 and 1944. The register study part of the dataset includes rich information on 13\u00a0345 cohort members. The cohort members were born at the Helsinki University Hospital or at the Helsinki Midwife Clinic and they were all alive in 1971 when Finnish citizens were given a personal identification number, which was used to link the register data. Detailed data on growth have been extracted from the birth, child welfare and school healthcare records. These unique data have been linked with various national registers on hospital care, medical reimbursements and medicine purchases, pension data among others.<\/p>\n<p>Of the cohort members who were born at the Helsinki University Hospital (n=8760), a random sample of 2902 were invited to take part in a clinical examination in the year 2000. During 2001-04 2003 cohort members participated in clinical measurements and interviews were data were gathered on e.g. physical, mental and cognitive functioning, physiology, lifestyle factors, social factors, diseases. The clinical cohort has been followed up in 2011-13 and in 2017-18. The later data collection waves include rich data on factors related to healthy ageing.<\/p>\n<p><b>Funding<\/b><br \/>\nAcademy of Finland, EU H2020<\/p>\n<p><b>Research group<\/b><br \/>\nCohort PI Professor Johan Eriksson, University of Helsinki<br \/>\nHealthy ageing sub-study leader Senior Researcher, Docent Mikaela von Bonsdorff<\/p>\n<p>Docent, PhD Tuija Mikkola, Folkh\u00e4lsan Research Center, Helsinki<br \/>\nPhD Minna Salonen, National Institute for Health and Welfare<br \/>\nAcademy Research Fellow, PhD Monika von Bonsdorff, JY<br \/>\nPhD Mia Per\u00e4l\u00e4, University of Helsinki<br \/>\nDoctoral student, MA Taina Poranen-Clark, JY<br \/>\nDoctoral student, Med Cand student, Markus Haapala, HY<br \/>\nDoctoral student, Med Cand student, Anna Westberg, HY<br \/>\nDoctoral student, MD, Max \u00c5str\u00f6m, HY<\/p>\n<p><b>Collaboration<\/b><br \/>\nMRC Unit of Lifelong Health and Ageing at UCL, Senior Researcher Rachel Cooper<br \/>\nMRC Southampton, Professor Clive Osmond<br \/>\nDuke University, Professors Miriam Morey &amp; Harvey Cohen<br \/>\nUniversity of Helsinki, Professor Timo Strandberg<br \/>\nUniversity of Turku, Academy Research Fellow Sari Stenholm<\/p>\n<p><b>Selected publications <\/b><\/p>\n<p>von Bonsdorff MB, von Bonsdorff ME, Haanp\u00e4\u00e4 M, Salonen M, Mikkola TM, Kautiainen H, Eriksson JG. Work-loss years among people diagnosed with diabetes &#8211; a reappraisal from a life course perspective. Acta Diabetol, 2018;55:485-91.<\/p>\n<p>Mikkola TM, von Bonsdorff MB, Kajantie E, Salonen MK, Osmond C, Eriksson JG. Association of body size at birth and childhood growth with osteoporosis and hip fractures in older age: a follow-up of the Helsinki Birth Cohort Study. Journal of Bone and Mineral Research, 2017;32:1194-200.<\/p>\n<p>Per\u00e4l\u00e4 MM, von Bonsdorff MB, M\u00e4nnist\u00f6 S, Salonen MK, Simonen M, Kanerva N, Pohjolainen P, Kajantie E, Rantanen T, Eriksson JG. The healthy Nordic diet predicts muscle strength 10 years later in old women, but not old men. Age and Ageing, 2017;46:588-94.<\/p>\n<p>von Bonsdorff ME, von Bonsdorff MB, Martikainen J, Salonen MK, Kajantie E, Kautiainen H, Eriksson JG. Body size at birth and coronary heart disease-related hospital care in adult men \u2013 Findings from the Helsinki Birth Cohort Study. Annals of Medicine, 2017;49:126-33.<\/p>\n<p>Poranen-Clark T, von Bonsdorff MB, T\u00f6rm\u00e4kangas T, Lahti J, Wasenius N, R\u00e4ikk\u00f6nen K, Osmond C, Salonen MK, Rantanen T, Kajantie E, Eriksson JG. Intellectual ability in young adulthood as an antecedent of physical functioning in older age. Age &amp; Ageing 2016;45:727-31.<\/p>\n<p>Westberg A, Salonen MK, von Bonsdorff MB, Kajantie E, Eriksson JG. Maternal body mass index in pregnancy and offspring physical and psychosocial functioning in older age: findings from the Helsinki Birth Cohort Study (HBCS). Annals of Medicine 2016;48:268-74.<\/p>\n<p>Eriksson JG, Osmond C, Per\u00e4l\u00e4 MM; Salonen MK, Simonen M, Pohjolainen P, Kajantie E, Rantanen T, von Bonsdorff MB. Prenatal and childhood growth and physical performance in old age &#8211; findings from the Helsinki Birth Cohort Study 1934-44. AGE 2015;37:108.<\/p>\n<p>von Bonsdorff MB, T\u00f6rm\u00e4kangas T, Salonen MK, von Bonsdorff ME, Osmond C, Kajantie E, Eriksson JG. Early life origins of all-cause and cause-specific disability pension: findings from the Helsinki Birth Cohort Study. PLoS ONE 2015;10:e122134.<\/p>\n<p>von Bonsdorff MB, Rantanen T, Sipil\u00e4 S, Salonen MK, Kajantie E, Osmond C, Barker DJP, Eriksson JG. Birth Size and Childhood Growth as Determinants of Physical Functioning in Older Age: the Helsinki Birth Cohort Study. American Journal of Epidemiology 2011;174:1336-44.[\/vc_column_text][\/vc_column][\/vc_row]\n","protected":false,"raw":"[vc_row][vc_column][vc_column_text]\r\n\r\n&nbsp;\r\n\r\nThe healthy ageing \u2013sub study of the Helsinki Birth Cohort Study focuses on early life factors such as growth and development as determinants of later life health and functioning. The cohort member were born between 1934 and 1944. The register study part of the dataset includes rich information on 13\u00a0345 cohort members. The cohort members were born at the Helsinki University Hospital or at the Helsinki Midwife Clinic and they were all alive in 1971 when Finnish citizens were given a personal identification number, which was used to link the register data. Detailed data on growth have been extracted from the birth, child welfare and school healthcare records. These unique data have been linked with various national registers on hospital care, medical reimbursements and medicine purchases, pension data among others.\r\n\r\nOf the cohort members who were born at the Helsinki University Hospital (n=8760), a random sample of 2902 were invited to take part in a clinical examination in the year 2000. During 2001-04 2003 cohort members participated in clinical measurements and interviews were data were gathered on e.g. physical, mental and cognitive functioning, physiology, lifestyle factors, social factors, diseases. The clinical cohort has been followed up in 2011-13 and in 2017-18. The later data collection waves include rich data on factors related to healthy ageing.\r\n\r\n<b>Funding<\/b>\r\nAcademy of Finland, EU H2020\r\n\r\n<b>Research group<\/b>\r\nCohort PI Professor Johan Eriksson, University of Helsinki\r\nHealthy ageing sub-study leader Senior Researcher, Docent Mikaela von Bonsdorff\r\n\r\nDocent, PhD Tuija Mikkola, Folkh\u00e4lsan Research Center, Helsinki\r\nPhD Minna Salonen, National Institute for Health and Welfare\r\nAcademy Research Fellow, PhD Monika von Bonsdorff, JY\r\nPhD Mia Per\u00e4l\u00e4, University of Helsinki\r\nDoctoral student, MA Taina Poranen-Clark, JY\r\nDoctoral student, Med Cand student, Markus Haapala, HY\r\nDoctoral student, Med Cand student, Anna Westberg, HY\r\nDoctoral student, MD, Max \u00c5str\u00f6m, HY\r\n\r\n<b>Collaboration<\/b>\r\nMRC Unit of Lifelong Health and Ageing at UCL, Senior Researcher Rachel Cooper\r\nMRC Southampton, Professor Clive Osmond\r\nDuke University, Professors Miriam Morey &amp; Harvey Cohen\r\nUniversity of Helsinki, Professor Timo Strandberg\r\nUniversity of Turku, Academy Research Fellow Sari Stenholm\r\n\r\n<b>Selected publications <\/b>\r\n\r\nvon Bonsdorff MB, von Bonsdorff ME, Haanp\u00e4\u00e4 M, Salonen M, Mikkola TM, Kautiainen H, Eriksson JG. Work-loss years among people diagnosed with diabetes - a reappraisal from a life course perspective. Acta Diabetol, 2018;55:485-91.\r\n\r\nMikkola TM, von Bonsdorff MB, Kajantie E, Salonen MK, Osmond C, Eriksson JG. Association of body size at birth and childhood growth with osteoporosis and hip fractures in older age: a follow-up of the Helsinki Birth Cohort Study. Journal of Bone and Mineral Research, 2017;32:1194-200.\r\n\r\nPer\u00e4l\u00e4 MM, von Bonsdorff MB, M\u00e4nnist\u00f6 S, Salonen MK, Simonen M, Kanerva N, Pohjolainen P, Kajantie E, Rantanen T, Eriksson JG. The healthy Nordic diet predicts muscle strength 10 years later in old women, but not old men. Age and Ageing, 2017;46:588-94.\r\n\r\nvon Bonsdorff ME, von Bonsdorff MB, Martikainen J, Salonen MK, Kajantie E, Kautiainen H, Eriksson JG. Body size at birth and coronary heart disease-related hospital care in adult men \u2013 Findings from the Helsinki Birth Cohort Study. Annals of Medicine, 2017;49:126-33.\r\n\r\nPoranen-Clark T, von Bonsdorff MB, T\u00f6rm\u00e4kangas T, Lahti J, Wasenius N, R\u00e4ikk\u00f6nen K, Osmond C, Salonen MK, Rantanen T, Kajantie E, Eriksson JG. Intellectual ability in young adulthood as an antecedent of physical functioning in older age. Age &amp; Ageing 2016;45:727-31.\r\n\r\nWestberg A, Salonen MK, von Bonsdorff MB, Kajantie E, Eriksson JG. Maternal body mass index in pregnancy and offspring physical and psychosocial functioning in older age: findings from the Helsinki Birth Cohort Study (HBCS). Annals of Medicine 2016;48:268-74.\r\n\r\nEriksson JG, Osmond C, Per\u00e4l\u00e4 MM; Salonen MK, Simonen M, Pohjolainen P, Kajantie E, Rantanen T, von Bonsdorff MB. Prenatal and childhood growth and physical performance in old age - findings from the Helsinki Birth Cohort Study 1934-44. AGE 2015;37:108.\r\n\r\nvon Bonsdorff MB, T\u00f6rm\u00e4kangas T, Salonen MK, von Bonsdorff ME, Osmond C, Kajantie E, Eriksson JG. Early life origins of all-cause and cause-specific disability pension: findings from the Helsinki Birth Cohort Study. PLoS ONE 2015;10:e122134.\r\n\r\nvon Bonsdorff MB, Rantanen T, Sipil\u00e4 S, Salonen MK, Kajantie E, Osmond C, Barker DJP, Eriksson JG. Birth Size and Childhood Growth as Determinants of Physical Functioning in Older Age: the Helsinki Birth Cohort Study. American Journal of Epidemiology 2011;174:1336-44.[\/vc_column_text][\/vc_column][\/vc_row]"},"excerpt":{"rendered":"[vc_row column_spacing=\"50\" bg_style=\"stretch\" css=\".vc_custom_1544814296502{padding-top: 30px !important;padding-bottom: 5px !important;}\"][vc_column][vc_column_text font_size=\"14px\"] &nbsp; Terveellinen vanheneminen -osatutkimus Helsingin syntym\u00e4kohortissa keskittyy tarkastelemaan varhaisen fyysisen kasvun ja kehityksen sek\u00e4 altisteiden vaikutuksia vanhemman i\u00e4n terveyteen ja toimintakykyyn. Helsingin syntym\u00e4kohortin osallistujat ovat syntyneet vuosina 1934-44. Kohortin rekisteriosaan kuuluu&hellip;","protected":false,"raw":""},"author":1,"featured_media":0,"parent":5662,"menu_order":1,"comment_status":"closed","ping_status":"closed","template":"","meta":{"_mi_skip_tracking":false,"_fi_post_content":"[vc_row column_spacing=\"50\" bg_style=\"stretch\" css=\".vc_custom_1544814296502{padding-top: 30px !important;padding-bottom: 5px !important;}\"][vc_column][vc_column_text font_size=\"14px\"]\r\n<div id=\"content-core\">\r\n<div id=\"parent-fieldname-text-471151cc5fae4096b0fa7a8a7ca87f04\" class=\"\">\r\n\r\n&nbsp;\r\n\r\nTerveellinen vanheneminen -osatutkimus Helsingin syntym\u00e4kohortissa keskittyy tarkastelemaan varhaisen fyysisen kasvun ja kehityksen sek\u00e4 altisteiden vaikutuksia vanhemman i\u00e4n terveyteen ja toimintakykyyn. Helsingin syntym\u00e4kohortin osallistujat ovat syntyneet vuosina 1934-44. Kohortin rekisteriosaan kuuluu 13\u00a0345 henkil\u00f6\u00e4, jotka ovat olleet elossa vuonna 1971 kun suomalaisille on annettu sosiaaliturvatunnukset. He ovat syntyneet Helsingin yliopistollisessa keskussairaalassa tai Helsingin K\u00e4til\u00f6opistolla. Kohortista on olemassa yksityiskohtaiset kasvutiedot, jotka on poimittu syntym\u00e4-, neuvola- ja kouluterveydenhuollon rekistereist\u00e4. N\u00e4m\u00e4 ainutlaatuiset tiedot on linkattu eri rekistereihin kuten HILMO-tietoihin, Kelan l\u00e4\u00e4ketietoihin sek\u00e4 el\u00e4ketietoihin.\r\n\r\nTutkimuksen kliinisess\u00e4 osassa on Helsingin yliopistollisessa keskussairaalassa syntyneist\u00e4 henkil\u00f6ist\u00e4 (n=8760) vuonna 2000 elossa olevista on otettu satunnaisotos (n=2902) josta 2003 henkil\u00f6\u00e4 on osallistunut vuosina 2001-04 monipuolisiin kliinisiin mittauksiin ja tutkimuksiin joilla on selvitetty henkil\u00f6iden terveytt\u00e4, fyysist\u00e4, psyykkist\u00e4 ja kognitiivista suorituskyky\u00e4, fysiologiaa, elintapoja sek\u00e4 sosiaalisia tekij\u00f6it\u00e4. Kliinist\u00e4 kohorttia on mitattu vuosina 2011-13 sek\u00e4 2017-18. Tutkimuksen viimeisimm\u00e4t seurannat ovat keskittyneet terveeseen vanhenemiseen ja siihen yhteydess\u00e4 oleviin tekij\u00f6ihin.\r\n\r\n<b>Tutkimuksen rahoittajat<\/b>\r\nSuomen Akatemia, EU H2020\r\n\r\n<b>Tutkimusryhm\u00e4<\/b>\r\nKohortin johtaja Professori Johan Eriksson, Helsingin yliopisto\r\nTerveellinen vanheneminen \u2013osatutkimuksen johtaja yliopistotutkija Mikaela von Bonsdorff\r\n\r\n<b>Muu tutkimusryhm\u00e4<\/b>\r\nDosentti, TtT Tuija Mikkola, Folkh\u00e4lsan\r\nTtT Minna Salonen, THL\r\nAkatemiatutkija KTT Monika von Bonsdorff, JY\r\nTtT Mia Per\u00e4l\u00e4, HY\r\nTohtoriopiskelija, KTM Taina Poranen-Clark, JY\r\nTohtoriopiskelija, l\u00e4\u00e4ketieteenopiskelija Markus Haapala, HY\r\nTohtoriopiskelija, l\u00e4\u00e4ketieteenopiskelija Anna Westberg, HY\r\nTohtoriopiskelija, l\u00e4\u00e4ketieteen kandidaatti Max \u00c5st\u00f6m, HY\r\n\r\n<b>Yhteisty\u00f6tahot<\/b>\r\nMRC Unit of Lifelong Health and Ageing at UCL, UK Senior Researcher Rachel Cooper\r\nMRC Southampton, UK Professor Clive Osmond\r\nDuke University School of Medicine, Durham NC, US Professors Miriam Morey &amp; Harvey Cohen\r\nHelsingin yliopisto, Professori Timo Strandberg\r\n\r\n<b>Keskeiset julkaisut <\/b>\r\n\r\nvon Bonsdorff MB, von Bonsdorff ME, Haanp\u00e4\u00e4 M, Salonen M, Mikkola TM, Kautiainen H, Eriksson JG. Work-loss years among people diagnosed with diabetes - a reappraisal from a life course perspective. Acta Diabetol, DOI: 10.1007\/s00592-018-1119-x.\r\n\r\nHaapanen MJ, Per\u00e4l\u00e4 MM, Osmond C, Salonen MK, Kajantie E, Simonen M, Pohjolainen P, Eriksson JG, von Bonsdorff MB. Early life determinants of frailty in old age: the Helsinki Birth Cohort Study. Age and Ageing, in press.\r\n\r\nMikkola TM, von Bonsdorff MB, Kajantie E, Salonen MK, Osmond C, Eriksson JG. Association of body size at birth and childhood growth with osteoporosis and hip fractures in older age: a follow-up of the Helsinki Birth Cohort Study. Journal of Bone and Mineral Research, 2017;32:1194-200.\r\n\r\nPer\u00e4l\u00e4 MM, von Bonsdorff MB, M\u00e4nnist\u00f6 S, Salonen MK, Simonen M, Kanerva N, Pohjolainen P, Kajantie E, Rantanen T, Eriksson JG. The healthy Nordic diet predicts muscle strength 10 years later in old women, but not old men. Age and Ageing, 2017;46:588-94.\r\n\r\nvon Bonsdorff ME, von Bonsdorff MB, Martikainen J, Salonen MK, Kajantie E, Kautiainen H, Eriksson JG. Body size at birth and coronary heart disease-related hospital care in adult men \u2013 Findings from the Helsinki Birth Cohort Study. Annals of Medicine, 2017;49:126-33.\r\n\r\nPoranen-Clark T, von Bonsdorff MB, T\u00f6rm\u00e4kangas T, Lahti J, Wasenius N, R\u00e4ikk\u00f6nen K, Osmond C, Salonen MK, Rantanen T, Kajantie E, Eriksson JG. Intellectual ability in young adulthood as an antecedent of physical functioning in older age. Age &amp; Ageing 2016;45:727-31.\r\n\r\nWestberg A, Salonen MK, von Bonsdorff MB, Kajantie E, Eriksson JG. Maternal body mass index in pregnancy and offspring physical and psychosocial functioning in older age: findings from the Helsinki Birth Cohort Study (HBCS). Annals of Medicine 2016;48:268-74.\r\n\r\nEriksson JG, Osmond C, Per\u00e4l\u00e4 MM; Salonen MK, Simonen M, Pohjolainen P, Kajantie E, Rantanen T, von Bonsdorff MB. Prenatal and childhood growth and physical performance in old age - findings from the Helsinki Birth Cohort Study 1934-44. AGE 2015;37:108.\r\n\r\nvon Bonsdorff MB, T\u00f6rm\u00e4kangas T, Salonen MK, von Bonsdorff ME, Osmond C, Kajantie E, Eriksson JG. Early life origins of all-cause and cause-specific disability pension: findings from the Helsinki Birth Cohort Study. PLoS ONE 2015;10:e122134.\r\n\r\nvon Bonsdorff MB, Rantanen T, Sipil\u00e4 S, Salonen MK, Kajantie E, Osmond C, Barker DJP, Eriksson JG. Birth Size and Childhood Growth as Determinants of Physical Functioning in Older Age: the Helsinki Birth Cohort Study. American Journal of Epidemiology 2011;174:1336-44.\r\n\r\n<\/div>\r\n<\/div>\r\n[\/vc_column_text][\/vc_column][\/vc_row]","_fi_post_name":"terveellinen-vanheneminen-elamankulun-nakokulmasta-helsinki-birth-cohort-study-mikaela-von-bonsdorff-johan-eriksson","_fi_post_excerpt":"","_fi_post_title":"Terveellinen vanheneminen el\u00e4m\u00e4nkulun n\u00e4k\u00f6kulmasta - Helsinki Birth Cohort Study","_en_post_content":"[vc_row][vc_column][vc_column_text]\r\n\r\n&nbsp;\r\n\r\nThe healthy ageing \u2013sub study of the Helsinki Birth Cohort Study focuses on early life factors such as growth and development as determinants of later life health and functioning. The cohort member were born between 1934 and 1944. The register study part of the dataset includes rich information on 13\u00a0345 cohort members. The cohort members were born at the Helsinki University Hospital or at the Helsinki Midwife Clinic and they were all alive in 1971 when Finnish citizens were given a personal identification number, which was used to link the register data. Detailed data on growth have been extracted from the birth, child welfare and school healthcare records. These unique data have been linked with various national registers on hospital care, medical reimbursements and medicine purchases, pension data among others.\r\n\r\nOf the cohort members who were born at the Helsinki University Hospital (n=8760), a random sample of 2902 were invited to take part in a clinical examination in the year 2000. During 2001-04 2003 cohort members participated in clinical measurements and interviews were data were gathered on e.g. physical, mental and cognitive functioning, physiology, lifestyle factors, social factors, diseases. The clinical cohort has been followed up in 2011-13 and in 2017-18. The later data collection waves include rich data on factors related to healthy ageing.\r\n\r\n<b>Funding<\/b>\r\nAcademy of Finland, EU H2020\r\n\r\n<b>Research group<\/b>\r\nCohort PI Professor Johan Eriksson, University of Helsinki\r\nHealthy ageing sub-study leader Senior Researcher, Docent Mikaela von Bonsdorff\r\n\r\nDocent, PhD Tuija Mikkola, Folkh\u00e4lsan Research Center, Helsinki\r\nPhD Minna Salonen, National Institute for Health and Welfare\r\nAcademy Research Fellow, PhD Monika von Bonsdorff, JY\r\nPhD Mia Per\u00e4l\u00e4, University of Helsinki\r\nDoctoral student, MA Taina Poranen-Clark, JY\r\nDoctoral student, Med Cand student, Markus Haapala, HY\r\nDoctoral student, Med Cand student, Anna Westberg, HY\r\nDoctoral student, MD, Max \u00c5str\u00f6m, HY\r\n\r\n<b>Collaboration<\/b>\r\nMRC Unit of Lifelong Health and Ageing at UCL, Senior Researcher Rachel Cooper\r\nMRC Southampton, Professor Clive Osmond\r\nDuke University, Professors Miriam Morey &amp; Harvey Cohen\r\nUniversity of Helsinki, Professor Timo Strandberg\r\nUniversity of Turku, Academy Research Fellow Sari Stenholm\r\n\r\n<b>Selected publications <\/b>\r\n\r\nvon Bonsdorff MB, von Bonsdorff ME, Haanp\u00e4\u00e4 M, Salonen M, Mikkola TM, Kautiainen H, Eriksson JG. Work-loss years among people diagnosed with diabetes - a reappraisal from a life course perspective. Acta Diabetol, 2018;55:485-91.\r\n\r\nMikkola TM, von Bonsdorff MB, Kajantie E, Salonen MK, Osmond C, Eriksson JG. Association of body size at birth and childhood growth with osteoporosis and hip fractures in older age: a follow-up of the Helsinki Birth Cohort Study. Journal of Bone and Mineral Research, 2017;32:1194-200.\r\n\r\nPer\u00e4l\u00e4 MM, von Bonsdorff MB, M\u00e4nnist\u00f6 S, Salonen MK, Simonen M, Kanerva N, Pohjolainen P, Kajantie E, Rantanen T, Eriksson JG. The healthy Nordic diet predicts muscle strength 10 years later in old women, but not old men. Age and Ageing, 2017;46:588-94.\r\n\r\nvon Bonsdorff ME, von Bonsdorff MB, Martikainen J, Salonen MK, Kajantie E, Kautiainen H, Eriksson JG. Body size at birth and coronary heart disease-related hospital care in adult men \u2013 Findings from the Helsinki Birth Cohort Study. Annals of Medicine, 2017;49:126-33.\r\n\r\nPoranen-Clark T, von Bonsdorff MB, T\u00f6rm\u00e4kangas T, Lahti J, Wasenius N, R\u00e4ikk\u00f6nen K, Osmond C, Salonen MK, Rantanen T, Kajantie E, Eriksson JG. Intellectual ability in young adulthood as an antecedent of physical functioning in older age. Age &amp; Ageing 2016;45:727-31.\r\n\r\nWestberg A, Salonen MK, von Bonsdorff MB, Kajantie E, Eriksson JG. Maternal body mass index in pregnancy and offspring physical and psychosocial functioning in older age: findings from the Helsinki Birth Cohort Study (HBCS). Annals of Medicine 2016;48:268-74.\r\n\r\nEriksson JG, Osmond C, Per\u00e4l\u00e4 MM; Salonen MK, Simonen M, Pohjolainen P, Kajantie E, Rantanen T, von Bonsdorff MB. Prenatal and childhood growth and physical performance in old age - findings from the Helsinki Birth Cohort Study 1934-44. AGE 2015;37:108.\r\n\r\nvon Bonsdorff MB, T\u00f6rm\u00e4kangas T, Salonen MK, von Bonsdorff ME, Osmond C, Kajantie E, Eriksson JG. Early life origins of all-cause and cause-specific disability pension: findings from the Helsinki Birth Cohort Study. PLoS ONE 2015;10:e122134.\r\n\r\nvon Bonsdorff MB, Rantanen T, Sipil\u00e4 S, Salonen MK, Kajantie E, Osmond C, Barker DJP, Eriksson JG. Birth Size and Childhood Growth as Determinants of Physical Functioning in Older Age: the Helsinki Birth Cohort Study. American Journal of Epidemiology 2011;174:1336-44.[\/vc_column_text][\/vc_column][\/vc_row]","_en_post_name":"helsinki-birth-cohort-study","_en_post_excerpt":"","_en_post_title":"Healthy and active ageing from a life course perspective - Helsinki Birth Cohort Study","edit_language":"en","footnotes":""},"class_list":["post-5809","page","type-page","status-publish","hentry","entry","no-media"],"_links":{"self":[{"href":"https:\/\/www.gerec.fi\/en\/wp-json\/wp\/v2\/pages\/5809","targetHints":{"allow":["GET"]}}],"collection":[{"href":"https:\/\/www.gerec.fi\/en\/wp-json\/wp\/v2\/pages"}],"about":[{"href":"https:\/\/www.gerec.fi\/en\/wp-json\/wp\/v2\/types\/page"}],"author":[{"embeddable":true,"href":"https:\/\/www.gerec.fi\/en\/wp-json\/wp\/v2\/users\/1"}],"replies":[{"embeddable":true,"href":"https:\/\/www.gerec.fi\/en\/wp-json\/wp\/v2\/comments?post=5809"}],"version-history":[{"count":6,"href":"https:\/\/www.gerec.fi\/en\/wp-json\/wp\/v2\/pages\/5809\/revisions"}],"predecessor-version":[{"id":9222,"href":"https:\/\/www.gerec.fi\/en\/wp-json\/wp\/v2\/pages\/5809\/revisions\/9222"}],"up":[{"embeddable":true,"href":"https:\/\/www.gerec.fi\/en\/wp-json\/wp\/v2\/pages\/5662"}],"wp:attachment":[{"href":"https:\/\/www.gerec.fi\/en\/wp-json\/wp\/v2\/media?parent=5809"}],"curies":[{"name":"wp","href":"https:\/\/api.w.org\/{rel}","templated":true}]}}