{"id":5780,"date":"2014-01-20T20:19:28","date_gmt":"2018-12-16T11:02:16","guid":{"rendered":"https:\/\/gerec.fi\/tutkimus\/tutkimusarkisto\/nordic-comparative-and-longitudinal-study-of-75-80-year-olds-nora-4\/"},"modified":"2024-06-19T08:42:27","modified_gmt":"2024-06-19T05:42:27","slug":"geha","status":"publish","type":"page","link":"https:\/\/www.gerec.fi\/en\/research\/archived\/geha\/","title":{"rendered":"Genetics of Healthy Ageing (GEHA)","raw":"Genetics of Healthy Ageing (GEHA)"},"content":{"rendered":"[vc_row][vc_column][vc_column_text]<b>Genetics of Healthy Ageing (GEHA) <\/b><\/p>\n<p>The aim of the Integrated Project GEHA is to identify genes involved in healthy aging and longevity, which allow individuals to survive to advanced old age in good cognitive and physical function and in the absence of major age-related diseases. Data consist of more than\u00a0 2500 sibpairs aged 90+, and younger controls. Altogether \u00a025 research groups from 11 European countries and China participate in the project. GEHA is coordinated by Professor Claudio Franceschi from the University of Bologna. The funding period from the EU 6 FP has expired but analysis and reporting continue. GEHA homepage: <a href=\"http:\/\/www.geha.unibo.it\/page_display.asp?pid=13\">http:\/\/www.geha.unibo.it\/page_display.asp?pid=13<\/a><\/p>\n<p>&nbsp;<\/p>\n<p><b>Funding<\/b><\/p>\n<p>EU FP 6 (until 2009)<\/p>\n<p><b>Research group in Finland<\/b><\/p>\n<p><b><i>Principal Investigator<\/i><\/b><\/p>\n<p>Professor Antti Hervonen, antti.hervonen (at) uta.fi, School of Health Sciences, University of Tampere<\/p>\n<p><b>Other Senior researchers<\/b><\/p>\n<p>Professor Mikko Hurme, mikko.a.hurme (at) uta.fi, School of Medicine, University of Tampere<\/p>\n<p>Professor Marja Jylh\u00e4, marja.jylha(at)uta.fi, School of Health Sciences, University of Tampere<\/p>\n<p>Professor Kari Majamaa, kari.majamaa at oulu.fi, Institute of Clinical Medicine, University of Oulu<\/p>\n<p><b>Publications<\/b><\/p>\n<p>Franceschi C, Bezrukov V, Blanch\u00e9 H, Bolund L, Christensen K, de Benedictis G, Deiana L, Gonos E, Hervonen A, Yang H, Jeune B, Kirkwood TB, Kristensen P, Leon A, Pelicci PG, Peltonen L, Poulain M, Rea IM, Remacle J, Robine JM, Schreiber S, Sikora E, Slagboom PE, Spazzafumo L, Stazi MA, Toussaint O, Vaupel JW. Genetics of healthy aging in Europe: the EU-integrated project GEHA (GEnetics of Healthy Aging).Ann N Y Acad Sci. 2007 Apr;1100:21-45. Review.<\/p>\n<p>Rose G, Romeo G, Dato S, Crocco P, Bruni AC, Hervonen A, Majamaa K, Sevini F, Franceschi C, Passarino G; GEnetics of Healthy Ageing Project Consortium. Somatic point mutations in mtDNA control region are influenced by genetic background and associated with healthy aging: a GEHA study.PLoS One. 2010 Oct 14;5(10):e13395.<\/p>\n<p>Skytthe A, Valensin S, Jeune B, Cevenini E, Balard F, Beekman M, Bezrukov V, Blanche H, Bolund L, Broczek K, Carru C, Christensen K, Christiansen L, Collerton JC, Cotichini R, de Craen AJ, Dato S, Davies K, De Benedictis G, Deiana L, Flachsbart F, Gampe J, Gilbault C, Gonos ES, Haimes E, Hervonen A, Hurme MA, Janiszewska D, Jylh\u00e4 M, Kirkwood TB, Kristensen P, Laiho P, Leon A, Marchisio A,\u00a0 Masciulli R, Nebel A, Passarino G, Pelicci G, Peltonen L, Perola M, Poulain M, Rea IM, Remacle J, Robine JM, Schreiber S, Scurti M, Sevini F, Sikora E, Skouteri A, Slagboom PE, Spazzafumo L, Stazi MA, Toccaceli V, Toussaint O, T\u00f6rnwall O, Vaupel JW, Voutetakis K, Franceschi C; GEHA consortium. Design, recruitment, logistics, and data management of the GEHA (Genetics of Healthy Ageing) project.\u00a0 Exp Gerontol. 2011 Nov;46(11):934-45. Epub 2011 Aug 16. PubMed PMID: 21871552.[\/vc_column_text][\/vc_column][\/vc_row]\n","protected":false,"raw":"[vc_row][vc_column][vc_column_text]<b>Genetics of Healthy Ageing (GEHA) <\/b>\r\n\r\nThe aim of the Integrated Project GEHA is to identify genes involved in healthy aging and longevity, which allow individuals to survive to advanced old age in good cognitive and physical function and in the absence of major age-related diseases. Data consist of more than\u00a0 2500 sibpairs aged 90+, and younger controls. Altogether \u00a025 research groups from 11 European countries and China participate in the project. GEHA is coordinated by Professor Claudio Franceschi from the University of Bologna. The funding period from the EU 6 FP has expired but analysis and reporting continue. GEHA homepage: <a href=\"http:\/\/www.geha.unibo.it\/page_display.asp?pid=13\">http:\/\/www.geha.unibo.it\/page_display.asp?pid=13<\/a>\r\n\r\n&nbsp;\r\n\r\n<b>Funding<\/b>\r\n\r\nEU FP 6 (until 2009)\r\n\r\n<b>Research group in Finland<\/b>\r\n\r\n<b><i>Principal Investigator<\/i><\/b>\r\n\r\nProfessor Antti Hervonen, antti.hervonen (at) uta.fi, School of Health Sciences, University of Tampere\r\n\r\n<b>Other Senior researchers<\/b>\r\n\r\nProfessor Mikko Hurme, mikko.a.hurme (at) uta.fi, School of Medicine, University of Tampere\r\n\r\nProfessor Marja Jylh\u00e4, marja.jylha(at)uta.fi, School of Health Sciences, University of Tampere\r\n\r\nProfessor Kari Majamaa, kari.majamaa at oulu.fi, Institute of Clinical Medicine, University of Oulu\r\n\r\n<b>Publications<\/b>\r\n\r\nFranceschi C, Bezrukov V, Blanch\u00e9 H, Bolund L, Christensen K, de Benedictis G, Deiana L, Gonos E, Hervonen A, Yang H, Jeune B, Kirkwood TB, Kristensen P, Leon A, Pelicci PG, Peltonen L, Poulain M, Rea IM, Remacle J, Robine JM, Schreiber S, Sikora E, Slagboom PE, Spazzafumo L, Stazi MA, Toussaint O, Vaupel JW. Genetics of healthy aging in Europe: the EU-integrated project GEHA (GEnetics of Healthy Aging).Ann N Y Acad Sci. 2007 Apr;1100:21-45. Review.\r\n\r\nRose G, Romeo G, Dato S, Crocco P, Bruni AC, Hervonen A, Majamaa K, Sevini F, Franceschi C, Passarino G; GEnetics of Healthy Ageing Project Consortium. Somatic point mutations in mtDNA control region are influenced by genetic background and associated with healthy aging: a GEHA study.PLoS One. 2010 Oct 14;5(10):e13395.\r\n\r\nSkytthe A, Valensin S, Jeune B, Cevenini E, Balard F, Beekman M, Bezrukov V, Blanche H, Bolund L, Broczek K, Carru C, Christensen K, Christiansen L, Collerton JC, Cotichini R, de Craen AJ, Dato S, Davies K, De Benedictis G, Deiana L, Flachsbart F, Gampe J, Gilbault C, Gonos ES, Haimes E, Hervonen A, Hurme MA, Janiszewska D, Jylh\u00e4 M, Kirkwood TB, Kristensen P, Laiho P, Leon A, Marchisio A,\u00a0 Masciulli R, Nebel A, Passarino G, Pelicci G, Peltonen L, Perola M, Poulain M, Rea IM, Remacle J, Robine JM, Schreiber S, Scurti M, Sevini F, Sikora E, Skouteri A, Slagboom PE, Spazzafumo L, Stazi MA, Toccaceli V, Toussaint O, T\u00f6rnwall O, Vaupel JW, Voutetakis K, Franceschi C; GEHA consortium. Design, recruitment, logistics, and data management of the GEHA (Genetics of Healthy Ageing) project.\u00a0 Exp Gerontol. 2011 Nov;46(11):934-45. Epub 2011 Aug 16. PubMed PMID: 21871552.[\/vc_column_text][\/vc_column][\/vc_row]"},"excerpt":{"rendered":"[vc_row][vc_column][vc_column_text]Terveen\u00e4 ik\u00e4\u00e4ntymisen genetiikka (GEHA) GEHA-projektin tavoitteena on tunnistaa terveeseen ik\u00e4\u00e4ntymiseen ja pitk\u00e4ik\u00e4isyyteen osallistuvat geenit, joiden avulla yksil\u00f6t voivat el\u00e4\u00e4 pitk\u00e4ik\u00e4isiksi s\u00e4ilytt\u00e4en hyv\u00e4n kognitiivisen ja fyysisen toimintakyvyn sek\u00e4 v\u00e4lttyen merkitt\u00e4vilt\u00e4 ik\u00e4\u00e4n liittyvilt\u00e4 sairauksilta. Tutkimukseen ker\u00e4tyt tiedot koostuvat yli 2500 sisarusparista, i\u00e4lt\u00e4\u00e4n&hellip;","protected":false,"raw":""},"author":1,"featured_media":0,"parent":5279,"menu_order":16,"comment_status":"open","ping_status":"open","template":"templates\/left-sidebar.php","meta":{"_mi_skip_tracking":false,"_fi_post_content":"[vc_row][vc_column][vc_column_text]Terveen\u00e4 ik\u00e4\u00e4ntymisen genetiikka (GEHA)\r\n\r\nGEHA-projektin tavoitteena on tunnistaa terveeseen ik\u00e4\u00e4ntymiseen ja pitk\u00e4ik\u00e4isyyteen osallistuvat geenit, joiden avulla yksil\u00f6t voivat el\u00e4\u00e4 pitk\u00e4ik\u00e4isiksi s\u00e4ilytt\u00e4en hyv\u00e4n kognitiivisen ja fyysisen toimintakyvyn sek\u00e4 v\u00e4lttyen merkitt\u00e4vilt\u00e4 ik\u00e4\u00e4n liittyvilt\u00e4 sairauksilta. Tutkimukseen ker\u00e4tyt tiedot koostuvat yli 2500 sisarusparista, i\u00e4lt\u00e4\u00e4n 90 -&gt; + nuoremmat kontrollit. Hankkeeseen osallistuu yhteens\u00e4 25 tutkimusryhm\u00e4\u00e4 11 Euroopan maasta ja Kiinasta. GEHA:a koordinoi professori Claudio Franceschi Bolognan yliopistosta.\r\n\r\nEU:n kuuden puiteohjelman rahoituskausi on p\u00e4\u00e4ttynyt, mutta analysointia ja raportointia jatketaan. GEHA: n kotisivut: http:\/\/www.geha.unibo.it\/page_display.asp?pid=13\r\n\r\n<b>Rahoitus<\/b>\r\n\r\nEU FP 6 (2009 asti)\r\n\r\n<b>Tutkimusryhm\u00e4 Suomessa\r\n<\/b>\r\n\r\n<b><i>Tutkijat\r\n<\/i><\/b>\r\n\r\nProfessor Antti Hervonen, antti.hervonen (at) uta.fi, Terveystieteet, Yhteiskuntatieteiden tiedekunta, Tampereen yliopisto\r\n\r\n<b>Muut senioritutkijat\r\n<\/b>\r\n\r\nProfessori Mikko Hurme, mikko.a.hurme (at) uta.fi, L\u00e4\u00e4ketieteen ja terveysteknologian tiedekunta, Tampereen yliopisto\r\n\r\nProfessori Marja Jylh\u00e4, marja.jylha(at)uta.fi, Terveystieteet, Yhteiskuntatieteiden tiedekunta, Tampereen yliopisto\r\n\r\nProfessori Kari Majamaa, kari.majamaa at oulu.fi, Kliinisen l\u00e4\u00e4ketieteen laitos, Oulun yliopisto\r\n\r\n<b>Julkaisuja<\/b>\r\n\r\nFranceschi C, Bezrukov V, Blanch\u00e9 H, Bolund L, Christensen K, de Benedictis G, Deiana L, Gonos E, Hervonen A, Yang H, Jeune B, Kirkwood TB, Kristensen P, Leon A, Pelicci PG, Peltonen L, Poulain M, Rea IM, Remacle J, Robine JM, Schreiber S, Sikora E, Slagboom PE, Spazzafumo L, Stazi MA, Toussaint O, Vaupel JW. Genetics of healthy aging in Europe: the EU-integrated project GEHA (GEnetics of Healthy Aging).Ann N Y Acad Sci. 2007 Apr;1100:21-45. Review.\r\n\r\nRose G, Romeo G, Dato S, Crocco P, Bruni AC, Hervonen A, Majamaa K, Sevini F, Franceschi C, Passarino G; GEnetics of Healthy Ageing Project Consortium. Somatic point mutations in mtDNA control region are influenced by genetic background and associated with healthy aging: a GEHA study.PLoS One. 2010 Oct 14;5(10):e13395.\r\n\r\nSkytthe A, Valensin S, Jeune B, Cevenini E, Balard F, Beekman M, Bezrukov V, Blanche H, Bolund L, Broczek K, Carru C, Christensen K, Christiansen L, Collerton JC, Cotichini R, de Craen AJ, Dato S, Davies K, De Benedictis G, Deiana L, Flachsbart F, Gampe J, Gilbault C, Gonos ES, Haimes E, Hervonen A, Hurme MA, Janiszewska D, Jylh\u00e4 M, Kirkwood TB, Kristensen P, Laiho P, Leon A, Marchisio A,\u00a0 Masciulli R, Nebel A, Passarino G, Pelicci G, Peltonen L, Perola M, Poulain M, Rea IM, Remacle J, Robine JM, Schreiber S, Scurti M, Sevini F, Sikora E, Skouteri A, Slagboom PE, Spazzafumo L, Stazi MA, Toccaceli V, Toussaint O, T\u00f6rnwall O, Vaupel JW, Voutetakis K, Franceschi C; GEHA consortium. Design, recruitment, logistics, and data management of the GEHA (Genetics of Healthy Ageing) project.\u00a0 Exp Gerontol. 2011 Nov;46(11):934-45. Epub 2011 Aug 16. PubMed PMID: 21871552.[\/vc_column_text][\/vc_column][\/vc_row]","_fi_post_name":"genetics-of-healthy-ageing-geha","_fi_post_excerpt":"","_fi_post_title":"Genetics of Healthy Ageing (GEHA)","_en_post_content":"[vc_row][vc_column][vc_column_text]<b>Genetics of Healthy Ageing (GEHA) <\/b>\r\n\r\nThe aim of the Integrated Project GEHA is to identify genes involved in healthy aging and longevity, which allow individuals to survive to advanced old age in good cognitive and physical function and in the absence of major age-related diseases. Data consist of more than\u00a0 2500 sibpairs aged 90+, and younger controls. Altogether \u00a025 research groups from 11 European countries and China participate in the project. GEHA is coordinated by Professor Claudio Franceschi from the University of Bologna. The funding period from the EU 6 FP has expired but analysis and reporting continue. GEHA homepage: <a href=\"http:\/\/www.geha.unibo.it\/page_display.asp?pid=13\">http:\/\/www.geha.unibo.it\/page_display.asp?pid=13<\/a>\r\n\r\n&nbsp;\r\n\r\n<b>Funding<\/b>\r\n\r\nEU FP 6 (until 2009)\r\n\r\n<b>Research group in Finland<\/b>\r\n\r\n<b><i>Principal Investigator<\/i><\/b>\r\n\r\nProfessor Antti Hervonen, antti.hervonen (at) uta.fi, School of Health Sciences, University of Tampere\r\n\r\n<b>Other Senior researchers<\/b>\r\n\r\nProfessor Mikko Hurme, mikko.a.hurme (at) uta.fi, School of Medicine, University of Tampere\r\n\r\nProfessor Marja Jylh\u00e4, marja.jylha(at)uta.fi, School of Health Sciences, University of Tampere\r\n\r\nProfessor Kari Majamaa, kari.majamaa at oulu.fi, Institute of Clinical Medicine, University of Oulu\r\n\r\n<b>Publications<\/b>\r\n\r\nFranceschi C, Bezrukov V, Blanch\u00e9 H, Bolund L, Christensen K, de Benedictis G, Deiana L, Gonos E, Hervonen A, Yang H, Jeune B, Kirkwood TB, Kristensen P, Leon A, Pelicci PG, Peltonen L, Poulain M, Rea IM, Remacle J, Robine JM, Schreiber S, Sikora E, Slagboom PE, Spazzafumo L, Stazi MA, Toussaint O, Vaupel JW. Genetics of healthy aging in Europe: the EU-integrated project GEHA (GEnetics of Healthy Aging).Ann N Y Acad Sci. 2007 Apr;1100:21-45. Review.\r\n\r\nRose G, Romeo G, Dato S, Crocco P, Bruni AC, Hervonen A, Majamaa K, Sevini F, Franceschi C, Passarino G; GEnetics of Healthy Ageing Project Consortium. Somatic point mutations in mtDNA control region are influenced by genetic background and associated with healthy aging: a GEHA study.PLoS One. 2010 Oct 14;5(10):e13395.\r\n\r\nSkytthe A, Valensin S, Jeune B, Cevenini E, Balard F, Beekman M, Bezrukov V, Blanche H, Bolund L, Broczek K, Carru C, Christensen K, Christiansen L, Collerton JC, Cotichini R, de Craen AJ, Dato S, Davies K, De Benedictis G, Deiana L, Flachsbart F, Gampe J, Gilbault C, Gonos ES, Haimes E, Hervonen A, Hurme MA, Janiszewska D, Jylh\u00e4 M, Kirkwood TB, Kristensen P, Laiho P, Leon A, Marchisio A,\u00a0 Masciulli R, Nebel A, Passarino G, Pelicci G, Peltonen L, Perola M, Poulain M, Rea IM, Remacle J, Robine JM, Schreiber S, Scurti M, Sevini F, Sikora E, Skouteri A, Slagboom PE, Spazzafumo L, Stazi MA, Toccaceli V, Toussaint O, T\u00f6rnwall O, Vaupel JW, Voutetakis K, Franceschi C; GEHA consortium. Design, recruitment, logistics, and data management of the GEHA (Genetics of Healthy Ageing) project.\u00a0 Exp Gerontol. 2011 Nov;46(11):934-45. Epub 2011 Aug 16. PubMed PMID: 21871552.[\/vc_column_text][\/vc_column][\/vc_row]","_en_post_name":"geha","_en_post_excerpt":"","_en_post_title":"Genetics of Healthy Ageing (GEHA)","edit_language":"en","footnotes":""},"class_list":["post-5780","page","type-page","status-publish","hentry","entry","no-media"],"_links":{"self":[{"href":"https:\/\/www.gerec.fi\/en\/wp-json\/wp\/v2\/pages\/5780","targetHints":{"allow":["GET"]}}],"collection":[{"href":"https:\/\/www.gerec.fi\/en\/wp-json\/wp\/v2\/pages"}],"about":[{"href":"https:\/\/www.gerec.fi\/en\/wp-json\/wp\/v2\/types\/page"}],"author":[{"embeddable":true,"href":"https:\/\/www.gerec.fi\/en\/wp-json\/wp\/v2\/users\/1"}],"replies":[{"embeddable":true,"href":"https:\/\/www.gerec.fi\/en\/wp-json\/wp\/v2\/comments?post=5780"}],"version-history":[{"count":6,"href":"https:\/\/www.gerec.fi\/en\/wp-json\/wp\/v2\/pages\/5780\/revisions"}],"predecessor-version":[{"id":7970,"href":"https:\/\/www.gerec.fi\/en\/wp-json\/wp\/v2\/pages\/5780\/revisions\/7970"}],"up":[{"embeddable":true,"href":"https:\/\/www.gerec.fi\/en\/wp-json\/wp\/v2\/pages\/5279"}],"wp:attachment":[{"href":"https:\/\/www.gerec.fi\/en\/wp-json\/wp\/v2\/media?parent=5780"}],"curies":[{"name":"wp","href":"https:\/\/api.w.org\/{rel}","templated":true}]}}