{"id":5779,"date":"2014-01-20T20:19:28","date_gmt":"2018-12-16T11:02:15","guid":{"rendered":"https:\/\/gerec.fi\/tutkimus\/tutkimusarkisto\/nordic-comparative-and-longitudinal-study-of-75-80-year-olds-nora-3\/"},"modified":"2024-06-19T08:42:27","modified_gmt":"2024-06-19T05:42:27","slug":"improving-occupational-health","status":"publish","type":"page","link":"https:\/\/www.gerec.fi\/en\/research\/archived\/improving-occupational-health\/","title":{"rendered":"Improving occupational health with health technology","raw":"Improving occupational health with health technology"},"content":{"rendered":"[vc_row][vc_column][vc_column_text]Health technology (and well-being technology) is one of the fast growing fields of technologies in our country. From the aspect of health sciences the technology of well-being means taking advantage of new technology to improve and maintain human functioning and health. We examine the opportunities of using new technology to estimate the work load and how it effects \u00a0the person working. The purpose of the study is to find ways to measure workload as well as self-care of individuals.<\/p>\n<p>&nbsp;<\/p>\n<p><b>The research group:<\/b><\/p>\n<p>Responsible researcher<\/p>\n<p>Professor Clas-H\u00e5kan Nyg\u00e5rd, clas-hakan.nygard (at) uta.fi, School of Heath Sciences, University of Tampere<\/p>\n<p>&nbsp;<\/p>\n<p>PhD students<\/p>\n<p>Reetta Heinonen, reetta.heinonen (at) uta.fi, Psychophysiological loading at work and leisure- time<\/p>\n<p>Reetta Orsila, reetta.orsila (at) stm.fi, Promotion of work well-being with emphasis on occupational safety and health and well-being technologies<\/p>\n<p>Mika Liukkonen, mika.liukkonen (at) uta.fi, Biological age and change of health-related fitness with increased physical exercise. A randomized and controlled study among employees in a company.<\/p>\n<p>&nbsp;<\/p>\n<p><b>Selected publications<\/b><\/p>\n<p>Heinonen Reetta, Luoto Riitta, Lindfors Pirjo, Nyg\u00e5rd Clas-H\u00e5kan. Usability and feasibility of mobile phone diaries in an experimental physical exercise study. Telemedicine and e-Health, 18;2, 2011<\/p>\n<p>&nbsp;<\/p>\n<p>Orsila R, Virtanen M, Luukkaala R, Tarvainen M, Karjalainen P, Viik J, Savinainen M, Nyg\u00e5rd C-H. Perceived mental stress and reactions in heart rate variability-A pilot study among employees of an electronics company. International Journal of Occupational Safety and Ergonomics (JOSE) 2008, 14, 3, 275-283.<\/p>\n<p>&nbsp;<\/p>\n<p><b>Partners<\/b><\/p>\n<p>Tampere University of Technology (Jari Viik)<\/p>\n<p>Tampere University of Applied Sciences (Kimmo V\u00e4nni)[\/vc_column_text][\/vc_column][\/vc_row]\n","protected":false,"raw":"[vc_row][vc_column][vc_column_text]Health technology (and well-being technology) is one of the fast growing fields of technologies in our country. From the aspect of health sciences the technology of well-being means taking advantage of new technology to improve and maintain human functioning and health. We examine the opportunities of using new technology to estimate the work load and how it effects \u00a0the person working. The purpose of the study is to find ways to measure workload as well as self-care of individuals.\r\n\r\n&nbsp;\r\n\r\n<b>The research group:<\/b>\r\n\r\nResponsible researcher\r\n\r\nProfessor Clas-H\u00e5kan Nyg\u00e5rd, clas-hakan.nygard (at) uta.fi, School of Heath Sciences, University of Tampere\r\n\r\n&nbsp;\r\n\r\nPhD students\r\n\r\nReetta Heinonen, reetta.heinonen (at) uta.fi, Psychophysiological loading at work and leisure- time\r\n\r\nReetta Orsila, reetta.orsila (at) stm.fi, Promotion of work well-being with emphasis on occupational safety and health and well-being technologies\r\n\r\nMika Liukkonen, mika.liukkonen (at) uta.fi, Biological age and change of health-related fitness with increased physical exercise. A randomized and controlled study among employees in a company.\r\n\r\n&nbsp;\r\n\r\n<b>Selected publications<\/b>\r\n\r\nHeinonen Reetta, Luoto Riitta, Lindfors Pirjo, Nyg\u00e5rd Clas-H\u00e5kan. Usability and feasibility of mobile phone diaries in an experimental physical exercise study. Telemedicine and e-Health, 18;2, 2011\r\n\r\n&nbsp;\r\n\r\nOrsila R, Virtanen M, Luukkaala R, Tarvainen M, Karjalainen P, Viik J, Savinainen M, Nyg\u00e5rd C-H. Perceived mental stress and reactions in heart rate variability-A pilot study among employees of an electronics company. International Journal of Occupational Safety and Ergonomics (JOSE) 2008, 14, 3, 275-283.\r\n\r\n&nbsp;\r\n\r\n<b>Partners<\/b>\r\n\r\nTampere University of Technology (Jari Viik)\r\n\r\nTampere University of Applied Sciences (Kimmo V\u00e4nni)[\/vc_column_text][\/vc_column][\/vc_row]"},"excerpt":{"rendered":"[vc_row][vc_column][vc_column_text] Hyvinvointiteknologia on yksi maassamme kovasti kasvavista teknologia-alueista. Terveystieteen n\u00e4k\u00f6kulmasta hyvinvointiteknologialla tarkoitetaan nykyaikaisen teknologian hy\u00f6dynt\u00e4mist\u00e4 ihmisen toimintakyvyn ja terveyden edist\u00e4miseksi ja yll\u00e4pit\u00e4miseksi. Tarkastelemme uuden teknologian tarjoamia hy\u00f6dynt\u00e4mismahdollisuuksia ty\u00f6n kuormittavuuden ja ty\u00f6ntekij\u00e4n kuormittumisen arvioimiseen. Tutkimusten tarkoituksena on l\u00f6yt\u00e4\u00e4 ty\u00f6el\u00e4m\u00e4n tarpeisiin soveltuvia&hellip;","protected":false,"raw":""},"author":1,"featured_media":0,"parent":5279,"menu_order":15,"comment_status":"open","ping_status":"open","template":"templates\/left-sidebar.php","meta":{"_mi_skip_tracking":false,"_fi_post_content":"<p>[vc_row][vc_column][vc_column_text]<\/p>\n<div id=\"articleHeader\">\n<p><span style=\"font-family: 'Open Sans'; font-size: 14px;\">Hyvinvointiteknologia on yksi maassamme kovasti kasvavista teknologia-alueista. Terveystieteen n\u00e4k\u00f6kulmasta hyvinvointiteknologialla tarkoitetaan nykyaikaisen teknologian hy\u00f6dynt\u00e4mist\u00e4 ihmisen toimintakyvyn ja terveyden edist\u00e4miseksi ja yll\u00e4pit\u00e4miseksi. Tarkastelemme uuden teknologian tarjoamia hy\u00f6dynt\u00e4mismahdollisuuksia ty\u00f6n kuormittavuuden ja ty\u00f6ntekij\u00e4n kuormittumisen arvioimiseen. Tutkimusten tarkoituksena on l\u00f6yt\u00e4\u00e4 ty\u00f6el\u00e4m\u00e4n tarpeisiin soveltuvia kuormittumisen arviointi- ja itsehoitomenetelmi\u00e4.<\/span><\/p>\n<p><span style=\"font-family: 'Open Sans'; font-size: 16px;\">Tutkimusryhm\u00e4<\/span><br \/>\n<span style=\"font-family: 'Open Sans'; font-size: 14px;\">Vastuullinen tutkija<\/span><br \/>\n<span style=\"font-family: 'Open Sans'; font-size: 14px;\">Professori \u00a0Clas-H\u00e5kan Nyg\u00e5rd, clas-hakan.nygard@tuni.fi, Yhteiskuntatieteiden tiedekunta (terveystieteet), Tampereen yliopisto<\/span><\/p>\n<p><span style=\"font-family: 'Open Sans'; font-size: 14px;\">Tohtoriopiskelijat<\/span><br \/>\n<span style=\"font-family: 'Open Sans'; font-size: 14px;\">Reetta Heinonen, reetta.heinonen@uta.fi, Psykofysiologinen kuormittuminen ty\u00f6ss\u00e4 ja vapaa-ajalla<\/span><br \/>\n<span style=\"font-family: 'Open Sans'; font-size: 14px;\">Reetta Orsila, reetta.orsila@stm.fi, Promotion of work well-being with emphasis on occupational safety and health and well-being technologies<\/span><br \/>\n<span style=\"font-family: 'Open Sans'; font-size: 14px;\">Mika Liukkonen, Biologinen ik\u00e4 ja terveyskunnon muutos. Satunaistettu, kontrolloitu liikuntainterventio ty\u00f6ik\u00e4isill\u00e4.<\/span><\/p>\n<p><span style=\"font-family: 'Open Sans'; font-size: 16px;\">Keskeiset julkaisut<\/span><\/p>\n<p><span style=\"font-family: 'Open Sans'; font-size: 14px;\">Heinonen Reetta, Luoto Riitta, Lindfors Pirjo, Nyg\u00e5rd Clas-H\u00e5kan. Usability and feasibility of mobile phone diaries in\u00a0 an experimental physical exercise study. Telemedicine and e-Health, 18;2, 2011<\/span><\/p>\n<p><span style=\"font-family: 'Open Sans'; font-size: 14px;\">Orsila R, Virtanen M, Luukkaala R, Tarvainen M, Karjalainen P, Viik J, Savinainen M, Nyg\u00e5rd C-H. Perceived mental stress and reactions in heart rate variability-A pilot study among employees of an electronics company. International Journal of Occupational Safety and Ergonomics (JOSE) 2008, 14, 3, 275-283.<\/span><\/p>\n<p><span style=\"font-family: 'Open Sans'; font-size: 16px;\">Yhteisty\u00f6tahoja<\/span><br \/>\n<span style=\"font-family: 'Open Sans'; font-size: 14px;\">Tampereen teknillinen yliopisto (Jari Viik)<\/span><br \/>\n<span style=\"font-family: 'Open Sans'; font-size: 14px;\">Tampereen ammattikorkeakoulu (Kimmo V\u00e4nni)<\/span><\/p>\n<\/div>\n<p>[\/vc_column_text][\/vc_column][\/vc_row]<\/p>\n","_fi_post_name":"hyvinvointiteknologia-ja-tyoterveyden-edistaminen","_fi_post_excerpt":"","_fi_post_title":"Hyvinvointiteknologia ja ty\u00f6terveyden edist\u00e4minen","_en_post_content":"[vc_row][vc_column][vc_column_text]Health technology (and well-being technology) is one of the fast growing fields of technologies in our country. From the aspect of health sciences the technology of well-being means taking advantage of new technology to improve and maintain human functioning and health. We examine the opportunities of using new technology to estimate the work load and how it effects \u00a0the person working. The purpose of the study is to find ways to measure workload as well as self-care of individuals.\r\n\r\n&nbsp;\r\n\r\n<b>The research group:<\/b>\r\n\r\nResponsible researcher\r\n\r\nProfessor Clas-H\u00e5kan Nyg\u00e5rd, clas-hakan.nygard (at) uta.fi, School of Heath Sciences, University of Tampere\r\n\r\n&nbsp;\r\n\r\nPhD students\r\n\r\nReetta Heinonen, reetta.heinonen (at) uta.fi, Psychophysiological loading at work and leisure- time\r\n\r\nReetta Orsila, reetta.orsila (at) stm.fi, Promotion of work well-being with emphasis on occupational safety and health and well-being technologies\r\n\r\nMika Liukkonen, mika.liukkonen (at) uta.fi, Biological age and change of health-related fitness with increased physical exercise. A randomized and controlled study among employees in a company.\r\n\r\n&nbsp;\r\n\r\n<b>Selected publications<\/b>\r\n\r\nHeinonen Reetta, Luoto Riitta, Lindfors Pirjo, Nyg\u00e5rd Clas-H\u00e5kan. Usability and feasibility of mobile phone diaries in an experimental physical exercise study. Telemedicine and e-Health, 18;2, 2011\r\n\r\n&nbsp;\r\n\r\nOrsila R, Virtanen M, Luukkaala R, Tarvainen M, Karjalainen P, Viik J, Savinainen M, Nyg\u00e5rd C-H. Perceived mental stress and reactions in heart rate variability-A pilot study among employees of an electronics company. International Journal of Occupational Safety and Ergonomics (JOSE) 2008, 14, 3, 275-283.\r\n\r\n&nbsp;\r\n\r\n<b>Partners<\/b>\r\n\r\nTampere University of Technology (Jari Viik)\r\n\r\nTampere University of Applied Sciences (Kimmo V\u00e4nni)[\/vc_column_text][\/vc_column][\/vc_row]","_en_post_name":"improving-occupational-health","_en_post_excerpt":"","_en_post_title":"Improving occupational health with health technology","edit_language":"en","footnotes":""},"class_list":["post-5779","page","type-page","status-publish","hentry","entry","no-media"],"_links":{"self":[{"href":"https:\/\/www.gerec.fi\/en\/wp-json\/wp\/v2\/pages\/5779","targetHints":{"allow":["GET"]}}],"collection":[{"href":"https:\/\/www.gerec.fi\/en\/wp-json\/wp\/v2\/pages"}],"about":[{"href":"https:\/\/www.gerec.fi\/en\/wp-json\/wp\/v2\/types\/page"}],"author":[{"embeddable":true,"href":"https:\/\/www.gerec.fi\/en\/wp-json\/wp\/v2\/users\/1"}],"replies":[{"embeddable":true,"href":"https:\/\/www.gerec.fi\/en\/wp-json\/wp\/v2\/comments?post=5779"}],"version-history":[{"count":3,"href":"https:\/\/www.gerec.fi\/en\/wp-json\/wp\/v2\/pages\/5779\/revisions"}],"predecessor-version":[{"id":6597,"href":"https:\/\/www.gerec.fi\/en\/wp-json\/wp\/v2\/pages\/5779\/revisions\/6597"}],"up":[{"embeddable":true,"href":"https:\/\/www.gerec.fi\/en\/wp-json\/wp\/v2\/pages\/5279"}],"wp:attachment":[{"href":"https:\/\/www.gerec.fi\/en\/wp-json\/wp\/v2\/media?parent=5779"}],"curies":[{"name":"wp","href":"https:\/\/api.w.org\/{rel}","templated":true}]}}