{"id":5778,"date":"2014-01-20T20:19:28","date_gmt":"2018-12-16T11:02:15","guid":{"rendered":"https:\/\/gerec.fi\/tutkimus\/tutkimusarkisto\/nordic-comparative-and-longitudinal-study-of-75-80-year-olds-nora-2\/"},"modified":"2024-06-19T08:42:27","modified_gmt":"2024-06-19T05:42:27","slug":"exercise-workability-coping","status":"publish","type":"page","link":"https:\/\/www.gerec.fi\/en\/research\/archived\/exercise-workability-coping\/","title":{"rendered":"Exercise, workability and coping at work among middle-aged women","raw":"Exercise, workability and coping at work among middle-aged women"},"content":{"rendered":"[vc_row][vc_column][vc_column_text]In the middle-age or after it, the risk of falling ill in many chronic diseases increase. This is partly because of ageing and partly because of hormonal changes caused by menopause. Both chronic diseases and hormonal changes cause symptoms that make the quality of life of middle-aged women worse. Hormonal changes can affect coping at work even more than chronic diseases. In the middle-age the central period is the menopause. In the project the effect of the symptoms on workability and especially the effect of exercise, is studied.<\/p>\n<p>&nbsp;<\/p>\n<p><b>Research group<\/b><\/p>\n<p>Responsible researcher<\/p>\n<p>Professor Clas-H\u00e5kan Nyg\u00e5rd, clas-hakan.nygard (at) uta.fi, School of Heath Sciences, University of Tampere<\/p>\n<p>Riitta Luoto, riitta.luoto (at) uta.fi, UKK-Institute for health promotion<\/p>\n<p>&nbsp;<\/p>\n<p>PhD students<\/p>\n<p>Reetta Heinonen, reetta.heinonen (at) uta.fi<\/p>\n<p>Jaana Moilanen, jaana.m.moilanen (at) uta.fi, The symptoms and quality of life of women in the age of menopause<\/p>\n<p>Kirsi Mansikkam\u00e4ki, kirsi.mansikkamaki (at) uta.fi, The effect of physical activity and obesity on alertness at work among middle-aged men and women<\/p>\n<p>&nbsp;<\/p>\n<p><b>Selected publications<\/b><\/p>\n<p>Riitta Luoto, Jaana Moilanen, Reetta Heinonen, Tomi Mikkola, Jani Raitanen, Eija Tomas, Katriina Ojala, Kirsi Mansikkam\u00e4ki, Clas-H\u00e5kan Nyg\u00e5rd . The effects of aerobic training on hot flushes and quality of life-A randomized controlled trial, Annals of Medicine, Early Online, 2011, 1-11<\/p>\n<p>&nbsp;<\/p>\n<p>Jaana M. Moilanen, Tomi S. Mikkola, Jani A. Raitanen, Reetta H. Heinonen, Eija I Tomas, Clas-H\u00e5kan Nyg\u00e5rd, Riitta M. Luoto. Effect of aerobic training on menopausal symptoms-A randomized controlled trial.\u00a0 Menopause, 19, 6, 2012<\/p>\n<p>&nbsp;<\/p>\n<p><b>Partners<\/b><\/p>\n<p>UKK Institute, Tampere (Riitta Luoto)<\/p>\n<p>Helsinki University Central Hospital (Tomi Mikkola)<\/p>\n<p>Tampere University Central Hospital (Eija Tomas)[\/vc_column_text][\/vc_column][\/vc_row]\n","protected":false,"raw":"[vc_row][vc_column][vc_column_text]In the middle-age or after it, the risk of falling ill in many chronic diseases increase. This is partly because of ageing and partly because of hormonal changes caused by menopause. Both chronic diseases and hormonal changes cause symptoms that make the quality of life of middle-aged women worse. Hormonal changes can affect coping at work even more than chronic diseases. In the middle-age the central period is the menopause. In the project the effect of the symptoms on workability and especially the effect of exercise, is studied.\r\n\r\n&nbsp;\r\n\r\n<b>Research group<\/b>\r\n\r\nResponsible researcher\r\n\r\nProfessor Clas-H\u00e5kan Nyg\u00e5rd, clas-hakan.nygard (at) uta.fi, School of Heath Sciences, University of Tampere\r\n\r\nRiitta Luoto, riitta.luoto (at) uta.fi, UKK-Institute for health promotion\r\n\r\n&nbsp;\r\n\r\nPhD students\r\n\r\nReetta Heinonen, reetta.heinonen (at) uta.fi\r\n\r\nJaana Moilanen, jaana.m.moilanen (at) uta.fi, The symptoms and quality of life of women in the age of menopause\r\n\r\nKirsi Mansikkam\u00e4ki, kirsi.mansikkamaki (at) uta.fi, The effect of physical activity and obesity on alertness at work among middle-aged men and women\r\n\r\n&nbsp;\r\n\r\n<b>Selected publications<\/b>\r\n\r\nRiitta Luoto, Jaana Moilanen, Reetta Heinonen, Tomi Mikkola, Jani Raitanen, Eija Tomas, Katriina Ojala, Kirsi Mansikkam\u00e4ki, Clas-H\u00e5kan Nyg\u00e5rd . The effects of aerobic training on hot flushes and quality of life-A randomized controlled trial, Annals of Medicine, Early Online, 2011, 1-11\r\n\r\n&nbsp;\r\n\r\nJaana M. Moilanen, Tomi S. Mikkola, Jani A. Raitanen, Reetta H. Heinonen, Eija I Tomas, Clas-H\u00e5kan Nyg\u00e5rd, Riitta M. Luoto. Effect of aerobic training on menopausal symptoms-A randomized controlled trial.\u00a0 Menopause, 19, 6, 2012\r\n\r\n&nbsp;\r\n\r\n<b>Partners<\/b>\r\n\r\nUKK Institute, Tampere (Riitta Luoto)\r\n\r\nHelsinki University Central Hospital (Tomi Mikkola)\r\n\r\nTampere University Central Hospital (Eija Tomas)[\/vc_column_text][\/vc_column][\/vc_row]"},"excerpt":{"rendered":"[vc_row][vc_column][vc_column_text]Keski-i\u00e4ss\u00e4 ja sen j\u00e4lkeen riski sairastua moniin kroonisiin sairauksiin lis\u00e4\u00e4ntyy osin ik\u00e4\u00e4ntymisen, osittain vaihdevuosien aiheuttamien hormonaalisten muutosten seurauksena. Sek\u00e4 krooniset sairaudet ett\u00e4 hormonaaliset muutokset aiheuttavat oireita, jotka heikent\u00e4v\u00e4t keski-ik\u00e4isten naisten el\u00e4m\u00e4nlaatua ja voivat vaikuttaa ty\u00f6ss\u00e4 jaksamiseen enemm\u00e4n kuin krooniset sairaudet&hellip;","protected":false,"raw":""},"author":1,"featured_media":0,"parent":5279,"menu_order":14,"comment_status":"open","ping_status":"open","template":"templates\/left-sidebar.php","meta":{"_mi_skip_tracking":false,"_fi_post_content":"<p>[vc_row][vc_column][vc_column_text]<span style=\"font-family: 'Open Sans'; font-size: 14px;\">Keski-i\u00e4ss\u00e4 ja sen j\u00e4lkeen riski sairastua moniin kroonisiin sairauksiin lis\u00e4\u00e4ntyy osin ik\u00e4\u00e4ntymisen, osittain vaihdevuosien aiheuttamien hormonaalisten muutosten seurauksena. Sek\u00e4 krooniset sairaudet ett\u00e4 hormonaaliset muutokset aiheuttavat oireita, jotka heikent\u00e4v\u00e4t keski-ik\u00e4isten naisten el\u00e4m\u00e4nlaatua ja voivat vaikuttaa ty\u00f6ss\u00e4 jaksamiseen enemm\u00e4n kuin krooniset sairaudet sin\u00e4ns\u00e4. Keski-i\u00e4ss\u00e4 keskeinen jakso ovat vaihdevuodet. Projektissa tutkitaan oireiden vaikutusta ty\u00f6kykyyn ja erityisesti liikunnan vaikutuksia n\u00e4ihin.<\/span><\/p>\n<p><span style=\"font-family: 'Open Sans'; font-size: 16px;\">Tutkimusryhm\u00e4<\/span><br \/>\n<span style=\"font-family: 'Open Sans'; font-size: 14px;\">Vastuullinen tutkija<\/span><br \/>\n<span style=\"font-family: 'Open Sans'; font-size: 14px;\">Clas-H\u00e5kan Nyg\u00e5rd, clas-hakan.nygard@tuni.fi, Yhteiskuntatieteiden tiedekunta (terveystieteet), Tampereen yliopisto<\/span><br \/>\n<span style=\"font-family: 'Open Sans'; font-size: 14px;\">Riitta Luoto, riitta.luoto@uta.fi, UKK-Instituutti<\/span><\/p>\n<p><span style=\"font-family: 'Open Sans'; font-size: 14px;\">Tohtoriopiskelijat<\/span><br \/>\n<span style=\"font-family: 'Open Sans'; font-size: 14px;\">Reetta Heinonen, reetta.heinonen@tuni.fi,<\/span><br \/>\n<span style=\"font-family: 'Open Sans'; font-size: 14px;\">Jaana Moilanen, jaana.m.moilanen@tuni.fi, Vaihdevuosi-ik\u00e4isten naisten oireet, elintavat ja el\u00e4m\u00e4nlaatu<\/span><br \/>\n<span style=\"font-family: 'Open Sans'; font-size: 14px;\">Kirsi Mansikkam\u00e4ki, kirsi.mansikkamaki@tuni.fi, Liikunnan ja laihdutuksen vaikutus ty\u00f6aikaiseen vireyteen keski-ik\u00e4isill\u00e4 miehill\u00e4 ja naisilla.<\/span><\/p>\n<p><span style=\"font-family: 'Open Sans'; font-size: 16px;\">Keskeiset julkaisut<\/span><\/p>\n<p><span style=\"font-family: 'Open Sans'; font-size: 14px;\">Riitta Luoto, Jaana Moilanen, Reetta Heinonen, Tomi Mikkola, Jani Raitanen, Eija Tomas, Katriina Ojala, Kirsi Mansikkam\u00e4ki, Clas-H\u00e5kan Nyg\u00e5rd . Effect of aerobic training on hotflushes and quality of life-A randomized controlled trial, Annals of Medicine, Early Online, 2011, 1-11<\/span><\/p>\n<p><span style=\"font-family: 'Open Sans'; font-size: 14px;\">Jaana M. Moilanen, Tomi S. Mikkola, Jani A. Raitanen, Reetta H. Heinonen, Eija I Tomas, Clas-H\u00e5kan Nyg\u00e5rd, Riitta M. Luoto. Effect of aerobic training on menopausal symptoms-A randomized controlled trial.\u00a0 Menopause, 19, 6, 2012<\/span><\/p>\n<p><span style=\"font-family: 'Open Sans'; font-size: 16px;\">Yhteisty\u00f6tahoja<\/span><br \/>\n<span style=\"font-family: 'Open Sans'; font-size: 14px;\">UKK-Instituutti, Tampere (Riitta Luoto)<\/span><br \/>\n<span style=\"font-family: 'Open Sans'; font-size: 14px;\">Helsingin yliopistollinen keskussairaala (Tomi Mikkola)<\/span><br \/>\n<span style=\"font-family: 'Open Sans'; font-size: 14px;\">Tampereen yliopistollinen keskussairaala (Eija Tomas)<\/span>[\/vc_column_text][\/vc_column][\/vc_row]<\/p>\n","_fi_post_name":"liikunta-tyokyky-ja-tyossa-jaksaminen-keski-ikaisilla-naisilla","_fi_post_excerpt":"","_fi_post_title":"Liikunta, ty\u00f6kyky ja ty\u00f6ss\u00e4 jaksaminen keski-ik\u00e4isill\u00e4 naisilla","_en_post_content":"[vc_row][vc_column][vc_column_text]In the middle-age or after it, the risk of falling ill in many chronic diseases increase. This is partly because of ageing and partly because of hormonal changes caused by menopause. Both chronic diseases and hormonal changes cause symptoms that make the quality of life of middle-aged women worse. Hormonal changes can affect coping at work even more than chronic diseases. In the middle-age the central period is the menopause. In the project the effect of the symptoms on workability and especially the effect of exercise, is studied.\r\n\r\n&nbsp;\r\n\r\n<b>Research group<\/b>\r\n\r\nResponsible researcher\r\n\r\nProfessor Clas-H\u00e5kan Nyg\u00e5rd, clas-hakan.nygard (at) uta.fi, School of Heath Sciences, University of Tampere\r\n\r\nRiitta Luoto, riitta.luoto (at) uta.fi, UKK-Institute for health promotion\r\n\r\n&nbsp;\r\n\r\nPhD students\r\n\r\nReetta Heinonen, reetta.heinonen (at) uta.fi\r\n\r\nJaana Moilanen, jaana.m.moilanen (at) uta.fi, The symptoms and quality of life of women in the age of menopause\r\n\r\nKirsi Mansikkam\u00e4ki, kirsi.mansikkamaki (at) uta.fi, The effect of physical activity and obesity on alertness at work among middle-aged men and women\r\n\r\n&nbsp;\r\n\r\n<b>Selected publications<\/b>\r\n\r\nRiitta Luoto, Jaana Moilanen, Reetta Heinonen, Tomi Mikkola, Jani Raitanen, Eija Tomas, Katriina Ojala, Kirsi Mansikkam\u00e4ki, Clas-H\u00e5kan Nyg\u00e5rd . The effects of aerobic training on hot flushes and quality of life-A randomized controlled trial, Annals of Medicine, Early Online, 2011, 1-11\r\n\r\n&nbsp;\r\n\r\nJaana M. Moilanen, Tomi S. Mikkola, Jani A. Raitanen, Reetta H. Heinonen, Eija I Tomas, Clas-H\u00e5kan Nyg\u00e5rd, Riitta M. Luoto. Effect of aerobic training on menopausal symptoms-A randomized controlled trial.\u00a0 Menopause, 19, 6, 2012\r\n\r\n&nbsp;\r\n\r\n<b>Partners<\/b>\r\n\r\nUKK Institute, Tampere (Riitta Luoto)\r\n\r\nHelsinki University Central Hospital (Tomi Mikkola)\r\n\r\nTampere University Central Hospital (Eija Tomas)[\/vc_column_text][\/vc_column][\/vc_row]","_en_post_name":"exercise-workability-coping","_en_post_excerpt":"","_en_post_title":"Exercise, workability and coping at work among middle-aged women","edit_language":"en","footnotes":""},"class_list":["post-5778","page","type-page","status-publish","hentry","entry","no-media"],"_links":{"self":[{"href":"https:\/\/www.gerec.fi\/en\/wp-json\/wp\/v2\/pages\/5778","targetHints":{"allow":["GET"]}}],"collection":[{"href":"https:\/\/www.gerec.fi\/en\/wp-json\/wp\/v2\/pages"}],"about":[{"href":"https:\/\/www.gerec.fi\/en\/wp-json\/wp\/v2\/types\/page"}],"author":[{"embeddable":true,"href":"https:\/\/www.gerec.fi\/en\/wp-json\/wp\/v2\/users\/1"}],"replies":[{"embeddable":true,"href":"https:\/\/www.gerec.fi\/en\/wp-json\/wp\/v2\/comments?post=5778"}],"version-history":[{"count":3,"href":"https:\/\/www.gerec.fi\/en\/wp-json\/wp\/v2\/pages\/5778\/revisions"}],"predecessor-version":[{"id":6598,"href":"https:\/\/www.gerec.fi\/en\/wp-json\/wp\/v2\/pages\/5778\/revisions\/6598"}],"up":[{"embeddable":true,"href":"https:\/\/www.gerec.fi\/en\/wp-json\/wp\/v2\/pages\/5279"}],"wp:attachment":[{"href":"https:\/\/www.gerec.fi\/en\/wp-json\/wp\/v2\/media?parent=5778"}],"curies":[{"name":"wp","href":"https:\/\/api.w.org\/{rel}","templated":true}]}}