{"id":5661,"date":"2019-05-04T16:12:09","date_gmt":"2018-12-15T14:34:43","guid":{"rendered":"https:\/\/gerec.fi\/tutkimus\/aktiivisena-vanheneminen-elinpiiri-ja-liikunta-3\/"},"modified":"2024-06-19T08:42:26","modified_gmt":"2024-06-19T05:42:26","slug":"health","status":"publish","type":"page","link":"https:\/\/www.gerec.fi\/en\/research\/health\/","title":{"rendered":"Health, physical and cognitive functioning, and biological ageing","raw":"Health, physical and cognitive functioning, and biological ageing"},"content":{"rendered":"[vc_row column_spacing=&#8221;50&#8243; bg_style=&#8221;stretch&#8221; css=&#8221;.vc_custom_1544814296502{padding-top: 30px !important;padding-bottom: 5px !important;}&#8221;][vc_column][vc_column_text width=&#8221;750&#8243; font_size=&#8221;14px&#8221; align=&#8221;left&#8221;]\n<h3>University of Jyv\u00e4skyl\u00e4<\/h3>\n<ul>\n<li><a href=\"https:\/\/www.jyu.fi\/en\/projects\/resetting-the-aging-clock-with-exercise-age-x\">Resetting the Aging Clock with Exercise (AGE-X)<\/a><\/li>\n<li><a href=\"https:\/\/www.jyu.fi\/sport\/fi\/tutkimus\/hankkeet\/erma\">Estrogen Regulation of Muscle Apoptosis (ERMA-study)<\/a><\/li>\n<li><a href=\"https:\/\/www.jyu.fi\/sport\/fi\/tutkimus\/hankkeet\/esmirs\">Risk of metabolic dysfunction in middle aged women: systemic and intracrine oestrogen and microRNAs as mediating factors (EsmiRs)<\/a><\/li>\n<li><a href=\"https:\/\/www.gerec.fi\/en\/research\/health\/kohti-terveempaa-vanhenemista-elektronisen-frailtyindeksin-analysointi-ja-kehittaminen-haavoittuvien-henkiloiden-tunnistamiseksi-suomen-terveydenhuollossa-varhaisessa-vaiheessa-finefi\/\">Paving the way for healthy aging: analysis and development of an electronic frailty index for Finnish healthcare to identify vulnerable individuals at early stages (FINeFI)<\/a><\/li>\n<li><a href=\"https:\/\/www.gerec.fi\/en\/research\/health\/the-finnish-twin-study-on-ageing-fitsa\/\">The Finnish Twin Study on Ageing (FITSA)<\/a><\/li>\n<li><a href=\"https:\/\/www.jyu.fi\/en\/projects\/polygenic-risk-scores-physical-activity-and-causality-in-cardiometabolic-diseases-genactive\">Polygenic Risk Scores, Physical Activity and Causality in Cardiometabolic Diseases (GenActive)<\/a><\/li>\n<li><a href=\"https:\/\/www.gerec.fi\/en\/research\/health\/life-course-perspective-for-physical-and-cognitive-functioning-unravelling-the-roles-of-psychosocial-and-biological-factors\/\">Life course perspective for physical and cognitive functioning: Unravelling the roles of psychosocial and biological factors<\/a><\/li>\n<\/ul>\n<h3>University of Tampere<\/h3>\n<ul>\n<li><a href=\"http:\/\/www.gerec.fi\/en\/research\/health\/vitality-90\/\">Vitality 90+<\/a><\/li>\n<li><a href=\"https:\/\/www.tuni.fi\/en\/research\/social-inequalities-ageing-sia\">Social Inequalities in Ageing (SIA)\u00a0<\/a><\/li>\n<li><a href=\"http:\/\/www.gerec.fi\/en\/research\/health\/tamelsa\/\">Tampere Longitudinal Study on Aging (TamELSA) <\/a><\/li>\n<li><a href=\"http:\/\/www.gerec.fi\/en\/research\/health\/aging-of-the-immune-system\/\">Aging of the immune system: cellular and molecular mechanisms<\/a><\/li>\n<li><a href=\"https:\/\/www.gerec.fi\/en\/research\/health\/kohti-terveempaa-vanhenemista-elektronisen-frailtyindeksin-analysointi-ja-kehittaminen-haavoittuvien-henkiloiden-tunnistamiseksi-suomen-terveydenhuollossa-varhaisessa-vaiheessa-finefi\/\">Paving the way for healthy aging: analysis and development of an electronic frailty index for Finnish healthcare to identify vulnerable individuals at early stages (FINeFI)<\/a><\/li>\n<\/ul>\n[\/vc_column_text][\/vc_column][\/vc_row]\n","protected":false,"raw":"[vc_row column_spacing=\"50\" bg_style=\"stretch\" css=\".vc_custom_1544814296502{padding-top: 30px !important;padding-bottom: 5px !important;}\"][vc_column][vc_column_text width=\"750\" font_size=\"14px\" align=\"left\"]\r\n<h3>University of Jyv\u00e4skyl\u00e4<\/h3>\r\n<ul>\r\n \t<li><a href=\"https:\/\/www.jyu.fi\/en\/projects\/resetting-the-aging-clock-with-exercise-age-x\">Resetting the Aging Clock with Exercise (AGE-X)<\/a><\/li>\r\n \t<li><a href=\"https:\/\/www.jyu.fi\/sport\/fi\/tutkimus\/hankkeet\/erma\">Estrogen Regulation of Muscle Apoptosis (ERMA-study)<\/a><\/li>\r\n \t<li><a href=\"https:\/\/www.jyu.fi\/sport\/fi\/tutkimus\/hankkeet\/esmirs\">Risk of metabolic dysfunction in middle aged women: systemic and intracrine oestrogen and microRNAs as mediating factors (EsmiRs)<\/a><\/li>\r\n \t<li><a href=\"https:\/\/www.gerec.fi\/en\/research\/health\/kohti-terveempaa-vanhenemista-elektronisen-frailtyindeksin-analysointi-ja-kehittaminen-haavoittuvien-henkiloiden-tunnistamiseksi-suomen-terveydenhuollossa-varhaisessa-vaiheessa-finefi\/\">Paving the way for healthy aging: analysis and development of an electronic frailty index for Finnish healthcare to identify vulnerable individuals at early stages (FINeFI)<\/a><\/li>\r\n \t<li><a href=\"https:\/\/www.gerec.fi\/en\/research\/health\/the-finnish-twin-study-on-ageing-fitsa\/\">The Finnish Twin Study on Ageing (FITSA)<\/a><\/li>\r\n \t<li><a href=\"https:\/\/www.jyu.fi\/en\/projects\/polygenic-risk-scores-physical-activity-and-causality-in-cardiometabolic-diseases-genactive\">Polygenic Risk Scores, Physical Activity and Causality in Cardiometabolic Diseases (GenActive)<\/a><\/li>\r\n \t<li><a href=\"https:\/\/www.gerec.fi\/en\/research\/health\/life-course-perspective-for-physical-and-cognitive-functioning-unravelling-the-roles-of-psychosocial-and-biological-factors\/\">Life course perspective for physical and cognitive functioning: Unravelling the roles of psychosocial and biological factors<\/a><\/li>\r\n<\/ul>\r\n<h3>University of Tampere<\/h3>\r\n<ul>\r\n \t<li><a href=\"http:\/\/www.gerec.fi\/en\/research\/health\/vitality-90\/\">Vitality 90+<\/a><\/li>\r\n \t<li><a href=\"https:\/\/www.tuni.fi\/en\/research\/social-inequalities-ageing-sia\">Social Inequalities in Ageing (SIA)\u00a0<\/a><\/li>\r\n \t<li><a href=\"http:\/\/www.gerec.fi\/en\/research\/health\/tamelsa\/\">Tampere Longitudinal Study on Aging (TamELSA) <\/a><\/li>\r\n \t<li><a href=\"http:\/\/www.gerec.fi\/en\/research\/health\/aging-of-the-immune-system\/\">Aging of the immune system: cellular and molecular mechanisms<\/a><\/li>\r\n \t<li><a href=\"https:\/\/www.gerec.fi\/en\/research\/health\/kohti-terveempaa-vanhenemista-elektronisen-frailtyindeksin-analysointi-ja-kehittaminen-haavoittuvien-henkiloiden-tunnistamiseksi-suomen-terveydenhuollossa-varhaisessa-vaiheessa-finefi\/\">Paving the way for healthy aging: analysis and development of an electronic frailty index for Finnish healthcare to identify vulnerable individuals at early stages (FINeFI)<\/a><\/li>\r\n<\/ul>\r\n[\/vc_column_text][vcex_navbar][\/vc_column][\/vc_row]"},"excerpt":{"rendered":"[vc_row column_spacing=\"50\" bg_style=\"stretch\" css=\".vc_custom_1544814296502{padding-top: 30px !important;padding-bottom: 5px !important;}\"][vc_column][vc_column_text width=\"750\" font_size=\"14px\" align=\"left\"] Jyv\u00e4skyl\u00e4n yliopisto Epigeneettiset kellot ja fyysinen aktiivisuus ja toimintakyky (AGE-X) El\u00e4m\u00e4nkulkun\u00e4k\u00f6kulma fyysiseen ja kognitiiviseen toimintakykyyn: Psykososiaalisten ja biologisten tekij\u00f6iden roolia selvitt\u00e4m\u00e4ss\u00e4 Estrogeeni-v\u00e4litteinen apoptoosin s\u00e4\u00e4tely lihaksen ik\u00e4\u00e4ntymismuutosten ja sarkopenian s\u00e4\u00e4telij\u00e4n\u00e4&hellip;","protected":false,"raw":""},"author":1,"featured_media":0,"parent":5237,"menu_order":3,"comment_status":"closed","ping_status":"closed","template":"","meta":{"_mi_skip_tracking":false,"_fi_post_content":"[vc_row column_spacing=\"50\" bg_style=\"stretch\" css=\".vc_custom_1544814296502{padding-top: 30px !important;padding-bottom: 5px !important;}\"][vc_column][vc_column_text width=\"750\" font_size=\"14px\" align=\"left\"]\r\n<h3>Jyv\u00e4skyl\u00e4n yliopisto<\/h3>\r\n<ul>\r\n \t<li><a href=\"https:\/\/www.jyu.fi\/fi\/hankkeet\/biologinen-vanheneminen-ja-liikunta-age-x\" target=\"_blank\" rel=\"noopener noreferrer\">Epigeneettiset kellot ja fyysinen aktiivisuus ja toimintakyky (AGE-X)<\/a><\/li>\r\n \t<li><a href=\"https:\/\/www.gerec.fi\/tutkimus\/terveys-toimintakykyisyys-pitkaikaisyys-ja-biologinen-vanheneminen\/elamankulkunakokulma-fyysiseen-ja-kognitiiviseen-toimintakykyyn-psykososiaalisten-ja-biologisten-tekijoiden-roolia-selvittamassa\/\">El\u00e4m\u00e4nkulkun\u00e4k\u00f6kulma fyysiseen ja kognitiiviseen toimintakykyyn: Psykososiaalisten ja biologisten tekij\u00f6iden roolia selvitt\u00e4m\u00e4ss\u00e4<\/a><\/li>\r\n \t<li><a href=\"https:\/\/www.jyu.fi\/fi\/hankkeet\/estrogeeni-vaihdevuodet-ja-toimintakyky-erma-tutkimushanke\" target=\"_blank\" rel=\"noopener noreferrer\">Estrogeeni-v\u00e4litteinen apoptoosin s\u00e4\u00e4tely lihaksen ik\u00e4\u00e4ntymismuutosten ja sarkopenian s\u00e4\u00e4telij\u00e4n\u00e4 (ERMA)<\/a><\/li>\r\n \t<li><a href=\"https:\/\/www.jyu.fi\/fi\/hankkeet\/estrogeeni-mikro-rnat-ja-metabolisten-toimintahairioiden-riski-esmirs-tutkimushanke\" target=\"_blank\" rel=\"noopener noreferrer\">Keski-ik\u00e4isten naisten riski metabolisille toimintah\u00e4iri\u00f6ille: systeeminen ja intrakriininen estrogeeni sek\u00e4 mikro-RNA:t v\u00e4litt\u00e4vin\u00e4 tekij\u00f6in\u00e4 (EsmiRs)<\/a><\/li>\r\n \t<li><a href=\"https:\/\/www.gerec.fi\/tutkimus\/terveys-toimintakykyisyys-pitkaikaisyys-ja-biologinen-vanheneminen\/kohti-terveempaa-vanhenemista-elektronisen-frailtyindeksin-analysointi-ja-kehittaminen-haavoittuvien-henkiloiden-tunnistamiseksi-suomen-terveydenhuollossa-varhaisessa-vaiheessa-finefi\/\">Kohti terveemp\u00e4\u00e4 vanhenemista: elektronisen frailtyindeksin analysointi ja kehitt\u00e4minen haavoittuvien henkil\u00f6iden tunnistamiseksi Suomen terveydenhuollossa varhaisessa vaiheessa (FINeFI)<\/a><\/li>\r\n \t<li><a href=\"https:\/\/www.gerec.fi\/tutkimus\/terveys-toimintakykyisyys-pitkaikaisyys-ja-biologinen-vanheneminen\/fitsa\/\">The Finnish Twin Study on Ageing (FITSA)<\/a><\/li>\r\n \t<li><a href=\"https:\/\/www.jyu.fi\/fi\/hankkeet\/polygeeninen-riskisumma-fyysisen-aktiivisuuden-ja-kardiometabolisten-sairauksien-kausaalisuhteissa\">Polygeeninen riskisumma fyysisen aktiivisuuden ja kardiometabolisten sairauksien kausaalisuhteissa (GenActive)<\/a><\/li>\r\n<\/ul>\r\n<h3>Tampereen yliopisto<\/h3>\r\n<ul>\r\n \t<li><a href=\"https:\/\/www.gerec.fi\/tutkimus\/terveys-toimintakykyisyys-pitkaikaisyys-ja-biologinen-vanheneminen\/tervaskannot-90\/\">Tervaskannot 90+ <\/a><\/li>\r\n \t<li><a href=\"https:\/\/www.tuni.fi\/fi\/tutkimus\/social-inequalities-ageing-sia\">Social Inequalities in Ageing (SIA) <\/a><\/li>\r\n \t<li><a href=\"http:\/\/www.gerec.fi\/tutkimus\/terveys-toimintakykyisyys-pitkaikaisyys-ja-biologinen-vanheneminen\/tampereen-elakeikaisten-seurantatutkimus-tamelsa-marja-jylha\/\">Tampereen el\u00e4keik\u00e4isten seurantatutkimus (TamELSA) <\/a><\/li>\r\n \t<li><a href=\"http:\/\/www.gerec.fi\/tutkimus\/terveys-toimintakykyisyys-pitkaikaisyys-ja-biologinen-vanheneminen\/immuunisysteemin-vanheneminen-solu-ja-molekyylitason-mekanismit-mikko-hurme\/\">Immuunisysteemin vanheneminen: solu ja molekyylitason mekanismit <\/a><\/li>\r\n \t<li><a href=\"https:\/\/www.gerec.fi\/tutkimus\/terveys-toimintakykyisyys-pitkaikaisyys-ja-biologinen-vanheneminen\/kohti-terveempaa-vanhenemista-elektronisen-frailtyindeksin-analysointi-ja-kehittaminen-haavoittuvien-henkiloiden-tunnistamiseksi-suomen-terveydenhuollossa-varhaisessa-vaiheessa-finefi\/\">Kohti terveemp\u00e4\u00e4 vanhenemista: elektronisen frailtyindeksin analysointi ja kehitt\u00e4minen haavoittuvien henkil\u00f6iden tunnistamiseksi Suomen terveydenhuollossa varhaisessa vaiheessa (FINeFI)<\/a><\/li>\r\n \t<li><a href=\"https:\/\/www.gerec.fi\/tutkimus\/terveys-toimintakykyisyys-pitkaikaisyys-ja-biologinen-vanheneminen\/kuule-minua-monitieteiset-tulevaisuustyopajat-ja-julkisen-keskustelun-syventaminen-muistisairaiden-ihmisten-hyvan-elaman-edellytyksista\/\">KUULE MINUA- Monitieteiset tulevaisuusty\u00f6pajat ja julkisen keskustelun syvent\u00e4minen muistisairaiden ihmisten hyv\u00e4n el\u00e4m\u00e4n edellytyksist\u00e4<\/a><\/li>\r\n \t<li><a href=\"https:\/\/www.gerec.fi\/tutkimus\/terveys-toimintakykyisyys-pitkaikaisyys-ja-biologinen-vanheneminen\/muistisairaus-ja-elamanlaatu-sairastuneen-ihmisen-ja-puolison-nakokulmat\/\">Muistisairaus ja el\u00e4m\u00e4nlaatu - Sairastuneen ihmisen ja puolison n\u00e4k\u00f6kulmat<\/a><\/li>\r\n<\/ul>\r\n[\/vc_column_text][vcex_navbar][\/vc_column][\/vc_row]","_fi_post_name":"terveys-toimintakykyisyys-pitkaikaisyys-ja-biologinen-vanheneminen","_fi_post_excerpt":"","_fi_post_title":"Terveys, toimintakykyisyys, muistisairaudet ja biologinen vanheneminen","_en_post_content":"[vc_row column_spacing=\"50\" bg_style=\"stretch\" css=\".vc_custom_1544814296502{padding-top: 30px !important;padding-bottom: 5px !important;}\"][vc_column][vc_column_text width=\"750\" font_size=\"14px\" align=\"left\"]\r\n<h3>University of Jyv\u00e4skyl\u00e4<\/h3>\r\n<ul>\r\n \t<li><a href=\"https:\/\/www.jyu.fi\/en\/projects\/resetting-the-aging-clock-with-exercise-age-x\">Resetting the Aging Clock with Exercise (AGE-X)<\/a><\/li>\r\n \t<li><a href=\"https:\/\/www.jyu.fi\/sport\/fi\/tutkimus\/hankkeet\/erma\">Estrogen Regulation of Muscle Apoptosis (ERMA-study)<\/a><\/li>\r\n \t<li><a href=\"https:\/\/www.jyu.fi\/sport\/fi\/tutkimus\/hankkeet\/esmirs\">Risk of metabolic dysfunction in middle aged women: systemic and intracrine oestrogen and microRNAs as mediating factors (EsmiRs)<\/a><\/li>\r\n \t<li><a href=\"https:\/\/www.gerec.fi\/en\/research\/health\/kohti-terveempaa-vanhenemista-elektronisen-frailtyindeksin-analysointi-ja-kehittaminen-haavoittuvien-henkiloiden-tunnistamiseksi-suomen-terveydenhuollossa-varhaisessa-vaiheessa-finefi\/\">Paving the way for healthy aging: analysis and development of an electronic frailty index for Finnish healthcare to identify vulnerable individuals at early stages (FINeFI)<\/a><\/li>\r\n \t<li><a href=\"https:\/\/www.gerec.fi\/en\/research\/health\/the-finnish-twin-study-on-ageing-fitsa\/\">The Finnish Twin Study on Ageing (FITSA)<\/a><\/li>\r\n \t<li><a href=\"https:\/\/www.jyu.fi\/en\/projects\/polygenic-risk-scores-physical-activity-and-causality-in-cardiometabolic-diseases-genactive\">Polygenic Risk Scores, Physical Activity and Causality in Cardiometabolic Diseases (GenActive)<\/a><\/li>\r\n \t<li><a href=\"https:\/\/www.gerec.fi\/en\/research\/health\/life-course-perspective-for-physical-and-cognitive-functioning-unravelling-the-roles-of-psychosocial-and-biological-factors\/\">Life course perspective for physical and cognitive functioning: Unravelling the roles of psychosocial and biological factors<\/a><\/li>\r\n<\/ul>\r\n<h3>University of Tampere<\/h3>\r\n<ul>\r\n \t<li><a href=\"http:\/\/www.gerec.fi\/en\/research\/health\/vitality-90\/\">Vitality 90+<\/a><\/li>\r\n \t<li><a href=\"https:\/\/www.tuni.fi\/en\/research\/social-inequalities-ageing-sia\">Social Inequalities in Ageing (SIA)\u00a0<\/a><\/li>\r\n \t<li><a href=\"http:\/\/www.gerec.fi\/en\/research\/health\/tamelsa\/\">Tampere Longitudinal Study on Aging (TamELSA) <\/a><\/li>\r\n \t<li><a href=\"http:\/\/www.gerec.fi\/en\/research\/health\/aging-of-the-immune-system\/\">Aging of the immune system: cellular and molecular mechanisms<\/a><\/li>\r\n \t<li><a href=\"https:\/\/www.gerec.fi\/en\/research\/health\/kohti-terveempaa-vanhenemista-elektronisen-frailtyindeksin-analysointi-ja-kehittaminen-haavoittuvien-henkiloiden-tunnistamiseksi-suomen-terveydenhuollossa-varhaisessa-vaiheessa-finefi\/\">Paving the way for healthy aging: analysis and development of an electronic frailty index for Finnish healthcare to identify vulnerable individuals at early stages (FINeFI)<\/a><\/li>\r\n<\/ul>\r\n[\/vc_column_text][vcex_navbar][\/vc_column][\/vc_row]","_en_post_name":"health","_en_post_excerpt":"","_en_post_title":"Health, physical and cognitive functioning, and biological ageing","edit_language":"en","footnotes":""},"class_list":["post-5661","page","type-page","status-publish","hentry","entry","no-media"],"_links":{"self":[{"href":"https:\/\/www.gerec.fi\/en\/wp-json\/wp\/v2\/pages\/5661","targetHints":{"allow":["GET"]}}],"collection":[{"href":"https:\/\/www.gerec.fi\/en\/wp-json\/wp\/v2\/pages"}],"about":[{"href":"https:\/\/www.gerec.fi\/en\/wp-json\/wp\/v2\/types\/page"}],"author":[{"embeddable":true,"href":"https:\/\/www.gerec.fi\/en\/wp-json\/wp\/v2\/users\/1"}],"replies":[{"embeddable":true,"href":"https:\/\/www.gerec.fi\/en\/wp-json\/wp\/v2\/comments?post=5661"}],"version-history":[{"count":40,"href":"https:\/\/www.gerec.fi\/en\/wp-json\/wp\/v2\/pages\/5661\/revisions"}],"predecessor-version":[{"id":9467,"href":"https:\/\/www.gerec.fi\/en\/wp-json\/wp\/v2\/pages\/5661\/revisions\/9467"}],"up":[{"embeddable":true,"href":"https:\/\/www.gerec.fi\/en\/wp-json\/wp\/v2\/pages\/5237"}],"wp:attachment":[{"href":"https:\/\/www.gerec.fi\/en\/wp-json\/wp\/v2\/media?parent=5661"}],"curies":[{"name":"wp","href":"https:\/\/api.w.org\/{rel}","templated":true}]}}