{"id":5642,"date":"2018-12-15T16:26:08","date_gmt":"2018-12-15T14:26:08","guid":{"rendered":"https:\/\/gerec.fi\/tutkimus\/aktiivisena-vanheneminen-elinpiiri-ja-liikunta\/ovatko-vanhat-ihmiset-nuortuneet-toimintakyvyn-ja-koetun-ian-kohorttierot-28-vuoden-valein-arvioiduilla-75-ja-80-vuotiailla-henkiloilla-ikivihreat-2-taina-rantanen-6\/"},"modified":"2024-06-19T08:42:26","modified_gmt":"2024-06-19T05:42:26","slug":"equal-part","status":"publish","type":"page","link":"https:\/\/www.gerec.fi\/en\/research\/activeageing\/equal-part\/","title":{"rendered":"Equality of participation in physical activity in old age (Equal-Part)","raw":"Equality of participation in physical activity in old age (Equal-Part)"},"content":{"rendered":"[vc_row][vc_column][vc_column_text]\n<p>&nbsp;<\/p>\n<p>&nbsp;<\/p>\n<p>According to the Finnish Act on the Promotion of Sports and Physical Activity, all Finnish residents should have an equal opportunity for physical activity, regardless of their age or health status. In this study, we examine the equal opportunities for physical activity are as they are perceived by the older individuals, focusing on self-reports of their current level of physical activity, willingness to increase the level of physical activity and opportunities for physical activity.<\/p>\n<p>This study uses new cross-sectional data, collected during the years 2017 and 2018 which includes one thousand participants over the age of 75. In addition, we will analyze the incidence, determinants and consequences of unmet physical activity need in old age using pre-existing data from a four-year follow-up study. This study will generate new knowledge on older persons\u2019 opportunities for physical activity and help identify the key factors underlying inequality in physical activity in old age.<\/p>\n<p><strong>Funding<\/strong><br \/>\nMinistry of Education and Culture in Finland<\/p>\n<p><strong>Research group<\/strong><br \/>\n<em>Principal investigator<\/em><br \/>\nJohanna Eronen, PhD, Gerontology Research Center, Faculty of Sport and Health Sciences, University of Jyv\u00e4skyl\u00e4, Finland<\/p>\n<p><em>Researchers<\/em><br \/>\nLotta Palmberg, PhD, Gerontology Research Center, Faculty of Sport and Health Sciences, University of Jyv\u00e4skyl\u00e4, Finland<br \/>\nHeidi Lepp\u00e4, PhD, Likes, Jamk University of Applied Sciences, Jyv\u00e4skyl\u00e4, Finland<br \/>\nMerja Rantakokko, PhD, Assistant professor, Gerontology Research Center, Faculty of Sport and Health Sciences, University of Jyv\u00e4skyl\u00e4, Finland<\/p>\n<p><em>Collaborators<\/em><br \/>\nEeva Aartolahti, PhD, Institute of Rehabilitation, Jamk University of Applied Sciences, Jyv\u00e4skyl\u00e4, Finland<br \/>\nCentre for Ageing and Supportive Environments (CASE), Lund University, Sweden<br \/>\nArthritis Research UK Primary Care Centre, Keele University, UK[\/vc_column_text][\/vc_column][\/vc_row]\n","protected":false,"raw":"[vc_row][vc_column][vc_column_text]\r\n\r\n&nbsp;\r\n\r\n&nbsp;\r\n\r\nAccording to the Finnish Act on the Promotion of Sports and Physical Activity, all Finnish residents should have an equal opportunity for physical activity, regardless of their age or health status. In this study, we examine the equal opportunities for physical activity are as they are perceived by the older individuals, focusing on self-reports of their current level of physical activity, willingness to increase the level of physical activity and opportunities for physical activity.\r\n\r\nThis study uses new cross-sectional data, collected during the years 2017 and 2018 which includes one thousand participants over the age of 75. In addition, we will analyze the incidence, determinants and consequences of unmet physical activity need in old age using pre-existing data from a four-year follow-up study. This study will generate new knowledge on older persons\u2019 opportunities for physical activity and help identify the key factors underlying inequality in physical activity in old age.\r\n\r\n<strong>Funding<\/strong>\r\nMinistry of Education and Culture in Finland\r\n\r\n<strong>Research group<\/strong>\r\n<em>Principal investigator<\/em>\r\nJohanna Eronen, PhD, Gerontology Research Center, Faculty of Sport and Health Sciences, University of Jyv\u00e4skyl\u00e4, Finland\r\n\r\n<em>Researchers<\/em>\r\nLotta Palmberg, PhD, Gerontology Research Center, Faculty of Sport and Health Sciences, University of Jyv\u00e4skyl\u00e4, Finland\r\nHeidi Lepp\u00e4, PhD, Likes, Jamk University of Applied Sciences, Jyv\u00e4skyl\u00e4, Finland\r\nMerja Rantakokko, PhD, Assistant professor, Gerontology Research Center, Faculty of Sport and Health Sciences, University of Jyv\u00e4skyl\u00e4, Finland\r\n\r\n<em>Collaborators<\/em>\r\nEeva Aartolahti, PhD, Institute of Rehabilitation, Jamk University of Applied Sciences, Jyv\u00e4skyl\u00e4, Finland\r\nCentre for Ageing and Supportive Environments (CASE), Lund University, Sweden\r\nArthritis Research UK Primary Care Centre, Keele University, UK[\/vc_column_text][\/vc_column][\/vc_row]"},"excerpt":{"rendered":"[vc_row column_spacing=\"50\" bg_style=\"stretch\" css=\".vc_custom_1544814296502{padding-top: 30px !important;padding-bottom: 5px !important;}\"][vc_column][vc_column_text font_size=\"14px\"] &nbsp; Liikuntalain mukaan jokaisella Suomen kansalaisella tulee olla tasa-arvoiset mahdollisuudet liikuntaan, i\u00e4st\u00e4 tai terveydentilasta riippumatta. T\u00e4ss\u00e4 tutkimuksessa tasa-arvoisia mahdollisuuksia liikuntaan tutkitaan henkil\u00f6n itsens\u00e4 kokemana, keskittyen i\u00e4kk\u00e4\u00e4n henkil\u00f6n omaan kokemukseen h\u00e4nen senhetkisen&hellip;","protected":false,"raw":""},"author":1,"featured_media":0,"parent":5537,"menu_order":4,"comment_status":"closed","ping_status":"closed","template":"","meta":{"_mi_skip_tracking":false,"_fi_post_content":"[vc_row column_spacing=\"50\" bg_style=\"stretch\" css=\".vc_custom_1544814296502{padding-top: 30px !important;padding-bottom: 5px !important;}\"][vc_column][vc_column_text font_size=\"14px\"]\r\n\r\n&nbsp;\r\n\r\nLiikuntalain mukaan jokaisella Suomen kansalaisella tulee olla tasa-arvoiset mahdollisuudet liikuntaan, i\u00e4st\u00e4 tai terveydentilasta riippumatta. T\u00e4ss\u00e4 tutkimuksessa tasa-arvoisia mahdollisuuksia liikuntaan tutkitaan henkil\u00f6n itsens\u00e4 kokemana, keskittyen i\u00e4kk\u00e4\u00e4n henkil\u00f6n omaan kokemukseen h\u00e4nen senhetkisen liikunnan m\u00e4\u00e4r\u00e4st\u00e4, sen riitt\u00e4vyydest\u00e4 ja koetuista mahdollisuuksista liikuntaan.\r\n\r\nTutkimuksessa k\u00e4ytet\u00e4\u00e4n uutta aineistoa, jossa on mukana noin tuhat yli 75-vuotiasta henkil\u00f6\u00e4. Lis\u00e4ksi tutkimuksessa selvitet\u00e4\u00e4n tyydytt\u00e4m\u00e4tt\u00f6m\u00e4n liikunnantarpeen ilmaantuvuutta, ennustajia ja seurauksia 4-vuoden seurannassa, hy\u00f6dynt\u00e4en Gerontologian tutkimuskeskuksen olemassa olevia aineistoja. Tutkimus tuottaa uutta tieteellist\u00e4 tietoa i\u00e4kk\u00e4iden ihmisten liikkumismahdollisuuksista ja liikunnan tasa-arvon toteutumisesta vanhuudessa.\r\n\r\n<strong>Rahoittajat<\/strong>\r\nOpetus- ja kulttuuriministeri\u00f6\r\n\r\n<strong>Tutkijaryhm\u00e4<\/strong>\r\n<em>Vastuullinen tutkija<\/em>\r\nTtT, Johanna Eronen, Gerontologian tutkimuskeskus, Liikuntatieteellinen tiedekunta, Jyv\u00e4skyl\u00e4n yliopisto\r\n\r\n<em>Tutkijat<\/em>\r\nLotta Palmberg, TtT, Gerontologian tutkimuskeskus, Liikuntatieteellinen tiedekunta, Jyv\u00e4skyl\u00e4n yliopisto\r\nHeidi Lepp\u00e4, TtT, Likes, Jyv\u00e4skyl\u00e4n ammattikorkeakoulu\r\nMerja Rantakokko, TtT, apulaisprofessori, Gerontologian tutkimuskeskus, Liikuntatieteellinen tiedekunta, Jyv\u00e4skyl\u00e4n yliopisto\r\n\r\n<em>Yhteisty\u00f6kumppanit<\/em>\r\nEeva Aartolahti, TtT, Kuntoutusinstituutti, Jyv\u00e4skyl\u00e4n ammattikorkeakoulu\r\nCentre for Ageing and Supportive Environments (CASE), Lund University, Sweden\r\nArthritis Research UK Primary Care Centre, Keele University, UK[\/vc_column_text][\/vc_column][\/vc_row]","_fi_post_name":"tasa-arvoiset-osallistumismahdollisuudet","_fi_post_excerpt":"","_fi_post_title":"Tasa-arvoiset osallistumismahdollisuudet (Equal-Part)","_en_post_content":"[vc_row][vc_column][vc_column_text]\r\n\r\n&nbsp;\r\n\r\n&nbsp;\r\n\r\nAccording to the Finnish Act on the Promotion of Sports and Physical Activity, all Finnish residents should have an equal opportunity for physical activity, regardless of their age or health status. In this study, we examine the equal opportunities for physical activity are as they are perceived by the older individuals, focusing on self-reports of their current level of physical activity, willingness to increase the level of physical activity and opportunities for physical activity.\r\n\r\nThis study uses new cross-sectional data, collected during the years 2017 and 2018 which includes one thousand participants over the age of 75. In addition, we will analyze the incidence, determinants and consequences of unmet physical activity need in old age using pre-existing data from a four-year follow-up study. This study will generate new knowledge on older persons\u2019 opportunities for physical activity and help identify the key factors underlying inequality in physical activity in old age.\r\n\r\n<strong>Funding<\/strong>\r\nMinistry of Education and Culture in Finland\r\n\r\n<strong>Research group<\/strong>\r\n<em>Principal investigator<\/em>\r\nJohanna Eronen, PhD, Gerontology Research Center, Faculty of Sport and Health Sciences, University of Jyv\u00e4skyl\u00e4, Finland\r\n\r\n<em>Researchers<\/em>\r\nLotta Palmberg, PhD, Gerontology Research Center, Faculty of Sport and Health Sciences, University of Jyv\u00e4skyl\u00e4, Finland\r\nHeidi Lepp\u00e4, PhD, Likes, Jamk University of Applied Sciences, Jyv\u00e4skyl\u00e4, Finland\r\nMerja Rantakokko, PhD, Assistant professor, Gerontology Research Center, Faculty of Sport and Health Sciences, University of Jyv\u00e4skyl\u00e4, Finland\r\n\r\n<em>Collaborators<\/em>\r\nEeva Aartolahti, PhD, Institute of Rehabilitation, Jamk University of Applied Sciences, Jyv\u00e4skyl\u00e4, Finland\r\nCentre for Ageing and Supportive Environments (CASE), Lund University, Sweden\r\nArthritis Research UK Primary Care Centre, Keele University, UK[\/vc_column_text][\/vc_column][\/vc_row]","_en_post_name":"equal-part","_en_post_excerpt":"","_en_post_title":"Equality of participation in physical activity in old age (Equal-Part)","edit_language":"en","footnotes":""},"class_list":["post-5642","page","type-page","status-publish","hentry","entry","no-media"],"_links":{"self":[{"href":"https:\/\/www.gerec.fi\/en\/wp-json\/wp\/v2\/pages\/5642","targetHints":{"allow":["GET"]}}],"collection":[{"href":"https:\/\/www.gerec.fi\/en\/wp-json\/wp\/v2\/pages"}],"about":[{"href":"https:\/\/www.gerec.fi\/en\/wp-json\/wp\/v2\/types\/page"}],"author":[{"embeddable":true,"href":"https:\/\/www.gerec.fi\/en\/wp-json\/wp\/v2\/users\/1"}],"replies":[{"embeddable":true,"href":"https:\/\/www.gerec.fi\/en\/wp-json\/wp\/v2\/comments?post=5642"}],"version-history":[{"count":14,"href":"https:\/\/www.gerec.fi\/en\/wp-json\/wp\/v2\/pages\/5642\/revisions"}],"predecessor-version":[{"id":9197,"href":"https:\/\/www.gerec.fi\/en\/wp-json\/wp\/v2\/pages\/5642\/revisions\/9197"}],"up":[{"embeddable":true,"href":"https:\/\/www.gerec.fi\/en\/wp-json\/wp\/v2\/pages\/5537"}],"wp:attachment":[{"href":"https:\/\/www.gerec.fi\/en\/wp-json\/wp\/v2\/media?parent=5642"}],"curies":[{"name":"wp","href":"https:\/\/api.w.org\/{rel}","templated":true}]}}