{"id":5640,"date":"2018-12-15T16:26:07","date_gmt":"2018-12-15T14:26:07","guid":{"rendered":"https:\/\/gerec.fi\/tutkimus\/aktiivisena-vanheneminen-elinpiiri-ja-liikunta\/ovatko-vanhat-ihmiset-nuortuneet-toimintakyvyn-ja-koetun-ian-kohorttierot-28-vuoden-valein-arvioiduilla-75-ja-80-vuotiailla-henkiloilla-ikivihreat-2-taina-rantanen-4\/"},"modified":"2024-06-19T08:42:26","modified_gmt":"2024-06-19T05:42:26","slug":"","status":"publish","type":"page","link":"https:\/\/www.gerec.fi\/en\/research\/activeageing\/elinpiiri-ja-aktiivisena-vanheneminen-mobility-and-active-aging-miia\/","title":{"rendered":"","raw":""},"content":{"rendered":"","protected":false,"raw":""},"excerpt":{"rendered":"[vc_row column_spacing=\"50\" bg_style=\"stretch\" css=\".vc_custom_1544814296502{padding-top: 30px !important;padding-bottom: 5px !important;}\"][vc_column][vc_column_text font_size=\"14px\"] Aktiivisena vanhenemisella tarkoitetaan yksil\u00f6n itse kokemaa mahdollisuutta el\u00e4\u00e4 el\u00e4m\u00e4\u00e4ns\u00e4 haluamallaan tavalla. T\u00e4h\u00e4n sis\u00e4ltyy mahdollisuus osallistua yhteiskunnan ja erilaisten yhteis\u00f6jen toimintaan, mahdollisuus sosiaaliseen kanssak\u00e4ymiseen sek\u00e4 mahdollisuus tavoitella itselle t\u00e4rkeit\u00e4 p\u00e4\u00e4m\u00e4\u00e4ri\u00e4. Vanhetessa fyysisen&hellip;","protected":false,"raw":""},"author":1,"featured_media":0,"parent":5537,"menu_order":10,"comment_status":"closed","ping_status":"closed","template":"","meta":{"_mi_skip_tracking":false,"_fi_post_content":"[vc_row column_spacing=\"50\" bg_style=\"stretch\" css=\".vc_custom_1544814296502{padding-top: 30px !important;padding-bottom: 5px !important;}\"][vc_column][vc_column_text font_size=\"14px\"]\r\n\r\nAktiivisena vanhenemisella tarkoitetaan yksil\u00f6n itse kokemaa mahdollisuutta el\u00e4\u00e4 el\u00e4m\u00e4\u00e4ns\u00e4 haluamallaan tavalla. T\u00e4h\u00e4n sis\u00e4ltyy mahdollisuus osallistua yhteiskunnan ja erilaisten yhteis\u00f6jen toimintaan, mahdollisuus sosiaaliseen kanssak\u00e4ymiseen sek\u00e4 mahdollisuus tavoitella itselle t\u00e4rkeit\u00e4 p\u00e4\u00e4m\u00e4\u00e4ri\u00e4. Vanhetessa fyysisen toimintakyvyn, aistien ja kognitiivisten kykyjen heikkeneminen altistaa monet henkil\u00f6t ymp\u00e4rist\u00f6n esteille. T\u00e4m\u00e4 kaventaa heid\u00e4n elinpiiri\u00e4\u00e4n, hankaloittaa heid\u00e4n liikkumistaan ja voi uhata t\u00e4rkeisiin henkil\u00f6kohtaisiin tavoitteisiin pyrkimist\u00e4. Seurauksena voi olla, ett\u00e4 henkil\u00f6 ei en\u00e4\u00e4 koe pystyv\u00e4ns\u00e4 el\u00e4m\u00e4\u00e4n haluamallaan tavalla ja p\u00e4\u00e4tt\u00e4m\u00e4\u00e4n omasta el\u00e4m\u00e4st\u00e4\u00e4n. T\u00e4ss\u00e4 tutkimuksessa selvitet\u00e4\u00e4n, mitk\u00e4 asiat ennustavat sit\u00e4, ett\u00e4 henkil\u00f6 kokee pystyv\u00e4ns\u00e4 el\u00e4m\u00e4\u00e4n haluamallaan tavalla ja miten henkil\u00f6t pyrkiv\u00e4t yll\u00e4pit\u00e4m\u00e4\u00e4n t\u00e4t\u00e4 tunnetta kun heid\u00e4n terveytens\u00e4 ja muut voimavaransa heikkenev\u00e4t vanhuudessa. Lis\u00e4ksi selvitet\u00e4\u00e4n liikkumisen ja elinpiirin merkityst\u00e4 aktiivisena vanhenemiseen.\r\n\r\nMIIA-tutkimus on jatkoa vuosina 2011\u20132015 toteutetulle Ymp\u00e4rist\u00f6tekij\u00e4t ja liikkumiskyky vanhusten elinpiirin m\u00e4\u00e4ritt\u00e4jin\u00e4 (LISPE) -tutkimukselle. Tutkimuksessa ker\u00e4t\u00e4\u00e4n haastatteluilla ja mittauksilla tietoa i\u00e4kk\u00e4iden henkil\u00f6iden elinpiirist\u00e4, liikkumiskyvyst\u00e4, aistitoiminnoista, toiminnanohjauksesta, el\u00e4m\u00e4nlaadusta, henkil\u00f6kohtaisista tavoitteista, liikunta-aktiivisuudesta ja harrastuksiin osallistumisesta. Lis\u00e4ksi ker\u00e4t\u00e4\u00e4n karttapohjaista tietoa tutkittavien l\u00e4hiymp\u00e4rist\u00f6ss\u00e4 olevista liikunnan esteist\u00e4 sek\u00e4 liikuntaan houkuttelevista ymp\u00e4rist\u00f6n piirteist\u00e4. MIIA-tutkimuksen aineisto yhdistet\u00e4\u00e4n LISPE-tutkimuksen aineistoon, jolloin k\u00e4ytett\u00e4viss\u00e4 on yhteens\u00e4 nelj\u00e4n vuoden seuranta-aineisto. Tutkimus toteutetaan vuosina 2015\u20132018.\r\n\r\nTutkimuksesta saatavaa tietoa voidaan k\u00e4ytt\u00e4\u00e4 hy\u00f6dyksi suunniteltaessa kaikille soveltuvia asuinymp\u00e4rist\u00f6j\u00e4 ja i\u00e4kk\u00e4ille tarkoitettuja palveluita.\u00a0 Lis\u00e4ksi tutkimuksen tuloksia voidaan hy\u00f6dynt\u00e4\u00e4 suunniteltaessa ja kehitett\u00e4ess\u00e4 liikuntamahdollisuuksia kaikenkuntoisille ik\u00e4ihmisille.\r\n\r\n<b>Rahoittajat\r\n<\/b>Opetus- ja kulttuuriministeri\u00f6\r\n\r\n<b>Tutkijaryhm\u00e4<\/b>\r\n<i>Vastuullinen tutkija <\/i>\r\nProfessori <a href=\"https:\/\/www.jyu.fi\/fi\/henkilot\/taina-rantanen\" target=\"_blank\" rel=\"noopener noreferrer\">Taina Rantanen<\/a>, Gerontologian tutkimuskeskus, Liikuntatieteellinen tiedekunta, Jyv\u00e4skyl\u00e4n yliopisto\r\n\r\n<i>Muu tutkimusryhm\u00e4<\/i>\r\nTtT Johanna Eronen; TtM, KM Taina Poranen-Clark[\/vc_column_text][\/vc_column][\/vc_row]","_fi_post_name":"elinpiiri-ja-aktiivisena-vanheneminen-mobility-and-active-aging-miia","_fi_post_excerpt":"","_fi_post_title":"Elinpiiri ja aktiivisena vanheneminen (Mobility and Active Aging, MIIA)","_en_post_content":"","_en_post_name":"","_en_post_excerpt":"","_en_post_title":"","edit_language":"en","footnotes":""},"class_list":["post-5640","page","type-page","status-publish","hentry","entry","no-media"],"_links":{"self":[{"href":"https:\/\/www.gerec.fi\/en\/wp-json\/wp\/v2\/pages\/5640","targetHints":{"allow":["GET"]}}],"collection":[{"href":"https:\/\/www.gerec.fi\/en\/wp-json\/wp\/v2\/pages"}],"about":[{"href":"https:\/\/www.gerec.fi\/en\/wp-json\/wp\/v2\/types\/page"}],"author":[{"embeddable":true,"href":"https:\/\/www.gerec.fi\/en\/wp-json\/wp\/v2\/users\/1"}],"replies":[{"embeddable":true,"href":"https:\/\/www.gerec.fi\/en\/wp-json\/wp\/v2\/comments?post=5640"}],"version-history":[{"count":6,"href":"https:\/\/www.gerec.fi\/en\/wp-json\/wp\/v2\/pages\/5640\/revisions"}],"predecessor-version":[{"id":9367,"href":"https:\/\/www.gerec.fi\/en\/wp-json\/wp\/v2\/pages\/5640\/revisions\/9367"}],"up":[{"embeddable":true,"href":"https:\/\/www.gerec.fi\/en\/wp-json\/wp\/v2\/pages\/5537"}],"wp:attachment":[{"href":"https:\/\/www.gerec.fi\/en\/wp-json\/wp\/v2\/media?parent=5640"}],"curies":[{"name":"wp","href":"https:\/\/api.w.org\/{rel}","templated":true}]}}