{"id":5639,"date":"2019-05-04T16:12:09","date_gmt":"2018-12-15T14:26:07","guid":{"rendered":"https:\/\/gerec.fi\/tutkimus\/aktiivisena-vanheneminen-elinpiiri-ja-liikunta\/ovatko-vanhat-ihmiset-nuortuneet-toimintakyvyn-ja-koetun-ian-kohorttierot-28-vuoden-valein-arvioiduilla-75-ja-80-vuotiailla-henkiloilla-ikivihreat-2-taina-rantanen-3\/"},"modified":"2024-06-19T08:42:26","modified_gmt":"2024-06-19T05:42:26","slug":"lispe","status":"publish","type":"page","link":"https:\/\/www.gerec.fi\/en\/research\/activeageing\/lispe\/","title":{"rendered":"Life-Space Mobility in Older People (LISPE)","raw":"Life-Space Mobility in Older People (LISPE)"},"content":{"rendered":"[vc_row][vc_column][vc_column_text]\n<p>&nbsp;<\/p>\n<p>&nbsp;<\/p>\n<p>LISPE is a prospective cohort study that was conducted in 2011-2015. The purpose of the study was to examine among older people how home and neighborhood characteristics, individuals\u2019 health, functioning and personal goals influence physical activity, life-space mobility and quality of life. The primary outcome of the study was the Life-Space Assessment questionnaire.<\/p>\n<p>The LISPE study included a home interview at baseline and a phone interview one and two years later. Data consist of the baseline survey among 848 community-dwelling people aged 75-90 years living in Jyv\u00e4skyl\u00e4 and Muurame. Assessments included face-to-face interviews on perceived environmental mobility barriers and facilitators, health, mobility limitation, disability, participation restriction, motives for physical activity, personal goals and quality of life. In addition, the home visit included an observation of the home environment and a test of physical performance. Data on mortality and hospital care were followed up from registers.<\/p>\n<p>A subgroup of 174 people participated in a seven-day accelerometer recording while keeping a diary of places visited outside home. An additional 360 participants kept the 7-day diary on places visited outside home. The aim of the substudy was to study mobility and physical activity in older people. In addition, the relationship between physical activity and the extent of the life-space area were studied.<\/p>\n<p>This study increased the understanding of how individual and environmental characteristics matter to physical activity and mobility in old age. This can be useful for the development of evidence-based policy to optimize older people\u2019s opportunities for active life and participation.<\/p>\n<p><b>Funding<\/b><br \/>\nAcademy of Finland- the Future of Living and Housing Research Program (ASU-LIVE), Finnish Ministry of Education and Culture, University of Jyv\u00e4skyl\u00e4.<\/p>\n<p><b>Research group<\/b><br \/>\n<i>Principal Investigator<\/i><br \/>\nProf. <a class=\"external-link\" href=\"https:\/\/www.jyu.fi\/sport\/fi\/tiedekunta\/henkilosto\/opetus-tutkimus\/rantanen-taina\" target=\"_blank\" rel=\"noopener noreferrer\">Taina Rantanen<\/a>, Gerontology Research Center, Faculty of Sport and Health Sciences, University of Jyv\u00e4skyl\u00e4<\/p>\n<p><b>Selected publications<\/b><br \/>\nRantakokko M, Iwarsson S, M\u00e4nty M, Leinonen R, Rantanen T. Perceived barriers to mobility in the outdoor environment and development of walking difficulty in older people. Age and Ageing 2012;41(1):118-21.<\/p>\n<p>Rantakokko, M, Iwarsson S,\u00a0 Kauppinen M, Leinonen R, Heikkinen E, Rantanen T.<b> <\/b>Quality of Life and Barriers in the Outdoor Environment in Old Age. J Am Geriatr Soc 2010;58(11):2154-9<\/p>\n<p>Eronen J, von Bonsdorff MB, Rantakokko M, Rantanen T. Accumulation of disparity in physical activity in old age. <i>Aging, Clinical Experimental Research<\/i> Epub ahead of print 2012 Apr 23, doi: 10.3275\/8389<\/p>\n<p>Rantanen T, Portegijs E, Viljanen A, Eronen J, Saajanaho M, Tsai L-T, Kauppinen M, Palonen E-M, Sipil\u00e4 S, Iwarsson S, Rantakokko M. Individual and Environmental Factors Underlying Life-Space of Older People \u2013 Study Protocol and Design of a Cohort Study on Life Space Mobility in Old Age (LISPE). BMC Public Health 2012, 12:1018. DOI: 10.1186\/1471-2458-12-1018.<\/p>\n<p><b>Collaborators<\/b><br \/>\nLund University, Center for Supportive Environments (Prof. Susanne Iwarsson)[\/vc_column_text][\/vc_column][\/vc_row]\n","protected":false,"raw":"[vc_row][vc_column][vc_column_text]\r\n\r\n&nbsp;\r\n\r\n&nbsp;\r\n\r\nLISPE is a prospective cohort study that was conducted in 2011-2015. The purpose of the study was to examine among older people how home and neighborhood characteristics, individuals\u2019 health, functioning and personal goals influence physical activity, life-space mobility and quality of life. The primary outcome of the study was the Life-Space Assessment questionnaire.\r\n\r\nThe LISPE study included a home interview at baseline and a phone interview one and two years later. Data consist of the baseline survey among 848 community-dwelling people aged 75-90 years living in Jyv\u00e4skyl\u00e4 and Muurame. Assessments included face-to-face interviews on perceived environmental mobility barriers and facilitators, health, mobility limitation, disability, participation restriction, motives for physical activity, personal goals and quality of life. In addition, the home visit included an observation of the home environment and a test of physical performance. Data on mortality and hospital care were followed up from registers.\r\n\r\nA subgroup of 174 people participated in a seven-day accelerometer recording while keeping a diary of places visited outside home. An additional 360 participants kept the 7-day diary on places visited outside home. The aim of the substudy was to study mobility and physical activity in older people. In addition, the relationship between physical activity and the extent of the life-space area were studied.\r\n\r\nThis study increased the understanding of how individual and environmental characteristics matter to physical activity and mobility in old age. This can be useful for the development of evidence-based policy to optimize older people\u2019s opportunities for active life and participation.\r\n\r\n<b>Funding<\/b>\r\nAcademy of Finland- the Future of Living and Housing Research Program (ASU-LIVE), Finnish Ministry of Education and Culture, University of Jyv\u00e4skyl\u00e4.\r\n\r\n<b>Research group<\/b>\r\n<i>Principal Investigator<\/i>\r\nProf. <a class=\"external-link\" href=\"https:\/\/www.jyu.fi\/sport\/fi\/tiedekunta\/henkilosto\/opetus-tutkimus\/rantanen-taina\" target=\"_blank\" rel=\"noopener noreferrer\">Taina Rantanen<\/a>, Gerontology Research Center, Faculty of Sport and Health Sciences, University of Jyv\u00e4skyl\u00e4\r\n\r\n<b>Selected publications<\/b>\r\nRantakokko M, Iwarsson S, M\u00e4nty M, Leinonen R, Rantanen T. Perceived barriers to mobility in the outdoor environment and development of walking difficulty in older people. Age and Ageing 2012;41(1):118-21.\r\n\r\nRantakokko, M, Iwarsson S,\u00a0 Kauppinen M, Leinonen R, Heikkinen E, Rantanen T.<b> <\/b>Quality of Life and Barriers in the Outdoor Environment in Old Age. J Am Geriatr Soc 2010;58(11):2154-9\r\n\r\nEronen J, von Bonsdorff MB, Rantakokko M, Rantanen T. Accumulation of disparity in physical activity in old age. <i>Aging, Clinical Experimental Research<\/i> Epub ahead of print 2012 Apr 23, doi: 10.3275\/8389\r\n\r\nRantanen T, Portegijs E, Viljanen A, Eronen J, Saajanaho M, Tsai L-T, Kauppinen M, Palonen E-M, Sipil\u00e4 S, Iwarsson S, Rantakokko M. Individual and Environmental Factors Underlying Life-Space of Older People \u2013 Study Protocol and Design of a Cohort Study on Life Space Mobility in Old Age (LISPE). BMC Public Health 2012, 12:1018. DOI: 10.1186\/1471-2458-12-1018.\r\n\r\n<b>Collaborators<\/b>\r\nLund University, Center for Supportive Environments (Prof. Susanne Iwarsson)[\/vc_column_text][\/vc_column][\/vc_row]"},"excerpt":{"rendered":"[vc_row column_spacing=\"50\" bg_style=\"stretch\" css=\".vc_custom_1544814296502{padding-top: 30px !important;padding-bottom: 5px !important;}\"][vc_column][vc_column_text font_size=\"14px\"] &nbsp; LISPE on vuosina 2011-2015 toteutettu pitkitt\u00e4istutkimus. Tutkimuksen tavoitteena oli tarkastella, miten i\u00e4kk\u00e4iden ihmisten koti- ja l\u00e4hiymp\u00e4rist\u00f6n piirteet ja henkil\u00f6n toimintakyky yhdess\u00e4 muokkaavat elinpiirin laajuutta ja el\u00e4m\u00e4nlaatua. P\u00e4\u00e4vastemittarina toimi The Life-Space&hellip;","protected":false,"raw":""},"author":1,"featured_media":0,"parent":5537,"menu_order":9,"comment_status":"closed","ping_status":"closed","template":"","meta":{"_mi_skip_tracking":false,"_fi_post_content":"[vc_row column_spacing=\"50\" bg_style=\"stretch\" css=\".vc_custom_1544814296502{padding-top: 30px !important;padding-bottom: 5px !important;}\"][vc_column][vc_column_text font_size=\"14px\"]\r\n<div id=\"content-core\">\r\n<div id=\"parent-fieldname-text-fa4ac013807144d382b9fda04e0575fe\">\r\n\r\n&nbsp;\r\n\r\nLISPE on vuosina 2011-2015 toteutettu pitkitt\u00e4istutkimus. Tutkimuksen tavoitteena oli tarkastella, miten i\u00e4kk\u00e4iden ihmisten koti- ja l\u00e4hiymp\u00e4rist\u00f6n piirteet ja henkil\u00f6n toimintakyky yhdess\u00e4 muokkaavat elinpiirin laajuutta ja el\u00e4m\u00e4nlaatua. P\u00e4\u00e4vastemittarina toimi The Life-Space Assessment -mittari (Elinpiirin arviointi).\r\n\r\nTutkimus kesti kaksi vuotta, mink\u00e4 aikana henkil\u00f6it\u00e4 haastateltiin kolme kertaa; alkutilanteessa, vuoden kuluttua sek\u00e4 kahden vuoden kuluttua. Tutkimuksen osallistujat olivat 75-90-vuotiaita Jyv\u00e4skyl\u00e4n ja Muuramen alueella itsen\u00e4isesti asuvia henkil\u00f6it\u00e4. Hankkeeseen otettiin mukaan 848 henkil\u00f6\u00e4.\u00a0 Kotihaastattelusta ker\u00e4ttiin tietoja elinpiirist\u00e4, koetusta ymp\u00e4rist\u00f6 esteist\u00e4 ja liikkumaan houkuttelevista tekij\u00f6ist\u00e4, terveydest\u00e4, liikkumiskyvyst\u00e4, toimintakyvyst\u00e4, osallistumisesta, fyysisest\u00e4 aktiivisuudesta, henkil\u00f6kohtaisista tavoitteista ja el\u00e4m\u00e4nlaadusta.\u00a0 Lis\u00e4ksi arvioitiin kodin l\u00e4hiymp\u00e4rist\u00f6\u00e4 sek\u00e4 mitattiin tutkittavien liikkumiskyky\u00e4. Kuolleisuus- ja sairaalahoitotietoja ker\u00e4ttiin rekistereist\u00e4.\r\n\r\nTutkittavista valittiin lis\u00e4ksi 174 henkil\u00f6n ryhm\u00e4, joka k\u00e4yttiv\u00e4t seitsem\u00e4n p\u00e4iv\u00e4n ajan askelmittaria (kiihtyvyysmittaria) sek\u00e4 t\u00e4yttiv\u00e4t liikuntap\u00e4iv\u00e4kirjaa. Lis\u00e4ksi 360 henkil\u00f6\u00e4 t\u00e4ytti liikuntap\u00e4iv\u00e4kirjaa seitsem\u00e4n p\u00e4iv\u00e4n aikana. K\u00e4velytutkimuksen tarkoituksena oli selvitt\u00e4\u00e4 ik\u00e4\u00e4ntyneiden ihmisten liikkumista ja fyysist\u00e4 aktiivisuutta. Lis\u00e4ksi tutkittiin liikunnan m\u00e4\u00e4r\u00e4n ja elinpiirin koon yhteytt\u00e4.\r\n\r\nTutkimuksella saatiin lis\u00e4tietoa siit\u00e4, miten yksil\u00f6n ja ymp\u00e4rist\u00f6n ominaisuudet vaikuttavat ik\u00e4\u00e4ntyneiden fyysiseen aktiivisuuteen ja liikkumiseen. Tutkimuksen tuottamaa uutta tietoa voidaan hy\u00f6dynt\u00e4\u00e4 esimerkiksi kaupunkisuunnittelussa, jotta voidaan kehitt\u00e4\u00e4 ymp\u00e4rist\u00f6\u00e4 kaiken ik\u00e4isille sopivaksi ja houkuttelevaksi liikkumiseen.\r\n\r\n<b>Rahoittajat <\/b>\r\nSuomen Akatemia - Asumisen tulevaisuus tutkimusohjelma, Opetus- ja Kulttuuriministeri\u00f6, Jyv\u00e4skyl\u00e4n yliopisto\r\n\r\n<b>Tutkijaryhm\u00e4<\/b><i><\/i>\r\n<i>Vastuullinen tutkija<\/i><b>\r\n<\/b>Professori <a href=\"https:\/\/www.jyu.fi\/sport\/fi\/tiedekunta\/henkilosto\/opetus-tutkimus\/rantanen-taina\">Taina Rantanen<\/a>, Gerontologian tutkimuskeskus, Liikuntatieteellinen tiedekunta, Jyv\u00e4skyl\u00e4n yliopisto\r\n\r\n<i>Yhteisty\u00f6kumppanit<\/i>\r\nLundin yliopisto, Center for Supportive Environments (Prof. Susanne Iwarsson)\r\n\r\n<b>Keskeisimm\u00e4t julkaisut<\/b>\r\nRantakokko M, Iwarsson S, M\u00e4nty M, Leinonen R, Rantanen T. Perceived barriers to mobility in the outdoor environment and development of walking difficulty in older people. Age and Ageing 2012;41(1):118-21.\r\n\r\nRantakokko, M, Iwarsson S,\u00a0 Kauppinen M, Leinonen R, Heikkinen E, Rantanen T. Quality of Life and Barriers in the Outdoor Environment in Old Age. J Am Geriatr Soc 2010;58(11):2154-9.\r\n\r\nEronen J, von Bonsdorff MB, Rantakokko M, Rantanen T. Accumulation of disparity in physical activity in old age. Aging, Clinical Experimental Research Epub ahead of print 2012 Apr 23, doi: 10.3275\/8389\r\n\r\nRantanen T, Portegijs E, Viljanen A, Eronen J, Saajanaho M, Tsai L-T, Kauppinen M, Palonen E-M, Sipil\u00e4 S, Iwarsson S, Rantakokko M. Individual and Environmental Factors Underlying Life-Space of Older People \u2013 Study Protocol and Design of a Cohort Study on Life Space Mobility in Old Age (LISPE). BMC Public Health 2012, 12:1018. DOI: 10.1186\/1471-2458-12-1018.\r\n\r\n<\/div>\r\n<\/div>\r\n<div id=\"viewlet-below-content-body\">\r\n<div class=\"visualClear\"><\/div>\r\n<div class=\"documentActions\"><\/div>\r\n<div id=\"socialtools\" class=\"addthis_toolbox addthis_default_style\"><\/div>\r\n<\/div>\r\n[\/vc_column_text][\/vc_column][\/vc_row]","_fi_post_name":"iakkaiden-ihmisten-liikkumiskyky-ja-elinpiiri-lispe","_fi_post_excerpt":"","_fi_post_title":"I\u00e4kk\u00e4iden ihmisten liikkumiskyky ja elinpiiri (LISPE)","_en_post_content":"[vc_row][vc_column][vc_column_text]\r\n\r\n&nbsp;\r\n\r\n&nbsp;\r\n\r\nLISPE is a prospective cohort study that was conducted in 2011-2015. The purpose of the study was to examine among older people how home and neighborhood characteristics, individuals\u2019 health, functioning and personal goals influence physical activity, life-space mobility and quality of life. The primary outcome of the study was the Life-Space Assessment questionnaire.\r\n\r\nThe LISPE study included a home interview at baseline and a phone interview one and two years later. Data consist of the baseline survey among 848 community-dwelling people aged 75-90 years living in Jyv\u00e4skyl\u00e4 and Muurame. Assessments included face-to-face interviews on perceived environmental mobility barriers and facilitators, health, mobility limitation, disability, participation restriction, motives for physical activity, personal goals and quality of life. In addition, the home visit included an observation of the home environment and a test of physical performance. Data on mortality and hospital care were followed up from registers.\r\n\r\nA subgroup of 174 people participated in a seven-day accelerometer recording while keeping a diary of places visited outside home. An additional 360 participants kept the 7-day diary on places visited outside home. The aim of the substudy was to study mobility and physical activity in older people. In addition, the relationship between physical activity and the extent of the life-space area were studied.\r\n\r\nThis study increased the understanding of how individual and environmental characteristics matter to physical activity and mobility in old age. This can be useful for the development of evidence-based policy to optimize older people\u2019s opportunities for active life and participation.\r\n\r\n<b>Funding<\/b>\r\nAcademy of Finland- the Future of Living and Housing Research Program (ASU-LIVE), Finnish Ministry of Education and Culture, University of Jyv\u00e4skyl\u00e4.\r\n\r\n<b>Research group<\/b>\r\n<i>Principal Investigator<\/i>\r\nProf. <a class=\"external-link\" href=\"https:\/\/www.jyu.fi\/sport\/fi\/tiedekunta\/henkilosto\/opetus-tutkimus\/rantanen-taina\" target=\"_blank\" rel=\"noopener noreferrer\">Taina Rantanen<\/a>, Gerontology Research Center, Faculty of Sport and Health Sciences, University of Jyv\u00e4skyl\u00e4\r\n\r\n<b>Selected publications<\/b>\r\nRantakokko M, Iwarsson S, M\u00e4nty M, Leinonen R, Rantanen T. Perceived barriers to mobility in the outdoor environment and development of walking difficulty in older people. Age and Ageing 2012;41(1):118-21.\r\n\r\nRantakokko, M, Iwarsson S,\u00a0 Kauppinen M, Leinonen R, Heikkinen E, Rantanen T.<b> <\/b>Quality of Life and Barriers in the Outdoor Environment in Old Age. J Am Geriatr Soc 2010;58(11):2154-9\r\n\r\nEronen J, von Bonsdorff MB, Rantakokko M, Rantanen T. Accumulation of disparity in physical activity in old age. <i>Aging, Clinical Experimental Research<\/i> Epub ahead of print 2012 Apr 23, doi: 10.3275\/8389\r\n\r\nRantanen T, Portegijs E, Viljanen A, Eronen J, Saajanaho M, Tsai L-T, Kauppinen M, Palonen E-M, Sipil\u00e4 S, Iwarsson S, Rantakokko M. Individual and Environmental Factors Underlying Life-Space of Older People \u2013 Study Protocol and Design of a Cohort Study on Life Space Mobility in Old Age (LISPE). BMC Public Health 2012, 12:1018. DOI: 10.1186\/1471-2458-12-1018.\r\n\r\n<b>Collaborators<\/b>\r\nLund University, Center for Supportive Environments (Prof. Susanne Iwarsson)[\/vc_column_text][\/vc_column][\/vc_row]","_en_post_name":"lispe","_en_post_excerpt":"","_en_post_title":"Life-Space Mobility in Older People (LISPE)","edit_language":"en","footnotes":""},"class_list":["post-5639","page","type-page","status-publish","hentry","entry","no-media"],"_links":{"self":[{"href":"https:\/\/www.gerec.fi\/en\/wp-json\/wp\/v2\/pages\/5639","targetHints":{"allow":["GET"]}}],"collection":[{"href":"https:\/\/www.gerec.fi\/en\/wp-json\/wp\/v2\/pages"}],"about":[{"href":"https:\/\/www.gerec.fi\/en\/wp-json\/wp\/v2\/types\/page"}],"author":[{"embeddable":true,"href":"https:\/\/www.gerec.fi\/en\/wp-json\/wp\/v2\/users\/1"}],"replies":[{"embeddable":true,"href":"https:\/\/www.gerec.fi\/en\/wp-json\/wp\/v2\/comments?post=5639"}],"version-history":[{"count":10,"href":"https:\/\/www.gerec.fi\/en\/wp-json\/wp\/v2\/pages\/5639\/revisions"}],"predecessor-version":[{"id":9201,"href":"https:\/\/www.gerec.fi\/en\/wp-json\/wp\/v2\/pages\/5639\/revisions\/9201"}],"up":[{"embeddable":true,"href":"https:\/\/www.gerec.fi\/en\/wp-json\/wp\/v2\/pages\/5537"}],"wp:attachment":[{"href":"https:\/\/www.gerec.fi\/en\/wp-json\/wp\/v2\/media?parent=5639"}],"curies":[{"name":"wp","href":"https:\/\/api.w.org\/{rel}","templated":true}]}}