{"id":539,"date":"2018-12-11T20:24:49","date_gmt":"2018-12-11T20:24:49","guid":{"rendered":"https:\/\/gerec.fi\/2018\/12\/11\/haastattelijaesittely-marjut-lilja\/"},"modified":"2024-06-19T08:42:26","modified_gmt":"2024-06-19T05:42:26","slug":"","status":"publish","type":"page","link":"https:\/\/www.gerec.fi\/en\/research\/activeageing\/active-ageing-agnes-study\/agnes-blogi\/haastattelijaesittely-marjut-lilja\/","title":{"rendered":"","raw":""},"content":{"rendered":"","protected":false,"raw":""},"excerpt":{"rendered":"11.4.2018L\u00e4mmin ilmapiiri ja aito kohtaaminen tekev\u00e4t onnistuneen kotihaastattelunEl\u00e4kep\u00e4ivill\u00e4 AGNES-haastattelijaksiMarjut Lilja huomasi kev\u00e4\u00e4ll\u00e4 2017 Keskisuomalaisessa tutkimusprofessori Taina Rantasen haastattelun AGNES-tutkimuksesta, ja innostui asiasta. Laajaan tutkimukseen tarvitaan useita haastattelijoita ja olisi valtavan hienoa olla mukana, h\u00e4n ajatteli. Rohkeasti Marjut p\u00e4\u00e4tti jo saman&hellip;","protected":false,"raw":""},"author":1,"featured_media":0,"parent":5558,"menu_order":4,"comment_status":"open","ping_status":"open","template":"","meta":{"_mi_skip_tracking":false,"_fi_post_content":"<div id=\"articleHeader\"><\/div>                                                                                                                                                                                                                                                                                                                                                                                                             <p>11.4.2018<\/p><h2>L\u00e4mmin ilmapiiri ja aito kohtaaminen tekev\u00e4t onnistuneen kotihaastattelun<\/h2><h3 style=\"text-align: left; \">El\u00e4kep\u00e4ivill\u00e4 AGNES-haastattelijaksi<\/h3><p style=\"text-align: left; \">Marjut Lilja huomasi kev\u00e4\u00e4ll\u00e4 2017 Keskisuomalaisessa tutkimusprofessori Taina Rantasen haastattelun AGNES-tutkimuksesta, ja innostui asiasta. Laajaan tutkimukseen tarvitaan useita haastattelijoita ja olisi valtavan hienoa olla mukana, h\u00e4n ajatteli. Rohkeasti Marjut p\u00e4\u00e4tti jo saman p\u00e4iv\u00e4n aikana ottaa yhteytt\u00e4 AGNESiin ja h\u00e4net kutsuttiin haastatteluun. H\u00e4n ei ole katunut valintaansa, vaan on omien sanojensa mukaan todella tyytyv\u00e4inen ty\u00f6skentelyyn mahtavassa ja hyv\u00e4ksyv\u00e4ss\u00e4 ty\u00f6yhteis\u00f6ss\u00e4.<\/p><p>Etel\u00e4-Pohjanmaalta kotoisin olevalla Marjutilla on taustallaan vahva 40-vuotinen ty\u00f6ura\u00a0 terveydenhuollon alalla synnyinseudullaan. H\u00e4n on toiminut avoterveydenhuollossa terveydenhoitajana hoitaen ihmisi\u00e4 vauvasta vaariin sek\u00e4 kotihoidon vastaavana. Ennen el\u00e4kkeelle j\u00e4\u00e4mist\u00e4 h\u00e4n toimi 14 vuotta vanhusty\u00f6n johtajana Kuortaneella. Jyv\u00e4skyl\u00e4\u00e4n h\u00e4n tuli vuonna 2015, sill\u00e4 tutkijatohtorina ja yliopisto-opettajana toimiva tyt\u00e4r perheineen asuu t\u00e4\u00e4ll\u00e4. Marjut on viihtynyt oikein hyvin, ja nauttii kaupungin laajasta liikunta- ja kulttuuritarjonnasta.<\/p><h3>Empaattinen kotihaastattelija<\/h3><p>L\u00e4mminhenkinen Marjut on kuin luotu haastattelijaksi. H\u00e4n onnistuu luomaan luottavaisen ja miellytt\u00e4v\u00e4n ilmapiirin, ja on aidosti kiinnostunut ihmisten el\u00e4m\u00e4ntarinoista. Marjut kertoo, ett\u00e4 haastattelut antavat paljon my\u00f6s h\u00e4nelle itselleen. Ne muistuttavat, kuinka t\u00e4rke\u00e4\u00e4 on pit\u00e4\u00e4 yll\u00e4 positiivista el\u00e4m\u00e4nasennetta eik\u00e4 antaa vastoink\u00e4ymisten musertaa alleen.<\/p><p>AGNESin kotihaastattelu on laaja, joten ihmisest\u00e4 oppii paljon jo lyhyess\u00e4kin ajassa. T\u00e4h\u00e4n menness\u00e4 Marjut on tehnyt noin 60 haastattelua. H\u00e4nen mielest\u00e4\u00e4n AGNESin etuk\u00e4teisvalmistelut on viety pitk\u00e4lle, mik\u00e4 helpottaa haastattelijoiden ty\u00f6t\u00e4. Haastateltavien vastaanotto tutkimukselle on ollut Marjutin kokemuksen mukaan my\u00f6nteinen, innostunut ja yst\u00e4v\u00e4llinen. Ihmiset ovat p\u00e4\u00e4asiassa aktiivisia ja hyv\u00e4kuntoisia, heilt\u00e4 l\u00f6ytyy sisua, sinnikkyytt\u00e4 ja joustavuutta, ja vaikeudet on valjastettu positiiviseksi voimavaraksi.<\/p><p>Luontevuus, tilanneherkkyys, luotettavuus ja luottavaisen ilmapiirin luominen sek\u00e4 ihmisen yksil\u00f6llinen kohtaaminen \u2013 Marjutin mielest\u00e4 n\u00e4m\u00e4 ovat kotihaastattelijan t\u00e4rkeimm\u00e4t ominaisuudet. On ollut onnistunut valinta tehd\u00e4 haastattelut tutkittavien kotona, Marjut pohtii. Kotona ihminen on p\u00e4\u00e4roolissa, luontevimmillaan ja omalla tontillaan, mik\u00e4 vaikuttaa positiivisesti jopa vastausten luotettavuuteen.<\/p><h3>Liikunnasta nautiskelija kaikilla aisteilla<\/h3><p>Vapaa-ajallaan Marjutille t\u00e4rkeit\u00e4 asioita ovat lastenlapset, liikunta ja luonnossa liikkuminen. H\u00e4n k\u00e4y hiiht\u00e4m\u00e4ss\u00e4 ja vaeltamassa Lapissa sek\u00e4 harrastaa avantouintia. Mit\u00e4 kylmempi ilma on, sit\u00e4 mukavampaa on pulahtaa avantoon! Lastenlasten kanssa h\u00e4n harrastaa retkeily\u00e4 l\u00e4hiluonnossa.<\/p><p>Marjut odottaa jo mielenkiinnolla AGNES-tutkimuksen tuloksia ja analyyseja. Aineiston ker\u00e4\u00e4minen jatkuu kuitenkin edelleen laajassa tutkimuksessa ja sen my\u00f6t\u00e4 Marjutin t\u00e4rke\u00e4 ty\u00f6 kotihaastattelijana.<\/p><h3>Mit\u00e4 tulee ensimm\u00e4isen\u00e4 mieleen?<\/h3><p>AGNES: merkityksellinen, mielenkiintoinen, monipuolinen <br \/>JYV\u00c4SKYL\u00c4N YLIOPISTO: Ik\u00e4\u00e4ntyvien yliopisto \u2013 laadukasta elinik\u00e4ist\u00e4 oppimista<br \/>AKTIIVISUUS: El\u00e4m\u00e4nilo ja uteliaisuus uuteen <br \/>IK\u00c4: Menett\u00e4\u00e4 merkityst\u00e4\u00e4n ik\u00e4\u00e4ntyess\u00e4<br \/>HYMY: Yst\u00e4v\u00e4llisyys<\/p><p><b>KUKA?<\/b><br \/>Marjut Lilja, terveydenhoitaja<br \/> Kotihaastattelija Jyv\u00e4skyl\u00e4n yliopiston AGNES-tutkimuksessa<br \/>Opintoja avoimessa yliopistossa gerontologian sek\u00e4 sosiaali- ja terveyshallinnon aloilla<\/p><p><i>Teksti: Maria H\u00e4m\u00e4l\u00e4inen<\/i><\/p>                    ","_fi_post_name":"haastattelijaesittely-marjut-lilja","_fi_post_excerpt":"","_fi_post_title":"Haastattelijaesittely: Marjut Lilja","_en_post_content":"","_en_post_name":"","_en_post_excerpt":"","_en_post_title":"","edit_language":"en","footnotes":""},"class_list":["post-539","page","type-page","status-publish","hentry","entry","no-media"],"_links":{"self":[{"href":"https:\/\/www.gerec.fi\/en\/wp-json\/wp\/v2\/pages\/539","targetHints":{"allow":["GET"]}}],"collection":[{"href":"https:\/\/www.gerec.fi\/en\/wp-json\/wp\/v2\/pages"}],"about":[{"href":"https:\/\/www.gerec.fi\/en\/wp-json\/wp\/v2\/types\/page"}],"author":[{"embeddable":true,"href":"https:\/\/www.gerec.fi\/en\/wp-json\/wp\/v2\/users\/1"}],"replies":[{"embeddable":true,"href":"https:\/\/www.gerec.fi\/en\/wp-json\/wp\/v2\/comments?post=539"}],"version-history":[{"count":1,"href":"https:\/\/www.gerec.fi\/en\/wp-json\/wp\/v2\/pages\/539\/revisions"}],"predecessor-version":[{"id":5565,"href":"https:\/\/www.gerec.fi\/en\/wp-json\/wp\/v2\/pages\/539\/revisions\/5565"}],"up":[{"embeddable":true,"href":"https:\/\/www.gerec.fi\/en\/wp-json\/wp\/v2\/pages\/5558"}],"wp:attachment":[{"href":"https:\/\/www.gerec.fi\/en\/wp-json\/wp\/v2\/media?parent=539"}],"curies":[{"name":"wp","href":"https:\/\/api.w.org\/{rel}","templated":true}]}}