{"id":537,"date":"2018-12-11T20:24:49","date_gmt":"2018-12-11T20:24:49","guid":{"rendered":"https:\/\/gerec.fi\/2018\/12\/11\/tutkijaesittely-katja-pynnonen-d1\/"},"modified":"2024-06-19T08:42:26","modified_gmt":"2024-06-19T05:42:26","slug":"","status":"publish","type":"page","link":"https:\/\/www.gerec.fi\/en\/research\/activeageing\/active-ageing-agnes-study\/agnes-blogi\/tutkijaesittely-katja-pynnonen-d1\/","title":{"rendered":"","raw":""},"content":{"rendered":"","protected":false,"raw":""},"excerpt":{"rendered":"1.2.2018Vahvuutena ihmisten kohtaaminenMatka t\u00e4h\u00e4n pisteeseen Tutkija Katja Pynn\u00f6nen on juuri ennen tapaamistamme lopettanut puhelun yhden tutkittavan kanssa. Kyseess\u00e4 on puhelu, joita Pynn\u00f6nen tekee t\u00e4ll\u00e4 hetkell\u00e4 liittyen AGNES-tutkimuksen interventioon. Interventio on tutkimuksen osio, jossa p\u00e4\u00e4tavoitteena on saada ik\u00e4\u00e4ntyneet ihmiset lis\u00e4\u00e4m\u00e4\u00e4n aktiivisuuttaan&hellip;","protected":false,"raw":""},"author":1,"featured_media":0,"parent":5558,"menu_order":3,"comment_status":"open","ping_status":"open","template":"","meta":{"_mi_skip_tracking":false,"_fi_post_content":"<div id=\"articleHeader\"><\/div>                                                                                                                                                                                                                                                                                                                                                                                                             <p>1.2.2018<\/p><h2>Vahvuutena ihmisten kohtaaminen<\/h2><h3>Matka t\u00e4h\u00e4n pisteeseen <\/h3><p>Tutkija Katja Pynn\u00f6nen on juuri ennen tapaamistamme lopettanut puhelun yhden tutkittavan kanssa. Kyseess\u00e4 on puhelu, joita Pynn\u00f6nen tekee t\u00e4ll\u00e4 hetkell\u00e4 liittyen AGNES-tutkimuksen interventioon. Interventio on tutkimuksen osio, jossa p\u00e4\u00e4tavoitteena on saada ik\u00e4\u00e4ntyneet ihmiset lis\u00e4\u00e4m\u00e4\u00e4n aktiivisuuttaan omassa el\u00e4m\u00e4ss\u00e4\u00e4n omien tavoitteiden ohjaamana. Pynn\u00f6nen sek\u00e4 tapaa tutkittavia ett\u00e4 tekee puhelinhaastatteluja.<\/p><p>Haastatteluissa aktiivisena vanhenemista k\u00e4sitell\u00e4\u00e4n kokonaisvaltaisesti ja se miellet\u00e4\u00e4n monimuotoiseksi. Aktiivisuus ei ole pelk\u00e4st\u00e4\u00e4n fyysist\u00e4 toimintaa, vaan t\u00e4rke\u00e4 merkitys on my\u00f6s psyykkisell\u00e4 ja sosiaalisella hyvinvoinnilla. Moni tutkittava yll\u00e4ttyy kuullessaan, ett\u00e4 esimerkiksi lukeminen on yksi aktiivisuuden muoto.<\/p><p>Kiinnostus erityisesti sosiaalista aktiivisuutta kohtaan her\u00e4si Pynn\u00f6sell\u00e4 jo gerontologian opintojen kandivaiheessa. Graduty\u00f6n Pynn\u00f6nen teki sosiaalisesta aktiivisuudesta ik\u00e4\u00e4ntyess\u00e4 ja elokuussa 2017 h\u00e4n v\u00e4itteli sosiaalisen aktiivisuuden ja sosiaalisten suhteiden kokemisen yhteydest\u00e4 ik\u00e4ihmisten terveyteen. Tuore tutkijatohtori p\u00e4\u00e4sikin heti kokeilemaan siipi\u00e4\u00e4n AGNES-tutkimuksessa, jolla on Pynn\u00f6sen mukaan t\u00e4rke\u00e4 merkitys h\u00e4nen urallaan. \u00a0Tutkimuksessa p\u00e4\u00e4see k\u00e4ytt\u00e4m\u00e4\u00e4n kaikkea t\u00e4h\u00e4n menness\u00e4 opittua, mutta ty\u00f6 my\u00f6s haastaa kehittym\u00e4\u00e4n ja oppimaan uutta.<\/p><h3>Aktiivisena vanheneminen on el\u00e4m\u00e4ss\u00e4 kiinni olemista<\/h3><p>Pynn\u00f6nen kokee tutkijan ty\u00f6ss\u00e4 mielekk\u00e4\u00e4ksi ihmisten kohtaamisen ja heid\u00e4n mielenkiinnon kohteidensa tarkemman tarkastelun. Tutkijalta vaaditaan Pynn\u00f6sen mukaan uteliaisuutta, kriittisyytt\u00e4, kiinnostusta omaa aihetta kohtaan sek\u00e4 sinnikkyytt\u00e4, sill\u00e4 tutkimusty\u00f6 on pitk\u00e4j\u00e4nteist\u00e4 ty\u00f6t\u00e4 ja prosessit voivat kest\u00e4\u00e4 yll\u00e4tt\u00e4v\u00e4nkin kauan. Pynn\u00f6nen on onnekseen l\u00f6yt\u00e4nyt aiheen ja teht\u00e4v\u00e4n, jossa voi hy\u00f6dynt\u00e4\u00e4 omia vahvuuksiaan. T\u00e4ss\u00e4kin haastattelussa keskustelu kulkee sujuvasti ja vuorovaikutus on jollain lailla lempe\u00e4\u00e4. V\u00e4lill\u00e4 tulee tunne, ett\u00e4 haastattelija onkin haastateltavana eik\u00e4 toisinp\u00e4in. Pynn\u00f6sell\u00e4 on hieno taito kohdata ja kuunnella ihmisi\u00e4. H\u00e4n kertoo, ett\u00e4 aikaisempi ty\u00f6kokemus ja Ikivihre\u00e4t-tutkimuksen haastattelukokemus ovat muun muassa opettaneet ik\u00e4\u00e4ntyneiden kohtaamista ja ohjanneet omalle tutkijan polulle.<\/p><p>Ik\u00e4\u00e4ntyneiden haastatteluissa tulee herk\u00e4ll\u00e4 korvalla kuunnella tutkittavia, jotta yksil\u00f6lliset tavoitteet tulevat ilmi. Omasta aktiivisuudestaan Pynn\u00f6nen toteaa naurahtaen, ett\u00e4 voisihan se olla enemm\u00e4nkin kuin koiran kanssa lenkkeily\u00e4 - venytell\u00e4 pit\u00e4isi enemm\u00e4n. Toisaalta mielek\u00e4s ty\u00f6 pit\u00e4\u00e4 osaltaan aktiivista el\u00e4m\u00e4notetta yll\u00e4 ja aktiivisena el\u00e4mist\u00e4 on toiminnan lis\u00e4ksi my\u00f6s asenne el\u00e4m\u00e4\u00e4 kohtaan. Pynn\u00f6nen kuvaa aktiivisena el\u00e4mist\u00e4 lis\u00e4ksi er\u00e4\u00e4nlaisena liikkeen\u00e4, joka mukautuu kulloiseenkin el\u00e4m\u00e4ntilanteeseen ja on sen hetkisten tavoitteiden mukaista. Aktiivisena vanheneva ihminen ottaa vastuuta omasta hyvinvoinnistaan ja on kiinni omassa el\u00e4m\u00e4ss\u00e4\u00e4n \u2013 el\u00e4\u00e4 sellaista el\u00e4m\u00e4\u00e4, mit\u00e4 itse pit\u00e4\u00e4 t\u00e4rke\u00e4n\u00e4!<\/p><p>AGNES-tutkimuksessa Pynn\u00f6nen on tutkijakollegoidensa kanssa tuottanut vihkosen, josta l\u00f6ytyy muun muassa vinkkej\u00e4 aktiivisena vanhenemisen toteuttamiseen. T\u00e4llaista materiaalia ei ole aiemmin Suomessa julkaistu ja vihkosen rikkaaseen ideapankkiin p\u00e4\u00e4see mahdollisesti k\u00e4siksi sitten, kun AGNES-tutkimus on loppusuoralla.<\/p><h3>Mit\u00e4 tulee ensimm\u00e4isen\u00e4 mieleen?<\/h3><p>AGNES: Aktiivinen el\u00e4m\u00e4note<br \/> JYV\u00c4SKYL\u00c4N YLIOPISTO: Opiskelu, ty\u00f6 ja tutkimus<br \/> AKTIIVISUUS: El\u00e4m\u00e4ss\u00e4 kiinni oleminen<br \/> IK\u00c4: Suhteellinen k\u00e4site<br \/> HYMY: hyv\u00e4 mieli<\/p><p><b>KUKA?<\/b><br \/> Katja Pynn\u00f6nen<br \/> Tutkijatohtori, Gerontologian tutkimuskeskus, Jyv\u00e4skyl\u00e4n yliopisto<br \/> AGNES-tutkimuksessa vastuussa interventiosta<br \/> Gerontologian ja kansanterveyden v\u00e4it\u00f6skirja (syksy 2017) \u201dSocial engagement, mood, and mortality in old age\u201d, Jyv\u00e4skyl\u00e4n yliopisto<\/p><p><i>Teksti: Minna Mattila<\/i><\/p><p><a href=\"http:\/\/www.gerec.fi\/tutkimus\/terveys-toimintakyky\/agnes\/agnes-blogi\/tutkijaesittely-laura-karavirta\" target=\"_blank\" rel=\"noopener noreferrer\"><span>Seuraavana esittelyss\u00e4 tutkijatohtori Laura Karavirta<\/span><\/a><\/p>                    ","_fi_post_name":"tutkijaesittely-katja-pynnonen-d1","_fi_post_excerpt":"","_fi_post_title":"Tutkijaesittely: Katja Pynn\u00f6nen","_en_post_content":"","_en_post_name":"","_en_post_excerpt":"","_en_post_title":"","edit_language":"en","footnotes":""},"class_list":["post-537","page","type-page","status-publish","hentry","entry","no-media"],"_links":{"self":[{"href":"https:\/\/www.gerec.fi\/en\/wp-json\/wp\/v2\/pages\/537","targetHints":{"allow":["GET"]}}],"collection":[{"href":"https:\/\/www.gerec.fi\/en\/wp-json\/wp\/v2\/pages"}],"about":[{"href":"https:\/\/www.gerec.fi\/en\/wp-json\/wp\/v2\/types\/page"}],"author":[{"embeddable":true,"href":"https:\/\/www.gerec.fi\/en\/wp-json\/wp\/v2\/users\/1"}],"replies":[{"embeddable":true,"href":"https:\/\/www.gerec.fi\/en\/wp-json\/wp\/v2\/comments?post=537"}],"version-history":[{"count":2,"href":"https:\/\/www.gerec.fi\/en\/wp-json\/wp\/v2\/pages\/537\/revisions"}],"predecessor-version":[{"id":6866,"href":"https:\/\/www.gerec.fi\/en\/wp-json\/wp\/v2\/pages\/537\/revisions\/6866"}],"up":[{"embeddable":true,"href":"https:\/\/www.gerec.fi\/en\/wp-json\/wp\/v2\/pages\/5558"}],"wp:attachment":[{"href":"https:\/\/www.gerec.fi\/en\/wp-json\/wp\/v2\/media?parent=537"}],"curies":[{"name":"wp","href":"https:\/\/api.w.org\/{rel}","templated":true}]}}