{"id":5279,"date":"2014-01-20T20:19:28","date_gmt":"2018-12-14T20:07:10","guid":{"rendered":"https:\/\/gerec.fi\/?page_id=5279"},"modified":"2024-06-19T08:42:27","modified_gmt":"2024-06-19T05:42:27","slug":"archived","status":"publish","type":"page","link":"https:\/\/www.gerec.fi\/en\/research\/archived\/","title":{"rendered":"Archived projects","raw":"Archived projects"},"content":{"rendered":"[vc_row][vc_column][vc_column_text]\n<h3>University of Jyv\u00e4skyl\u00e4<\/h3>\n<ul>\n<li><a href=\"https:\/\/www.gerec.fi\/en\/research\/archived\/evergreen-project\/\">Evergreen project<\/a><\/li>\n<li><a href=\"https:\/\/www.gerec.fi\/en\/research\/archived\/asymmetry-muscle-strength-and-power-in-old-age-special-emphasis-on-lower-limb-asymmetry-mobility-and-balance\/\">Asymmetry &#8211; Muscle strength and power in old age: special emphasis on lower limb asymmetry, mobility and balance<\/a><\/li>\n<li><a href=\"https:\/\/www.gerec.fi\/en\/research\/archived\/cosmos\">Counselling for Physical Activity, Life-Space Mobility and Falls Prevention in Old Age (COSMOS)<\/a><\/li>\n<li><a href=\"https:\/\/www.gerec.fi\/en\/the-retirement-process-of-entrepreneurs-retirement-plans-decision-making-transition-and-adjustment-to-life-in-retirement-entrepreneur\/\">The retirement process of entrepreneurs: retirement plans, decision making, transition and adjustment to life in retirement (ENTREPRENEUR)<\/a><\/li>\n<li><a href=\"https:\/\/www.gerec.fi\/en\/research\/archived\/geographic-characteristics-outdoor-mobility-and-physical-activity-in-old-age-geoage\/\">Geographic characteristics, outdoor mobility and physical activity in old age (GEOage)<\/a><\/li>\n<li><a href=\"https:\/\/www.gerec.fi\/en\/hearing-2c-20remembering-20and-20living-20well\/\">Hearing, remembering and living well: Paying attention to challenges that older adults face in noisy environments (HEARATTN)<\/a><\/li>\n<li><a href=\"https:\/\/www.gerec.fi\/en\/understanding-and-combating-age-related-muscle-weakness-myoage\/\">Understanding and combating age related muscle weakness (MYOAGE)<\/a><\/li>\n<li><a href=\"https:\/\/www.gerec.fi\/en\/optimal-timing-of-entrepreneur2019s-exit-from-business-optimal\/\">Optimal timing of entrepreneur\u2019s exit from business (OPTIMAL)<\/a><\/li>\n<li><a href=\"https:\/\/www.gerec.fi\/en\/research\/archived\/mobility-recovery-after-hip-fracture-physical-activity-and-rehabilitation-program-among-community-dwelling-older-men-and-women-recovering-from-hip-fracture-promo\/\">Mobility recovery after hip fracture: Physical activity and rehabilitation program among community-dwelling older men and women recovering from hip fracture (ProMo)<\/a><\/li>\n<li><a href=\"https:\/\/www.gerec.fi\/en\/vow\/\">Volunteer work, Outdoor Activity and Wellbeing in older people &#8211; VOW<\/a><\/li>\n<li><a href=\"https:\/\/www.gerec.fi\/en\/wraca\/\">Work, retirement and active aging (WRACA)<\/a><\/li>\n<li><a href=\"https:\/\/www.gerec.fi\/en\/sarcopenia-aging-women-and-estrogen-sawes\/\">Sarcopenia, Aging, Women and Estrogen (SAWEs)<\/a><\/li>\n<\/ul>\n<p>&nbsp;<\/p>\n<h3>Tampere University<\/h3>\n<ul>\n<li>Exercise, workability and coping at work among middle-aged women<\/li>\n<li>Improving occupational health with health technology<\/li>\n<li>Genetics of Healthy Ageing (GEHA)<\/li>\n<li>Moving in Old Age: Transitions in Housing and Care (MOVAGE)<\/li>\n<\/ul>\n[\/vc_column_text][\/vc_column][\/vc_row]\n","protected":false,"raw":"[vc_row][vc_column][vc_column_text]\r\n<h3>University of Jyv\u00e4skyl\u00e4<\/h3>\r\n<ul>\r\n \t<li><a href=\"https:\/\/www.gerec.fi\/en\/research\/archived\/evergreen-project\/\">Evergreen project<\/a><\/li>\r\n \t<li><a href=\"https:\/\/www.gerec.fi\/en\/research\/archived\/asymmetry-muscle-strength-and-power-in-old-age-special-emphasis-on-lower-limb-asymmetry-mobility-and-balance\/\">Asymmetry - Muscle strength and power in old age: special emphasis on lower limb asymmetry, mobility and balance<\/a><\/li>\r\n \t<li><a href=\"https:\/\/www.gerec.fi\/en\/research\/archived\/cosmos\">Counselling for Physical Activity, Life-Space Mobility and Falls Prevention in Old Age (COSMOS)<\/a><\/li>\r\n \t<li><a href=\"https:\/\/www.gerec.fi\/en\/the-retirement-process-of-entrepreneurs-retirement-plans-decision-making-transition-and-adjustment-to-life-in-retirement-entrepreneur\/\">The retirement process of entrepreneurs: retirement plans, decision making, transition and adjustment to life in retirement (ENTREPRENEUR)<\/a><\/li>\r\n \t<li><a href=\"https:\/\/www.gerec.fi\/en\/research\/archived\/geographic-characteristics-outdoor-mobility-and-physical-activity-in-old-age-geoage\/\">Geographic characteristics, outdoor mobility and physical activity in old age (GEOage)<\/a><\/li>\r\n \t<li><a href=\"https:\/\/www.gerec.fi\/en\/hearing-2c-20remembering-20and-20living-20well\/\">Hearing, remembering and living well: Paying attention to challenges that older adults face in noisy environments (HEARATTN)<\/a><\/li>\r\n \t<li><a href=\"https:\/\/www.gerec.fi\/en\/understanding-and-combating-age-related-muscle-weakness-myoage\/\">Understanding and combating age related muscle weakness (MYOAGE)<\/a><\/li>\r\n \t<li><a href=\"https:\/\/www.gerec.fi\/en\/optimal-timing-of-entrepreneur2019s-exit-from-business-optimal\/\">Optimal timing of entrepreneur\u2019s exit from business (OPTIMAL)<\/a><\/li>\r\n \t<li><a href=\"https:\/\/www.gerec.fi\/en\/research\/archived\/mobility-recovery-after-hip-fracture-physical-activity-and-rehabilitation-program-among-community-dwelling-older-men-and-women-recovering-from-hip-fracture-promo\/\">Mobility recovery after hip fracture: Physical activity and rehabilitation program among community-dwelling older men and women recovering from hip fracture (ProMo)<\/a><\/li>\r\n \t<li><a href=\"https:\/\/www.gerec.fi\/en\/vow\/\">Volunteer work, Outdoor Activity and Wellbeing in older people - VOW<\/a><\/li>\r\n \t<li><a href=\"https:\/\/www.gerec.fi\/en\/wraca\/\">Work, retirement and active aging (WRACA)<\/a><\/li>\r\n \t<li><a href=\"https:\/\/www.gerec.fi\/en\/sarcopenia-aging-women-and-estrogen-sawes\/\">Sarcopenia, Aging, Women and Estrogen (SAWEs)<\/a><\/li>\r\n<\/ul>\r\n&nbsp;\r\n<h3>Tampere University<\/h3>\r\n<ul>\r\n \t<li>Exercise, workability and coping at work among middle-aged women<\/li>\r\n \t<li>Improving occupational health with health technology<\/li>\r\n \t<li>Genetics of Healthy Ageing (GEHA)<\/li>\r\n \t<li>Moving in Old Age: Transitions in Housing and Care (MOVAGE)<\/li>\r\n<\/ul>\r\n[\/vc_column_text][\/vc_column][\/vc_row]"},"excerpt":{"rendered":"[vc_row column_spacing=\"50\" bg_style=\"stretch\" css=\".vc_custom_1544814296502{padding-top: 30px !important;padding-bottom: 5px !important;}\"][vc_column][vc_column_text width=\"750\" font_size=\"14px\" align=\"left\"] Jyv\u00e4skyl\u00e4n yliopisto Ikivihre\u00e4t-projekti Lonkkamurtumapotilaiden terveys, toimintakyky ja kuntoutus (Asymmetria) Terveysneuvonta i\u00e4kk\u00e4iden henkil\u00f6iden fyysisen aktiivisuuden ja elinpiirin laajuuden edist\u00e4misess\u00e4 ja kaatumisten ehk\u00e4isyss\u00e4 (COSMOS) Yritt\u00e4jien el\u00e4keprosessi: suunnittelu, p\u00e4\u00e4t\u00f6ksenteko, siirtyminen ja sopeutuminen&hellip;","protected":false,"raw":""},"author":1,"featured_media":0,"parent":5237,"menu_order":8,"comment_status":"closed","ping_status":"closed","template":"","meta":{"_mi_skip_tracking":false,"_fi_post_content":"[vc_row column_spacing=\"50\" bg_style=\"stretch\" css=\".vc_custom_1544814296502{padding-top: 30px !important;padding-bottom: 5px !important;}\"][vc_column][vc_column_text width=\"750\" font_size=\"14px\" align=\"left\"]\r\n<h3>Jyv\u00e4skyl\u00e4n yliopisto<\/h3>\r\n<ul>\r\n \t<li style=\"list-style-type: none;\">\r\n<ul>\r\n \t<li><a href=\"https:\/\/www.gerec.fi\/tutkimus\/arkistoidut-tutkimukset\/evergreen-project\/\">Ikivihre\u00e4t-projekti<\/a><\/li>\r\n \t<li><a href=\"https:\/\/www.gerec.fi\/tutkimus\/arkistoidut-tutkimukset\/asymmetry-muscle-strength-and-power-in-old-age-special-emphasis-on-lower-limb-asymmetry-mobility-and-balance\/\">Lonkkamurtumapotilaiden terveys, toimintakyky ja kuntoutus (Asymmetria)<\/a><\/li>\r\n \t<li><a href=\"https:\/\/www.gerec.fi\/tutkimus\/arkistoidut-tutkimukset\/cosmos\/\">Terveysneuvonta i\u00e4kk\u00e4iden henkil\u00f6iden fyysisen aktiivisuuden ja elinpiirin laajuuden edist\u00e4misess\u00e4 ja kaatumisten ehk\u00e4isyss\u00e4 (COSMOS)<\/a><\/li>\r\n \t<li><a href=\"https:\/\/www.gerec.fi\/tutkimus\/arkistoidut-tutkimukset\/yrittajien-elakeprosessi-suunnittelu-paatoksenteko-siirtyminen-ja-sopeutuminen-elakkeella-oloaikaan-entrepreneur-monika-von-bonsdorff\/\">Yritt\u00e4jien el\u00e4keprosessi: suunnittelu, p\u00e4\u00e4t\u00f6ksenteko, siirtyminen ja sopeutuminen el\u00e4kkeell\u00e4 oloaikaan (ENTREPRENEUR)<\/a><\/li>\r\n \t<li><a href=\"https:\/\/www.gerec.fi\/tutkimus\/arkistoidut-tutkimukset\/maantieteelliset-piirteet-ja-iakkaiden-henkiloiden-liikkuminen-ulkona-geoage\/\">Maantieteelliset piirteet ja i\u00e4kk\u00e4iden henkil\u00f6iden liikkuminen ulkona (GEOage)<\/a><\/li>\r\n \t<li><a href=\"https:\/\/www.gerec.fi\/tutkimus\/arkistoidut-tutkimukset\/kuulo-muisti-ja-hyvinvointi-meluisan-ympariston-asettamat-haasteet-iakkaille-henkiloille-hearattn\/\">Kuulo, muisti ja hyvinvointi: meluisan ymp\u00e4rist\u00f6n asettamat haasteet i\u00e4kk\u00e4ille henkil\u00f6ille (HEARATTN)<\/a><\/li>\r\n \t<li><a href=\"https:\/\/www.gerec.fi\/tutkimus\/arkistoidut-tutkimukset\/ikaantymiseen-liittyvan-lihasheikkouden-ymmartaminen-ja-ehkaisy-myoage\/\">Ik\u00e4\u00e4ntymiseen liittyv\u00e4n lihasheikkouden ymm\u00e4rt\u00e4minen ja ehk\u00e4isy (MYOAGE)<\/a><\/li>\r\n \t<li><a href=\"https:\/\/www.gerec.fi\/tutkimus\/arkistoidut-tutkimukset\/optimal\/\">Yritt\u00e4jien el\u00e4kkeelle siirtymisen optimointi (OPTIMAL)<\/a><\/li>\r\n \t<li><a href=\"https:\/\/www.gerec.fi\/tutkimus\/arkistoidut-tutkimukset\/mobility-recovery-after-hip-fracture-physical-activity-and-rehabilitation-program-among-community-dwelling-older-men-and-women-recovering-from-hip-fracture-promo-irctn53680197\/\">Liikkumiskyky lonkkamurtuman j\u00e4lkeen: tehostettu, yksil\u00f6llinen avokuntoutusohjelma liikkumiskyvyn palauttamiseksi (ProMo)<\/a><\/li>\r\n \t<li><a href=\"https:\/\/www.gerec.fi\/tutkimus\/arkistoidut-tutkimukset\/estrogeeni-ja-naisten-ikaantymiseen-liittyva-lihasheikkous-sawe\/\">Estrogeeni ja naisten ik\u00e4\u00e4ntymiseen liittyv\u00e4 lihasheikkous (SAWEs)<\/a><\/li>\r\n \t<li><a href=\"https:\/\/www.gerec.fi\/tutkimus\/arkistoidut-tutkimukset\/vapaaehtoistyo-ulkoliikunta-ja-vanhusten-hyvinvointi-vau\/\">Vapaaehtoisty\u00f6, ulkoliikunta ja vanhusten hyvinvointi (VAU)<\/a><\/li>\r\n \t<li><a href=\"https:\/\/www.gerec.fi\/tutkimus\/arkistoidut-tutkimukset\/tyo-elakkeelle-jaaminen-ja-aktiivisena-vanheneminen-wraca\/\">Ty\u00f6, el\u00e4kkeelle j\u00e4\u00e4minen ja aktiivisena vanheneminen (WRACA)<\/a><\/li>\r\n<\/ul>\r\n<\/li>\r\n<\/ul>\r\n&nbsp;\r\n<h3>Tampereen yliopisto<\/h3>\r\n<ul>\r\n \t<li><a href=\"https:\/\/www.gerec.fi\/tutkimus\/arkistoidut-tutkimukset\/liikunta-tyokyky-ja-tyossa-jaksaminen-keski-ikaisilla-naisilla\/\">Liikunta, ty\u00f6kyky ja ty\u00f6ss\u00e4 jaksaminen keski-ik\u00e4isill\u00e4 naisilla<\/a><\/li>\r\n \t<li><a href=\"https:\/\/www.gerec.fi\/tutkimus\/arkistoidut-tutkimukset\/hyvinvointiteknologia-ja-tyoterveyden-edistaminen\/\">Hyvinvointiteknologia ja ty\u00f6terveyden edist\u00e4minen<\/a><\/li>\r\n \t<li><a href=\"https:\/\/www.gerec.fi\/tutkimus\/arkistoidut-tutkimukset\/genetics-of-healthy-ageing-geha\/\">Genetics of Healthy Ageing (GEHA)<\/a><\/li>\r\n \t<li><a href=\"https:\/\/www.gerec.fi\/tutkimus\/arkistoidut-tutkimukset\/muuttaminen-ja-vanhuus-asumisen-ja-hoivan-siirtymia-movage\/\">Muuttaminen ja vanhuus: Asumisen ja hoivan siirtymi\u00e4 (MOVAGE)<\/a><\/li>\r\n<\/ul>\r\n[\/vc_column_text][\/vc_column][\/vc_row]","_fi_post_name":"arkistoidut-tutkimukset","_fi_post_excerpt":"","_fi_post_title":"Arkistoidut tutkimukset","_en_post_content":"[vc_row][vc_column][vc_column_text]\r\n<h3>University of Jyv\u00e4skyl\u00e4<\/h3>\r\n<ul>\r\n \t<li><a href=\"https:\/\/www.gerec.fi\/en\/research\/archived\/evergreen-project\/\">Evergreen project<\/a><\/li>\r\n \t<li><a href=\"https:\/\/www.gerec.fi\/en\/research\/archived\/asymmetry-muscle-strength-and-power-in-old-age-special-emphasis-on-lower-limb-asymmetry-mobility-and-balance\/\">Asymmetry - Muscle strength and power in old age: special emphasis on lower limb asymmetry, mobility and balance<\/a><\/li>\r\n \t<li><a href=\"https:\/\/www.gerec.fi\/en\/research\/archived\/cosmos\">Counselling for Physical Activity, Life-Space Mobility and Falls Prevention in Old Age (COSMOS)<\/a><\/li>\r\n \t<li><a href=\"https:\/\/www.gerec.fi\/en\/the-retirement-process-of-entrepreneurs-retirement-plans-decision-making-transition-and-adjustment-to-life-in-retirement-entrepreneur\/\">The retirement process of entrepreneurs: retirement plans, decision making, transition and adjustment to life in retirement (ENTREPRENEUR)<\/a><\/li>\r\n \t<li><a href=\"https:\/\/www.gerec.fi\/en\/research\/archived\/geographic-characteristics-outdoor-mobility-and-physical-activity-in-old-age-geoage\/\">Geographic characteristics, outdoor mobility and physical activity in old age (GEOage)<\/a><\/li>\r\n \t<li><a href=\"https:\/\/www.gerec.fi\/en\/hearing-2c-20remembering-20and-20living-20well\/\">Hearing, remembering and living well: Paying attention to challenges that older adults face in noisy environments (HEARATTN)<\/a><\/li>\r\n \t<li><a href=\"https:\/\/www.gerec.fi\/en\/understanding-and-combating-age-related-muscle-weakness-myoage\/\">Understanding and combating age related muscle weakness (MYOAGE)<\/a><\/li>\r\n \t<li><a href=\"https:\/\/www.gerec.fi\/en\/optimal-timing-of-entrepreneur2019s-exit-from-business-optimal\/\">Optimal timing of entrepreneur\u2019s exit from business (OPTIMAL)<\/a><\/li>\r\n \t<li><a href=\"https:\/\/www.gerec.fi\/en\/research\/archived\/mobility-recovery-after-hip-fracture-physical-activity-and-rehabilitation-program-among-community-dwelling-older-men-and-women-recovering-from-hip-fracture-promo\/\">Mobility recovery after hip fracture: Physical activity and rehabilitation program among community-dwelling older men and women recovering from hip fracture (ProMo)<\/a><\/li>\r\n \t<li><a href=\"https:\/\/www.gerec.fi\/en\/vow\/\">Volunteer work, Outdoor Activity and Wellbeing in older people - VOW<\/a><\/li>\r\n \t<li><a href=\"https:\/\/www.gerec.fi\/en\/wraca\/\">Work, retirement and active aging (WRACA)<\/a><\/li>\r\n \t<li><a href=\"https:\/\/www.gerec.fi\/en\/sarcopenia-aging-women-and-estrogen-sawes\/\">Sarcopenia, Aging, Women and Estrogen (SAWEs)<\/a><\/li>\r\n<\/ul>\r\n&nbsp;\r\n<h3>Tampere University<\/h3>\r\n<ul>\r\n \t<li>Exercise, workability and coping at work among middle-aged women<\/li>\r\n \t<li>Improving occupational health with health technology<\/li>\r\n \t<li>Genetics of Healthy Ageing (GEHA)<\/li>\r\n \t<li>Moving in Old Age: Transitions in Housing and Care (MOVAGE)<\/li>\r\n<\/ul>\r\n[\/vc_column_text][\/vc_column][\/vc_row]","_en_post_name":"archived","_en_post_excerpt":"","_en_post_title":"Archived projects","edit_language":"en","footnotes":""},"class_list":["post-5279","page","type-page","status-publish","hentry","entry","no-media"],"_links":{"self":[{"href":"https:\/\/www.gerec.fi\/en\/wp-json\/wp\/v2\/pages\/5279","targetHints":{"allow":["GET"]}}],"collection":[{"href":"https:\/\/www.gerec.fi\/en\/wp-json\/wp\/v2\/pages"}],"about":[{"href":"https:\/\/www.gerec.fi\/en\/wp-json\/wp\/v2\/types\/page"}],"author":[{"embeddable":true,"href":"https:\/\/www.gerec.fi\/en\/wp-json\/wp\/v2\/users\/1"}],"replies":[{"embeddable":true,"href":"https:\/\/www.gerec.fi\/en\/wp-json\/wp\/v2\/comments?post=5279"}],"version-history":[{"count":16,"href":"https:\/\/www.gerec.fi\/en\/wp-json\/wp\/v2\/pages\/5279\/revisions"}],"predecessor-version":[{"id":9462,"href":"https:\/\/www.gerec.fi\/en\/wp-json\/wp\/v2\/pages\/5279\/revisions\/9462"}],"up":[{"embeddable":true,"href":"https:\/\/www.gerec.fi\/en\/wp-json\/wp\/v2\/pages\/5237"}],"wp:attachment":[{"href":"https:\/\/www.gerec.fi\/en\/wp-json\/wp\/v2\/media?parent=5279"}],"curies":[{"name":"wp","href":"https:\/\/api.w.org\/{rel}","templated":true}]}}