{"id":527,"date":"2018-12-11T20:24:49","date_gmt":"2018-12-11T20:24:49","guid":{"rendered":"https:\/\/gerec.fi\/2018\/12\/11\/tutkijaesittely-milla-saajanaho-d1\/"},"modified":"2024-06-19T08:42:26","modified_gmt":"2024-06-19T05:42:26","slug":"","status":"publish","type":"page","link":"https:\/\/www.gerec.fi\/en\/research\/activeageing\/active-ageing-agnes-study\/agnes-blogi\/tutkijaesittely-milla-saajanaho-d1\/","title":{"rendered":"","raw":""},"content":{"rendered":"","protected":false,"raw":""},"excerpt":{"rendered":"20.12.2017AGNES-tutkimus innostaa tutkijaaKotihaastattelujen takanaMilla Saajanaho kiinnostui vanhuuden tutkimuksesta jo opiskeluaikoina Jyv\u00e4skyl\u00e4n yliopistossa. Gerontologian opinnot avasivat reitin tutkijan uralle Gerontologian tutkimuskeskukseen ja nyt tutkijatohtori on p\u00e4\u00e4ssyt AGNES-tutkimuksessa tutkimaan itselleen t\u00e4rke\u00e4\u00e4 teemaa eli miten i\u00e4kk\u00e4iden mahdollisuus el\u00e4\u00e4 omien tavoitteidensa mukaista el\u00e4m\u00e4\u00e4 on&hellip;","protected":false,"raw":""},"author":1,"featured_media":0,"parent":5558,"menu_order":1,"comment_status":"open","ping_status":"open","template":"","meta":{"_mi_skip_tracking":false,"_fi_post_content":"<div id=\"articleHeader\"><\/div>                                                                                                                                                                                                                                                                                                                                                                                                             <p>20.12.2017<\/p><h2>AGNES-tutkimus innostaa tutkijaa<\/h2><h3>Kotihaastattelujen takana<\/h3><p>Milla Saajanaho kiinnostui vanhuuden tutkimuksesta jo opiskeluaikoina Jyv\u00e4skyl\u00e4n yliopistossa. Gerontologian opinnot avasivat reitin tutkijan uralle Gerontologian tutkimuskeskukseen ja nyt tutkijatohtori on p\u00e4\u00e4ssyt AGNES-tutkimuksessa tutkimaan itselleen t\u00e4rke\u00e4\u00e4 teemaa eli miten i\u00e4kk\u00e4iden mahdollisuus el\u00e4\u00e4 omien tavoitteidensa mukaista el\u00e4m\u00e4\u00e4 on yhteydess\u00e4 heid\u00e4n hyvinvointiinsa. Saajanaho on ollut mukana AGNES-hankkeessa ihan alkumetreilt\u00e4 asti.<\/p><p>AGNES-tutkimuksessa Saajanaho vastaa kotihaastatteluista. T\u00e4ll\u00e4 hetkell\u00e4 haastattelut ovat k\u00e4ynniss\u00e4 ja Saajanaho on itsekin tehnyt muutamia kotihaastatteluja. Ennen aineistonkeruuta tutkijatohtorin ty\u00f6nkuvaan ovat kuuluneet ensinn\u00e4kin haastattelulomakkeen luominen ja lis\u00e4ksi muun muassa haastattelijoiden koulutus, erilaisten tiedotteiden ja kutsujen tekeminen sek\u00e4 eettiset hakemukset. Saajanaho korostaa aineiston keruun t\u00e4rkeytt\u00e4 ja se, jos jokin on hyvin k\u00e4yt\u00e4nn\u00f6nl\u00e4heist\u00e4 ty\u00f6t\u00e4. Kaikki pienetkin k\u00e4yt\u00e4nn\u00f6n seikat tulee huomioida: joskus kesken ty\u00f6p\u00e4iv\u00e4n on t\u00e4ytynyt l\u00e4hte\u00e4 ostamaan kaupasta banaaneja liikuntalaboratoriolle toimintakykymittauksiin osallistuville, Saajanaho kertoo naurahtaen.<\/p><h3>Ty\u00f6 vie menness\u00e4\u00e4n<\/h3><p>Saajanaho kokee ty\u00f6ns\u00e4 tutkijana mielekk\u00e4\u00e4ksi ja innostavaksi. Tutkijan ty\u00f6h\u00f6n h\u00e4nt\u00e4 suuntasi uteliaisuus ja halu saada tietoa. Tutkijan ty\u00f6h\u00f6n kuuluu itsen\u00e4ist\u00e4 ty\u00f6t\u00e4 tutkimusartikkeleita kirjoittaen, mutta t\u00e4rke\u00e4 merkitys on my\u00f6s tutkijakollegoilla. Saajanahon mielest\u00e4 on mukavaa, kun voi jakaa ajatuksia muiden tutkijoiden kanssa ja kun kaikki ty\u00f6skentelev\u00e4t yhdess\u00e4 yhteisen tavoitteen eteen. Joskus se vaatii sellaisia k\u00e4yt\u00e4nn\u00f6n toimia, jotka eiv\u00e4t v\u00e4ltt\u00e4m\u00e4tt\u00e4 kuuluisi juuri omaan ty\u00f6nkuvaan. Saajanaho kokee t\u00e4rke\u00e4ksi my\u00f6s ik\u00e4\u00e4ntyneiden kohtaamisen kotihaastattelujen kautta tai esimerkiksi erilaisissa el\u00e4kej\u00e4rjest\u00f6iss\u00e4 esitelm\u00f6im\u00e4ll\u00e4. On mielek\u00e4st\u00e4 ajatella, ett\u00e4 ehk\u00e4 joku esitelm\u00e4n kuuntelijoista saa kipin\u00e4n edist\u00e4\u00e4 omaa aktiivisena vanhenemistaan ja n\u00e4in kohentaa omaa el\u00e4m\u00e4nlaatuaan.<\/p><p>Innostavasta ty\u00f6st\u00e4 on joskus vaikea irtaantua viikonloppuisin, mutta arki 8-vuotiaan tytt\u00e4ren ja kahden koiran kanssa pakottaa hyv\u00e4ll\u00e4 tavalla miettim\u00e4\u00e4n my\u00f6s muutakin kuin tutkimuksen tekoa. Saajanaho on my\u00f6s kiinnostunut opiskelemaan ven\u00e4j\u00e4n kielt\u00e4, jolle mahdollisesti liikenee taas enemm\u00e4n aikaa, kun hektisin vaihe aineiston keruussa helpottaa. Jouluna ainakin seuraa taukoa haastatteluista, joten silloin voi hyv\u00e4ll\u00e4 mielell\u00e4 pit\u00e4\u00e4 hieman lomaa.<\/p><h3>Mit\u00e4 tulee ensimm\u00e4isen\u00e4 mieleen?<\/h3><p>AGNES: tutkimus<br \/> JYV\u00c4SKYL\u00c4N YLIOPISTO: elinik\u00e4inen oppiminen<br \/> AKTIIVISUUS: oman el\u00e4m\u00e4n luomista hyv\u00e4ksi<br \/> IK\u00c4: ik\u00e4 kasvattaa ja kehitt\u00e4\u00e4<br \/> JOULU: rauha<br \/> HYMY: aurinko<\/p><p><b>KUKA?<br \/><\/b>Milla Saajanaho<br \/> Tutkijatohtori, Gerontologian tutkimuskeskus, Jyv\u00e4skyl\u00e4n yliopisto<br \/> AGNES-tutkimuksessa vastuussa kotihaastatteluista<br \/> Terveystieteiden tohtori, Kasvatustieteiden maisteri<br \/> V\u00e4it\u00f6skirja aiheesta Personal goals in old age \u2013 association with life resources, physical activity, and life-space mobility<\/p><p><i>Teksti: Minna Mattila<\/i><\/p><p><a href=\"http:\/\/www.gerec.fi\/tutkimus\/terveys-toimintakyky\/agnes\/agnes-blogi\/tutkijaesittely-erja-portegijs\" target=\"_blank\" rel=\"noopener noreferrer\">Seuraavana esittelyss\u00e4 yliopistotutkija Erja Portegijs<\/a><\/p>                    ","_fi_post_name":"tutkijaesittely-milla-saajanaho-d1","_fi_post_excerpt":"","_fi_post_title":"Tutkijaesittely: Milla Saajanaho","_en_post_content":"","_en_post_name":"","_en_post_excerpt":"","_en_post_title":"","edit_language":"en","footnotes":""},"class_list":["post-527","page","type-page","status-publish","hentry","entry","no-media"],"_links":{"self":[{"href":"https:\/\/www.gerec.fi\/en\/wp-json\/wp\/v2\/pages\/527","targetHints":{"allow":["GET"]}}],"collection":[{"href":"https:\/\/www.gerec.fi\/en\/wp-json\/wp\/v2\/pages"}],"about":[{"href":"https:\/\/www.gerec.fi\/en\/wp-json\/wp\/v2\/types\/page"}],"author":[{"embeddable":true,"href":"https:\/\/www.gerec.fi\/en\/wp-json\/wp\/v2\/users\/1"}],"replies":[{"embeddable":true,"href":"https:\/\/www.gerec.fi\/en\/wp-json\/wp\/v2\/comments?post=527"}],"version-history":[{"count":2,"href":"https:\/\/www.gerec.fi\/en\/wp-json\/wp\/v2\/pages\/527\/revisions"}],"predecessor-version":[{"id":6864,"href":"https:\/\/www.gerec.fi\/en\/wp-json\/wp\/v2\/pages\/527\/revisions\/6864"}],"up":[{"embeddable":true,"href":"https:\/\/www.gerec.fi\/en\/wp-json\/wp\/v2\/pages\/5558"}],"wp:attachment":[{"href":"https:\/\/www.gerec.fi\/en\/wp-json\/wp\/v2\/media?parent=527"}],"curies":[{"name":"wp","href":"https:\/\/api.w.org\/{rel}","templated":true}]}}