{"id":5237,"date":"2018-12-14T21:12:53","date_gmt":"2018-12-14T19:12:53","guid":{"rendered":"https:\/\/gerec.fi\/?page_id=5237"},"modified":"2024-06-19T08:42:25","modified_gmt":"2024-06-19T05:42:25","slug":"research","status":"publish","type":"page","link":"https:\/\/www.gerec.fi\/en\/research\/","title":{"rendered":"Research","raw":"Research"},"content":{"rendered":"[vc_row column_spacing=&#8221;50&#8243; bg_style=&#8221;stretch&#8221; css=&#8221;.vc_custom_1544814296502{padding-top: 30px !important;padding-bottom: 5px !important;}&#8221;][vc_column][vc_column_text width=&#8221;750&#8243; font_size=&#8221;14px&#8221; align=&#8221;left&#8221;]\n<h3><b>Major research themes<\/b><\/h3>\n<ul>\n<li><a href=\"http:\/\/www.gerec.fi\/en\/research\/activeageing\/\"><strong>Active ageing, life-space mobility and physical activity<\/strong><\/a><\/li>\n<li><a href=\"http:\/\/www.gerec.fi\/en\/research\/health\/\"><strong>Health, functioning, dementia and biological ageing<\/strong><\/a><\/li>\n<li><a href=\"http:\/\/www.gerec.fi\/en\/research\/lifecourse\/\"><strong>Life course, retirement and agency<\/strong><\/a><\/li>\n<li><a href=\"http:\/\/www.gerec.fi\/en\/research\/services\/\"><strong>Services, care and politics<\/strong><\/a><\/li>\n<li><a href=\"https:\/\/www.gerec.fi\/en\/research\/centre-of-excellence-in-research-on-ageing-and-care\/\"><strong>Centre of Excellence in Research of Ageing and Care<\/strong><\/a><\/li>\n<li><a href=\"http:\/\/www.gerec.fi\/en\/research\/archived\/\">Archived projects<\/a><\/li>\n<li><a href=\"https:\/\/www.gerec.fi\/en\/research\/valmiit-vaitoskirjat\/\"><strong>Completed doctoral theses<\/strong><\/a><\/li>\n<\/ul>\n[\/vc_column_text][\/vc_column][\/vc_row]\n","protected":false,"raw":"[vc_row column_spacing=\"50\" bg_style=\"stretch\" css=\".vc_custom_1544814296502{padding-top: 30px !important;padding-bottom: 5px !important;}\"][vc_column][vc_column_text width=\"750\" font_size=\"14px\" align=\"left\"]\r\n<h3><b>Major research themes<\/b><\/h3>\r\n<ul>\r\n \t<li><a href=\"http:\/\/www.gerec.fi\/en\/research\/activeageing\/\"><strong>Active ageing, life-space mobility and physical activity<\/strong><\/a><\/li>\r\n \t<li><a href=\"http:\/\/www.gerec.fi\/en\/research\/health\/\"><strong>Health, functioning, dementia and biological ageing<\/strong><\/a><\/li>\r\n \t<li><a href=\"http:\/\/www.gerec.fi\/en\/research\/lifecourse\/\"><strong>Life course, retirement and agency<\/strong><\/a><\/li>\r\n \t<li><a href=\"http:\/\/www.gerec.fi\/en\/research\/services\/\"><strong>Services, care and politics<\/strong><\/a><\/li>\r\n \t<li><a href=\"https:\/\/www.gerec.fi\/en\/research\/centre-of-excellence-in-research-on-ageing-and-care\/\"><strong>Centre of Excellence in Research of Ageing and Care<\/strong><\/a><\/li>\r\n \t<li><a href=\"http:\/\/www.gerec.fi\/en\/research\/archived\/\">Archived projects<\/a><\/li>\r\n \t<li><a href=\"https:\/\/www.gerec.fi\/en\/research\/valmiit-vaitoskirjat\/\"><strong>Completed doctoral theses<\/strong><\/a><\/li>\r\n<\/ul>\r\n[\/vc_column_text][\/vc_column][\/vc_row]"},"excerpt":{"rendered":"[vc_row column_spacing=\"50\" bg_style=\"stretch\" css=\".vc_custom_1544814296502{padding-top: 30px !important;padding-bottom: 5px !important;}\"][vc_column]GERECiss\u00e4 tutkitaan monitieteisesti ja el\u00e4m\u00e4nkulun n\u00e4k\u00f6kulmasta ik\u00e4\u00e4ntyvi\u00e4 ihmisi\u00e4 ja heid\u00e4n el\u00e4m\u00e4\u00e4ns\u00e4.[vc_column_text width=\"750\" font_size=\"14px\" align=\"left\"]Tutkimus kattaa laajasti ik\u00e4\u00e4ntyviin ihmisiin ja ik\u00e4\u00e4ntyv\u00e4\u00e4n yhteiskuntaan liittyvi\u00e4 teemoja. Tutkimalla terveytt\u00e4 ja toimintakyky\u00e4 sek\u00e4 niit\u00e4 edist\u00e4vi\u00e4 tekij\u00f6it\u00e4, saadaan tietoa&hellip;","protected":false,"raw":""},"author":1,"featured_media":0,"parent":0,"menu_order":3,"comment_status":"closed","ping_status":"closed","template":"","meta":{"_mi_skip_tracking":false,"_fi_post_content":"[vc_row column_spacing=\"50\" bg_style=\"stretch\" css=\".vc_custom_1544814296502{padding-top: 30px !important;padding-bottom: 5px !important;}\"][vc_column][vcex_heading text=\"GERECiss\u00e4 tutkitaan monitieteisesti ja el\u00e4m\u00e4nkulun n\u00e4k\u00f6kulmasta ik\u00e4\u00e4ntyvi\u00e4 ihmisi\u00e4 ja heid\u00e4n el\u00e4m\u00e4\u00e4ns\u00e4.\" tag=\"h3\" text_align=\"left\" color=\"#2b2b2b\" font_size=\"18px\" font_weight=\"300\" css=\".vc_custom_1550742814802{padding-bottom: 20px !important;}\"][vc_column_text width=\"750\" font_size=\"14px\" align=\"left\"]Tutkimus kattaa laajasti ik\u00e4\u00e4ntyviin ihmisiin ja ik\u00e4\u00e4ntyv\u00e4\u00e4n yhteiskuntaan liittyvi\u00e4 teemoja. Tutkimalla terveytt\u00e4 ja toimintakyky\u00e4 sek\u00e4 niit\u00e4 edist\u00e4vi\u00e4 tekij\u00f6it\u00e4, saadaan tietoa aktiivisesta ik\u00e4\u00e4ntymisest\u00e4 ja sen yhteyksist\u00e4 biologisiin prosesseihin, liikuntatottumuksiin ja hyvinvointiin. Hoivaan ja yhteiskunnan ik\u00e4\u00e4ntyville tarjoamiin palveluihin keskittyv\u00e4 tutkimus tuottaa tietoa ik\u00e4\u00e4ntyv\u00e4n yhteiskunnan palvelutarpeesta.\r\n<h3>T\u00e4rkeimm\u00e4t tutkimusalueet ja hankkeet<\/h3>\r\n<ul>\r\n \t<li><a href=\"http:\/\/www.gerec.fi\/tutkimus\/aktiivisena-vanheneminen-elinpiiri-ja-liikunta\/\"><strong>Aktiivisena vanheneminen, elinpiiri ja liikunta<\/strong><\/a><\/li>\r\n \t<li><a href=\"http:\/\/www.gerec.fi\/tutkimus\/terveys-toimintakykyisyys-pitkaikaisyys-ja-biologinen-vanheneminen\/\"><strong>Terveys, toimintakykyisyys, muistisairaudet ja biologinen vanheneminen<\/strong><\/a><\/li>\r\n \t<li><a href=\"http:\/\/www.gerec.fi\/tutkimus\/elamankulku-elakoityminen-ja-toimijuus\/\"><strong>El\u00e4m\u00e4nkulku, el\u00e4k\u00f6ityminen ja toimijuus<\/strong><\/a><\/li>\r\n \t<li><a href=\"http:\/\/www.gerec.fi\/tutkimus\/palvelut-hoiva-ja-politiikka\/\"><strong>Palvelut, hoiva ja politiikka<\/strong><\/a><\/li>\r\n \t<li><strong><a href=\"https:\/\/www.gerec.fi\/tutkimus\/ikaantymisen-ja-hoivan-tutkimuksen-huippuyksikko\/\">Ik\u00e4\u00e4ntymisen ja hoivan tutkimuksen huippuyksikk\u00f6<\/a><\/strong><\/li>\r\n \t<li><strong><a href=\"https:\/\/www.gerec.fi\/tutkimus\/valmiit-vaitoskirjat\/\">Valmiit v\u00e4it\u00f6skirjat<\/a><\/strong><\/li>\r\n \t<li><a href=\"https:\/\/www.gerec.fi\/tutkimus\/arkistoidut-tutkimukset\/\">Arkistoidut tutkimukset<\/a><\/li>\r\n<\/ul>\r\n[\/vc_column_text][\/vc_column][\/vc_row]","_fi_post_name":"tutkimus","_fi_post_excerpt":"","_fi_post_title":"Tutkimus","_en_post_content":"[vc_row column_spacing=\"50\" bg_style=\"stretch\" css=\".vc_custom_1544814296502{padding-top: 30px !important;padding-bottom: 5px !important;}\"][vc_column][vc_column_text width=\"750\" font_size=\"14px\" align=\"left\"]\r\n<h3><b>Major research themes<\/b><\/h3>\r\n<ul>\r\n \t<li><a href=\"http:\/\/www.gerec.fi\/en\/research\/activeageing\/\"><strong>Active ageing, life-space mobility and physical activity<\/strong><\/a><\/li>\r\n \t<li><a href=\"http:\/\/www.gerec.fi\/en\/research\/health\/\"><strong>Health, functioning, dementia and biological ageing<\/strong><\/a><\/li>\r\n \t<li><a href=\"http:\/\/www.gerec.fi\/en\/research\/lifecourse\/\"><strong>Life course, retirement and agency<\/strong><\/a><\/li>\r\n \t<li><a href=\"http:\/\/www.gerec.fi\/en\/research\/services\/\"><strong>Services, care and politics<\/strong><\/a><\/li>\r\n \t<li><a href=\"https:\/\/www.gerec.fi\/en\/research\/centre-of-excellence-in-research-on-ageing-and-care\/\"><strong>Centre of Excellence in Research of Ageing and Care<\/strong><\/a><\/li>\r\n \t<li><a href=\"http:\/\/www.gerec.fi\/en\/research\/archived\/\">Archived projects<\/a><\/li>\r\n \t<li><a href=\"https:\/\/www.gerec.fi\/en\/research\/valmiit-vaitoskirjat\/\"><strong>Completed doctoral theses<\/strong><\/a><\/li>\r\n<\/ul>\r\n[\/vc_column_text][\/vc_column][\/vc_row]","_en_post_name":"research","_en_post_excerpt":"","_en_post_title":"Research","edit_language":"en","footnotes":""},"class_list":["post-5237","page","type-page","status-publish","hentry","entry","no-media"],"_links":{"self":[{"href":"https:\/\/www.gerec.fi\/en\/wp-json\/wp\/v2\/pages\/5237","targetHints":{"allow":["GET"]}}],"collection":[{"href":"https:\/\/www.gerec.fi\/en\/wp-json\/wp\/v2\/pages"}],"about":[{"href":"https:\/\/www.gerec.fi\/en\/wp-json\/wp\/v2\/types\/page"}],"author":[{"embeddable":true,"href":"https:\/\/www.gerec.fi\/en\/wp-json\/wp\/v2\/users\/1"}],"replies":[{"embeddable":true,"href":"https:\/\/www.gerec.fi\/en\/wp-json\/wp\/v2\/comments?post=5237"}],"version-history":[{"count":31,"href":"https:\/\/www.gerec.fi\/en\/wp-json\/wp\/v2\/pages\/5237\/revisions"}],"predecessor-version":[{"id":9232,"href":"https:\/\/www.gerec.fi\/en\/wp-json\/wp\/v2\/pages\/5237\/revisions\/9232"}],"wp:attachment":[{"href":"https:\/\/www.gerec.fi\/en\/wp-json\/wp\/v2\/media?parent=5237"}],"curies":[{"name":"wp","href":"https:\/\/api.w.org\/{rel}","templated":true}]}}