{"id":5233,"date":"2018-12-14T21:11:44","date_gmt":"2018-12-14T19:11:44","guid":{"rendered":"https:\/\/gerec.fi\/?page_id=5233"},"modified":"2024-06-19T08:42:27","modified_gmt":"2024-06-19T05:42:27","slug":"education","status":"publish","type":"page","link":"https:\/\/www.gerec.fi\/en\/education\/","title":{"rendered":"Education","raw":"Education"},"content":{"rendered":"[vc_row column_spacing=&#8221;50&#8243; bg_style=&#8221;stretch&#8221; css=&#8221;.vc_custom_1544814296502{padding-top: 30px !important;padding-bottom: 5px !important;}&#8221;][vc_column][vc_column_text width=&#8221;750&#8243; font_size=&#8221;14px&#8221; text_align=&#8221;left&#8221; align=&#8221;left&#8221;]\n<div id=\"content-core\">\n<div id=\"parent-fieldname-text-700aa32b-cb29-43fe-b19e-4075e4de476a\" class=\"\">\n<div id=\"content-core\">\n<div id=\"parent-fieldname-text-cb3134bd-ab7d-43e1-b850-7d2d39ca23be\" class=\"kssattr-macro-rich-field-view kssattr-templateId-widgets\/rich kssattr-atfieldname-text \">\n<p>The Gerontology Research Center contributes to the doctoral education provided by the participating university faculties. Follow the links below to find more information on the current doctoral programs.<\/p>\n<p><strong>University of Jyv\u00e4skyl\u00e4, Faculty of Sport and Health Sciences<\/strong><\/p>\n<ul>\n<li><a href=\"https:\/\/www.jyu.fi\/en\/doctoral-education\/doctoral-school-of-the-faculty-of-sport-and-health-sciences\"><strong>Doctoral School of Health Sciences<\/strong><\/a><\/li>\n<\/ul>\n<p><strong>Tampere University, Faculty of Social Sciences<\/strong><\/p>\n<ul>\n<li><a href=\"https:\/\/www.tuni.fi\/en\/study-with-us\/doctoral-programme-health-sciences\"><strong>Doctoral Programme in Health Sciences<\/strong><\/a><\/li>\n<\/ul>\n<p>GEREC and its research groups provide a multidisciplinary work and study environment for doctoral students and a network that includes leading scholars in ageing research from both Finland and abroad. Online seminars and a Gerontology Summer School on current themes of ageing research is organized annually.<\/p>\n<div class=\"single-blog-content entry clr\"><\/div>\n<\/div>\n<\/div>\n<\/div>\n<\/div>\n[\/vc_column_text][\/vc_column][\/vc_row]\n","protected":false,"raw":"[vc_row column_spacing=\"50\" bg_style=\"stretch\" css=\".vc_custom_1544814296502{padding-top: 30px !important;padding-bottom: 5px !important;}\"][vc_column][vc_column_text width=\"750\" font_size=\"14px\" text_align=\"left\" align=\"left\"]\r\n<div id=\"content-core\">\r\n<div id=\"parent-fieldname-text-700aa32b-cb29-43fe-b19e-4075e4de476a\" class=\"\">\r\n<div id=\"content-core\">\r\n<div id=\"parent-fieldname-text-cb3134bd-ab7d-43e1-b850-7d2d39ca23be\" class=\"kssattr-macro-rich-field-view kssattr-templateId-widgets\/rich kssattr-atfieldname-text \">\r\n\r\nThe Gerontology Research Center contributes to the doctoral education provided by the participating university faculties. Follow the links below to find more information on the current doctoral programs.\r\n\r\n<strong>University of Jyv\u00e4skyl\u00e4, Faculty of Sport and Health Sciences<\/strong>\r\n<ul>\r\n \t<li><a href=\"https:\/\/www.jyu.fi\/en\/doctoral-education\/doctoral-school-of-the-faculty-of-sport-and-health-sciences\"><strong>Doctoral School of Health Sciences<\/strong><\/a><\/li>\r\n<\/ul>\r\n<strong>Tampere University, Faculty of Social Sciences<\/strong>\r\n<ul>\r\n \t<li><a href=\"https:\/\/www.tuni.fi\/en\/study-with-us\/doctoral-programme-health-sciences\"><strong>Doctoral Programme in Health Sciences<\/strong><\/a><\/li>\r\n<\/ul>\r\nGEREC and its research groups provide a multidisciplinary work and study environment for doctoral students and a network that includes leading scholars in ageing research from both Finland and abroad. Online seminars and a Gerontology Summer School on current themes of ageing research is organized annually.\r\n<div class=\"single-blog-content entry clr\"><\/div>\r\n<\/div>\r\n<\/div>\r\n<\/div>\r\n<\/div>\r\n[\/vc_column_text][\/vc_column][\/vc_row]"},"excerpt":{"rendered":"[vc_row column_spacing=\"50\" bg_style=\"stretch\" css=\".vc_custom_1544814296502{padding-top: 30px !important;padding-bottom: 5px !important;}\"][vc_column]Tieteellinen jatkokoulutus[vc_column_text width=\"750\" font_size=\"14px\" text_align=\"left\" align=\"left\"]Gerontologian tutkimuskeskus osallistuu toiminnassa mukana olevien yliopistoyksikk\u00f6jen akateemiseen jatkokoulutukseen. GERECi\u00e4 koordinoivien yksikk\u00f6jen tohtorikouluista l\u00f6ytyy lis\u00e4tietoa seuraavista linkeist\u00e4: Jyv\u00e4skyl\u00e4n yliopisto, liikuntatieteellinen tiedekunta Terveystieteiden\u00a0tohtoriohjelma Tampereen yliopisto, yhteiskuntatieteiden tiedekunta Terveystieteiden tohtoriohjelma&hellip;","protected":false,"raw":""},"author":1,"featured_media":0,"parent":0,"menu_order":8,"comment_status":"closed","ping_status":"closed","template":"","meta":{"_mi_skip_tracking":false,"_fi_post_content":"[vc_row column_spacing=\"50\" bg_style=\"stretch\" css=\".vc_custom_1544814296502{padding-top: 30px !important;padding-bottom: 5px !important;}\"][vc_column][vcex_heading text=\"Tieteellinen jatkokoulutus\" tag=\"h3\" text_align=\"left\" color=\"#555555\" font_size=\"18px\" font_weight=\"300\" css=\".vc_custom_1544814986379{padding-bottom: 20px !important;}\"][vc_column_text width=\"750\" font_size=\"14px\" text_align=\"left\" align=\"left\"]Gerontologian tutkimuskeskus osallistuu toiminnassa mukana olevien yliopistoyksikk\u00f6jen akateemiseen jatkokoulutukseen. GERECi\u00e4 koordinoivien yksikk\u00f6jen tohtorikouluista l\u00f6ytyy lis\u00e4tietoa seuraavista linkeist\u00e4:\r\n\r\n<strong>Jyv\u00e4skyl\u00e4n yliopisto, liikuntatieteellinen tiedekunta<\/strong>\r\n<ul>\r\n \t<li><a href=\"https:\/\/www.jyu.fi\/fi\/tohtorikoulutus\/liikuntatieteellisen-tiedekunnan-tohtorikoulu\">Terveystieteiden\u00a0tohtoriohjelma<\/a><\/li>\r\n<\/ul>\r\n<strong>Tampereen yliopisto, yhteiskuntatieteiden tiedekunta<\/strong>\r\n<ul>\r\n \t<li><a href=\"https:\/\/www.tuni.fi\/fi\/tule-opiskelemaan\/terveystieteiden-tohtoriohjelma\">Terveystieteiden tohtoriohjelma<\/a><\/li>\r\n<\/ul>\r\nGEREC ja sen tutkijaryhm\u00e4t tarjoavat v\u00e4it\u00f6skirjatutkijoille monitieteisen tutkimusymp\u00e4rist\u00f6n sek\u00e4 osallisuuden alan johtavista suomalaisista ja kansainv\u00e4lisist\u00e4 tutkijoista koostuvassa verkostossa. J\u00e4rjest\u00e4mme vuosittain vaihtuviin ik\u00e4\u00e4ntymisen tutkimuksen teemoihin keskittyvi\u00e4 verkkoseminaareja ja gerontologian kes\u00e4koulun, jotka ovat avoimia kaikille GEREC-tutkijoille.\r\n<div class=\"single-blog-content entry clr\"><\/div>\r\n[\/vc_column_text][\/vc_column][\/vc_row]","_fi_post_name":"koulutus","_fi_post_excerpt":"","_fi_post_title":"Koulutus","_en_post_content":"[vc_row column_spacing=\"50\" bg_style=\"stretch\" css=\".vc_custom_1544814296502{padding-top: 30px !important;padding-bottom: 5px !important;}\"][vc_column][vc_column_text width=\"750\" font_size=\"14px\" text_align=\"left\" align=\"left\"]\r\n<div id=\"content-core\">\r\n<div id=\"parent-fieldname-text-700aa32b-cb29-43fe-b19e-4075e4de476a\" class=\"\">\r\n<div id=\"content-core\">\r\n<div id=\"parent-fieldname-text-cb3134bd-ab7d-43e1-b850-7d2d39ca23be\" class=\"kssattr-macro-rich-field-view kssattr-templateId-widgets\/rich kssattr-atfieldname-text \">\r\n\r\nThe Gerontology Research Center contributes to the doctoral education provided by the participating university faculties. Follow the links below to find more information on the current doctoral programs.\r\n\r\n<strong>University of Jyv\u00e4skyl\u00e4, Faculty of Sport and Health Sciences<\/strong>\r\n<ul>\r\n \t<li><a href=\"https:\/\/www.jyu.fi\/en\/doctoral-education\/doctoral-school-of-the-faculty-of-sport-and-health-sciences\"><strong>Doctoral School of Health Sciences<\/strong><\/a><\/li>\r\n<\/ul>\r\n<strong>Tampere University, Faculty of Social Sciences<\/strong>\r\n<ul>\r\n \t<li><a href=\"https:\/\/www.tuni.fi\/en\/study-with-us\/doctoral-programme-health-sciences\"><strong>Doctoral Programme in Health Sciences<\/strong><\/a><\/li>\r\n<\/ul>\r\nGEREC and its research groups provide a multidisciplinary work and study environment for doctoral students and a network that includes leading scholars in ageing research from both Finland and abroad. Online seminars and a Gerontology Summer School on current themes of ageing research is organized annually.\r\n<div class=\"single-blog-content entry clr\"><\/div>\r\n<\/div>\r\n<\/div>\r\n<\/div>\r\n<\/div>\r\n[\/vc_column_text][\/vc_column][\/vc_row]","_en_post_name":"education","_en_post_excerpt":"","_en_post_title":"Education","edit_language":"en","footnotes":""},"class_list":["post-5233","page","type-page","status-publish","hentry","entry","no-media"],"_links":{"self":[{"href":"https:\/\/www.gerec.fi\/en\/wp-json\/wp\/v2\/pages\/5233","targetHints":{"allow":["GET"]}}],"collection":[{"href":"https:\/\/www.gerec.fi\/en\/wp-json\/wp\/v2\/pages"}],"about":[{"href":"https:\/\/www.gerec.fi\/en\/wp-json\/wp\/v2\/types\/page"}],"author":[{"embeddable":true,"href":"https:\/\/www.gerec.fi\/en\/wp-json\/wp\/v2\/users\/1"}],"replies":[{"embeddable":true,"href":"https:\/\/www.gerec.fi\/en\/wp-json\/wp\/v2\/comments?post=5233"}],"version-history":[{"count":16,"href":"https:\/\/www.gerec.fi\/en\/wp-json\/wp\/v2\/pages\/5233\/revisions"}],"predecessor-version":[{"id":9439,"href":"https:\/\/www.gerec.fi\/en\/wp-json\/wp\/v2\/pages\/5233\/revisions\/9439"}],"wp:attachment":[{"href":"https:\/\/www.gerec.fi\/en\/wp-json\/wp\/v2\/media?parent=5233"}],"curies":[{"name":"wp","href":"https:\/\/api.w.org\/{rel}","templated":true}]}}