{"id":134,"date":"2018-12-11T20:10:18","date_gmt":"2018-12-11T20:10:18","guid":{"rendered":"https:\/\/gerec.fi\/2018\/12\/11\/tyo-elakkeelle-jaaminen-ja-aktiivisena-vanheneminen-wraca\/"},"modified":"2024-06-19T08:42:27","modified_gmt":"2024-06-19T05:42:27","slug":"wraca","status":"publish","type":"page","link":"https:\/\/www.gerec.fi\/en\/research\/archived\/wraca\/","title":{"rendered":"Work, retirement and active aging (WRACA)","raw":"Work, retirement and active aging (WRACA)"},"content":{"rendered":"[vc_row][vc_column][vc_column_text]The aim is to study how work, work ability, transitioning into retirement and life style predict active aging, wellbeing in old age and need of care in old age. This project utilizes pre-existing population-based datasets, with interview, clinical examination or postal questionnaire data available for several decades. In addition, register-based data on retirement, use of reimbursable medication, health services and mortality is available. This project is done in collaboration with the Finnish Institute of Occupational Health (FIOH).<\/p>\n<p>FIOH launched in 1981 a survey on the work ability and health of middle-aged municipal workers and the latest follow-up was completed in 2009. This project will also utilize data of the Evergreen-project, which was launched in 1988 among 65-85-year old people living in Jyv\u00e4skyl\u00e4. Almost all participants have died, and consequently we plan to use these data to study predictors of need of care in the last year of life.<\/p>\n<p>This study will produce new knowledge about the long-term effect that the work career has on old age health and functioning. We will investigate e.g. how influences during earlier life, such as work and work ability, predict old age health, physical functioning, participation, care need and disability. The research will produce unique information on the effects of work on old age wellbeing, which has thus far been little studied. The study will contribute to research knowledge in the area of occupational gerontology.<\/p>\n<p><strong>Funding<\/strong><b><br \/>\n<\/b>Academy of Finland<\/p>\n<p><strong>Research group<\/strong><b><br \/>\n<\/b>Principal investigator<i><br \/>\n<\/i>Professor Taina Rantanen, taina.rantanen@jyu.fi, Deparment of Health Sciences, University of Jyv\u00e4skyl\u00e4<\/p>\n<p>Postdoctoral researchers<i><br \/>\n<\/i>Mikaela von Bonsdorff, Deparment of Health Sciences, University of Jyv\u00e4skyl\u00e4<br \/>\nMonika von Bonsdorff, Deparment of Health Sciences, University of Jyv\u00e4skyl\u00e4<br \/>\nJenni Kulmala, Deparment of Health Sciences, University of Jyv\u00e4skyl\u00e4<\/p>\n<p>Statistical expert<i><br \/>\n<\/i>Timo T\u00f6rm\u00e4kangas, PhD, Deparment of Health Sciences, University of Jyv\u00e4skyl\u00e4<\/p>\n<p><strong>Selected publications<\/strong><b><br \/>\n<\/b>von Bonsdorff MB, Seitsamo J, Ilmarinen J, Nyg\u00e5rd CH, von Bonsdorff ME, Rantanen T. Work ability in midlife as a predictor of mortality and disability in later life: a 28-year prospective follow-up study. <i>Canadian Medical Association Journal<\/i> 2011;183:E235-42.<\/p>\n<p>von Bonsdorff ME, Kokko K, Seitsamo J, von Bonsdorff MB, Nyg\u00e5rd CH, Ilmarinen J, Rantanen T. Work strain in midlife and 28-year work ability trajectories. <i>Scandinavian Journal of Work, Environment &amp; Health<\/i> 2011;37:455-63.<\/p>\n<p>von Bonsdorff MB, Seitsamo J, Ilmarinen J, Nyg\u00e5rd CH, von Bonsdorff ME, Rantanen T<i>. <\/i>Job strain among blue-collar and white-collar employees as a determinant of total mortality: A 28-year population-based follow-up.<i> <\/i><i>BMJ Open<\/i> 2012;2:e000860.<\/p>\n<p>Kulmala J, von Bonsdorff MB, Stenholm S, T\u00f6rm\u00e4kangas T, von Bonsdorff ME, Nyg\u00e5rd CH, Klockars M, Seitsamo J, Ilmarinen J, Rantanen T. Perceived stress symptoms in midlife predict disability in old age. A 28-year prospective cohort study. Journal of Gerontology Series A: Biological Sciences and Medical Sciences 2013;68:984-91.<\/p>\n<p><strong>Collaborators<\/strong><b><br \/>\n<\/b>Finnish Institute of Occupational Health (Jorma Seitsamo)<br \/>\nJuhani Ilmarinen Consulting Oy (Juhani Ilmarinen)<br \/>\nUniversity of Tampere (Clas-H\u00e5kan Nyg\u00e5rd)[\/vc_column_text][\/vc_column][\/vc_row]\n","protected":false,"raw":"[vc_row][vc_column][vc_column_text]The aim is to study how work, work ability, transitioning into retirement and life style predict active aging, wellbeing in old age and need of care in old age. This project utilizes pre-existing population-based datasets, with interview, clinical examination or postal questionnaire data available for several decades. In addition, register-based data on retirement, use of reimbursable medication, health services and mortality is available. This project is done in collaboration with the Finnish Institute of Occupational Health (FIOH).\r\n\r\nFIOH launched in 1981 a survey on the work ability and health of middle-aged municipal workers and the latest follow-up was completed in 2009. This project will also utilize data of the Evergreen-project, which was launched in 1988 among 65-85-year old people living in Jyv\u00e4skyl\u00e4. Almost all participants have died, and consequently we plan to use these data to study predictors of need of care in the last year of life.\r\n\r\nThis study will produce new knowledge about the long-term effect that the work career has on old age health and functioning. We will investigate e.g. how influences during earlier life, such as work and work ability, predict old age health, physical functioning, participation, care need and disability. The research will produce unique information on the effects of work on old age wellbeing, which has thus far been little studied. The study will contribute to research knowledge in the area of occupational gerontology.\r\n\r\n<strong>Funding<\/strong><b>\r\n<\/b>Academy of Finland\r\n\r\n<strong>Research group<\/strong><b>\r\n<\/b>Principal investigator<i>\r\n<\/i>Professor Taina Rantanen, taina.rantanen@jyu.fi, Deparment of Health Sciences, University of Jyv\u00e4skyl\u00e4\r\n\r\nPostdoctoral researchers<i>\r\n<\/i>Mikaela von Bonsdorff, Deparment of Health Sciences, University of Jyv\u00e4skyl\u00e4\r\nMonika von Bonsdorff, Deparment of Health Sciences, University of Jyv\u00e4skyl\u00e4\r\nJenni Kulmala, Deparment of Health Sciences, University of Jyv\u00e4skyl\u00e4\r\n\r\nStatistical expert<i>\r\n<\/i>Timo T\u00f6rm\u00e4kangas, PhD, Deparment of Health Sciences, University of Jyv\u00e4skyl\u00e4\r\n\r\n<strong>Selected publications<\/strong><b>\r\n<\/b>von Bonsdorff MB, Seitsamo J, Ilmarinen J, Nyg\u00e5rd CH, von Bonsdorff ME, Rantanen T. Work ability in midlife as a predictor of mortality and disability in later life: a 28-year prospective follow-up study. <i>Canadian Medical Association Journal<\/i> 2011;183:E235-42.\r\n\r\nvon Bonsdorff ME, Kokko K, Seitsamo J, von Bonsdorff MB, Nyg\u00e5rd CH, Ilmarinen J, Rantanen T. Work strain in midlife and 28-year work ability trajectories. <i>Scandinavian Journal of Work, Environment &amp; Health<\/i> 2011;37:455-63.\r\n\r\nvon Bonsdorff MB, Seitsamo J, Ilmarinen J, Nyg\u00e5rd CH, von Bonsdorff ME, Rantanen T<i>. <\/i>Job strain among blue-collar and white-collar employees as a determinant of total mortality: A 28-year population-based follow-up.<i> <\/i><i>BMJ Open<\/i> 2012;2:e000860.\r\n\r\nKulmala J, von Bonsdorff MB, Stenholm S, T\u00f6rm\u00e4kangas T, von Bonsdorff ME, Nyg\u00e5rd CH, Klockars M, Seitsamo J, Ilmarinen J, Rantanen T. Perceived stress symptoms in midlife predict disability in old age. A 28-year prospective cohort study. Journal of Gerontology Series A: Biological Sciences and Medical Sciences 2013;68:984-91.\r\n\r\n<strong>Collaborators<\/strong><b>\r\n<\/b>Finnish Institute of Occupational Health (Jorma Seitsamo)\r\nJuhani Ilmarinen Consulting Oy (Juhani Ilmarinen)\r\nUniversity of Tampere (Clas-H\u00e5kan Nyg\u00e5rd)[\/vc_column_text][\/vc_column][\/vc_row]"},"excerpt":{"rendered":"[vc_row][vc_column][vc_column_text] Tavoitteena on tutkia kuinka ty\u00f6, ty\u00f6kyky, el\u00e4kkeelle siirtyminen ja el\u00e4m\u00e4ntyyli ennustavat aktiivisena vanhenemista, vanhuuden hyvinvointia ja hoidon tarvetta vanhuudessa. T\u00e4ss\u00e4 hankkeessa k\u00e4ytet\u00e4\u00e4n hy\u00f6dyksi aiemmin ker\u00e4ttyj\u00e4 v\u00e4est\u00f6pohjaisia aineistoja, joissa osallistujia on seurattu haastatteluin tai postikyselyin useiden vuosikymmenten ajan. Lis\u00e4ksi aineistoihin&hellip;","protected":false,"raw":""},"author":1,"featured_media":0,"parent":5279,"menu_order":12,"comment_status":"open","ping_status":"open","template":"templates\/left-sidebar.php","meta":{"_mi_skip_tracking":false,"_fi_post_content":"[vc_row][vc_column][vc_column_text]\r\n<div id=\"articleHeader\"><\/div>\r\n<p style=\"text-align: left;\">Tavoitteena on tutkia kuinka ty\u00f6, ty\u00f6kyky, el\u00e4kkeelle siirtyminen ja el\u00e4m\u00e4ntyyli ennustavat aktiivisena vanhenemista, vanhuuden hyvinvointia ja hoidon tarvetta vanhuudessa. T\u00e4ss\u00e4 hankkeessa k\u00e4ytet\u00e4\u00e4n hy\u00f6dyksi aiemmin ker\u00e4ttyj\u00e4 v\u00e4est\u00f6pohjaisia aineistoja, joissa osallistujia on seurattu haastatteluin tai postikyselyin useiden vuosikymmenten ajan. Lis\u00e4ksi aineistoihin on linkitetty rekisteripohjaista tietoa el\u00e4kkeelle siirtymisest\u00e4, erityiskorvattavien l\u00e4\u00e4kkeiden k\u00e4yt\u00f6st\u00e4, terveyspalvelujen k\u00e4yt\u00f6st\u00e4 ja kuolleisuudesta.<\/p>\r\n<p style=\"text-align: left;\">Hanke toteutetaan yhteisty\u00f6ss\u00e4 Ty\u00f6terveyslaitoksen kanssa. Ty\u00f6terveyslaitoksella k\u00e4ynnistyi 1981 tutkimus keski-ik\u00e4isten kunta-alan ty\u00f6ntekij\u00f6iden ty\u00f6kyvyst\u00e4 ja ty\u00f6hyvinvoinnista, jossa viimeisin seuranta on toteutettu vuonna 2009. Toinen tutkimuksessa k\u00e4ytett\u00e4v\u00e4 aineisto on osa Jyv\u00e4skyl\u00e4n yliopistossa 1980-luvulla k\u00e4ynnistynytt\u00e4 Ikivihre\u00e4t-projektia, jonka osallistujat olivat tutkimuksen alkaessa 65\u201385-vuotiaita. Osallistujista l\u00e4hes kaikki ovat kuolleet, joten t\u00e4t\u00e4 aineistoa k\u00e4ytet\u00e4\u00e4n viimeisten elinvuosien hoidontarpeen ennustajien tutkimiseen.<\/p>\r\n<p style=\"text-align: left;\">Tutkimus tuottaa uutta tietoa siit\u00e4, kuinka ty\u00f6n, sen kuormittavuus ja ty\u00f6kyky ennustavat el\u00e4kei\u00e4n toimintakyky\u00e4, aktiivisuutta ja terveytt\u00e4 ja niiss\u00e4 tapahtuvia muutoksia. Tutkimus tuottaa ainutlaatuista tietoa ty\u00f6uran vaikutuksesta vanhuuteen ja on uraa uurtavaa Suomessa ty\u00f6gerontologian tutkimuksen saralla.<\/p>\r\n<p style=\"text-align: left;\"><strong>Rahoittaja<\/strong><b>\r\n<\/b>Suomen Akatemia<\/p>\r\n<p style=\"text-align: left;\"><strong>Tutkimusryhm\u00e4<\/strong><b>\r\n<\/b><b><i>Vastuullinen tutkija\r\n<\/i><\/b>Professori Taina Rantanen, taina.rantanen@jyu.fi, terveystieteiden laitos, Jyv\u00e4skyl\u00e4n yliopisto<\/p>\r\n<p style=\"text-align: left;\"><b><i>Tutkijatohtorit\r\n<\/i><\/b>Mikaela von Bonsdorff, terveystieteiden laitos, Jyv\u00e4skyl\u00e4n yliopisto\r\nMonika von Bonsdorff, terveystieteiden laitos, Jyv\u00e4skyl\u00e4n yliopisto\r\nJenni Kulmala, terveystieteiden laitos, Jyv\u00e4skyl\u00e4n yliopisto<\/p>\r\n<i><b>Tilastotieteellinen asiantuntijuus\r\n<\/b><\/i>Timo T\u00f6rm\u00e4kangas, FT, terveystieteiden laitos, Jyv\u00e4skyl\u00e4n yliopisto\r\n<p style=\"text-align: left;\"><strong>Keskeisimm\u00e4t julkaisut<\/strong><b>\r\n<\/b>von Bonsdorff MB, Seitsamo J, Ilmarinen J, Nyg\u00e5rd CH, von Bonsdorff ME, Rantanen T. Work ability in midlife as a predictor of mortality and disability in later life: a 28-year prospective follow-up study. <i>Canadian Medical Association Journal<\/i> 2011;183:E235-42.<\/p>\r\n<p style=\"text-align: left;\">von Bonsdorff ME, Kokko K, Seitsamo J, von Bonsdorff MB, Nyg\u00e5rd CH, Ilmarinen J, Rantanen T. Work strain in midlife and 28-year work ability trajectories. <i>Scandinavian Journal of Work, Environment &amp; Health<\/i> 2011:37:455-63.<\/p>\r\n<p style=\"text-align: left;\">von Bonsdorff MB, Seitsamo J, Ilmarinen J, Nyg\u00e5rd CH, von Bonsdorff ME, Rantanen T<i>. <\/i>Job strain among blue-collar and white-collar employees as a determinant of total mortality: A 28-year population-based follow-up.<i>BMJ Open<\/i> 2012;2:e000860.<\/p>\r\n<p style=\"text-align: left;\">Kulmala J, von Bonsdorff MB, Stenholm S, T\u00f6rm\u00e4kangas T, von Bonsdorff ME, Nyg\u00e5rd CH, Klockars M, Seitsamo J, Ilmarinen J, Rantanen T. Perceived stress symptoms in midlife predict disability in old age. A 28-year prospective cohort study. Journal of Gerontology Series A: Biological Sciences and Medical Sciences 2013;68:984-91.<\/p>\r\n<p style=\"text-align: left;\"><strong>Yhteisty\u00f6tahoja<\/strong><b>\r\n<\/b>Ty\u00f6terveyslaitos (Jorma Seitsamo)\r\nJuhani Ilmarinen Consulting Oy (Juhani Ilmarinen)\r\nTampereen yliopisto (Clas-H\u00e5kan Nyg\u00e5rd)<\/p>\r\n[\/vc_column_text][\/vc_column][\/vc_row]","_fi_post_name":"tyo-elakkeelle-jaaminen-ja-aktiivisena-vanheneminen-wraca","_fi_post_excerpt":"","_fi_post_title":"Ty\u00f6, el\u00e4kkeelle j\u00e4\u00e4minen ja aktiivisena vanheneminen (WRACA)","_en_post_content":"[vc_row][vc_column][vc_column_text]The aim is to study how work, work ability, transitioning into retirement and life style predict active aging, wellbeing in old age and need of care in old age. This project utilizes pre-existing population-based datasets, with interview, clinical examination or postal questionnaire data available for several decades. In addition, register-based data on retirement, use of reimbursable medication, health services and mortality is available. This project is done in collaboration with the Finnish Institute of Occupational Health (FIOH).\r\n\r\nFIOH launched in 1981 a survey on the work ability and health of middle-aged municipal workers and the latest follow-up was completed in 2009. This project will also utilize data of the Evergreen-project, which was launched in 1988 among 65-85-year old people living in Jyv\u00e4skyl\u00e4. Almost all participants have died, and consequently we plan to use these data to study predictors of need of care in the last year of life.\r\n\r\nThis study will produce new knowledge about the long-term effect that the work career has on old age health and functioning. We will investigate e.g. how influences during earlier life, such as work and work ability, predict old age health, physical functioning, participation, care need and disability. The research will produce unique information on the effects of work on old age wellbeing, which has thus far been little studied. The study will contribute to research knowledge in the area of occupational gerontology.\r\n\r\n<strong>Funding<\/strong><b>\r\n<\/b>Academy of Finland\r\n\r\n<strong>Research group<\/strong><b>\r\n<\/b>Principal investigator<i>\r\n<\/i>Professor Taina Rantanen, taina.rantanen@jyu.fi, Deparment of Health Sciences, University of Jyv\u00e4skyl\u00e4\r\n\r\nPostdoctoral researchers<i>\r\n<\/i>Mikaela von Bonsdorff, Deparment of Health Sciences, University of Jyv\u00e4skyl\u00e4\r\nMonika von Bonsdorff, Deparment of Health Sciences, University of Jyv\u00e4skyl\u00e4\r\nJenni Kulmala, Deparment of Health Sciences, University of Jyv\u00e4skyl\u00e4\r\n\r\nStatistical expert<i>\r\n<\/i>Timo T\u00f6rm\u00e4kangas, PhD, Deparment of Health Sciences, University of Jyv\u00e4skyl\u00e4\r\n\r\n<strong>Selected publications<\/strong><b>\r\n<\/b>von Bonsdorff MB, Seitsamo J, Ilmarinen J, Nyg\u00e5rd CH, von Bonsdorff ME, Rantanen T. Work ability in midlife as a predictor of mortality and disability in later life: a 28-year prospective follow-up study. <i>Canadian Medical Association Journal<\/i> 2011;183:E235-42.\r\n\r\nvon Bonsdorff ME, Kokko K, Seitsamo J, von Bonsdorff MB, Nyg\u00e5rd CH, Ilmarinen J, Rantanen T. Work strain in midlife and 28-year work ability trajectories. <i>Scandinavian Journal of Work, Environment &amp; Health<\/i> 2011;37:455-63.\r\n\r\nvon Bonsdorff MB, Seitsamo J, Ilmarinen J, Nyg\u00e5rd CH, von Bonsdorff ME, Rantanen T<i>. <\/i>Job strain among blue-collar and white-collar employees as a determinant of total mortality: A 28-year population-based follow-up.<i> <\/i><i>BMJ Open<\/i> 2012;2:e000860.\r\n\r\nKulmala J, von Bonsdorff MB, Stenholm S, T\u00f6rm\u00e4kangas T, von Bonsdorff ME, Nyg\u00e5rd CH, Klockars M, Seitsamo J, Ilmarinen J, Rantanen T. Perceived stress symptoms in midlife predict disability in old age. A 28-year prospective cohort study. Journal of Gerontology Series A: Biological Sciences and Medical Sciences 2013;68:984-91.\r\n\r\n<strong>Collaborators<\/strong><b>\r\n<\/b>Finnish Institute of Occupational Health (Jorma Seitsamo)\r\nJuhani Ilmarinen Consulting Oy (Juhani Ilmarinen)\r\nUniversity of Tampere (Clas-H\u00e5kan Nyg\u00e5rd)[\/vc_column_text][\/vc_column][\/vc_row]","_en_post_name":"wraca","_en_post_excerpt":"","_en_post_title":"Work, retirement and active aging (WRACA)","edit_language":"en","footnotes":""},"class_list":["post-134","page","type-page","status-publish","hentry","entry","no-media"],"_links":{"self":[{"href":"https:\/\/www.gerec.fi\/en\/wp-json\/wp\/v2\/pages\/134","targetHints":{"allow":["GET"]}}],"collection":[{"href":"https:\/\/www.gerec.fi\/en\/wp-json\/wp\/v2\/pages"}],"about":[{"href":"https:\/\/www.gerec.fi\/en\/wp-json\/wp\/v2\/types\/page"}],"author":[{"embeddable":true,"href":"https:\/\/www.gerec.fi\/en\/wp-json\/wp\/v2\/users\/1"}],"replies":[{"embeddable":true,"href":"https:\/\/www.gerec.fi\/en\/wp-json\/wp\/v2\/comments?post=134"}],"version-history":[{"count":5,"href":"https:\/\/www.gerec.fi\/en\/wp-json\/wp\/v2\/pages\/134\/revisions"}],"predecessor-version":[{"id":6749,"href":"https:\/\/www.gerec.fi\/en\/wp-json\/wp\/v2\/pages\/134\/revisions\/6749"}],"up":[{"embeddable":true,"href":"https:\/\/www.gerec.fi\/en\/wp-json\/wp\/v2\/pages\/5279"}],"wp:attachment":[{"href":"https:\/\/www.gerec.fi\/en\/wp-json\/wp\/v2\/media?parent=134"}],"curies":[{"name":"wp","href":"https:\/\/api.w.org\/{rel}","templated":true}]}}