{"id":130,"date":"2018-12-11T20:10:18","date_gmt":"2018-12-11T20:10:18","guid":{"rendered":"https:\/\/gerec.fi\/2018\/12\/11\/mobility-recovery-after-hip-fracture-physical-activity-and-rehabilitation-program-among-community-dwelling-older-men-and-women-recovering-from-hip-fracture-promo-irctn53680197\/"},"modified":"2024-06-19T08:42:27","modified_gmt":"2024-06-19T05:42:27","slug":"mobility-recovery-after-hip-fracture-physical-activity-and-rehabilitation-program-among-community-dwelling-older-men-and-women-recovering-from-hip-fracture-promo","status":"publish","type":"page","link":"https:\/\/www.gerec.fi\/en\/research\/archived\/mobility-recovery-after-hip-fracture-physical-activity-and-rehabilitation-program-among-community-dwelling-older-men-and-women-recovering-from-hip-fracture-promo\/","title":{"rendered":"Mobility recovery after hip fracture: Physical activity and rehabilitation program among community-dwelling older men and women recovering from hip fracture (ProMo)","raw":"Mobility recovery after hip fracture: Physical activity and rehabilitation program among community-dwelling older men and women recovering from hip fracture (ProMo)"},"content":{"rendered":"[vc_row][vc_column][vc_column_text]<b>Mobility recovery after hip fracture: Physical activity and rehabilitation program among community-dwelling older men and women recovering from hip fracture (ProMo) IRCTN53680197 <\/b><\/p>\n<p>The purpose of this study is to develop and investigate the effects of a year-long individually tailored and home-based rehabilitation program aiming to restore mobility and functional capacity after hip fracture. Study consists over 60-year-old community-dwelling men and women who suffered a hip fracture. Study is randomized controlled trial (n=81) including two study groups: home-based rehabilitation group and control (standard care) group. Intervention starts as soon as possible after discharge of inpatient period and baseline measurements. ProMo-intervention includes progressive home exercise program, evaluation\/modification of environmental hazards and walking aids, guidance for safe walking, pain management and physical exercise counseling.<\/p>\n<p>Recruitment carried through in cooperation with Central Finland Central Hospital and local health care centers. Study was organized in the municipalities of Central Finland health care district (Jyv\u00e4skyl\u00e4, Keuruu, Laukaa, Multia, Muurame, Pet\u00e4j\u00e4vesi, Saarij\u00e4rvi, Toivakka, Uurainen ja \u00c4\u00e4nekoski) between the years of 2008-2011.<\/p>\n<p>Study investigates extensively e. g. mobility limitation, disability, physical functional capacity, residual pain and health of hip fracture patient. ProMo-intervention rehabilitation will be further developed for the use of primary health care and home care providers as well as outpatient rehabilitation and physical activity providers.This study will increase our knowledge on determinants of mobility disability in high risk groups of older people. In addition, new knowledge will be obtained concerning prevention and rehabilitation of mobility disability by physical training\/exercise in older high-risk populations.<\/p>\n<p><strong>Funding<\/strong><b><br \/>\n<\/b>The Social Insurance Institution of Finland (KELA), Ministry of Education, Juho Vainio Foundation, the Central Finland Regional Fund of the Finnish Cultural Foundation, Miina Sillanp\u00e4\u00e4 Foundation and Peurunka Rehabilition Institute<\/p>\n<p><strong>Research group<\/strong><b><br \/>\n<\/b><b><i>Principal investigator<br \/>\n<\/i><\/b>Professor Sarianna Sipil\u00e4, sarianna.sipila@jyu.fi, Department of Health Sciences, University of Jyv\u00e4skyl\u00e4<\/p>\n<p><strong><i>Doctoral thesis<\/i><\/strong><b><i><br \/>\n<\/i><\/b>Anu Salpakoski. Mobility recovery after hip fracture and effects of a multi-component home-based rehabilitation program. Studies in Sport, Physical Education and Health, nr 212, Jyv\u00e4skyl\u00e4, University of Jyv\u00e4skyl\u00e4. Dissertation. 2014. <a href=\"http:\/\/urn.fi\/URN:ISBN:978-951-39-5873-2\" target=\"_blank\" rel=\"noopener noreferrer\">http:\/\/urn.fi\/URN:ISBN:978-951-39-5873-2<\/a><\/p>\n<p>Johanna Edgren. Physical disability in community-dwelling older people after hip-fracture : randomized controlled trials with physical rehabilitation. Studies in Sport, Physical Education and Health, nr 212, Jyv\u00e4skyl\u00e4, University of Jyv\u00e4skyl\u00e4. Dissertation. 2013. <a href=\"http:\/\/urn.fi\/URN:ISBN:978-951-39-5479-6\" target=\"_blank\" rel=\"noopener noreferrer\">http:\/\/urn.fi\/URN:ISBN:978-951-39-5479-6<\/a><\/p>\n<p><strong><i>Others member of the research group<\/i><\/strong><b><i><br \/>\n<\/i><\/b>Mauri Kallinen, Central Finland Central Hospital<br \/>\nMarja Arkela-Kautiainen, Central Finland Central Hospital<br \/>\nTaina Rantanen, Department of health sciences, University of Jyv\u00e4skyl\u00e4<br \/>\nAri Heinonen, Department of health sciences, University of Jyv\u00e4skyl\u00e4<br \/>\nMaija Pesola, Central Finland Central Hospital<br \/>\nSirpa Hartikainen, University of Kuopio<br \/>\nSanna Sihvonen, JAMK University of Applied Sciences<br \/>\nRauno Pietil\u00e4inen, University of Jyv\u00e4skyl\u00e4<br \/>\nMarkku Kauppinen, Department of health sciences, University of Jyv\u00e4skyl\u00e4<\/p>\n<p><strong>Selected publications<\/strong><b><br \/>\n<\/b>Sipil\u00e4 S, Salpakoski A, Edgren J, Heinonen A, Kauppinen MA, Arkela-Kautiainen M, Sihvonen SE, Pesola M, Rantanen T, Kallinen M. Promoting mobility after hip fracture (ProMo): study protocol and selected baseline results of a year-long randomized controlled trial among community-dwelling older people. BMC Musculoskelet Disord. 2011 Dec 7;12:277.<\/p>\n<div>\n<p>Edgren J, Salpakoski A, Heinonen A, Rantanen T, Kallinen M, von Bonsdorff MB, Portegijs E, Sihvonen S, Sipil\u00e4 S. Balance confidence and functional balance are associated with physical disability after hip fracture. Gait Posture 2013; 2:201\u2013205.<\/p>\n<p><strong>Collaborators<\/strong><b><br \/>\n<\/b>Central Finland Health Care District<br \/>\nGeroCenter<\/p>\n<\/div>\n[\/vc_column_text][\/vc_column][\/vc_row]\n","protected":false,"raw":"[vc_row][vc_column][vc_column_text]<b>Mobility recovery after hip fracture: Physical activity and rehabilitation program among community-dwelling older men and women recovering from hip fracture (ProMo) IRCTN53680197 <\/b>\r\n\r\nThe purpose of this study is to develop and investigate the effects of a year-long individually tailored and home-based rehabilitation program aiming to restore mobility and functional capacity after hip fracture. Study consists over 60-year-old community-dwelling men and women who suffered a hip fracture. Study is randomized controlled trial (n=81) including two study groups: home-based rehabilitation group and control (standard care) group. Intervention starts as soon as possible after discharge of inpatient period and baseline measurements. ProMo-intervention includes progressive home exercise program, evaluation\/modification of environmental hazards and walking aids, guidance for safe walking, pain management and physical exercise counseling.\r\n\r\nRecruitment carried through in cooperation with Central Finland Central Hospital and local health care centers. Study was organized in the municipalities of Central Finland health care district (Jyv\u00e4skyl\u00e4, Keuruu, Laukaa, Multia, Muurame, Pet\u00e4j\u00e4vesi, Saarij\u00e4rvi, Toivakka, Uurainen ja \u00c4\u00e4nekoski) between the years of 2008-2011.\r\n\r\nStudy investigates extensively e. g. mobility limitation, disability, physical functional capacity, residual pain and health of hip fracture patient. ProMo-intervention rehabilitation will be further developed for the use of primary health care and home care providers as well as outpatient rehabilitation and physical activity providers.This study will increase our knowledge on determinants of mobility disability in high risk groups of older people. In addition, new knowledge will be obtained concerning prevention and rehabilitation of mobility disability by physical training\/exercise in older high-risk populations.\r\n\r\n<strong>Funding<\/strong><b>\r\n<\/b>The Social Insurance Institution of Finland (KELA), Ministry of Education, Juho Vainio Foundation, the Central Finland Regional Fund of the Finnish Cultural Foundation, Miina Sillanp\u00e4\u00e4 Foundation and Peurunka Rehabilition Institute\r\n\r\n<strong>Research group<\/strong><b>\r\n<\/b><b><i>Principal investigator\r\n<\/i><\/b>Professor Sarianna Sipil\u00e4, sarianna.sipila@jyu.fi, Department of Health Sciences, University of Jyv\u00e4skyl\u00e4\r\n\r\n<strong><i>Doctoral thesis<\/i><\/strong><b><i>\r\n<\/i><\/b>Anu Salpakoski. Mobility recovery after hip fracture and effects of a multi-component home-based rehabilitation program. Studies in Sport, Physical Education and Health, nr 212, Jyv\u00e4skyl\u00e4, University of Jyv\u00e4skyl\u00e4. Dissertation. 2014. <a href=\"http:\/\/urn.fi\/URN:ISBN:978-951-39-5873-2\" target=\"_blank\" rel=\"noopener noreferrer\">http:\/\/urn.fi\/URN:ISBN:978-951-39-5873-2<\/a>\r\n\r\nJohanna Edgren. Physical disability in community-dwelling older people after hip-fracture : randomized controlled trials with physical rehabilitation. Studies in Sport, Physical Education and Health, nr 212, Jyv\u00e4skyl\u00e4, University of Jyv\u00e4skyl\u00e4. Dissertation. 2013. <a href=\"http:\/\/urn.fi\/URN:ISBN:978-951-39-5479-6\" target=\"_blank\" rel=\"noopener noreferrer\">http:\/\/urn.fi\/URN:ISBN:978-951-39-5479-6<\/a>\r\n\r\n<strong><i>Others member of the research group<\/i><\/strong><b><i>\r\n<\/i><\/b>Mauri Kallinen, Central Finland Central Hospital\r\nMarja Arkela-Kautiainen, Central Finland Central Hospital\r\nTaina Rantanen, Department of health sciences, University of Jyv\u00e4skyl\u00e4\r\nAri Heinonen, Department of health sciences, University of Jyv\u00e4skyl\u00e4\r\nMaija Pesola, Central Finland Central Hospital\r\nSirpa Hartikainen, University of Kuopio\r\nSanna Sihvonen, JAMK University of Applied Sciences\r\nRauno Pietil\u00e4inen, University of Jyv\u00e4skyl\u00e4\r\nMarkku Kauppinen, Department of health sciences, University of Jyv\u00e4skyl\u00e4\r\n\r\n<strong>Selected publications<\/strong><b>\r\n<\/b>Sipil\u00e4 S, Salpakoski A, Edgren J, Heinonen A, Kauppinen MA, Arkela-Kautiainen M, Sihvonen SE, Pesola M, Rantanen T, Kallinen M. Promoting mobility after hip fracture (ProMo): study protocol and selected baseline results of a year-long randomized controlled trial among community-dwelling older people. BMC Musculoskelet Disord. 2011 Dec 7;12:277.\r\n<div>\r\n\r\nEdgren J, Salpakoski A, Heinonen A, Rantanen T, Kallinen M, von Bonsdorff MB, Portegijs E, Sihvonen S, Sipil\u00e4 S. Balance confidence and functional balance are associated with physical disability after hip fracture. Gait Posture 2013; 2:201\u2013205.\r\n\r\n<strong>Collaborators<\/strong><b>\r\n<\/b>Central Finland Health Care District\r\nGeroCenter\r\n\r\n<\/div>\r\n[\/vc_column_text][\/vc_column][\/vc_row]"},"excerpt":{"rendered":"[vc_row][vc_column][vc_column_text] Liikkumiskyky lonkkamurtuman j\u00e4lkeen: tehostettu, yksil\u00f6llinen avokuntoutusohjelma liikkumiskyvyn palauttamiseksi (ProMo), IRCTN53680197 Tavoitteena on tutkia hankkeessa kehitetyn yksil\u00f6lliseen vuoden kest\u00e4v\u00e4n avokuntoutusohjelman vaikutuksia liikkumiskyvyn palautumiseen lonkkamurtuman j\u00e4lkeen ja siten edelleen ehk\u00e4ist\u00e4 liikkumiskykyyn yhteydess\u00e4 olevien toiminnanvajausten syntymist\u00e4. Tutkimus kohdistuu lonkkamurtuman kokeneisiin yli 60-vuotiaisiin&hellip;","protected":false,"raw":""},"author":1,"featured_media":0,"parent":5279,"menu_order":9,"comment_status":"open","ping_status":"open","template":"templates\/left-sidebar.php","meta":{"_mi_skip_tracking":false,"_fi_post_content":"[vc_row][vc_column][vc_column_text]\r\n<div id=\"articleHeader\">\r\n\r\nLiikkumiskyky lonkkamurtuman j\u00e4lkeen: tehostettu, yksil\u00f6llinen avokuntoutusohjelma liikkumiskyvyn palauttamiseksi (ProMo), IRCTN53680197\r\n\r\n<\/div>\r\n<div id=\"content-core\">\r\n<div id=\"parent-fieldname-text-7110890d-0967-44f9-aa0a-15032f71f7ea\">\r\n<p style=\"text-align: left;\">Tavoitteena on tutkia hankkeessa kehitetyn yksil\u00f6lliseen vuoden kest\u00e4v\u00e4n avokuntoutusohjelman vaikutuksia liikkumiskyvyn palautumiseen lonkkamurtuman j\u00e4lkeen ja siten edelleen ehk\u00e4ist\u00e4 liikkumiskykyyn yhteydess\u00e4 olevien toiminnanvajausten syntymist\u00e4. Tutkimus kohdistuu lonkkamurtuman kokeneisiin yli 60-vuotiaisiin henkil\u00f6ihin, jotka ennen murtumaa liikkuivat itsen\u00e4isesti ja asuivat kotona tai palvelutalossa. Kyseess\u00e4 on satunnaistettu kontrolloitu koe (n=81), jossa on kaksi tutkimusryhm\u00e4\u00e4: avokuntoutus- ja verrokkiryhm\u00e4. Kuntoutusinterventio aloitettiin mahdollisimman pian tutkittavan kotiuduttua leikkauksen j\u00e4lkeen sairaalasta tai terveyskeskuksen vuodeosastolta. Kuntoutusohjelma koostui yksil\u00f6llisest\u00e4 progressiivisest\u00e4 kotiharjoitusohjelmasta, kivun ja kaatumisen pelon hallinnan ohjauksesta sek\u00e4 liikuntaneuvonnasta. Lis\u00e4ksi ohjattiin liikkumisapuv\u00e4lineiden k\u00e4yt\u00f6ss\u00e4 sek\u00e4 kodin esteett\u00f6myydess\u00e4.<\/p>\r\n<p style=\"text-align: left;\">Tutkittavien rekrytointi toteutettiin yhteisty\u00f6ss\u00e4 Keski-Suomen keskussairaalan ja l\u00e4hikuntien terveyskeskussairaaloiden kanssa. Tutkimus toteutettiin Keski-Suomen sairaanhoitopiirin alueen kunnissa (Jyv\u00e4skyl\u00e4, Keuruu, Laukaa, Multia, Muurame, Pet\u00e4j\u00e4vesi, Saarij\u00e4rvi, Toivakka, Uurainen ja \u00c4\u00e4nekoski) vuosina 2008-2011.<\/p>\r\n<p style=\"text-align: left;\">Tutkimuksessa on laajasti selvitetty lonkkamurtumapotilailta mm. liikkumis- ja toimintakyky\u00e4, tuki- ja liikuntaelimist\u00f6n kipua, lihasvoimaa, tasapainoa, fyysist\u00e4 aktiivisuutta, luuston kuntoa, ravitsemusta sek\u00e4 el\u00e4m\u00e4nlaatua. Tavoitteena on jatkossa kehitt\u00e4\u00e4 kuntoutusmalli, jota voidaan hy\u00f6dynt\u00e4\u00e4 my\u00f6s perusterveydenhuollossa, kotihoidossa sek\u00e4 avokuntoutuksessa.Tutkimus lis\u00e4\u00e4 tietoa liikkumis- ja toimintakyvyn vaikeuksien syntymekanismeista sek\u00e4 niiden ennaltaehk\u00e4isyst\u00e4 sek\u00e4 kuntoutustarpeesta riski ryhm\u00e4\u00e4n kuuluvilla ik\u00e4\u00e4ntyneill\u00e4 lonkkamurtumapotilailla.<\/p>\r\n<p style=\"text-align: left;\"><strong>Rahoittajat<\/strong><b>\r\n<\/b>Kela, Opetus- ja kulttuuriministeri\u00f6, Juho Vainion s\u00e4\u00e4ti\u00f6,Suomen Kulttuurirahaston Keski-Suomen rahasto, Miina Sillanp\u00e4\u00e4n s\u00e4\u00e4ti\u00f6 ja Peurungan kuntoutusinstituutti<\/p>\r\n<p style=\"text-align: left;\"><strong>Tutkimusryhm\u00e4<\/strong><b>\r\n<\/b><b><i>Vastuullinen tutkija\r\n<\/i><\/b>Professori Sarianna Sipil\u00e4, sarianna.sipila@jyu.fi, terveystieteiden laitos, Jyv\u00e4skyl\u00e4n yliopisto<\/p>\r\n<p style=\"text-align: left;\"><strong>V\u00e4it\u00f6skirjat\r\n<\/strong>Anu Salpakoski. V\u00e4it\u00f6skirjan aihe: Liikkumiskyvyn palautuminen lonkkamurtuman j\u00e4lkeen - liikkumiskyky\u00e4 selitt\u00e4v\u00e4t tekij\u00e4t sek\u00e4 yksil\u00f6llisen tehostetun avokuntoutuksen vaikutukset. <a href=\"http:\/\/urn.fi\/URN:ISBN:978-951-39-5873-2\" target=\"_blank\" rel=\"noopener noreferrer\">http:\/\/urn.fi\/URN:ISBN:978-951-39-5873-2<\/a><\/p>\r\n<p style=\"text-align: left;\">Johanna Edgren. V\u00e4it\u00f6skirjan aihe: Ik\u00e4\u00e4ntyneiden lonkkamurtumapotilaiden toimintakyky ja el\u00e4m\u00e4nlaatu - kahden yksil\u00f6llisen kuntoutusmenetelm\u00e4n vaikutukset. <a href=\"http:\/\/urn.fi\/URN:ISBN:978-951-39-5479-6\" target=\"_blank\" rel=\"noopener noreferrer\">http:\/\/urn.fi\/URN:ISBN:978-951-39-5479-6<\/a><\/p>\r\n<p style=\"text-align: left;\"><strong><i>Muu tutkimusryhm\u00e4<\/i><\/strong><b><i>\r\n<\/i><\/b>Tutkimuksen vastuul\u00e4\u00e4k\u00e4ri Mauri Kallinen, Keski-Suomen keskussairaala\r\nOsastonhoitaja Marja Arkela-Kautiainen, Keski-Suomen keskussairaala\r\nProfessori Taina Rantanen, terveystieteiden laitos, Jyv\u00e4skyl\u00e4n yliopisto\r\nProfessori Ari Heinonen, terveystieteiden laitos, Jyv\u00e4skyl\u00e4n yliopisto\r\nYlil\u00e4\u00e4k\u00e4ri Maija Pesola, Keski-Suomen keskussairaala\r\nProfessori Sirpa Hartikainen, Kuopion yliopisto\r\nT&amp;K asiantuntija Sanna Sihvonen, Jyv\u00e4skyl\u00e4n ammattikorkeakoulu\r\nPsykologi Rauno Pietil\u00e4inen, Jyv\u00e4skyl\u00e4n yliopisto\r\nTilastotieteilij\u00e4 Markku Kauppinen, terveystieteiden laitos, Jyv\u00e4skyl\u00e4n yliopisto<\/p>\r\n<p style=\"text-align: left;\"><strong>Keskeiset julkaisut<\/strong><b>\r\n<\/b>Sipil\u00e4 S, Salpakoski A, Edgren J, Heinonen A, Kauppinen MA, Arkela-Kautiainen M, Sihvonen SE, Pesola M, Rantanen T, Kallinen M. Prompting mobility after hip fracture (ProMo): study protocol and selected baseline results of a year-long randomized controlled trial among community-dwelling older people. BMC Musculoskelet Disord. 2011 Dec 7;12:277.<\/p>\r\n<p style=\"text-align: left;\">Edgren J, Salpakoski A, Heinonen A, Rantanen T, Kallinen M, von Bonsdorff MB, Portegijs E, Sihvonen S, Sipil\u00e4 S: Balance confidence and functional balance are associated with physical disability after hip fracture. Gait Posture 2013; 2:201\u2013205.<\/p>\r\n<p style=\"text-align: left;\"><strong>Yhteisty\u00f6tahoja<\/strong><b>\r\n<\/b>Keski-Suomen sairaanhoitopiiri\r\nGeroCenter<\/p>\r\n\r\n<\/div>\r\n<\/div>\r\n[\/vc_column_text][\/vc_column][\/vc_row]","_fi_post_name":"mobility-recovery-after-hip-fracture-physical-activity-and-rehabilitation-program-among-community-dwelling-older-men-and-women-recovering-from-hip-fracture-promo-irctn53680197","_fi_post_excerpt":"","_fi_post_title":"Liikkumiskyky lonkkamurtuman j\u00e4lkeen: tehostettu, yksil\u00f6llinen avokuntoutusohjelma liikkumiskyvyn palauttamiseksi (ProMo)","_en_post_content":"[vc_row][vc_column][vc_column_text]<b>Mobility recovery after hip fracture: Physical activity and rehabilitation program among community-dwelling older men and women recovering from hip fracture (ProMo) IRCTN53680197 <\/b>\r\n\r\nThe purpose of this study is to develop and investigate the effects of a year-long individually tailored and home-based rehabilitation program aiming to restore mobility and functional capacity after hip fracture. Study consists over 60-year-old community-dwelling men and women who suffered a hip fracture. Study is randomized controlled trial (n=81) including two study groups: home-based rehabilitation group and control (standard care) group. Intervention starts as soon as possible after discharge of inpatient period and baseline measurements. ProMo-intervention includes progressive home exercise program, evaluation\/modification of environmental hazards and walking aids, guidance for safe walking, pain management and physical exercise counseling.\r\n\r\nRecruitment carried through in cooperation with Central Finland Central Hospital and local health care centers. Study was organized in the municipalities of Central Finland health care district (Jyv\u00e4skyl\u00e4, Keuruu, Laukaa, Multia, Muurame, Pet\u00e4j\u00e4vesi, Saarij\u00e4rvi, Toivakka, Uurainen ja \u00c4\u00e4nekoski) between the years of 2008-2011.\r\n\r\nStudy investigates extensively e. g. mobility limitation, disability, physical functional capacity, residual pain and health of hip fracture patient. ProMo-intervention rehabilitation will be further developed for the use of primary health care and home care providers as well as outpatient rehabilitation and physical activity providers.This study will increase our knowledge on determinants of mobility disability in high risk groups of older people. In addition, new knowledge will be obtained concerning prevention and rehabilitation of mobility disability by physical training\/exercise in older high-risk populations.\r\n\r\n<strong>Funding<\/strong><b>\r\n<\/b>The Social Insurance Institution of Finland (KELA), Ministry of Education, Juho Vainio Foundation, the Central Finland Regional Fund of the Finnish Cultural Foundation, Miina Sillanp\u00e4\u00e4 Foundation and Peurunka Rehabilition Institute\r\n\r\n<strong>Research group<\/strong><b>\r\n<\/b><b><i>Principal investigator\r\n<\/i><\/b>Professor Sarianna Sipil\u00e4, sarianna.sipila@jyu.fi, Department of Health Sciences, University of Jyv\u00e4skyl\u00e4\r\n\r\n<strong><i>Doctoral thesis<\/i><\/strong><b><i>\r\n<\/i><\/b>Anu Salpakoski. Mobility recovery after hip fracture and effects of a multi-component home-based rehabilitation program. Studies in Sport, Physical Education and Health, nr 212, Jyv\u00e4skyl\u00e4, University of Jyv\u00e4skyl\u00e4. Dissertation. 2014. <a href=\"http:\/\/urn.fi\/URN:ISBN:978-951-39-5873-2\" target=\"_blank\" rel=\"noopener noreferrer\">http:\/\/urn.fi\/URN:ISBN:978-951-39-5873-2<\/a>\r\n\r\nJohanna Edgren. Physical disability in community-dwelling older people after hip-fracture : randomized controlled trials with physical rehabilitation. Studies in Sport, Physical Education and Health, nr 212, Jyv\u00e4skyl\u00e4, University of Jyv\u00e4skyl\u00e4. Dissertation. 2013. <a href=\"http:\/\/urn.fi\/URN:ISBN:978-951-39-5479-6\" target=\"_blank\" rel=\"noopener noreferrer\">http:\/\/urn.fi\/URN:ISBN:978-951-39-5479-6<\/a>\r\n\r\n<strong><i>Others member of the research group<\/i><\/strong><b><i>\r\n<\/i><\/b>Mauri Kallinen, Central Finland Central Hospital\r\nMarja Arkela-Kautiainen, Central Finland Central Hospital\r\nTaina Rantanen, Department of health sciences, University of Jyv\u00e4skyl\u00e4\r\nAri Heinonen, Department of health sciences, University of Jyv\u00e4skyl\u00e4\r\nMaija Pesola, Central Finland Central Hospital\r\nSirpa Hartikainen, University of Kuopio\r\nSanna Sihvonen, JAMK University of Applied Sciences\r\nRauno Pietil\u00e4inen, University of Jyv\u00e4skyl\u00e4\r\nMarkku Kauppinen, Department of health sciences, University of Jyv\u00e4skyl\u00e4\r\n\r\n<strong>Selected publications<\/strong><b>\r\n<\/b>Sipil\u00e4 S, Salpakoski A, Edgren J, Heinonen A, Kauppinen MA, Arkela-Kautiainen M, Sihvonen SE, Pesola M, Rantanen T, Kallinen M. Promoting mobility after hip fracture (ProMo): study protocol and selected baseline results of a year-long randomized controlled trial among community-dwelling older people. BMC Musculoskelet Disord. 2011 Dec 7;12:277.\r\n<div>\r\n\r\nEdgren J, Salpakoski A, Heinonen A, Rantanen T, Kallinen M, von Bonsdorff MB, Portegijs E, Sihvonen S, Sipil\u00e4 S. Balance confidence and functional balance are associated with physical disability after hip fracture. Gait Posture 2013; 2:201\u2013205.\r\n\r\n<strong>Collaborators<\/strong><b>\r\n<\/b>Central Finland Health Care District\r\nGeroCenter\r\n\r\n<\/div>\r\n[\/vc_column_text][\/vc_column][\/vc_row]","_en_post_name":"mobility-recovery-after-hip-fracture-physical-activity-and-rehabilitation-program-among-community-dwelling-older-men-and-women-recovering-from-hip-fracture-promo","_en_post_excerpt":"","_en_post_title":"Mobility recovery after hip fracture: Physical activity and rehabilitation program among community-dwelling older men and women recovering from hip fracture (ProMo)","edit_language":"en","footnotes":""},"class_list":["post-130","page","type-page","status-publish","hentry","entry","no-media"],"_links":{"self":[{"href":"https:\/\/www.gerec.fi\/en\/wp-json\/wp\/v2\/pages\/130","targetHints":{"allow":["GET"]}}],"collection":[{"href":"https:\/\/www.gerec.fi\/en\/wp-json\/wp\/v2\/pages"}],"about":[{"href":"https:\/\/www.gerec.fi\/en\/wp-json\/wp\/v2\/types\/page"}],"author":[{"embeddable":true,"href":"https:\/\/www.gerec.fi\/en\/wp-json\/wp\/v2\/users\/1"}],"replies":[{"embeddable":true,"href":"https:\/\/www.gerec.fi\/en\/wp-json\/wp\/v2\/comments?post=130"}],"version-history":[{"count":6,"href":"https:\/\/www.gerec.fi\/en\/wp-json\/wp\/v2\/pages\/130\/revisions"}],"predecessor-version":[{"id":6736,"href":"https:\/\/www.gerec.fi\/en\/wp-json\/wp\/v2\/pages\/130\/revisions\/6736"}],"up":[{"embeddable":true,"href":"https:\/\/www.gerec.fi\/en\/wp-json\/wp\/v2\/pages\/5279"}],"wp:attachment":[{"href":"https:\/\/www.gerec.fi\/en\/wp-json\/wp\/v2\/media?parent=130"}],"curies":[{"name":"wp","href":"https:\/\/api.w.org\/{rel}","templated":true}]}}