{"id":128,"date":"2018-12-11T20:10:18","date_gmt":"2018-12-11T20:10:18","guid":{"rendered":"https:\/\/gerec.fi\/2018\/12\/11\/evergreen-project\/"},"modified":"2024-06-19T08:42:27","modified_gmt":"2024-06-19T05:42:27","slug":"evergreen-project","status":"publish","type":"page","link":"https:\/\/www.gerec.fi\/en\/research\/archived\/evergreen-project\/","title":{"rendered":"Evergreen project","raw":"Evergreen project"},"content":{"rendered":"[vc_row][vc_column][vc_column_text]The purpose of this project is to describe changes in health and functioning among older people. Living conditions and life-style are studied as predictors health, functioning need of care and mortality. This multidisciplinary study includes several prospective arms. In 1988 a random sample of people aged 65-84 years were interviewed in their homes. Follow up interviews for them were conducted in 1996 and 2004. During the same years 65-69 year old people were interviewed to capture cohort changes in aging.\u00a0 In 1989 all men born before 1924 and every other woman living in nursing home were interviewed. In 1989 all 75-year-old and 1990 all 80-year-old residents of Jyv\u00e4skyl\u00e4 were studied in the laboratory with extensive functional testing and clinical examinations. The 75-year-old people were followed up after 5, 10 and 15 years and the 80-year-olds after 5 and 10 years. In addition, register-based data on hospital and long-term care is being updated until the entire cohort becomes extinct. Altogether, 2500 have participated in these studies. The Evergreen project data is included in the <a class=\"internal-link\" href=\"https:\/\/www.gerec.fi\/en\/nordic-comparative-and-longitudinal-study-of-75-80-year-olds-nora-1\/\"><span class=\"internal-link\">Nordic Comparative and Longitudinal Study of 75\/80-year Olds (NORA)<\/span><\/a>. Thirteen doctoral dissertations have been based on this study.<\/p>\n<p><strong>Funding <\/strong><b><br \/>\n<\/b>The Social Insurance Institution of Finland, The Ministry of Education, Academy of Finland, City of Jyv\u00e4skyl\u00e4, The Association of Finnish Lions Clubs, University of Jyv\u00e4skyl\u00e4<\/p>\n<p><strong>Research group<\/strong><b><br \/>\n<\/b><b><i>Principal investigators<br \/>\n<\/i><\/b>Professor Taina Rantanen \u00a0taina.rantanen@jyu.fi, Department of Health Sciences, University of Jyv\u00e4skyl\u00e4<\/p>\n<p>Professor Sarianna Sipil\u00e4\u00a0 sarianna.sipila@jyu.fi, Department of Health Sciences, University of Jyv\u00e4skyl\u00e4<br \/>\nEmeritus Prof. Eino Heikkinen, Department of Health Sciences, University of Jyv\u00e4skyl\u00e4<\/p>\n<p><strong><i>Doctoral student<\/i><\/strong><b><i><br \/>\n<\/i><\/b>Katja Pynn\u00f6nen<b>, <\/b>katja.pynnonen@jyu.fi, Department of Health Sciences, University of Jyv\u00e4skyl\u00e4 Title of the dissertation: Social activity and health in old age<\/p>\n<p><a class=\"internal-link\" href=\"https:\/\/www.gerec.fi\/en\/doctoral-thesis-evergreen\/\"><b>Doctoral<\/b> thesis<\/a><\/p>\n<p><strong>Selected publications<\/strong><b><br \/>\n<\/b>Rantanen T, Era P, Heikkinen E. Physical activity and the changes in maximal isometric strength in men and women from the age of 75 to 80 years. Journal of the American Geriatrics Society 1997: 45(12): 1439-1445.<\/p>\n<p>Hirvensalo M, Rantanen T, Heikkinen, E. Mobility difficulties and physical activity as predictors of mortality and loss of independence in the community-living older population. Journal of the American Geriatrics Society 2000: 48(5):493-498.<\/p>\n<p>von Bonsdorff MB, Rantanen T, Leinonen R, Kujala UM, T\u00f6rm\u00e4kangas T, M\u00e4nty M, Heikkinen E. Physical activity history and end-of-life hospital and long-term care. <i>Journal of Gerontology Series A: Biological Sciences and Medical Sciences<\/i> 2009;64:778-784.<\/p>\n<p><strong>Collaborators<\/strong><b><br \/>\n<\/b>Departments of Psychology, Education and Social Science and Philosophy at the University of Jyv\u00e4skyl\u00e4<br \/>\nCity of Jyv\u00e4skyl\u00e4[\/vc_column_text][\/vc_column][\/vc_row]\n","protected":false,"raw":"[vc_row][vc_column][vc_column_text]The purpose of this project is to describe changes in health and functioning among older people. Living conditions and life-style are studied as predictors health, functioning need of care and mortality. This multidisciplinary study includes several prospective arms. In 1988 a random sample of people aged 65-84 years were interviewed in their homes. Follow up interviews for them were conducted in 1996 and 2004. During the same years 65-69 year old people were interviewed to capture cohort changes in aging.\u00a0 In 1989 all men born before 1924 and every other woman living in nursing home were interviewed. In 1989 all 75-year-old and 1990 all 80-year-old residents of Jyv\u00e4skyl\u00e4 were studied in the laboratory with extensive functional testing and clinical examinations. The 75-year-old people were followed up after 5, 10 and 15 years and the 80-year-olds after 5 and 10 years. In addition, register-based data on hospital and long-term care is being updated until the entire cohort becomes extinct. Altogether, 2500 have participated in these studies. The Evergreen project data is included in the <a class=\"internal-link\" href=\"https:\/\/www.gerec.fi\/en\/nordic-comparative-and-longitudinal-study-of-75-80-year-olds-nora-1\/\"><span class=\"internal-link\">Nordic Comparative and Longitudinal Study of 75\/80-year Olds (NORA)<\/span><\/a>. Thirteen doctoral dissertations have been based on this study.\r\n\r\n<strong>Funding <\/strong><b>\r\n<\/b>The Social Insurance Institution of Finland, The Ministry of Education, Academy of Finland, City of Jyv\u00e4skyl\u00e4, The Association of Finnish Lions Clubs, University of Jyv\u00e4skyl\u00e4\r\n\r\n<strong>Research group<\/strong><b>\r\n<\/b><b><i>Principal investigators\r\n<\/i><\/b>Professor Taina Rantanen \u00a0taina.rantanen@jyu.fi, Department of Health Sciences, University of Jyv\u00e4skyl\u00e4\r\n\r\nProfessor Sarianna Sipil\u00e4\u00a0 sarianna.sipila@jyu.fi, Department of Health Sciences, University of Jyv\u00e4skyl\u00e4\r\nEmeritus Prof. Eino Heikkinen, Department of Health Sciences, University of Jyv\u00e4skyl\u00e4\r\n\r\n<strong><i>Doctoral student<\/i><\/strong><b><i>\r\n<\/i><\/b>Katja Pynn\u00f6nen<b>, <\/b>katja.pynnonen@jyu.fi, Department of Health Sciences, University of Jyv\u00e4skyl\u00e4 Title of the dissertation: Social activity and health in old age\r\n\r\n<a class=\"internal-link\" href=\"https:\/\/www.gerec.fi\/en\/doctoral-thesis-evergreen\/\"><b>Doctoral<\/b> thesis<\/a>\r\n\r\n<strong>Selected publications<\/strong><b>\r\n<\/b>Rantanen T, Era P, Heikkinen E. Physical activity and the changes in maximal isometric strength in men and women from the age of 75 to 80 years. Journal of the American Geriatrics Society 1997: 45(12): 1439-1445.\r\n\r\nHirvensalo M, Rantanen T, Heikkinen, E. Mobility difficulties and physical activity as predictors of mortality and loss of independence in the community-living older population. Journal of the American Geriatrics Society 2000: 48(5):493-498.\r\n\r\nvon Bonsdorff MB, Rantanen T, Leinonen R, Kujala UM, T\u00f6rm\u00e4kangas T, M\u00e4nty M, Heikkinen E. Physical activity history and end-of-life hospital and long-term care. <i>Journal of Gerontology Series A: Biological Sciences and Medical Sciences<\/i> 2009;64:778-784.\r\n\r\n<strong>Collaborators<\/strong><b>\r\n<\/b>Departments of Psychology, Education and Social Science and Philosophy at the University of Jyv\u00e4skyl\u00e4\r\nCity of Jyv\u00e4skyl\u00e4[\/vc_column_text][\/vc_column][\/vc_row]"},"excerpt":{"rendered":"[vc_row][vc_column][vc_column_text] Useita osatutkimuksia sis\u00e4lt\u00e4v\u00e4n tutkimusprojektin keskeinen tarkoitus on kuvata i\u00e4kk\u00e4iden jyv\u00e4skyl\u00e4l\u00e4isten terveytt\u00e4 ja fyysist\u00e4, psyykkist\u00e4 sek\u00e4 sosiaalista toimintakyky\u00e4 ja niiss\u00e4 ik\u00e4\u00e4ntymisen my\u00f6t\u00e4 tapahtuvia muutoksia ja muutosten taustalla olevia elinoloihin ja elintapoihin liittyvi\u00e4 tekij\u00f6it\u00e4. Lis\u00e4ksi tavoitteena on selvitt\u00e4\u00e4 kuolleisuutta ennustavia tekij\u00f6it\u00e4,&hellip;","protected":false,"raw":""},"author":1,"featured_media":0,"parent":5279,"menu_order":1,"comment_status":"open","ping_status":"open","template":"templates\/left-sidebar.php","meta":{"_mi_skip_tracking":false,"_fi_post_content":"[vc_row][vc_column][vc_column_text]\r\n<div id=\"articleHeader\">Useita osatutkimuksia sis\u00e4lt\u00e4v\u00e4n tutkimusprojektin keskeinen tarkoitus on kuvata i\u00e4kk\u00e4iden jyv\u00e4skyl\u00e4l\u00e4isten terveytt\u00e4 ja fyysist\u00e4, psyykkist\u00e4 sek\u00e4 sosiaalista toimintakyky\u00e4 ja niiss\u00e4 ik\u00e4\u00e4ntymisen my\u00f6t\u00e4 tapahtuvia muutoksia ja muutosten taustalla olevia elinoloihin ja elintapoihin liittyvi\u00e4 tekij\u00f6it\u00e4. Lis\u00e4ksi tavoitteena on selvitt\u00e4\u00e4 kuolleisuutta ennustavia tekij\u00f6it\u00e4, eroja eri ajankohtina syntyneiden kohorttien v\u00e4lill\u00e4, toimintakyky- ja terveystarkastusten toteuttamista, liikuntaintervention toteuttamismahdollisuuksia osana kaupungin liikuntatoimen kehitt\u00e4mist\u00e4, elinymp\u00e4rist\u00f6n yhteyksi\u00e4 i\u00e4kk\u00e4\u00e4n v\u00e4est\u00f6n liikkumiseen ja kaupunki-maaseutuv\u00e4est\u00f6jen eroja ja eroja glostrupilaisten, g\u00f6teborgilaisten ja jyv\u00e4skyl\u00e4l\u00e4isten i\u00e4kk\u00e4iden ihmisten v\u00e4lill\u00e4.\u00a0 Tavoitteena on my\u00f6s tutkimusmenetelmien kehitt\u00e4minen erityisesti toimintakyvyn arviointia varten.<\/div>\r\nTutkimuksen suunnittelu aloitettiin vuonna 1985 ja tutkimusaineistot koottiin vuosien 1988 ja 2004 v\u00e4lill\u00e4. Tutkimus sis\u00e4lt\u00e4\u00e4 useita seuruututkimuksia. Tutkimuksiin on osallistunut yli 2500 tutkittavaa. \u00a0Tutkimusten tuloksia on esitetty noin 150:ss\u00e4 alan kansainv\u00e4lisiss\u00e4 tieteellisiss\u00e4 lehdiss\u00e4 ilmestyneiss\u00e4 julkaisussa ja lukuisissa suomenkielisiss\u00e4 julkaisuissa. Tutkimuksista on valmistunut 50 pro gradu-tutkielmaa ja useita lisensiaatin tutkielmia. Tutkimusten aineistoja on k\u00e4ytetty 23 v\u00e4it\u00f6skirjaty\u00f6ss\u00e4. Yksityiskohtaiset kuvaukset Ikivihre\u00e4t -tutkimusprojektista ja siin\u00e4 k\u00e4ytetyist\u00e4 menetelmist\u00e4 on julkaistu Gerontologia-lehden toimintakykytutkimuksen teemanumerossa 4\/2013.\r\n\r\n<strong>Rahoittajat<\/strong><b>\r\n<\/b>Suomen Akatemia, Kansanel\u00e4kelaitos, Sosiaali- ja terveysministeri\u00f6, Opetusministeri\u00f6, Suomen Lions-liitto ry., Jyv\u00e4skyl\u00e4n kaupunki ja Jyv\u00e4skyl\u00e4n yliopisto sek\u00e4 useat eri tahot Glostrupissa ja G\u00f6teborgissa.\r\n\r\n<strong>Tutkimusryhm\u00e4<\/strong><b>\r\n<\/b>Tutkimusprojektin johtoryhm\u00e4n\u00e4 ja vastuullisina tutkijoina toimivat vuodesta 1985 l\u00e4htien Eino Heikkinen, Riitta-Liisa Heikkinen ja Isto Ruoppila. Tutkimuksen eri vaiheisiin on osallistunut yli 30 varttunutta ja nuorempaa tutkijaa. Vuonna 2010 eri osatutkimusten vastuu jaettiin senioritutkijoiden kesken. Tutkimustiedostojen yll\u00e4pidosta vastaa Markku Kauppinen (markku.kauppinen@jyu.fi).\r\n\r\nYhteyshenkil\u00f6: Professori Taina Rantanen, taina.rantanen@jyu.fi, Jyv\u00e4skyl\u00e4n yliopisto\r\n\r\n<strong>Yhteisty\u00f6tahot<\/strong><b>\r\n<\/b>Jyv\u00e4skyl\u00e4n yliopiston psykologian, kasvatustieteen, tilastotieteen ja sosiologian laitokset; Jyv\u00e4skyl\u00e4n kaupunki; Department of Social Medicine, University of Copenhagen; Glostrup Population Studies, Glostrup County Hospital, Denmark; Institute of\u00a0 Gerontology, University College of Health Sciences, J\u00f6nk\u00f6ping; Department of Geriatric Medicine, G\u00f6teborg University, Sweden.[\/vc_column_text][\/vc_column][\/vc_row]","_fi_post_name":"evergreen-project","_fi_post_excerpt":"","_fi_post_title":"Ikivihre\u00e4t-projekti","_en_post_content":"[vc_row][vc_column][vc_column_text]The purpose of this project is to describe changes in health and functioning among older people. Living conditions and life-style are studied as predictors health, functioning need of care and mortality. This multidisciplinary study includes several prospective arms. In 1988 a random sample of people aged 65-84 years were interviewed in their homes. Follow up interviews for them were conducted in 1996 and 2004. During the same years 65-69 year old people were interviewed to capture cohort changes in aging.\u00a0 In 1989 all men born before 1924 and every other woman living in nursing home were interviewed. In 1989 all 75-year-old and 1990 all 80-year-old residents of Jyv\u00e4skyl\u00e4 were studied in the laboratory with extensive functional testing and clinical examinations. The 75-year-old people were followed up after 5, 10 and 15 years and the 80-year-olds after 5 and 10 years. In addition, register-based data on hospital and long-term care is being updated until the entire cohort becomes extinct. Altogether, 2500 have participated in these studies. The Evergreen project data is included in the <a class=\"internal-link\" href=\"https:\/\/www.gerec.fi\/en\/nordic-comparative-and-longitudinal-study-of-75-80-year-olds-nora-1\/\"><span class=\"internal-link\">Nordic Comparative and Longitudinal Study of 75\/80-year Olds (NORA)<\/span><\/a>. Thirteen doctoral dissertations have been based on this study.\r\n\r\n<strong>Funding <\/strong><b>\r\n<\/b>The Social Insurance Institution of Finland, The Ministry of Education, Academy of Finland, City of Jyv\u00e4skyl\u00e4, The Association of Finnish Lions Clubs, University of Jyv\u00e4skyl\u00e4\r\n\r\n<strong>Research group<\/strong><b>\r\n<\/b><b><i>Principal investigators\r\n<\/i><\/b>Professor Taina Rantanen \u00a0taina.rantanen@jyu.fi, Department of Health Sciences, University of Jyv\u00e4skyl\u00e4\r\n\r\nProfessor Sarianna Sipil\u00e4\u00a0 sarianna.sipila@jyu.fi, Department of Health Sciences, University of Jyv\u00e4skyl\u00e4\r\nEmeritus Prof. Eino Heikkinen, Department of Health Sciences, University of Jyv\u00e4skyl\u00e4\r\n\r\n<strong><i>Doctoral student<\/i><\/strong><b><i>\r\n<\/i><\/b>Katja Pynn\u00f6nen<b>, <\/b>katja.pynnonen@jyu.fi, Department of Health Sciences, University of Jyv\u00e4skyl\u00e4 Title of the dissertation: Social activity and health in old age\r\n\r\n<a class=\"internal-link\" href=\"https:\/\/www.gerec.fi\/en\/doctoral-thesis-evergreen\/\"><b>Doctoral<\/b> thesis<\/a>\r\n\r\n<strong>Selected publications<\/strong><b>\r\n<\/b>Rantanen T, Era P, Heikkinen E. Physical activity and the changes in maximal isometric strength in men and women from the age of 75 to 80 years. Journal of the American Geriatrics Society 1997: 45(12): 1439-1445.\r\n\r\nHirvensalo M, Rantanen T, Heikkinen, E. Mobility difficulties and physical activity as predictors of mortality and loss of independence in the community-living older population. Journal of the American Geriatrics Society 2000: 48(5):493-498.\r\n\r\nvon Bonsdorff MB, Rantanen T, Leinonen R, Kujala UM, T\u00f6rm\u00e4kangas T, M\u00e4nty M, Heikkinen E. Physical activity history and end-of-life hospital and long-term care. <i>Journal of Gerontology Series A: Biological Sciences and Medical Sciences<\/i> 2009;64:778-784.\r\n\r\n<strong>Collaborators<\/strong><b>\r\n<\/b>Departments of Psychology, Education and Social Science and Philosophy at the University of Jyv\u00e4skyl\u00e4\r\nCity of Jyv\u00e4skyl\u00e4[\/vc_column_text][\/vc_column][\/vc_row]","_en_post_name":"evergreen-project","_en_post_excerpt":"","_en_post_title":"Evergreen project","edit_language":"en","footnotes":""},"class_list":["post-128","page","type-page","status-publish","hentry","entry","no-media"],"_links":{"self":[{"href":"https:\/\/www.gerec.fi\/en\/wp-json\/wp\/v2\/pages\/128","targetHints":{"allow":["GET"]}}],"collection":[{"href":"https:\/\/www.gerec.fi\/en\/wp-json\/wp\/v2\/pages"}],"about":[{"href":"https:\/\/www.gerec.fi\/en\/wp-json\/wp\/v2\/types\/page"}],"author":[{"embeddable":true,"href":"https:\/\/www.gerec.fi\/en\/wp-json\/wp\/v2\/users\/1"}],"replies":[{"embeddable":true,"href":"https:\/\/www.gerec.fi\/en\/wp-json\/wp\/v2\/comments?post=128"}],"version-history":[{"count":6,"href":"https:\/\/www.gerec.fi\/en\/wp-json\/wp\/v2\/pages\/128\/revisions"}],"predecessor-version":[{"id":6730,"href":"https:\/\/www.gerec.fi\/en\/wp-json\/wp\/v2\/pages\/128\/revisions\/6730"}],"up":[{"embeddable":true,"href":"https:\/\/www.gerec.fi\/en\/wp-json\/wp\/v2\/pages\/5279"}],"wp:attachment":[{"href":"https:\/\/www.gerec.fi\/en\/wp-json\/wp\/v2\/media?parent=128"}],"curies":[{"name":"wp","href":"https:\/\/api.w.org\/{rel}","templated":true}]}}